{"id":893,"date":"2023-04-27T23:25:42","date_gmt":"2023-04-27T23:25:42","guid":{"rendered":"https:\/\/career-jungle.de\/?page_id=893"},"modified":"2023-05-05T14:03:06","modified_gmt":"2023-05-05T14:03:06","slug":"berghof","status":"publish","type":"page","link":"https:\/\/career-jungle.de\/en\/unternehmen\/berghof\/","title":{"rendered":"BERGHOF"},"content":{"rendered":"<div data-elementor-type=\"wp-page\" data-elementor-id=\"893\" class=\"elementor elementor-893\" data-elementor-post-type=\"page\">\n\t\t\t\t\t\t<section class=\"elementor-section elementor-top-section elementor-element elementor-element-f142257 elementor-section-boxed elementor-section-height-default elementor-section-height-default\" data-id=\"f142257\" data-element_type=\"section\" data-e-type=\"section\">\n\t\t\t\t\t\t<div class=\"elementor-container elementor-column-gap-default\">\n\t\t\t\t\t<div class=\"elementor-column elementor-col-100 elementor-top-column elementor-element elementor-element-2276a8a\" data-id=\"2276a8a\" data-element_type=\"column\" data-e-type=\"column\">\n\t\t\t<div class=\"elementor-widget-wrap elementor-element-populated\">\n\t\t\t\t\t\t<div class=\"elementor-element elementor-element-1ddecde elementor-widget elementor-widget-spacer\" data-id=\"1ddecde\" data-element_type=\"widget\" data-e-type=\"widget\" data-widget_type=\"spacer.default\">\n\t\t\t\t<div class=\"elementor-widget-container\">\n\t\t\t\t\t\t\t<div class=\"elementor-spacer\">\n\t\t\t<div class=\"elementor-spacer-inner\"><\/div>\n\t\t<\/div>\n\t\t\t\t\t\t<\/div>\n\t\t\t\t<\/div>\n\t\t\t\t\t<\/div>\n\t\t<\/div>\n\t\t\t\t\t<\/div>\n\t\t<\/section>\n\t\t\t\t<section class=\"elementor-section elementor-top-section elementor-element elementor-element-1febb0e elementor-section-boxed elementor-section-height-default elementor-section-height-default\" data-id=\"1febb0e\" data-element_type=\"section\" data-e-type=\"section\">\n\t\t\t\t\t\t<div class=\"elementor-container elementor-column-gap-default\">\n\t\t\t\t\t<div class=\"elementor-column elementor-col-100 elementor-top-column elementor-element elementor-element-ef5e5e3\" data-id=\"ef5e5e3\" data-element_type=\"column\" data-e-type=\"column\">\n\t\t\t<div class=\"elementor-widget-wrap elementor-element-populated\">\n\t\t\t\t\t\t<section class=\"elementor-section elementor-inner-section elementor-element elementor-element-4c5054e elementor-section-boxed elementor-section-height-default elementor-section-height-default\" data-id=\"4c5054e\" data-element_type=\"section\" data-e-type=\"section\">\n\t\t\t\t\t\t<div class=\"elementor-container elementor-column-gap-default\">\n\t\t\t\t\t<div class=\"elementor-column elementor-col-50 elementor-inner-column elementor-element elementor-element-156c511\" data-id=\"156c511\" data-element_type=\"column\" data-e-type=\"column\">\n\t\t\t<div class=\"elementor-widget-wrap elementor-element-populated\">\n\t\t\t\t\t\t<div class=\"elementor-element elementor-element-abc2e49 elementor-widget elementor-widget-image\" data-id=\"abc2e49\" data-element_type=\"widget\" data-e-type=\"widget\" data-widget_type=\"image.default\">\n\t\t\t\t<div class=\"elementor-widget-container\">\n\t\t\t\t\t\t\t\t\t\t\t\t\t\t\t\t<a href=\"https:\/\/career.berghof.com\/\" target=\"_blank\">\n\t\t\t\t\t\t\t<img fetchpriority=\"high\" decoding=\"async\" width=\"800\" height=\"388\" src=\"https:\/\/career-jungle.de\/wp-content\/uploads\/2023\/05\/Berghof-1024x496.jpg\" class=\"attachment-large size-large wp-image-1837\" alt=\"\" srcset=\"https:\/\/career-jungle.de\/wp-content\/uploads\/2023\/05\/Berghof-1024x496.jpg 1024w, https:\/\/career-jungle.de\/wp-content\/uploads\/2023\/05\/Berghof-300x145.jpg 300w, https:\/\/career-jungle.de\/wp-content\/uploads\/2023\/05\/Berghof-768x372.jpg 768w, https:\/\/career-jungle.de\/wp-content\/uploads\/2023\/05\/Berghof.jpg 1110w\" sizes=\"(max-width: 800px) 100vw, 800px\" \/>\t\t\t\t\t\t\t\t<\/a>\n\t\t\t\t\t\t\t\t\t\t\t\t\t\t\t<\/div>\n\t\t\t\t<\/div>\n\t\t\t\t\t<\/div>\n\t\t<\/div>\n\t\t\t\t<div class=\"elementor-column elementor-col-50 elementor-inner-column elementor-element elementor-element-1096b2b\" data-id=\"1096b2b\" data-element_type=\"column\" data-e-type=\"column\">\n\t\t\t<div class=\"elementor-widget-wrap elementor-element-populated\">\n\t\t\t\t\t\t<div class=\"elementor-element elementor-element-b760308 elementor-widget elementor-widget-text-editor\" data-id=\"b760308\" data-element_type=\"widget\" data-e-type=\"widget\" data-widget_type=\"text-editor.default\">\n\t\t\t\t<div class=\"elementor-widget-container\">\n\t\t\t\t\t\t\t\t\t<p><strong>WILLKOMMEN BEI BERGHOF!<\/strong><br \/>Die Berghof Gruppe:<br \/>Das sind sechs Tochterunternehmen (Berghof Automation, Berghof Fluoroplastic Technology, Berghof Membrane Technology, Berghof Products+Instrument, Berghof Umweltengineering und Gigahertz-Optik) an acht nationalen und internationalen Standorten mit rund 400 bestens ausgebildeten und hoch motivierten Spezialistinnen und Spezialisten. Und das ist seit fast 60 Jahren ein dynamisches Umfeld f\u00fcr Innovatoren, kluge K\u00f6pfe und Pioniere. Diese Vielfalt der Kompetenzen zeichnet Berghof aus. Aber sie w\u00e4re nichts ohne die<br \/>Menschen bei Berghof \u2013 ohne deren Talent, Leidenschaft und Teamgeist.<\/p><p><strong>MORE INFO:<\/strong><\/p><p><a href=\"https:\/\/career.berghof.com\/\" target=\"_blank\" rel=\"noopener\">https:\/\/career.berghof.com\/<\/a><\/p>\t\t\t\t\t\t\t\t<\/div>\n\t\t\t\t<\/div>\n\t\t\t\t\t<\/div>\n\t\t<\/div>\n\t\t\t\t\t<\/div>\n\t\t<\/section>\n\t\t\t\t\t<\/div>\n\t\t<\/div>\n\t\t\t\t\t<\/div>\n\t\t<\/section>\n\t\t\t\t<section class=\"elementor-section elementor-top-section elementor-element elementor-element-0783083 elementor-section-boxed elementor-section-height-default elementor-section-height-default\" data-id=\"0783083\" data-element_type=\"section\" data-e-type=\"section\">\n\t\t\t\t\t\t<div class=\"elementor-container elementor-column-gap-default\">\n\t\t\t\t\t<div class=\"elementor-column elementor-col-100 elementor-top-column elementor-element elementor-element-d5e3794\" data-id=\"d5e3794\" data-element_type=\"column\" data-e-type=\"column\">\n\t\t\t<div class=\"elementor-widget-wrap elementor-element-populated\">\n\t\t\t\t\t\t<div class=\"elementor-element elementor-element-f48aa3b elementor-widget elementor-widget-spacer\" data-id=\"f48aa3b\" data-element_type=\"widget\" data-e-type=\"widget\" data-widget_type=\"spacer.default\">\n\t\t\t\t<div class=\"elementor-widget-container\">\n\t\t\t\t\t\t\t<div class=\"elementor-spacer\">\n\t\t\t<div class=\"elementor-spacer-inner\"><\/div>\n\t\t<\/div>\n\t\t\t\t\t\t<\/div>\n\t\t\t\t<\/div>\n\t\t\t\t<section class=\"elementor-section elementor-inner-section elementor-element elementor-element-147df9a elementor-section-boxed elementor-section-height-default elementor-section-height-default\" data-id=\"147df9a\" data-element_type=\"section\" data-e-type=\"section\">\n\t\t\t\t\t\t<div class=\"elementor-container elementor-column-gap-default\">\n\t\t\t\t\t<div class=\"elementor-column elementor-col-50 elementor-inner-column elementor-element elementor-element-63680f6\" data-id=\"63680f6\" data-element_type=\"column\" data-e-type=\"column\">\n\t\t\t<div class=\"elementor-widget-wrap\">\n\t\t\t\t\t\t\t<\/div>\n\t\t<\/div>\n\t\t\t\t<div class=\"elementor-column elementor-col-50 elementor-inner-column elementor-element elementor-element-d5e687c\" data-id=\"d5e687c\" data-element_type=\"column\" data-e-type=\"column\">\n\t\t\t<div class=\"elementor-widget-wrap elementor-element-populated\">\n\t\t\t\t\t\t<div class=\"elementor-element elementor-element-68b9230 elementor-align-left elementor-widget elementor-widget-button\" data-id=\"68b9230\" data-element_type=\"widget\" data-e-type=\"widget\" data-widget_type=\"button.default\">\n\t\t\t\t<div class=\"elementor-widget-container\">\n\t\t\t\t\t\t\t\t\t<div class=\"elementor-button-wrapper\">\n\t\t\t\t\t<a class=\"elementor-button elementor-button-link elementor-size-sm\" href=\"https:\/\/career-jungle.de\/en\/company\/\">\n\t\t\t\t\t\t<span class=\"elementor-button-content-wrapper\">\n\t\t\t\t\t\t\t\t\t<span class=\"elementor-button-text\">ZUR\u00dcCK ZUR \u00dcBERSICHT<\/span>\n\t\t\t\t\t<\/span>\n\t\t\t\t\t<\/a>\n\t\t\t\t<\/div>\n\t\t\t\t\t\t\t\t<\/div>\n\t\t\t\t<\/div>\n\t\t\t\t\t<\/div>\n\t\t<\/div>\n\t\t\t\t\t<\/div>\n\t\t<\/section>\n\t\t\t\t\t<\/div>\n\t\t<\/div>\n\t\t\t\t\t<\/div>\n\t\t<\/section>\n\t\t\t\t<\/div>","protected":false},"excerpt":{"rendered":"<p>WILLKOMMEN BEI BERGHOF!Die Berghof Gruppe:Das sind sechs Tochterunternehmen (Berghof Automation, Berghof Fluoroplastic Technology, Berghof Membrane Technology, Berghof Products+Instrument, Berghof Umweltengineering und Gigahertz-Optik) an acht nationalen und internationalen Standorten mit rund 400 bestens ausgebildeten und hoch motivierten Spezialistinnen und Spezialisten. Und das ist seit fast 60 Jahren ein dynamisches Umfeld f\u00fcr Innovatoren, kluge K\u00f6pfe und Pioniere. [&hellip;]<\/p>\n","protected":false},"author":1,"featured_media":0,"parent":322,"menu_order":0,"comment_status":"closed","ping_status":"closed","template":"elementor_header_footer","meta":{"inline_featured_image":false,"footnotes":""},"class_list":["post-893","page","type-page","status-publish","hentry"],"yoast_head":"<!-- This site is optimized with the Yoast SEO plugin v27.3 - https:\/\/yoast.com\/product\/yoast-seo-wordpress\/ -->\n<title>BERGHOF - Career Day<\/title>\n<meta name=\"robots\" content=\"index, follow, max-snippet:-1, max-image-preview:large, max-video-preview:-1\" \/>\n<link rel=\"canonical\" href=\"https:\/\/career-jungle.de\/en\/company\/berghof\/\" \/>\n<meta property=\"og:locale\" content=\"en_US\" \/>\n<meta property=\"og:type\" content=\"article\" \/>\n<meta property=\"og:title\" content=\"BERGHOF - Career Day\" \/>\n<meta property=\"og:description\" content=\"WILLKOMMEN BEI BERGHOF!Die Berghof Gruppe:Das sind sechs Tochterunternehmen (Berghof Automation, Berghof Fluoroplastic Technology, Berghof Membrane Technology, Berghof Products+Instrument, Berghof Umweltengineering und Gigahertz-Optik) an acht nationalen und internationalen Standorten mit rund 400 bestens ausgebildeten und hoch motivierten Spezialistinnen und Spezialisten. Und das ist seit fast 60 Jahren ein dynamisches Umfeld f\u00fcr Innovatoren, kluge K\u00f6pfe und Pioniere. [&hellip;]\" \/>\n<meta property=\"og:url\" content=\"https:\/\/career-jungle.de\/en\/company\/berghof\/\" \/>\n<meta property=\"og:site_name\" content=\"Career Day\" \/>\n<meta property=\"article:modified_time\" content=\"2023-05-05T14:03:06+00:00\" \/>\n<meta property=\"og:image\" content=\"https:\/\/career-jungle.de\/wp-content\/uploads\/2023\/05\/Berghof-1024x496.jpg\" \/>\n<meta name=\"twitter:card\" content=\"summary_large_image\" \/>\n<script type=\"application\/ld+json\" class=\"yoast-schema-graph\">{\"@context\":\"https:\\\/\\\/schema.org\",\"@graph\":[{\"@type\":\"WebPage\",\"@id\":\"https:\\\/\\\/career-jungle.de\\\/unternehmen\\\/berghof\\\/\",\"url\":\"https:\\\/\\\/career-jungle.de\\\/unternehmen\\\/berghof\\\/\",\"name\":\"BERGHOF - Career Day\",\"isPartOf\":{\"@id\":\"https:\\\/\\\/career-jungle.de\\\/#website\"},\"primaryImageOfPage\":{\"@id\":\"https:\\\/\\\/career-jungle.de\\\/unternehmen\\\/berghof\\\/#primaryimage\"},\"image\":{\"@id\":\"https:\\\/\\\/career-jungle.de\\\/unternehmen\\\/berghof\\\/#primaryimage\"},\"thumbnailUrl\":\"https:\\\/\\\/career-jungle.de\\\/wp-content\\\/uploads\\\/2023\\\/05\\\/Berghof-1024x496.jpg\",\"datePublished\":\"2023-04-27T23:25:42+00:00\",\"dateModified\":\"2023-05-05T14:03:06+00:00\",\"breadcrumb\":{\"@id\":\"https:\\\/\\\/career-jungle.de\\\/unternehmen\\\/berghof\\\/#breadcrumb\"},\"inLanguage\":\"en-US\",\"potentialAction\":[{\"@type\":\"ReadAction\",\"target\":[\"https:\\\/\\\/career-jungle.de\\\/unternehmen\\\/berghof\\\/\"]}]},{\"@type\":\"ImageObject\",\"inLanguage\":\"en-US\",\"@id\":\"https:\\\/\\\/career-jungle.de\\\/unternehmen\\\/berghof\\\/#primaryimage\",\"url\":\"https:\\\/\\\/career-jungle.de\\\/wp-content\\\/uploads\\\/2023\\\/05\\\/Berghof-1024x496.jpg\",\"contentUrl\":\"https:\\\/\\\/career-jungle.de\\\/wp-content\\\/uploads\\\/2023\\\/05\\\/Berghof-1024x496.jpg\"},{\"@type\":\"BreadcrumbList\",\"@id\":\"https:\\\/\\\/career-jungle.de\\\/unternehmen\\\/berghof\\\/#breadcrumb\",\"itemListElement\":[{\"@type\":\"ListItem\",\"position\":1,\"name\":\"Startseite\",\"item\":\"https:\\\/\\\/career-jungle.de\\\/\"},{\"@type\":\"ListItem\",\"position\":2,\"name\":\"Unternehmen\",\"item\":\"https:\\\/\\\/career-jungle.de\\\/unternehmen\\\/\"},{\"@type\":\"ListItem\",\"position\":3,\"name\":\"BERGHOF\"}]},{\"@type\":\"WebSite\",\"@id\":\"https:\\\/\\\/career-jungle.de\\\/#website\",\"url\":\"https:\\\/\\\/career-jungle.de\\\/\",\"name\":\"Career Day\",\"description\":\"Welcome to the jungle\",\"publisher\":{\"@id\":\"https:\\\/\\\/career-jungle.de\\\/#organization\"},\"potentialAction\":[{\"@type\":\"SearchAction\",\"target\":{\"@type\":\"EntryPoint\",\"urlTemplate\":\"https:\\\/\\\/career-jungle.de\\\/?s={search_term_string}\"},\"query-input\":{\"@type\":\"PropertyValueSpecification\",\"valueRequired\":true,\"valueName\":\"search_term_string\"}}],\"inLanguage\":\"en-US\"},{\"@type\":\"Organization\",\"@id\":\"https:\\\/\\\/career-jungle.de\\\/#organization\",\"name\":\"Career Day\",\"url\":\"https:\\\/\\\/career-jungle.de\\\/\",\"logo\":{\"@type\":\"ImageObject\",\"inLanguage\":\"en-US\",\"@id\":\"https:\\\/\\\/career-jungle.de\\\/#\\\/schema\\\/logo\\\/image\\\/\",\"url\":\"https:\\\/\\\/career-jungle.de\\\/wp-content\\\/uploads\\\/2023\\\/04\\\/2026_CareerDayLogo_Pfad_Kontur_blau.png\",\"contentUrl\":\"https:\\\/\\\/career-jungle.de\\\/wp-content\\\/uploads\\\/2023\\\/04\\\/2026_CareerDayLogo_Pfad_Kontur_blau.png\",\"width\":872,\"height\":272,\"caption\":\"Career Day\"},\"image\":{\"@id\":\"https:\\\/\\\/career-jungle.de\\\/#\\\/schema\\\/logo\\\/image\\\/\"}}]}<\/script>\n<!-- \/ Yoast SEO plugin. -->","yoast_head_json":{"title":"BERGHOF - Career Day","robots":{"index":"index","follow":"follow","max-snippet":"max-snippet:-1","max-image-preview":"max-image-preview:large","max-video-preview":"max-video-preview:-1"},"canonical":"https:\/\/career-jungle.de\/en\/company\/berghof\/","og_locale":"en_US","og_type":"article","og_title":"BERGHOF - Career Day","og_description":"WILLKOMMEN BEI BERGHOF!Die Berghof Gruppe:Das sind sechs Tochterunternehmen (Berghof Automation, Berghof Fluoroplastic Technology, Berghof Membrane Technology, Berghof Products+Instrument, Berghof Umweltengineering und Gigahertz-Optik) an acht nationalen und internationalen Standorten mit rund 400 bestens ausgebildeten und hoch motivierten Spezialistinnen und Spezialisten. Und das ist seit fast 60 Jahren ein dynamisches Umfeld f\u00fcr Innovatoren, kluge K\u00f6pfe und Pioniere. [&hellip;]","og_url":"https:\/\/career-jungle.de\/en\/company\/berghof\/","og_site_name":"Career Day","article_modified_time":"2023-05-05T14:03:06+00:00","og_image":[{"url":"https:\/\/career-jungle.de\/wp-content\/uploads\/2023\/05\/Berghof-1024x496.jpg","type":"","width":"","height":""}],"twitter_card":"summary_large_image","schema":{"@context":"https:\/\/schema.org","@graph":[{"@type":"WebPage","@id":"https:\/\/career-jungle.de\/unternehmen\/berghof\/","url":"https:\/\/career-jungle.de\/unternehmen\/berghof\/","name":"BERGHOF - Career Day","isPartOf":{"@id":"https:\/\/career-jungle.de\/#website"},"primaryImageOfPage":{"@id":"https:\/\/career-jungle.de\/unternehmen\/berghof\/#primaryimage"},"image":{"@id":"https:\/\/career-jungle.de\/unternehmen\/berghof\/#primaryimage"},"thumbnailUrl":"https:\/\/career-jungle.de\/wp-content\/uploads\/2023\/05\/Berghof-1024x496.jpg","datePublished":"2023-04-27T23:25:42+00:00","dateModified":"2023-05-05T14:03:06+00:00","breadcrumb":{"@id":"https:\/\/career-jungle.de\/unternehmen\/berghof\/#breadcrumb"},"inLanguage":"en-US","potentialAction":[{"@type":"ReadAction","target":["https:\/\/career-jungle.de\/unternehmen\/berghof\/"]}]},{"@type":"ImageObject","inLanguage":"en-US","@id":"https:\/\/career-jungle.de\/unternehmen\/berghof\/#primaryimage","url":"https:\/\/career-jungle.de\/wp-content\/uploads\/2023\/05\/Berghof-1024x496.jpg","contentUrl":"https:\/\/career-jungle.de\/wp-content\/uploads\/2023\/05\/Berghof-1024x496.jpg"},{"@type":"BreadcrumbList","@id":"https:\/\/career-jungle.de\/unternehmen\/berghof\/#breadcrumb","itemListElement":[{"@type":"ListItem","position":1,"name":"Startseite","item":"https:\/\/career-jungle.de\/"},{"@type":"ListItem","position":2,"name":"Unternehmen","item":"https:\/\/career-jungle.de\/unternehmen\/"},{"@type":"ListItem","position":3,"name":"BERGHOF"}]},{"@type":"WebSite","@id":"https:\/\/career-jungle.de\/#website","url":"https:\/\/career-jungle.de\/","name":"Career Day","description":"Welcome to the jungle","publisher":{"@id":"https:\/\/career-jungle.de\/#organization"},"potentialAction":[{"@type":"SearchAction","target":{"@type":"EntryPoint","urlTemplate":"https:\/\/career-jungle.de\/?s={search_term_string}"},"query-input":{"@type":"PropertyValueSpecification","valueRequired":true,"valueName":"search_term_string"}}],"inLanguage":"en-US"},{"@type":"Organization","@id":"https:\/\/career-jungle.de\/#organization","name":"Career Day","url":"https:\/\/career-jungle.de\/","logo":{"@type":"ImageObject","inLanguage":"en-US","@id":"https:\/\/career-jungle.de\/#\/schema\/logo\/image\/","url":"https:\/\/career-jungle.de\/wp-content\/uploads\/2023\/04\/2026_CareerDayLogo_Pfad_Kontur_blau.png","contentUrl":"https:\/\/career-jungle.de\/wp-content\/uploads\/2023\/04\/2026_CareerDayLogo_Pfad_Kontur_blau.png","width":872,"height":272,"caption":"Career Day"},"image":{"@id":"https:\/\/career-jungle.de\/#\/schema\/logo\/image\/"}}]}},"_links":{"self":[{"href":"https:\/\/career-jungle.de\/en\/wp-json\/wp\/v2\/pages\/893","targetHints":{"allow":["GET"]}}],"collection":[{"href":"https:\/\/career-jungle.de\/en\/wp-json\/wp\/v2\/pages"}],"about":[{"href":"https:\/\/career-jungle.de\/en\/wp-json\/wp\/v2\/types\/page"}],"author":[{"embeddable":true,"href":"https:\/\/career-jungle.de\/en\/wp-json\/wp\/v2\/users\/1"}],"replies":[{"embeddable":true,"href":"https:\/\/career-jungle.de\/en\/wp-json\/wp\/v2\/comments?post=893"}],"version-history":[{"count":4,"href":"https:\/\/career-jungle.de\/en\/wp-json\/wp\/v2\/pages\/893\/revisions"}],"predecessor-version":[{"id":1840,"href":"https:\/\/career-jungle.de\/en\/wp-json\/wp\/v2\/pages\/893\/revisions\/1840"}],"up":[{"embeddable":true,"href":"https:\/\/career-jungle.de\/en\/wp-json\/wp\/v2\/pages\/322"}],"wp:attachment":[{"href":"https:\/\/career-jungle.de\/en\/wp-json\/wp\/v2\/media?parent=893"}],"curies":[{"name":"WordPress","href":"https:\/\/api.w.org\/{rel}","templated":true}]}}