{"id":3303,"date":"2024-05-24T13:22:09","date_gmt":"2024-05-24T13:22:09","guid":{"rendered":"https:\/\/career-jungle.de\/?page_id=3303"},"modified":"2025-03-19T11:04:44","modified_gmt":"2025-03-19T11:04:44","slug":"10th-anniversary-tigers-career-day","status":"publish","type":"page","link":"https:\/\/career-jungle.de\/en\/10-jahre-tigers-career-day\/","title":{"rendered":"10 Years Tigers Career Day"},"content":{"rendered":"<div data-elementor-type=\"wp-page\" data-elementor-id=\"3303\" class=\"elementor elementor-3303\" data-elementor-post-type=\"page\">\n\t\t\t\t\t\t<section class=\"elementor-section elementor-top-section elementor-element elementor-element-319f320 elementor-section-boxed elementor-section-height-default elementor-section-height-default\" data-id=\"319f320\" data-element_type=\"section\" data-e-type=\"section\">\n\t\t\t\t\t\t<div class=\"elementor-container elementor-column-gap-default\">\n\t\t\t\t\t<div class=\"elementor-column elementor-col-100 elementor-top-column elementor-element elementor-element-80eba2d\" data-id=\"80eba2d\" data-element_type=\"column\" data-e-type=\"column\">\n\t\t\t<div class=\"elementor-widget-wrap elementor-element-populated\">\n\t\t\t\t\t\t<div class=\"elementor-element elementor-element-ddde848 elementor-widget elementor-widget-heading\" data-id=\"ddde848\" data-element_type=\"widget\" data-e-type=\"widget\" data-widget_type=\"heading.default\">\n\t\t\t\t<div class=\"elementor-widget-container\">\n\t\t\t\t\t<h2 class=\"elementor-heading-title elementor-size-default\">TEN years of Career Day in T\u00fcbingen\n<br><\/h2>\t\t\t\t<\/div>\n\t\t\t\t<\/div>\n\t\t\t\t\t<\/div>\n\t\t<\/div>\n\t\t\t\t\t<\/div>\n\t\t<\/section>\n\t\t\t\t<section class=\"elementor-section elementor-top-section elementor-element elementor-element-ce05367 elementor-section-boxed elementor-section-height-default elementor-section-height-default\" data-id=\"ce05367\" data-element_type=\"section\" data-e-type=\"section\">\n\t\t\t\t\t\t<div class=\"elementor-container elementor-column-gap-default\">\n\t\t\t\t\t<div class=\"elementor-column elementor-col-100 elementor-top-column elementor-element elementor-element-e8c9aba\" data-id=\"e8c9aba\" data-element_type=\"column\" data-e-type=\"column\">\n\t\t\t<div class=\"elementor-widget-wrap elementor-element-populated\">\n\t\t\t\t\t\t<div class=\"elementor-element elementor-element-2bb7b56 elementor-widget elementor-widget-text-editor\" data-id=\"2bb7b56\" data-element_type=\"widget\" data-e-type=\"widget\" data-widget_type=\"text-editor.default\">\n\t\t\t\t<div class=\"elementor-widget-container\">\n\t\t\t\t\t\t\t\t\t<h5>The anniversary of the career fair at the Paul Horn Arena on May 16, 2024, was very popular and a complete success.<\/h5><h5><span style=\"font-weight: normal;\">Among the nearly <b>100 exhibitors<\/b> In addition to commercial enterprises, 30 social initiatives were also represented. From the university, TRACS, the Alumni Office, the StartUp Center, and numerous student groups participated.<\/span><\/h5><h5><span style=\"font-weight: normal;\">The career fair, held annually in cooperation with the Tigers T\u00fcbingen and the Career Service of the University of T\u00fcbingen, offered students a diverse range of opportunities in a sporty atmosphere. Visitors had the chance to talk with exhibitors about internships, working student positions, involvement opportunities, and direct entry-level positions.<\/span><\/h5><h5><span style=\"font-weight: normal;\">This year, Tristan Horx (Zukunftsinstitut) was secured as the keynote speaker, who spoke about the future labor market in his presentation. Additionally, there was a panel discussion with alumni on the topic of transitioning from studies to a career, a presentation on \u201eProfessional Applications,\u201c and a live hacking demonstration.<\/span><\/h5><h5><span style=\"font-weight: normal;\">The free offerings at the fair included career entry counseling and coaching, resume reviews, elevator pitch sessions (feedback on personal presentation), professional headshot sessions, as well as pizza, crepes, soft-serve ice cream, and drinks. Visitors could also participate in a free throw contest and a gaming lounge with great prizes. <br \/>The career fair thus offered an inspiring and informative platform for career orientation and entry.<\/span><\/h5><h5><span style=\"font-weight: normal;\">All photos in the photo gallery: <br \/><a href=\"https:\/\/www.picdrop.com\/dennisduddek\/ywHaCmHCB9\" target=\"_blank\" rel=\"noopener\" data-saferedirecturl=\"https:\/\/www.google.com\/url?q=https:\/\/www.picdrop.com\/dennisduddek\/ywHaCmHCB9&amp;source=gmail&amp;ust=1716493223864000&amp;usg=AOvVaw0AAJwwTQtN6SEebMYcFL8k\">https:\/\/www.picdrop.com\/<wbr \/>dennisduddek\/ywHaCmHCB9<br \/><\/a><\/span><span style=\"font-weight: normal;\"><br \/>Many thanks to all cooperation partners &amp; supporters \u2013 including:<br \/><\/span><\/h5><h5>Career Service of the University of T\u00fcbingen, Tigers T\u00fcbingen, Blumen Reibold, T\u00fcbinger<br \/>Kinos, Citywerke T\u00fcbingen, Eiszeitquell, Ludwigs T\u00fcbingen, Tress<br \/>Noodles, mountain friends, Antenne 1, Chillchoc, and Alpirsbacher!<\/h5><div>\u00a0<\/div><div>\u00a0<\/div><p>\u00a0<\/p>\t\t\t\t\t\t\t\t<\/div>\n\t\t\t\t<\/div>\n\t\t\t\t\t<\/div>\n\t\t<\/div>\n\t\t\t\t\t<\/div>\n\t\t<\/section>\n\t\t\t\t<\/div>","protected":false},"excerpt":{"rendered":"<p>ZEHN Jahre Career Day in T\u00fcbingen Das Jubil\u00e4um der Karrieremesse in der Paul Horn-Arena am 16. Mai 2024 erfreute sich gro\u00dfer Beliebtheit und war ein voller Erfolg. Unter den fast 100 Ausstellern waren neben Wirtschaftsunternehmen auch 30 soziale Initiativen vertreten. Von Seiten der Universit\u00e4t nahmen TRACS, das Alumni B\u00fcro, das StartUp Center sowie zahlreiche studentische [&hellip;]<\/p>\n","protected":false},"author":3,"featured_media":0,"parent":0,"menu_order":0,"comment_status":"closed","ping_status":"closed","template":"","meta":{"inline_featured_image":false,"footnotes":""},"class_list":["post-3303","page","type-page","status-publish","hentry"],"yoast_head":"<!-- This site is optimized with the Yoast SEO plugin v27.3 - https:\/\/yoast.com\/product\/yoast-seo-wordpress\/ -->\n<title>10 Jahre Tigers Career Day - Career Day<\/title>\n<meta name=\"robots\" content=\"index, follow, max-snippet:-1, max-image-preview:large, max-video-preview:-1\" \/>\n<link rel=\"canonical\" href=\"https:\/\/career-jungle.de\/en\/10th-anniversary-tigers-career-day\/\" \/>\n<meta property=\"og:locale\" content=\"en_US\" \/>\n<meta property=\"og:type\" content=\"article\" \/>\n<meta property=\"og:title\" content=\"10 Jahre Tigers Career Day - Career Day\" \/>\n<meta property=\"og:description\" content=\"ZEHN Jahre Career Day in T\u00fcbingen Das Jubil\u00e4um der Karrieremesse in der Paul Horn-Arena am 16. Mai 2024 erfreute sich gro\u00dfer Beliebtheit und war ein voller Erfolg. Unter den fast 100 Ausstellern waren neben Wirtschaftsunternehmen auch 30 soziale Initiativen vertreten. Von Seiten der Universit\u00e4t nahmen TRACS, das Alumni B\u00fcro, das StartUp Center sowie zahlreiche studentische [&hellip;]\" \/>\n<meta property=\"og:url\" content=\"https:\/\/career-jungle.de\/en\/10th-anniversary-tigers-career-day\/\" \/>\n<meta property=\"og:site_name\" content=\"Career Day\" \/>\n<meta property=\"article:modified_time\" content=\"2025-03-19T11:04:44+00:00\" \/>\n<meta name=\"twitter:card\" content=\"summary_large_image\" \/>\n<meta name=\"twitter:label1\" content=\"Est. reading time\" \/>\n\t<meta name=\"twitter:data1\" content=\"2 minutes\" \/>\n<script type=\"application\/ld+json\" class=\"yoast-schema-graph\">{\"@context\":\"https:\\\/\\\/schema.org\",\"@graph\":[{\"@type\":\"WebPage\",\"@id\":\"https:\\\/\\\/career-jungle.de\\\/10-jahre-tigers-career-day\\\/\",\"url\":\"https:\\\/\\\/career-jungle.de\\\/10-jahre-tigers-career-day\\\/\",\"name\":\"10 Jahre Tigers Career Day - Career Day\",\"isPartOf\":{\"@id\":\"https:\\\/\\\/career-jungle.de\\\/#website\"},\"datePublished\":\"2024-05-24T13:22:09+00:00\",\"dateModified\":\"2025-03-19T11:04:44+00:00\",\"breadcrumb\":{\"@id\":\"https:\\\/\\\/career-jungle.de\\\/10-jahre-tigers-career-day\\\/#breadcrumb\"},\"inLanguage\":\"en-US\",\"potentialAction\":[{\"@type\":\"ReadAction\",\"target\":[\"https:\\\/\\\/career-jungle.de\\\/10-jahre-tigers-career-day\\\/\"]}]},{\"@type\":\"BreadcrumbList\",\"@id\":\"https:\\\/\\\/career-jungle.de\\\/10-jahre-tigers-career-day\\\/#breadcrumb\",\"itemListElement\":[{\"@type\":\"ListItem\",\"position\":1,\"name\":\"Startseite\",\"item\":\"https:\\\/\\\/career-jungle.de\\\/\"},{\"@type\":\"ListItem\",\"position\":2,\"name\":\"10 Jahre Tigers Career Day\"}]},{\"@type\":\"WebSite\",\"@id\":\"https:\\\/\\\/career-jungle.de\\\/#website\",\"url\":\"https:\\\/\\\/career-jungle.de\\\/\",\"name\":\"Career Day\",\"description\":\"Welcome to the jungle\",\"publisher\":{\"@id\":\"https:\\\/\\\/career-jungle.de\\\/#organization\"},\"potentialAction\":[{\"@type\":\"SearchAction\",\"target\":{\"@type\":\"EntryPoint\",\"urlTemplate\":\"https:\\\/\\\/career-jungle.de\\\/?s={search_term_string}\"},\"query-input\":{\"@type\":\"PropertyValueSpecification\",\"valueRequired\":true,\"valueName\":\"search_term_string\"}}],\"inLanguage\":\"en-US\"},{\"@type\":\"Organization\",\"@id\":\"https:\\\/\\\/career-jungle.de\\\/#organization\",\"name\":\"Career Day\",\"url\":\"https:\\\/\\\/career-jungle.de\\\/\",\"logo\":{\"@type\":\"ImageObject\",\"inLanguage\":\"en-US\",\"@id\":\"https:\\\/\\\/career-jungle.de\\\/#\\\/schema\\\/logo\\\/image\\\/\",\"url\":\"https:\\\/\\\/career-jungle.de\\\/wp-content\\\/uploads\\\/2023\\\/04\\\/2026_CareerDayLogo_Pfad_Kontur_blau.png\",\"contentUrl\":\"https:\\\/\\\/career-jungle.de\\\/wp-content\\\/uploads\\\/2023\\\/04\\\/2026_CareerDayLogo_Pfad_Kontur_blau.png\",\"width\":872,\"height\":272,\"caption\":\"Career Day\"},\"image\":{\"@id\":\"https:\\\/\\\/career-jungle.de\\\/#\\\/schema\\\/logo\\\/image\\\/\"}}]}<\/script>\n<!-- \/ Yoast SEO plugin. -->","yoast_head_json":{"title":"10 Years of Tigers Career Day - Career Day","robots":{"index":"index","follow":"follow","max-snippet":"max-snippet:-1","max-image-preview":"max-image-preview:large","max-video-preview":"max-video-preview:-1"},"canonical":"https:\/\/career-jungle.de\/en\/10th-anniversary-tigers-career-day\/","og_locale":"en_US","og_type":"article","og_title":"10 Jahre Tigers Career Day - Career Day","og_description":"ZEHN Jahre Career Day in T\u00fcbingen Das Jubil\u00e4um der Karrieremesse in der Paul Horn-Arena am 16. Mai 2024 erfreute sich gro\u00dfer Beliebtheit und war ein voller Erfolg. Unter den fast 100 Ausstellern waren neben Wirtschaftsunternehmen auch 30 soziale Initiativen vertreten. Von Seiten der Universit\u00e4t nahmen TRACS, das Alumni B\u00fcro, das StartUp Center sowie zahlreiche studentische [&hellip;]","og_url":"https:\/\/career-jungle.de\/en\/10th-anniversary-tigers-career-day\/","og_site_name":"Career Day","article_modified_time":"2025-03-19T11:04:44+00:00","twitter_card":"summary_large_image","twitter_misc":{"Est. reading time":"2 minutes"},"schema":{"@context":"https:\/\/schema.org","@graph":[{"@type":"WebPage","@id":"https:\/\/career-jungle.de\/10-jahre-tigers-career-day\/","url":"https:\/\/career-jungle.de\/10-jahre-tigers-career-day\/","name":"10 Years of Tigers Career Day - Career Day","isPartOf":{"@id":"https:\/\/career-jungle.de\/#website"},"datePublished":"2024-05-24T13:22:09+00:00","dateModified":"2025-03-19T11:04:44+00:00","breadcrumb":{"@id":"https:\/\/career-jungle.de\/10-jahre-tigers-career-day\/#breadcrumb"},"inLanguage":"en-US","potentialAction":[{"@type":"ReadAction","target":["https:\/\/career-jungle.de\/10-jahre-tigers-career-day\/"]}]},{"@type":"BreadcrumbList","@id":"https:\/\/career-jungle.de\/10-jahre-tigers-career-day\/#breadcrumb","itemListElement":[{"@type":"ListItem","position":1,"name":"Startseite","item":"https:\/\/career-jungle.de\/"},{"@type":"ListItem","position":2,"name":"10 Jahre Tigers Career Day"}]},{"@type":"WebSite","@id":"https:\/\/career-jungle.de\/#website","url":"https:\/\/career-jungle.de\/","name":"Career Day","description":"Welcome to the jungle","publisher":{"@id":"https:\/\/career-jungle.de\/#organization"},"potentialAction":[{"@type":"SearchAction","target":{"@type":"EntryPoint","urlTemplate":"https:\/\/career-jungle.de\/?s={search_term_string}"},"query-input":{"@type":"PropertyValueSpecification","valueRequired":true,"valueName":"search_term_string"}}],"inLanguage":"en-US"},{"@type":"Organization","@id":"https:\/\/career-jungle.de\/#organization","name":"Career Day","url":"https:\/\/career-jungle.de\/","logo":{"@type":"ImageObject","inLanguage":"en-US","@id":"https:\/\/career-jungle.de\/#\/schema\/logo\/image\/","url":"https:\/\/career-jungle.de\/wp-content\/uploads\/2023\/04\/2026_CareerDayLogo_Pfad_Kontur_blau.png","contentUrl":"https:\/\/career-jungle.de\/wp-content\/uploads\/2023\/04\/2026_CareerDayLogo_Pfad_Kontur_blau.png","width":872,"height":272,"caption":"Career Day"},"image":{"@id":"https:\/\/career-jungle.de\/#\/schema\/logo\/image\/"}}]}},"_links":{"self":[{"href":"https:\/\/career-jungle.de\/en\/wp-json\/wp\/v2\/pages\/3303","targetHints":{"allow":["GET"]}}],"collection":[{"href":"https:\/\/career-jungle.de\/en\/wp-json\/wp\/v2\/pages"}],"about":[{"href":"https:\/\/career-jungle.de\/en\/wp-json\/wp\/v2\/types\/page"}],"author":[{"embeddable":true,"href":"https:\/\/career-jungle.de\/en\/wp-json\/wp\/v2\/users\/3"}],"replies":[{"embeddable":true,"href":"https:\/\/career-jungle.de\/en\/wp-json\/wp\/v2\/comments?post=3303"}],"version-history":[{"count":5,"href":"https:\/\/career-jungle.de\/en\/wp-json\/wp\/v2\/pages\/3303\/revisions"}],"predecessor-version":[{"id":3428,"href":"https:\/\/career-jungle.de\/en\/wp-json\/wp\/v2\/pages\/3303\/revisions\/3428"}],"wp:attachment":[{"href":"https:\/\/career-jungle.de\/en\/wp-json\/wp\/v2\/media?parent=3303"}],"curies":[{"name":"WordPress","href":"https:\/\/api.w.org\/{rel}","templated":true}]}}