{"id":3,"date":"2023-04-13T09:14:25","date_gmt":"2023-04-13T09:14:25","guid":{"rendered":"https:\/\/career-jungle.de\/?page_id=3"},"modified":"2023-04-26T06:21:28","modified_gmt":"2023-04-26T06:21:28","slug":"privacy-policy","status":"publish","type":"page","link":"https:\/\/career-jungle.de\/en\/datenschutzerklaerung\/","title":{"rendered":"Privacy Policy"},"content":{"rendered":"<div data-elementor-type=\"wp-page\" data-elementor-id=\"3\" class=\"elementor elementor-3\" data-elementor-post-type=\"page\">\n\t\t\t\t\t\t<section class=\"elementor-section elementor-top-section elementor-element elementor-element-10751df elementor-section-boxed elementor-section-height-default elementor-section-height-default\" data-id=\"10751df\" data-element_type=\"section\" data-e-type=\"section\" data-settings=\"{&quot;background_background&quot;:&quot;classic&quot;}\">\n\t\t\t\t\t\t<div class=\"elementor-container elementor-column-gap-default\">\n\t\t\t\t\t<div class=\"elementor-column elementor-col-100 elementor-top-column elementor-element elementor-element-a089dc1\" data-id=\"a089dc1\" data-element_type=\"column\" data-e-type=\"column\">\n\t\t\t<div class=\"elementor-widget-wrap elementor-element-populated\">\n\t\t\t\t\t\t<div class=\"elementor-element elementor-element-a1a1602 yellowHeading elementor-widget elementor-widget-heading\" data-id=\"a1a1602\" data-element_type=\"widget\" data-e-type=\"widget\" data-widget_type=\"heading.default\">\n\t\t\t\t<div class=\"elementor-widget-container\">\n\t\t\t\t\t<h2 class=\"elementor-heading-title elementor-size-default\">Privacy Policy<\/h2>\t\t\t\t<\/div>\n\t\t\t\t<\/div>\n\t\t\t\t\t<\/div>\n\t\t<\/div>\n\t\t\t\t\t<\/div>\n\t\t<\/section>\n\t\t\t\t<section class=\"elementor-section elementor-top-section elementor-element elementor-element-5684615 elementor-section-boxed elementor-section-height-default elementor-section-height-default\" data-id=\"5684615\" data-element_type=\"section\" data-e-type=\"section\">\n\t\t\t\t\t\t<div class=\"elementor-container elementor-column-gap-default\">\n\t\t\t\t\t<div class=\"elementor-column elementor-col-100 elementor-top-column elementor-element elementor-element-e4ed59d\" data-id=\"e4ed59d\" data-element_type=\"column\" data-e-type=\"column\">\n\t\t\t<div class=\"elementor-widget-wrap elementor-element-populated\">\n\t\t\t\t\t\t<div class=\"elementor-element elementor-element-901240f elementor-widget elementor-widget-text-editor\" data-id=\"901240f\" data-element_type=\"widget\" data-e-type=\"widget\" data-widget_type=\"text-editor.default\">\n\t\t\t\t<div class=\"elementor-widget-container\">\n\t\t\t\t\t\t\t\t\t<p><strong>1. Name and contact details of the data controller<\/strong><\/p>\n<p>This privacy notice applies to the data processing by:<\/p>\n<p>Responsible Party: ProBasket T\u00fcbingen AG, M\u00f6mpelgarder Weg 4, 72072 T\u00fcbingen, Germany<\/p>\n<p>Email: <a href=\"mailto:basket@tigers-tuebingen.de\">basket@tigers-tuebingen.de<\/a><br \/>Phone: +49 (0)7071-92090-80<\/p>\n<p><strong>2. Collection and Storage of Personal Data and the Nature and Purpose of Their Use<\/strong><\/p>\n<p>a) When visiting the website<\/p>\n<p>When visiting our website <strong>https:\/\/www.tigers-tuebingen.de<\/strong>\u00a0Your browser automatically sends information to our website's server. This information is temporarily stored in a log file. The following information is collected without your intervention and stored until automatically deleted:<\/p>\n<ul>\n<li>IP address of the requesting computer,<\/li>\n<li>Date and time of access,<\/li>\n<li>Name and URL of the retrieved file,<\/li>\n<li>Website from which access is made (Referrer URL),<\/li>\n<li>browser used and, if applicable, the operating system of your computer and the name of your access provider.<\/li>\n<\/ul>\n<p>The data mentioned will be processed by us for the following purposes:<\/p>\n<ul>\n<li>Ensuring smooth website connection establishment,<\/li>\n<li>Ensuring a comfortable use of our website,<\/li>\n<li>Evaluation of system security and stability, as well as<\/li>\n<li>for further administrative purposes.<\/li>\n<\/ul>\n<p>The legal basis for data processing is Art. 6(1) sentence 1 lit. f GDPR. Our legitimate interest arises from the purposes for data collection listed above. In no case do we use the collected data for the purpose of drawing conclusions about your identity.<\/p>\n<p>In addition, we use cookies and analytics services when you visit our website. You can find more detailed information on this in sections 4 and 5 of this privacy policy.<\/p>\n<p>b) Contact can be made via the provided email address. In this case, the user's personal data transmitted with the email will be stored. The data will not be passed on to third parties in this context. The data will be used exclusively for processing the conversation.<\/p>\n<p>The legal basis for processing the data, if the user has given consent, is Article 6(1)(a) GDPR. The legal basis for processing data transmitted during an email submission is Article 6(1)(f) GDPR. If the email contact aims at the conclusion of a contract, the additional legal basis for processing is Article 6(1)(b) GDPR. This also constitutes the necessary legitimate interest in processing the data.<\/p>\n<p>The data will be deleted as soon as it is no longer required for the purpose for which it was collected. For personal data sent by email, this is the case when the respective conversation with the user has ended. The conversation is considered ended when the circumstances indicate that the matter in question has been finally clarified.<\/p>\n<p>The user can revoke their consent to the processing of personal data at any time. If the user contacts us by email, they can object to the storage of their personal data at any time. In such a case, the conversation cannot be continued. The objection can be made by email or in writing. All personal data stored during the contact will be deleted in this case.<\/p>\n<p><strong>3. Data Transfer<\/strong><\/p>\n<p>Your personal data will not be transmitted to third parties for purposes other than those listed below.<\/p>\n<p>We will only share your personal data with third parties if:<\/p>\n<ul>\n<li>you have given your express consent according to Art. 6(1) sentence 1 lit. a GDPR,<\/li>\n<li>the disclosure is necessary for the establishment, exercise, or defense of legal claims pursuant to Art. 6(1) sentence 1 lit. f GDPR and there are no grounds to assume that you have an overriding interest worthy of protection in the non-disclosure of your data,<\/li>\n<li>in the event that there is a legal obligation for disclosure pursuant to Art. 6 para. 1 sentence 1 lit. c GDPR, as well as<\/li>\n<li>is legally permissible and necessary for the processing of contractual relationships with you pursuant to Art. 6 Para. 1 Sentence 1 lit. b GDPR.<\/li>\n<\/ul>\n<p><strong>4. Cookies<\/strong><\/p>\n<p>We use cookies on our website. These are small files that your browser automatically creates and stores on your device (laptop, tablet, smartphone, etc.) when you visit our site. Cookies do not cause any damage to your device and do not contain viruses, trojans, or other malware.<\/p>\n<p>The cookie stores information that arises in connection with the specific end device used. However, this does not mean that we immediately become aware of your identity.<\/p>\n<p>The use of cookies is intended, on the one hand, to make the use of our services more enjoyable for you. For example, we use so-called session cookies to recognize that you have already visited individual pages of our website. These are automatically deleted after you leave our site.<\/p>\n<p>In addition, we also use temporary cookies to optimize user-friendliness, which are stored on your end device for a specific, fixed period. If you visit our site again to use our services, it will automatically recognize that you have been with us before and what entries and settings you have made, so you do not have to enter them again.<\/p>\n<p>On the other hand, we use cookies to statistically record the use of our website and to evaluate it for the purpose of optimizing our offer for you (see point 5). These cookies allow us to automatically recognize on a subsequent visit to our site that you have already been with us. These cookies are automatically deleted after a defined period of time.<\/p>\n<p>The data processed by cookies are necessary for the stated purposes of safeguarding our legitimate interests and those of third parties in accordance with Article 6(1)(f) of the GDPR.<\/p>\n<p>Most browsers accept cookies automatically. However, you can configure your browser to prevent cookies from being stored on your computer or to always display a notice before a new cookie is created. However, completely disabling cookies may prevent you from using all the features of our website.<\/p>\n<p>When visiting our social media channels (Facebook, Instagram, Twitter), the respective operators of these platforms also use cookies. Information about which data is processed by the platforms and for what purposes it is used can be found in the privacy policies of:<br \/>Facebook: https:\/\/www.facebook.com\/policy.php<br \/>https:\/\/help.instagram.com\/155833707900388<br \/>Twitter: https:\/\/twitter.com\/en\/privacy<\/p>\n<p><strong>5. Data Subject Rights<\/strong><\/p>\n<p>You have the right:<\/p>\n<ul>\n<li>request information about your personal data processed by us. In particular, you may request information about the purposes of processing, the category of personal data, the categories of recipients to whom your data have been or will be disclosed, the planned duration of storage, the existence of a right to rectification, erasure, restriction of processing or objection, the existence of a right of appeal, the origin of your data, provided that they were not collected from us, as well as about the existence of automated decision-making, including profiling, and, if applicable, meaningful information about its details;<\/li>\n<li>pursuant to Art. 16 GDPR, to request the immediate rectification of inaccurate or completion of your personal data stored with us;<\/li>\n<li>according to Art. 17 GDPR, to request the deletion of your personal data stored by us, insofar as the processing is not necessary for the exercise of the right to freedom of expression and information, for compliance with a legal obligation, for reasons of public interest, or for the establishment, exercise or defense of legal claims;<\/li>\n<li>pursuant to Art. 18 GDPR, to request the restriction of the processing of your personal data, insofar as the accuracy of the data is contested by you, the processing is unlawful but you refuse their erasure and we no longer need the data, you however require them for the establishment, exercise or defense of legal claims, or you have objected to the processing pursuant to Art. 21 GDPR;<\/li>\n<li>to receive the personal data you have provided to us in a structured, common and machine-readable format or to request transmission to another controller, pursuant to Art. 20 GDPR;<\/li>\n<li>in accordance with Art. 7 para. 3 GDPR, you may revoke your consent at any time. This will result in us no longer being permitted to continue the data processing that was based on this consent for the future, and<\/li>\n<li>under Art. 77 GDPR, to complain to a supervisory authority. As a rule, you can do this by contacting the supervisory authority of your habitual residence, place of work, or our registered office.<\/li>\n<\/ul>\n<p><strong>6. Right to object<\/strong><\/p>\n<p>If your personal data is processed on the basis of legitimate interests pursuant to Art. 6 para. 1 sentence 1 lit. f GDPR, you have the right to object to the processing of your personal data pursuant to Art. 21 GDPR, provided that there are reasons for this arising from your particular situation or the objection is directed against direct advertising. In the latter case, you have a general right to object, which we will implement without specifying a particular situation.<\/p>\n<p>If you wish to exercise your right of withdrawal or objection, simply send an email to basket@tigers-tuebingen.de<\/p>\n<p><strong>7. Data Security<\/strong><\/p>\n<p>We use the well-known SSL (Secure Socket Layer) procedure during website visits in conjunction with the highest encryption level supported by your browser. This is usually 256-bit encryption. You can tell if an individual page of our website is being transmitted encrypted by the closed representation of the key or lock icon in the bottom status bar of your browser.<\/p>\n<p>We also use appropriate technical and organizational security measures to protect your data against accidental or intentional manipulation, partial or complete loss, destruction, or unauthorized access by third parties. Our security measures are continuously improved in line with technological development.<\/p>\n<p><strong>8. Timeliness and Changes to this Privacy Policy<\/strong><\/p>\n<p>This privacy policy is currently valid and updated as of May 2018.<\/p>\n<p>Due to the further development of our website and services, or due to changes in legal or regulatory requirements, it may become necessary to amend this privacy policy. The current version of the privacy policy can be accessed at any time on the website at <a href=\"https:\/\/tigers-tuebingen.de\/datenschutzerklaerung\/\">https:\/\/tigers-tuebingen.de\/datenschutzerklaerung\/<\/a> to be retrieved and printed by you.<\/p>\n<p><strong>9. Using Script Libraries (Google Web Fonts) <\/strong><\/p>\n<p>To ensure our content is displayed correctly and attractively across different browsers, we use script libraries and font libraries on this website, such as Google Webfonts (https:\/\/www.google.com\/webfonts\/). Google Webfonts are transferred to your browser's cache to avoid multiple downloads. If your browser does not support Google Webfonts or blocks access, content will be displayed in a default font. Calling script libraries or font libraries automatically establishes a connection to the library's provider. It is theoretically possible \u2013 though currently unclear whether and for what purposes \u2013 that providers of such libraries may collect data. You can find the data protection policy of the library provider Google here: <a href=\"https:\/\/www.google.com\/policies\/privacy\/\" target=\"_blank\" rel=\"noopener noreferrer\">https:\/\/www.google.com\/policies\/privacy\/<\/a><\/p>\n<p><strong>10. Data Privacy Statement for the Use of Google Analytics<\/strong><\/p>\n<p>This website uses Google Analytics, a web analytics service provided by Google, Inc. (\u201cGoogle\u201d). Google Analytics uses cookies, which are text files placed on your computer, to help the website analyze how users use the site. The information generated by the cookie about your use of this website is usually transmitted to and stored by Google on servers in the United States. However, if IP anonymization is enabled on this website, your IP address will be shortened by Google within the European Union or other parties to the Agreement on the European Economic Area beforehand.<\/p>\n<p><strong>11. Telekom Sports Video Player<\/strong><\/p>\n<p>The Telekom Sport video player with the game videos is a service provided by Telekom Deutschland GmbH, which has been merely integrated into our website. Regarding data protection, please refer to the data protection information of Telekom Deutschland GmbH at https:\/\/www.telekomsport.de\/datenschutz.<\/p>\t\t\t\t\t\t\t\t<\/div>\n\t\t\t\t<\/div>\n\t\t\t\t\t<\/div>\n\t\t<\/div>\n\t\t\t\t\t<\/div>\n\t\t<\/section>\n\t\t\t\t<\/div>","protected":false},"excerpt":{"rendered":"<p>1. Name und Kontaktdaten des f\u00fcr die Verarbeitung Verantwortlichen Diese Datenschutz-Information gilt f\u00fcr die Datenverarbeitung durch: Verantwortlicher: ProBasket T\u00fcbingen AG, M\u00f6mpelgarder Weg 4, 72072 T\u00fcbingen, Deutschland Email: basket@tigers-tuebingen.deTelefon: +49 (0)7071-92090-80 2. Erhebung und Speicherung personenbezogener Daten sowie Art und Zweck von deren Verwendung a) Beim Besuch der Website Beim Aufrufen unserer Website https:\/\/www.tigers-tuebingen.de\u00a0werden durch den [&hellip;]<\/p>\n","protected":false},"author":1,"featured_media":0,"parent":0,"menu_order":0,"comment_status":"closed","ping_status":"closed","template":"elementor_header_footer","meta":{"inline_featured_image":false,"footnotes":""},"class_list":["post-3","page","type-page","status-publish","hentry"],"yoast_head":"<!-- This site is optimized with the Yoast SEO plugin v27.3 - https:\/\/yoast.com\/product\/yoast-seo-wordpress\/ -->\n<title>Datenschutzerkl\u00e4rung - Career Day<\/title>\n<meta name=\"robots\" content=\"index, follow, max-snippet:-1, max-image-preview:large, max-video-preview:-1\" \/>\n<link rel=\"canonical\" href=\"https:\/\/career-jungle.de\/en\/privacy-policy\/\" \/>\n<meta property=\"og:locale\" content=\"en_US\" \/>\n<meta property=\"og:type\" content=\"article\" \/>\n<meta property=\"og:title\" content=\"Datenschutzerkl\u00e4rung - Career Day\" \/>\n<meta property=\"og:description\" content=\"1. Name und Kontaktdaten des f\u00fcr die Verarbeitung Verantwortlichen Diese Datenschutz-Information gilt f\u00fcr die Datenverarbeitung durch: Verantwortlicher: ProBasket T\u00fcbingen AG, M\u00f6mpelgarder Weg 4, 72072 T\u00fcbingen, Deutschland Email: basket@tigers-tuebingen.deTelefon: +49 (0)7071-92090-80 2. Erhebung und Speicherung personenbezogener Daten sowie Art und Zweck von deren Verwendung a) Beim Besuch der Website Beim Aufrufen unserer Website https:\/\/www.tigers-tuebingen.de\u00a0werden durch den [&hellip;]\" \/>\n<meta property=\"og:url\" content=\"https:\/\/career-jungle.de\/en\/privacy-policy\/\" \/>\n<meta property=\"og:site_name\" content=\"Career Day\" \/>\n<meta property=\"article:modified_time\" content=\"2023-04-26T06:21:28+00:00\" \/>\n<meta name=\"twitter:card\" content=\"summary_large_image\" \/>\n<meta name=\"twitter:label1\" content=\"Est. reading time\" \/>\n\t<meta name=\"twitter:data1\" content=\"10 minutes\" \/>\n<script type=\"application\/ld+json\" class=\"yoast-schema-graph\">{\"@context\":\"https:\\\/\\\/schema.org\",\"@graph\":[{\"@type\":\"WebPage\",\"@id\":\"https:\\\/\\\/career-jungle.de\\\/datenschutzerklaerung\\\/\",\"url\":\"https:\\\/\\\/career-jungle.de\\\/datenschutzerklaerung\\\/\",\"name\":\"Datenschutzerkl\u00e4rung - Career Day\",\"isPartOf\":{\"@id\":\"https:\\\/\\\/career-jungle.de\\\/#website\"},\"datePublished\":\"2023-04-13T09:14:25+00:00\",\"dateModified\":\"2023-04-26T06:21:28+00:00\",\"breadcrumb\":{\"@id\":\"https:\\\/\\\/career-jungle.de\\\/datenschutzerklaerung\\\/#breadcrumb\"},\"inLanguage\":\"en-US\",\"potentialAction\":[{\"@type\":\"ReadAction\",\"target\":[\"https:\\\/\\\/career-jungle.de\\\/datenschutzerklaerung\\\/\"]}]},{\"@type\":\"BreadcrumbList\",\"@id\":\"https:\\\/\\\/career-jungle.de\\\/datenschutzerklaerung\\\/#breadcrumb\",\"itemListElement\":[{\"@type\":\"ListItem\",\"position\":1,\"name\":\"Startseite\",\"item\":\"https:\\\/\\\/career-jungle.de\\\/\"},{\"@type\":\"ListItem\",\"position\":2,\"name\":\"Datenschutzerkl\u00e4rung\"}]},{\"@type\":\"WebSite\",\"@id\":\"https:\\\/\\\/career-jungle.de\\\/#website\",\"url\":\"https:\\\/\\\/career-jungle.de\\\/\",\"name\":\"Career Day\",\"description\":\"Welcome to the jungle\",\"publisher\":{\"@id\":\"https:\\\/\\\/career-jungle.de\\\/#organization\"},\"potentialAction\":[{\"@type\":\"SearchAction\",\"target\":{\"@type\":\"EntryPoint\",\"urlTemplate\":\"https:\\\/\\\/career-jungle.de\\\/?s={search_term_string}\"},\"query-input\":{\"@type\":\"PropertyValueSpecification\",\"valueRequired\":true,\"valueName\":\"search_term_string\"}}],\"inLanguage\":\"en-US\"},{\"@type\":\"Organization\",\"@id\":\"https:\\\/\\\/career-jungle.de\\\/#organization\",\"name\":\"Career Day\",\"url\":\"https:\\\/\\\/career-jungle.de\\\/\",\"logo\":{\"@type\":\"ImageObject\",\"inLanguage\":\"en-US\",\"@id\":\"https:\\\/\\\/career-jungle.de\\\/#\\\/schema\\\/logo\\\/image\\\/\",\"url\":\"https:\\\/\\\/career-jungle.de\\\/wp-content\\\/uploads\\\/2023\\\/04\\\/2026_CareerDayLogo_Pfad_Kontur_blau.png\",\"contentUrl\":\"https:\\\/\\\/career-jungle.de\\\/wp-content\\\/uploads\\\/2023\\\/04\\\/2026_CareerDayLogo_Pfad_Kontur_blau.png\",\"width\":872,\"height\":272,\"caption\":\"Career Day\"},\"image\":{\"@id\":\"https:\\\/\\\/career-jungle.de\\\/#\\\/schema\\\/logo\\\/image\\\/\"}}]}<\/script>\n<!-- \/ Yoast SEO plugin. -->","yoast_head_json":{"title":"Privacy Policy - Career Day","robots":{"index":"index","follow":"follow","max-snippet":"max-snippet:-1","max-image-preview":"max-image-preview:large","max-video-preview":"max-video-preview:-1"},"canonical":"https:\/\/career-jungle.de\/en\/privacy-policy\/","og_locale":"en_US","og_type":"article","og_title":"Datenschutzerkl\u00e4rung - Career Day","og_description":"1. Name und Kontaktdaten des f\u00fcr die Verarbeitung Verantwortlichen Diese Datenschutz-Information gilt f\u00fcr die Datenverarbeitung durch: Verantwortlicher: ProBasket T\u00fcbingen AG, M\u00f6mpelgarder Weg 4, 72072 T\u00fcbingen, Deutschland Email: basket@tigers-tuebingen.deTelefon: +49 (0)7071-92090-80 2. Erhebung und Speicherung personenbezogener Daten sowie Art und Zweck von deren Verwendung a) Beim Besuch der Website Beim Aufrufen unserer Website https:\/\/www.tigers-tuebingen.de\u00a0werden durch den [&hellip;]","og_url":"https:\/\/career-jungle.de\/en\/privacy-policy\/","og_site_name":"Career Day","article_modified_time":"2023-04-26T06:21:28+00:00","twitter_card":"summary_large_image","twitter_misc":{"Est. reading time":"10 minutes"},"schema":{"@context":"https:\/\/schema.org","@graph":[{"@type":"WebPage","@id":"https:\/\/career-jungle.de\/datenschutzerklaerung\/","url":"https:\/\/career-jungle.de\/datenschutzerklaerung\/","name":"Privacy Policy - Career Day","isPartOf":{"@id":"https:\/\/career-jungle.de\/#website"},"datePublished":"2023-04-13T09:14:25+00:00","dateModified":"2023-04-26T06:21:28+00:00","breadcrumb":{"@id":"https:\/\/career-jungle.de\/datenschutzerklaerung\/#breadcrumb"},"inLanguage":"en-US","potentialAction":[{"@type":"ReadAction","target":["https:\/\/career-jungle.de\/datenschutzerklaerung\/"]}]},{"@type":"BreadcrumbList","@id":"https:\/\/career-jungle.de\/datenschutzerklaerung\/#breadcrumb","itemListElement":[{"@type":"ListItem","position":1,"name":"Startseite","item":"https:\/\/career-jungle.de\/"},{"@type":"ListItem","position":2,"name":"Datenschutzerkl\u00e4rung"}]},{"@type":"WebSite","@id":"https:\/\/career-jungle.de\/#website","url":"https:\/\/career-jungle.de\/","name":"Career Day","description":"Welcome to the jungle","publisher":{"@id":"https:\/\/career-jungle.de\/#organization"},"potentialAction":[{"@type":"SearchAction","target":{"@type":"EntryPoint","urlTemplate":"https:\/\/career-jungle.de\/?s={search_term_string}"},"query-input":{"@type":"PropertyValueSpecification","valueRequired":true,"valueName":"search_term_string"}}],"inLanguage":"en-US"},{"@type":"Organization","@id":"https:\/\/career-jungle.de\/#organization","name":"Career Day","url":"https:\/\/career-jungle.de\/","logo":{"@type":"ImageObject","inLanguage":"en-US","@id":"https:\/\/career-jungle.de\/#\/schema\/logo\/image\/","url":"https:\/\/career-jungle.de\/wp-content\/uploads\/2023\/04\/2026_CareerDayLogo_Pfad_Kontur_blau.png","contentUrl":"https:\/\/career-jungle.de\/wp-content\/uploads\/2023\/04\/2026_CareerDayLogo_Pfad_Kontur_blau.png","width":872,"height":272,"caption":"Career Day"},"image":{"@id":"https:\/\/career-jungle.de\/#\/schema\/logo\/image\/"}}]}},"_links":{"self":[{"href":"https:\/\/career-jungle.de\/en\/wp-json\/wp\/v2\/pages\/3","targetHints":{"allow":["GET"]}}],"collection":[{"href":"https:\/\/career-jungle.de\/en\/wp-json\/wp\/v2\/pages"}],"about":[{"href":"https:\/\/career-jungle.de\/en\/wp-json\/wp\/v2\/types\/page"}],"author":[{"embeddable":true,"href":"https:\/\/career-jungle.de\/en\/wp-json\/wp\/v2\/users\/1"}],"replies":[{"embeddable":true,"href":"https:\/\/career-jungle.de\/en\/wp-json\/wp\/v2\/comments?post=3"}],"version-history":[{"count":5,"href":"https:\/\/career-jungle.de\/en\/wp-json\/wp\/v2\/pages\/3\/revisions"}],"predecessor-version":[{"id":827,"href":"https:\/\/career-jungle.de\/en\/wp-json\/wp\/v2\/pages\/3\/revisions\/827"}],"wp:attachment":[{"href":"https:\/\/career-jungle.de\/en\/wp-json\/wp\/v2\/media?parent=3"}],"curies":[{"name":"WordPress","href":"https:\/\/api.w.org\/{rel}","templated":true}]}}