{"id":2344,"date":"2023-05-08T11:48:57","date_gmt":"2023-05-08T11:48:57","guid":{"rendered":"https:\/\/career-jungle.de\/?page_id=2344"},"modified":"2023-05-08T11:55:16","modified_gmt":"2023-05-08T11:55:16","slug":"tracs-uni-tuebingen","status":"publish","type":"page","link":"https:\/\/career-jungle.de\/en\/soziale-initiativen\/tracs-uni-tuebingen\/","title":{"rendered":"Tracs Uni T\u00fcbingen"},"content":{"rendered":"<div data-elementor-type=\"wp-page\" data-elementor-id=\"2344\" class=\"elementor elementor-2344\" data-elementor-post-type=\"page\">\n\t\t\t\t\t\t<section class=\"elementor-section elementor-top-section elementor-element elementor-element-a264553 elementor-section-boxed elementor-section-height-default elementor-section-height-default\" data-id=\"a264553\" data-element_type=\"section\" data-e-type=\"section\">\n\t\t\t\t\t\t<div class=\"elementor-container elementor-column-gap-default\">\n\t\t\t\t\t<div class=\"elementor-column elementor-col-100 elementor-top-column elementor-element elementor-element-2e79f55\" data-id=\"2e79f55\" data-element_type=\"column\" data-e-type=\"column\">\n\t\t\t<div class=\"elementor-widget-wrap elementor-element-populated\">\n\t\t\t\t\t\t<div class=\"elementor-element elementor-element-2b46a45 elementor-widget elementor-widget-spacer\" data-id=\"2b46a45\" data-element_type=\"widget\" data-e-type=\"widget\" data-widget_type=\"spacer.default\">\n\t\t\t\t<div class=\"elementor-widget-container\">\n\t\t\t\t\t\t\t<div class=\"elementor-spacer\">\n\t\t\t<div class=\"elementor-spacer-inner\"><\/div>\n\t\t<\/div>\n\t\t\t\t\t\t<\/div>\n\t\t\t\t<\/div>\n\t\t\t\t\t<\/div>\n\t\t<\/div>\n\t\t\t\t\t<\/div>\n\t\t<\/section>\n\t\t\t\t<section class=\"elementor-section elementor-top-section elementor-element elementor-element-46e9392 elementor-section-boxed elementor-section-height-default elementor-section-height-default\" data-id=\"46e9392\" data-element_type=\"section\" data-e-type=\"section\">\n\t\t\t\t\t\t<div class=\"elementor-container elementor-column-gap-default\">\n\t\t\t\t\t<div class=\"elementor-column elementor-col-100 elementor-top-column elementor-element elementor-element-24aa317\" data-id=\"24aa317\" data-element_type=\"column\" data-e-type=\"column\">\n\t\t\t<div class=\"elementor-widget-wrap elementor-element-populated\">\n\t\t\t\t\t\t<section class=\"elementor-section elementor-inner-section elementor-element elementor-element-fea7e26 elementor-section-boxed elementor-section-height-default elementor-section-height-default\" data-id=\"fea7e26\" data-element_type=\"section\" data-e-type=\"section\">\n\t\t\t\t\t\t<div class=\"elementor-container elementor-column-gap-default\">\n\t\t\t\t\t<div class=\"elementor-column elementor-col-50 elementor-inner-column elementor-element elementor-element-ca9551b\" data-id=\"ca9551b\" data-element_type=\"column\" data-e-type=\"column\">\n\t\t\t<div class=\"elementor-widget-wrap elementor-element-populated\">\n\t\t\t\t\t\t<div class=\"elementor-element elementor-element-57dd80d elementor-widget elementor-widget-image\" data-id=\"57dd80d\" data-element_type=\"widget\" data-e-type=\"widget\" data-widget_type=\"image.default\">\n\t\t\t\t<div class=\"elementor-widget-container\">\n\t\t\t\t\t\t\t\t\t\t\t\t\t\t\t\t<a href=\"https:\/\/uni-tuebingen.de\/einrichtungen\/verwaltung\/iii-studium-und-lehre\/ueberfachliche-bildung-und-berufliche-orientierung\/\" target=\"_blank\">\n\t\t\t\t\t\t\t<img fetchpriority=\"high\" decoding=\"async\" width=\"533\" height=\"170\" src=\"https:\/\/career-jungle.de\/wp-content\/uploads\/2023\/05\/UNI-Tuebingen-e1683901325974.png\" class=\"attachment-large size-large wp-image-2149\" alt=\"\" srcset=\"https:\/\/career-jungle.de\/wp-content\/uploads\/2023\/05\/UNI-Tuebingen-e1683901325974.png 533w, https:\/\/career-jungle.de\/wp-content\/uploads\/2023\/05\/UNI-Tuebingen-e1683901325974-300x96.png 300w\" sizes=\"(max-width: 533px) 100vw, 533px\" \/>\t\t\t\t\t\t\t\t<\/a>\n\t\t\t\t\t\t\t\t\t\t\t\t\t\t\t<\/div>\n\t\t\t\t<\/div>\n\t\t\t\t\t<\/div>\n\t\t<\/div>\n\t\t\t\t<div class=\"elementor-column elementor-col-50 elementor-inner-column elementor-element elementor-element-e44e21d\" data-id=\"e44e21d\" data-element_type=\"column\" data-e-type=\"column\">\n\t\t\t<div class=\"elementor-widget-wrap elementor-element-populated\">\n\t\t\t\t\t\t<div class=\"elementor-element elementor-element-87efda0 elementor-widget elementor-widget-text-editor\" data-id=\"87efda0\" data-element_type=\"widget\" data-e-type=\"widget\" data-widget_type=\"text-editor.default\">\n\t\t\t\t<div class=\"elementor-widget-container\">\n\t\t\t\t\t\t\t\t\t<p><strong>TRACS UNI T\u00dcBINGEN<\/strong><\/p><p>Die Abteilung \u00dcberfachliche Bildung und berufliche Orientierung der Uni T\u00fcbingen vereint mit dem Transdisciplinary Course Program und dem Career Service (TRACS) zentrale Bereiche an der Schnittstelle zwischen Studium, Praxis und Beruf.\u00a0<\/p><p>Im Transdisciplinary Course Program k\u00f6nnen Sie im Rahmen von Kursen studien- und berufsrelevante Schl\u00fcsselqualifikationen und Orientierungswissen erwerben. Mit unserem Service Learning-Lehrformat f\u00f6rdern und unterst\u00fctzen wir dar\u00fcber hinaus Ihr gesellschaftliches Engagement im Studium.\u00a0<\/p><p>Unsere Beratungs- und Coachingangebot im Career Service helfen Ihnen bei der Beantwortung von Fragen wie:<\/p><p>Was kann ich mit meinem Studium machen? Sind meine Bewerbungsunterlagen okay? Wie trete ich professionell im Bewerbungsprozess auf?<\/p><p>\u00a0<\/p><p><strong>MORE INFO:<br \/><\/strong><a href=\"https:\/\/uni-tuebingen.de\/einrichtungen\/verwaltung\/iii-studium-und-lehre\/ueberfachliche-bildung-und-berufliche-orientierung\/\" target=\"_blank\" rel=\"noopener\">here<\/a><\/p><p>\u00a0<\/p>\t\t\t\t\t\t\t\t<\/div>\n\t\t\t\t<\/div>\n\t\t\t\t<div class=\"elementor-element elementor-element-7fbc5a8 elementor-align-left elementor-widget elementor-widget-button\" data-id=\"7fbc5a8\" data-element_type=\"widget\" data-e-type=\"widget\" data-widget_type=\"button.default\">\n\t\t\t\t<div class=\"elementor-widget-container\">\n\t\t\t\t\t\t\t\t\t<div class=\"elementor-button-wrapper\">\n\t\t\t\t\t<a class=\"elementor-button elementor-button-link elementor-size-sm\" href=\"https:\/\/career-jungle.de\/en\/social-initiatives\/\">\n\t\t\t\t\t\t<span class=\"elementor-button-content-wrapper\">\n\t\t\t\t\t\t\t\t\t<span class=\"elementor-button-text\">back to overview<\/span>\n\t\t\t\t\t<\/span>\n\t\t\t\t\t<\/a>\n\t\t\t\t<\/div>\n\t\t\t\t\t\t\t\t<\/div>\n\t\t\t\t<\/div>\n\t\t\t\t\t<\/div>\n\t\t<\/div>\n\t\t\t\t\t<\/div>\n\t\t<\/section>\n\t\t\t\t\t<\/div>\n\t\t<\/div>\n\t\t\t\t\t<\/div>\n\t\t<\/section>\n\t\t\t\t<section class=\"elementor-section elementor-top-section elementor-element elementor-element-d3a71ea elementor-section-boxed elementor-section-height-default elementor-section-height-default\" data-id=\"d3a71ea\" data-element_type=\"section\" data-e-type=\"section\">\n\t\t\t\t\t\t<div class=\"elementor-container elementor-column-gap-default\">\n\t\t\t\t\t<div class=\"elementor-column elementor-col-100 elementor-top-column elementor-element elementor-element-8b9573e\" data-id=\"8b9573e\" data-element_type=\"column\" data-e-type=\"column\">\n\t\t\t<div class=\"elementor-widget-wrap elementor-element-populated\">\n\t\t\t\t\t\t<div class=\"elementor-element elementor-element-82cf0fc elementor-widget elementor-widget-spacer\" data-id=\"82cf0fc\" data-element_type=\"widget\" data-e-type=\"widget\" data-widget_type=\"spacer.default\">\n\t\t\t\t<div class=\"elementor-widget-container\">\n\t\t\t\t\t\t\t<div class=\"elementor-spacer\">\n\t\t\t<div class=\"elementor-spacer-inner\"><\/div>\n\t\t<\/div>\n\t\t\t\t\t\t<\/div>\n\t\t\t\t<\/div>\n\t\t\t\t\t<\/div>\n\t\t<\/div>\n\t\t\t\t\t<\/div>\n\t\t<\/section>\n\t\t\t\t<\/div>","protected":false},"excerpt":{"rendered":"<p>TRACS UNI T\u00dcBINGEN Die Abteilung \u00dcberfachliche Bildung und berufliche Orientierung der Uni T\u00fcbingen vereint mit dem Transdisciplinary Course Program und dem Career Service (TRACS) zentrale Bereiche an der Schnittstelle zwischen Studium, Praxis und Beruf.\u00a0 Im Transdisciplinary Course Program k\u00f6nnen Sie im Rahmen von Kursen studien- und berufsrelevante Schl\u00fcsselqualifikationen und Orientierungswissen erwerben. Mit unserem Service Learning-Lehrformat [&hellip;]<\/p>\n","protected":false},"author":1,"featured_media":0,"parent":2087,"menu_order":0,"comment_status":"closed","ping_status":"closed","template":"elementor_header_footer","meta":{"inline_featured_image":false,"footnotes":""},"class_list":["post-2344","page","type-page","status-publish","hentry"],"yoast_head":"<!-- This site is optimized with the Yoast SEO plugin v27.3 - https:\/\/yoast.com\/product\/yoast-seo-wordpress\/ -->\n<title>Tracs Uni T\u00fcbingen - Career Day<\/title>\n<meta name=\"robots\" content=\"index, follow, max-snippet:-1, max-image-preview:large, max-video-preview:-1\" \/>\n<link rel=\"canonical\" href=\"https:\/\/career-jungle.de\/en\/social-initiatives\/tracs-uni-tuebingen\/\" \/>\n<meta property=\"og:locale\" content=\"en_US\" \/>\n<meta property=\"og:type\" content=\"article\" \/>\n<meta property=\"og:title\" content=\"Tracs Uni T\u00fcbingen - Career Day\" \/>\n<meta property=\"og:description\" content=\"TRACS UNI T\u00dcBINGEN Die Abteilung \u00dcberfachliche Bildung und berufliche Orientierung der Uni T\u00fcbingen vereint mit dem Transdisciplinary Course Program und dem Career Service (TRACS) zentrale Bereiche an der Schnittstelle zwischen Studium, Praxis und Beruf.\u00a0 Im Transdisciplinary Course Program k\u00f6nnen Sie im Rahmen von Kursen studien- und berufsrelevante Schl\u00fcsselqualifikationen und Orientierungswissen erwerben. Mit unserem Service Learning-Lehrformat [&hellip;]\" \/>\n<meta property=\"og:url\" content=\"https:\/\/career-jungle.de\/en\/social-initiatives\/tracs-uni-tuebingen\/\" \/>\n<meta property=\"og:site_name\" content=\"Career Day\" \/>\n<meta property=\"article:modified_time\" content=\"2023-05-08T11:55:16+00:00\" \/>\n<meta property=\"og:image\" content=\"https:\/\/career-jungle.de\/wp-content\/uploads\/2023\/05\/UNI-Tuebingen.png\" \/>\n<meta name=\"twitter:card\" content=\"summary_large_image\" \/>\n<meta name=\"twitter:label1\" content=\"Est. reading time\" \/>\n\t<meta name=\"twitter:data1\" content=\"1 minute\" \/>\n<script type=\"application\/ld+json\" class=\"yoast-schema-graph\">{\"@context\":\"https:\\\/\\\/schema.org\",\"@graph\":[{\"@type\":\"WebPage\",\"@id\":\"https:\\\/\\\/career-jungle.de\\\/soziale-initiativen\\\/tracs-uni-tuebingen\\\/\",\"url\":\"https:\\\/\\\/career-jungle.de\\\/soziale-initiativen\\\/tracs-uni-tuebingen\\\/\",\"name\":\"Tracs Uni T\u00fcbingen - Career Day\",\"isPartOf\":{\"@id\":\"https:\\\/\\\/career-jungle.de\\\/#website\"},\"primaryImageOfPage\":{\"@id\":\"https:\\\/\\\/career-jungle.de\\\/soziale-initiativen\\\/tracs-uni-tuebingen\\\/#primaryimage\"},\"image\":{\"@id\":\"https:\\\/\\\/career-jungle.de\\\/soziale-initiativen\\\/tracs-uni-tuebingen\\\/#primaryimage\"},\"thumbnailUrl\":\"https:\\\/\\\/career-jungle.de\\\/wp-content\\\/uploads\\\/2023\\\/05\\\/UNI-Tuebingen.png\",\"datePublished\":\"2023-05-08T11:48:57+00:00\",\"dateModified\":\"2023-05-08T11:55:16+00:00\",\"breadcrumb\":{\"@id\":\"https:\\\/\\\/career-jungle.de\\\/soziale-initiativen\\\/tracs-uni-tuebingen\\\/#breadcrumb\"},\"inLanguage\":\"en-US\",\"potentialAction\":[{\"@type\":\"ReadAction\",\"target\":[\"https:\\\/\\\/career-jungle.de\\\/soziale-initiativen\\\/tracs-uni-tuebingen\\\/\"]}]},{\"@type\":\"ImageObject\",\"inLanguage\":\"en-US\",\"@id\":\"https:\\\/\\\/career-jungle.de\\\/soziale-initiativen\\\/tracs-uni-tuebingen\\\/#primaryimage\",\"url\":\"https:\\\/\\\/career-jungle.de\\\/wp-content\\\/uploads\\\/2023\\\/05\\\/UNI-Tuebingen.png\",\"contentUrl\":\"https:\\\/\\\/career-jungle.de\\\/wp-content\\\/uploads\\\/2023\\\/05\\\/UNI-Tuebingen.png\"},{\"@type\":\"BreadcrumbList\",\"@id\":\"https:\\\/\\\/career-jungle.de\\\/soziale-initiativen\\\/tracs-uni-tuebingen\\\/#breadcrumb\",\"itemListElement\":[{\"@type\":\"ListItem\",\"position\":1,\"name\":\"Startseite\",\"item\":\"https:\\\/\\\/career-jungle.de\\\/\"},{\"@type\":\"ListItem\",\"position\":2,\"name\":\"Soziale Initiativen &#8211; R\u00fcckblick\",\"item\":\"https:\\\/\\\/career-jungle.de\\\/soziale-initiativen\\\/\"},{\"@type\":\"ListItem\",\"position\":3,\"name\":\"Tracs Uni T\u00fcbingen\"}]},{\"@type\":\"WebSite\",\"@id\":\"https:\\\/\\\/career-jungle.de\\\/#website\",\"url\":\"https:\\\/\\\/career-jungle.de\\\/\",\"name\":\"Career Day\",\"description\":\"Welcome to the jungle\",\"publisher\":{\"@id\":\"https:\\\/\\\/career-jungle.de\\\/#organization\"},\"potentialAction\":[{\"@type\":\"SearchAction\",\"target\":{\"@type\":\"EntryPoint\",\"urlTemplate\":\"https:\\\/\\\/career-jungle.de\\\/?s={search_term_string}\"},\"query-input\":{\"@type\":\"PropertyValueSpecification\",\"valueRequired\":true,\"valueName\":\"search_term_string\"}}],\"inLanguage\":\"en-US\"},{\"@type\":\"Organization\",\"@id\":\"https:\\\/\\\/career-jungle.de\\\/#organization\",\"name\":\"Career Day\",\"url\":\"https:\\\/\\\/career-jungle.de\\\/\",\"logo\":{\"@type\":\"ImageObject\",\"inLanguage\":\"en-US\",\"@id\":\"https:\\\/\\\/career-jungle.de\\\/#\\\/schema\\\/logo\\\/image\\\/\",\"url\":\"https:\\\/\\\/career-jungle.de\\\/wp-content\\\/uploads\\\/2023\\\/04\\\/2026_CareerDayLogo_Pfad_Kontur_blau.png\",\"contentUrl\":\"https:\\\/\\\/career-jungle.de\\\/wp-content\\\/uploads\\\/2023\\\/04\\\/2026_CareerDayLogo_Pfad_Kontur_blau.png\",\"width\":872,\"height\":272,\"caption\":\"Career Day\"},\"image\":{\"@id\":\"https:\\\/\\\/career-jungle.de\\\/#\\\/schema\\\/logo\\\/image\\\/\"}}]}<\/script>\n<!-- \/ Yoast SEO plugin. -->","yoast_head_json":{"title":"Tracs Uni T\u00fcbingen - Career Day","robots":{"index":"index","follow":"follow","max-snippet":"max-snippet:-1","max-image-preview":"max-image-preview:large","max-video-preview":"max-video-preview:-1"},"canonical":"https:\/\/career-jungle.de\/en\/social-initiatives\/tracs-uni-tuebingen\/","og_locale":"en_US","og_type":"article","og_title":"Tracs Uni T\u00fcbingen - Career Day","og_description":"TRACS UNI T\u00dcBINGEN Die Abteilung \u00dcberfachliche Bildung und berufliche Orientierung der Uni T\u00fcbingen vereint mit dem Transdisciplinary Course Program und dem Career Service (TRACS) zentrale Bereiche an der Schnittstelle zwischen Studium, Praxis und Beruf.\u00a0 Im Transdisciplinary Course Program k\u00f6nnen Sie im Rahmen von Kursen studien- und berufsrelevante Schl\u00fcsselqualifikationen und Orientierungswissen erwerben. Mit unserem Service Learning-Lehrformat [&hellip;]","og_url":"https:\/\/career-jungle.de\/en\/social-initiatives\/tracs-uni-tuebingen\/","og_site_name":"Career Day","article_modified_time":"2023-05-08T11:55:16+00:00","og_image":[{"url":"https:\/\/career-jungle.de\/wp-content\/uploads\/2023\/05\/UNI-Tuebingen.png","type":"","width":"","height":""}],"twitter_card":"summary_large_image","twitter_misc":{"Est. reading time":"1 minute"},"schema":{"@context":"https:\/\/schema.org","@graph":[{"@type":"WebPage","@id":"https:\/\/career-jungle.de\/soziale-initiativen\/tracs-uni-tuebingen\/","url":"https:\/\/career-jungle.de\/soziale-initiativen\/tracs-uni-tuebingen\/","name":"Tracs Uni T\u00fcbingen - Career Day","isPartOf":{"@id":"https:\/\/career-jungle.de\/#website"},"primaryImageOfPage":{"@id":"https:\/\/career-jungle.de\/soziale-initiativen\/tracs-uni-tuebingen\/#primaryimage"},"image":{"@id":"https:\/\/career-jungle.de\/soziale-initiativen\/tracs-uni-tuebingen\/#primaryimage"},"thumbnailUrl":"https:\/\/career-jungle.de\/wp-content\/uploads\/2023\/05\/UNI-Tuebingen.png","datePublished":"2023-05-08T11:48:57+00:00","dateModified":"2023-05-08T11:55:16+00:00","breadcrumb":{"@id":"https:\/\/career-jungle.de\/soziale-initiativen\/tracs-uni-tuebingen\/#breadcrumb"},"inLanguage":"en-US","potentialAction":[{"@type":"ReadAction","target":["https:\/\/career-jungle.de\/soziale-initiativen\/tracs-uni-tuebingen\/"]}]},{"@type":"ImageObject","inLanguage":"en-US","@id":"https:\/\/career-jungle.de\/soziale-initiativen\/tracs-uni-tuebingen\/#primaryimage","url":"https:\/\/career-jungle.de\/wp-content\/uploads\/2023\/05\/UNI-Tuebingen.png","contentUrl":"https:\/\/career-jungle.de\/wp-content\/uploads\/2023\/05\/UNI-Tuebingen.png"},{"@type":"BreadcrumbList","@id":"https:\/\/career-jungle.de\/soziale-initiativen\/tracs-uni-tuebingen\/#breadcrumb","itemListElement":[{"@type":"ListItem","position":1,"name":"Startseite","item":"https:\/\/career-jungle.de\/"},{"@type":"ListItem","position":2,"name":"Soziale Initiativen &#8211; R\u00fcckblick","item":"https:\/\/career-jungle.de\/soziale-initiativen\/"},{"@type":"ListItem","position":3,"name":"Tracs Uni T\u00fcbingen"}]},{"@type":"WebSite","@id":"https:\/\/career-jungle.de\/#website","url":"https:\/\/career-jungle.de\/","name":"Career Day","description":"Welcome to the jungle","publisher":{"@id":"https:\/\/career-jungle.de\/#organization"},"potentialAction":[{"@type":"SearchAction","target":{"@type":"EntryPoint","urlTemplate":"https:\/\/career-jungle.de\/?s={search_term_string}"},"query-input":{"@type":"PropertyValueSpecification","valueRequired":true,"valueName":"search_term_string"}}],"inLanguage":"en-US"},{"@type":"Organization","@id":"https:\/\/career-jungle.de\/#organization","name":"Career Day","url":"https:\/\/career-jungle.de\/","logo":{"@type":"ImageObject","inLanguage":"en-US","@id":"https:\/\/career-jungle.de\/#\/schema\/logo\/image\/","url":"https:\/\/career-jungle.de\/wp-content\/uploads\/2023\/04\/2026_CareerDayLogo_Pfad_Kontur_blau.png","contentUrl":"https:\/\/career-jungle.de\/wp-content\/uploads\/2023\/04\/2026_CareerDayLogo_Pfad_Kontur_blau.png","width":872,"height":272,"caption":"Career Day"},"image":{"@id":"https:\/\/career-jungle.de\/#\/schema\/logo\/image\/"}}]}},"_links":{"self":[{"href":"https:\/\/career-jungle.de\/en\/wp-json\/wp\/v2\/pages\/2344","targetHints":{"allow":["GET"]}}],"collection":[{"href":"https:\/\/career-jungle.de\/en\/wp-json\/wp\/v2\/pages"}],"about":[{"href":"https:\/\/career-jungle.de\/en\/wp-json\/wp\/v2\/types\/page"}],"author":[{"embeddable":true,"href":"https:\/\/career-jungle.de\/en\/wp-json\/wp\/v2\/users\/1"}],"replies":[{"embeddable":true,"href":"https:\/\/career-jungle.de\/en\/wp-json\/wp\/v2\/comments?post=2344"}],"version-history":[{"count":4,"href":"https:\/\/career-jungle.de\/en\/wp-json\/wp\/v2\/pages\/2344\/revisions"}],"predecessor-version":[{"id":2355,"href":"https:\/\/career-jungle.de\/en\/wp-json\/wp\/v2\/pages\/2344\/revisions\/2355"}],"up":[{"embeddable":true,"href":"https:\/\/career-jungle.de\/en\/wp-json\/wp\/v2\/pages\/2087"}],"wp:attachment":[{"href":"https:\/\/career-jungle.de\/en\/wp-json\/wp\/v2\/media?parent=2344"}],"curies":[{"name":"WordPress","href":"https:\/\/api.w.org\/{rel}","templated":true}]}}