{"id":2335,"date":"2023-05-08T11:52:09","date_gmt":"2023-05-08T11:52:09","guid":{"rendered":"https:\/\/career-jungle.de\/?page_id=2335"},"modified":"2023-05-08T14:43:17","modified_gmt":"2023-05-08T14:43:17","slug":"teach-first","status":"publish","type":"page","link":"https:\/\/career-jungle.de\/en\/soziale-initiativen\/teach-first\/","title":{"rendered":"Teach First"},"content":{"rendered":"<div data-elementor-type=\"wp-page\" data-elementor-id=\"2335\" class=\"elementor elementor-2335\" data-elementor-post-type=\"page\">\n\t\t\t\t\t\t<section class=\"elementor-section elementor-top-section elementor-element elementor-element-66f331f elementor-section-boxed elementor-section-height-default elementor-section-height-default\" data-id=\"66f331f\" data-element_type=\"section\" data-e-type=\"section\">\n\t\t\t\t\t\t<div class=\"elementor-container elementor-column-gap-default\">\n\t\t\t\t\t<div class=\"elementor-column elementor-col-100 elementor-top-column elementor-element elementor-element-0a4025b\" data-id=\"0a4025b\" data-element_type=\"column\" data-e-type=\"column\">\n\t\t\t<div class=\"elementor-widget-wrap elementor-element-populated\">\n\t\t\t\t\t\t<div class=\"elementor-element elementor-element-40f7a75 elementor-widget elementor-widget-spacer\" data-id=\"40f7a75\" data-element_type=\"widget\" data-e-type=\"widget\" data-widget_type=\"spacer.default\">\n\t\t\t\t<div class=\"elementor-widget-container\">\n\t\t\t\t\t\t\t<div class=\"elementor-spacer\">\n\t\t\t<div class=\"elementor-spacer-inner\"><\/div>\n\t\t<\/div>\n\t\t\t\t\t\t<\/div>\n\t\t\t\t<\/div>\n\t\t\t\t\t<\/div>\n\t\t<\/div>\n\t\t\t\t\t<\/div>\n\t\t<\/section>\n\t\t\t\t<section class=\"elementor-section elementor-top-section elementor-element elementor-element-5c8d959 elementor-section-boxed elementor-section-height-default elementor-section-height-default\" data-id=\"5c8d959\" data-element_type=\"section\" data-e-type=\"section\">\n\t\t\t\t\t\t<div class=\"elementor-container elementor-column-gap-default\">\n\t\t\t\t\t<div class=\"elementor-column elementor-col-100 elementor-top-column elementor-element elementor-element-a8677e4\" data-id=\"a8677e4\" data-element_type=\"column\" data-e-type=\"column\">\n\t\t\t<div class=\"elementor-widget-wrap elementor-element-populated\">\n\t\t\t\t\t\t<section class=\"elementor-section elementor-inner-section elementor-element elementor-element-639d80a elementor-section-boxed elementor-section-height-default elementor-section-height-default\" data-id=\"639d80a\" data-element_type=\"section\" data-e-type=\"section\">\n\t\t\t\t\t\t<div class=\"elementor-container elementor-column-gap-default\">\n\t\t\t\t\t<div class=\"elementor-column elementor-col-50 elementor-inner-column elementor-element elementor-element-88bfdee\" data-id=\"88bfdee\" data-element_type=\"column\" data-e-type=\"column\">\n\t\t\t<div class=\"elementor-widget-wrap elementor-element-populated\">\n\t\t\t\t\t\t<div class=\"elementor-element elementor-element-4506de0 elementor-widget-widescreen__width-initial elementor-widget elementor-widget-image\" data-id=\"4506de0\" data-element_type=\"widget\" data-e-type=\"widget\" data-widget_type=\"image.default\">\n\t\t\t\t<div class=\"elementor-widget-container\">\n\t\t\t\t\t\t\t\t\t\t\t\t\t\t\t\t<a href=\"https:\/\/www.teachfirst.de\/\" target=\"_blank\">\n\t\t\t\t\t\t\t<img fetchpriority=\"high\" decoding=\"async\" width=\"533\" height=\"326\" src=\"https:\/\/career-jungle.de\/wp-content\/uploads\/2023\/05\/Teach-first-e1683901188322.png\" class=\"attachment-large size-large wp-image-2346\" alt=\"\" srcset=\"https:\/\/career-jungle.de\/wp-content\/uploads\/2023\/05\/Teach-first-e1683901188322.png 533w, https:\/\/career-jungle.de\/wp-content\/uploads\/2023\/05\/Teach-first-e1683901188322-300x183.png 300w\" sizes=\"(max-width: 533px) 100vw, 533px\" \/>\t\t\t\t\t\t\t\t<\/a>\n\t\t\t\t\t\t\t\t\t\t\t\t\t\t\t<\/div>\n\t\t\t\t<\/div>\n\t\t\t\t\t<\/div>\n\t\t<\/div>\n\t\t\t\t<div class=\"elementor-column elementor-col-50 elementor-inner-column elementor-element elementor-element-705191c\" data-id=\"705191c\" data-element_type=\"column\" data-e-type=\"column\">\n\t\t\t<div class=\"elementor-widget-wrap elementor-element-populated\">\n\t\t\t\t\t\t<div class=\"elementor-element elementor-element-680e5a3 elementor-widget elementor-widget-text-editor\" data-id=\"680e5a3\" data-element_type=\"widget\" data-e-type=\"widget\" data-widget_type=\"text-editor.default\">\n\t\t\t\t<div class=\"elementor-widget-container\">\n\t\t\t\t\t\t\t\t\t<p><strong>TEACH FIRST DEUTSCHLAND<\/strong><\/p><p><span style=\"font-weight: 400;\">In Deutschland entscheiden noch immer das Einkommen der Eltern und die Herkunft \u00fcber die Zukunft von Kindern. Jedes Jahr verlassen knapp 50.000 junge Menschen die Schule ohne Abschluss.\u00a0<\/span><\/p><p><span style=\"font-weight: 400;\">Teach First Deutschland tritt daf\u00fcr an, dass alle Kinder und Jugendlichen in Deutschland gute Bildung erfahren \u2013 ganz unabh\u00e4ngig von ihren Startbedingungen.<\/span> <span style=\"font-weight: 400;\">Unsere Fellows unterst\u00fctzen Kinder und Jugendliche dabei, ihre Potenziale auszusch\u00f6pfen, ihre Selbstwirksamkeit zu entwickeln, ihre Abschl\u00fcsse zu schaffen und aktiv an der Gestaltung ihrer Zukunft mitzuwirken. Sie arbeiten daf\u00fcr an Schulen im herausfordernden Umfeld.\u00a0<\/span><\/p><p><span style=\"font-weight: 400;\">Unsere Fellows haben an der Schule maximalen Gestaltungspielraum im Unterricht und in ihren Projekten au\u00dferhalb des Unterrichts, eigenst\u00e4ndig sowie gemeinsam mit den Lehrer:innen. Sie k\u00f6nnen fr\u00fch viel Verantwortung \u00fcbernehmen und eigene Schwerpunkte setzen &#8211; reine Wissensvermittlung und Noten stehen damit nicht im Vordergrund.\u00a0\u00a0<\/span><\/p><p><span style=\"font-weight: 400;\">\u00a0<\/span><\/p><p><b>WEITRE INFOS:<br \/><\/b><a href=\"https:\/\/www.teachfirst.de\/\" target=\"_blank\" rel=\"noopener\"><span style=\"font-weight: 400;\">https:\/\/www.teachfirst.de\/<\/span><\/a><br \/><a href=\"https:\/\/www.teachfirst.de\/bewerben\/\" target=\"_blank\" rel=\"noopener\"><span style=\"font-weight: 400;\">https:\/\/www.teachfirst.de\/bewerben\/<\/span><\/a><br \/><a href=\"https:\/\/youtu.be\/WBOaH8m21u0\" target=\"_blank\" rel=\"noopener\"><span style=\"font-weight: 400;\">https:\/\/youtu.be\/WBOaH8m21u0<\/span><\/a><\/p><p>\u00a0<\/p>\t\t\t\t\t\t\t\t<\/div>\n\t\t\t\t<\/div>\n\t\t\t\t<div class=\"elementor-element elementor-element-e036836 elementor-align-left elementor-widget elementor-widget-button\" data-id=\"e036836\" data-element_type=\"widget\" data-e-type=\"widget\" data-widget_type=\"button.default\">\n\t\t\t\t<div class=\"elementor-widget-container\">\n\t\t\t\t\t\t\t\t\t<div class=\"elementor-button-wrapper\">\n\t\t\t\t\t<a class=\"elementor-button elementor-button-link elementor-size-sm\" href=\"https:\/\/career-jungle.de\/en\/social-initiatives\/\">\n\t\t\t\t\t\t<span class=\"elementor-button-content-wrapper\">\n\t\t\t\t\t\t\t\t\t<span class=\"elementor-button-text\">back to overview<\/span>\n\t\t\t\t\t<\/span>\n\t\t\t\t\t<\/a>\n\t\t\t\t<\/div>\n\t\t\t\t\t\t\t\t<\/div>\n\t\t\t\t<\/div>\n\t\t\t\t\t<\/div>\n\t\t<\/div>\n\t\t\t\t\t<\/div>\n\t\t<\/section>\n\t\t\t\t\t<\/div>\n\t\t<\/div>\n\t\t\t\t\t<\/div>\n\t\t<\/section>\n\t\t\t\t<section class=\"elementor-section elementor-top-section elementor-element elementor-element-084c291 elementor-section-boxed elementor-section-height-default elementor-section-height-default\" data-id=\"084c291\" data-element_type=\"section\" data-e-type=\"section\">\n\t\t\t\t\t\t<div class=\"elementor-container elementor-column-gap-default\">\n\t\t\t\t\t<div class=\"elementor-column elementor-col-100 elementor-top-column elementor-element elementor-element-87391b2\" data-id=\"87391b2\" data-element_type=\"column\" data-e-type=\"column\">\n\t\t\t<div class=\"elementor-widget-wrap elementor-element-populated\">\n\t\t\t\t\t\t<div class=\"elementor-element elementor-element-fd9fa90 elementor-widget elementor-widget-spacer\" data-id=\"fd9fa90\" data-element_type=\"widget\" data-e-type=\"widget\" data-widget_type=\"spacer.default\">\n\t\t\t\t<div class=\"elementor-widget-container\">\n\t\t\t\t\t\t\t<div class=\"elementor-spacer\">\n\t\t\t<div class=\"elementor-spacer-inner\"><\/div>\n\t\t<\/div>\n\t\t\t\t\t\t<\/div>\n\t\t\t\t<\/div>\n\t\t\t\t\t<\/div>\n\t\t<\/div>\n\t\t\t\t\t<\/div>\n\t\t<\/section>\n\t\t\t\t<\/div>","protected":false},"excerpt":{"rendered":"<p>TEACH FIRST DEUTSCHLAND In Deutschland entscheiden noch immer das Einkommen der Eltern und die Herkunft \u00fcber die Zukunft von Kindern. Jedes Jahr verlassen knapp 50.000 junge Menschen die Schule ohne Abschluss.\u00a0 Teach First Deutschland tritt daf\u00fcr an, dass alle Kinder und Jugendlichen in Deutschland gute Bildung erfahren \u2013 ganz unabh\u00e4ngig von ihren Startbedingungen. Unsere Fellows [&hellip;]<\/p>\n","protected":false},"author":3,"featured_media":0,"parent":2087,"menu_order":0,"comment_status":"closed","ping_status":"closed","template":"elementor_header_footer","meta":{"inline_featured_image":false,"footnotes":""},"class_list":["post-2335","page","type-page","status-publish","hentry"],"yoast_head":"<!-- This site is optimized with the Yoast SEO plugin v27.3 - https:\/\/yoast.com\/product\/yoast-seo-wordpress\/ -->\n<title>Teach First - Career Day<\/title>\n<meta name=\"robots\" content=\"index, follow, max-snippet:-1, max-image-preview:large, max-video-preview:-1\" \/>\n<link rel=\"canonical\" href=\"https:\/\/career-jungle.de\/en\/social-initiatives\/teach-first\/\" \/>\n<meta property=\"og:locale\" content=\"en_US\" \/>\n<meta property=\"og:type\" content=\"article\" \/>\n<meta property=\"og:title\" content=\"Teach First - Career Day\" \/>\n<meta property=\"og:description\" content=\"TEACH FIRST DEUTSCHLAND In Deutschland entscheiden noch immer das Einkommen der Eltern und die Herkunft \u00fcber die Zukunft von Kindern. Jedes Jahr verlassen knapp 50.000 junge Menschen die Schule ohne Abschluss.\u00a0 Teach First Deutschland tritt daf\u00fcr an, dass alle Kinder und Jugendlichen in Deutschland gute Bildung erfahren \u2013 ganz unabh\u00e4ngig von ihren Startbedingungen. Unsere Fellows [&hellip;]\" \/>\n<meta property=\"og:url\" content=\"https:\/\/career-jungle.de\/en\/social-initiatives\/teach-first\/\" \/>\n<meta property=\"og:site_name\" content=\"Career Day\" \/>\n<meta property=\"article:modified_time\" content=\"2023-05-08T14:43:17+00:00\" \/>\n<meta property=\"og:image\" content=\"https:\/\/career-jungle.de\/wp-content\/uploads\/2023\/05\/Teach-first.png\" \/>\n<meta name=\"twitter:card\" content=\"summary_large_image\" \/>\n<meta name=\"twitter:label1\" content=\"Est. reading time\" \/>\n\t<meta name=\"twitter:data1\" content=\"1 minute\" \/>\n<script type=\"application\/ld+json\" class=\"yoast-schema-graph\">{\"@context\":\"https:\\\/\\\/schema.org\",\"@graph\":[{\"@type\":\"WebPage\",\"@id\":\"https:\\\/\\\/career-jungle.de\\\/soziale-initiativen\\\/teach-first\\\/\",\"url\":\"https:\\\/\\\/career-jungle.de\\\/soziale-initiativen\\\/teach-first\\\/\",\"name\":\"Teach First - Career Day\",\"isPartOf\":{\"@id\":\"https:\\\/\\\/career-jungle.de\\\/#website\"},\"primaryImageOfPage\":{\"@id\":\"https:\\\/\\\/career-jungle.de\\\/soziale-initiativen\\\/teach-first\\\/#primaryimage\"},\"image\":{\"@id\":\"https:\\\/\\\/career-jungle.de\\\/soziale-initiativen\\\/teach-first\\\/#primaryimage\"},\"thumbnailUrl\":\"https:\\\/\\\/career-jungle.de\\\/wp-content\\\/uploads\\\/2023\\\/05\\\/Teach-first.png\",\"datePublished\":\"2023-05-08T11:52:09+00:00\",\"dateModified\":\"2023-05-08T14:43:17+00:00\",\"breadcrumb\":{\"@id\":\"https:\\\/\\\/career-jungle.de\\\/soziale-initiativen\\\/teach-first\\\/#breadcrumb\"},\"inLanguage\":\"en-US\",\"potentialAction\":[{\"@type\":\"ReadAction\",\"target\":[\"https:\\\/\\\/career-jungle.de\\\/soziale-initiativen\\\/teach-first\\\/\"]}]},{\"@type\":\"ImageObject\",\"inLanguage\":\"en-US\",\"@id\":\"https:\\\/\\\/career-jungle.de\\\/soziale-initiativen\\\/teach-first\\\/#primaryimage\",\"url\":\"https:\\\/\\\/career-jungle.de\\\/wp-content\\\/uploads\\\/2023\\\/05\\\/Teach-first.png\",\"contentUrl\":\"https:\\\/\\\/career-jungle.de\\\/wp-content\\\/uploads\\\/2023\\\/05\\\/Teach-first.png\"},{\"@type\":\"BreadcrumbList\",\"@id\":\"https:\\\/\\\/career-jungle.de\\\/soziale-initiativen\\\/teach-first\\\/#breadcrumb\",\"itemListElement\":[{\"@type\":\"ListItem\",\"position\":1,\"name\":\"Startseite\",\"item\":\"https:\\\/\\\/career-jungle.de\\\/\"},{\"@type\":\"ListItem\",\"position\":2,\"name\":\"Soziale Initiativen &#8211; R\u00fcckblick\",\"item\":\"https:\\\/\\\/career-jungle.de\\\/soziale-initiativen\\\/\"},{\"@type\":\"ListItem\",\"position\":3,\"name\":\"Teach First\"}]},{\"@type\":\"WebSite\",\"@id\":\"https:\\\/\\\/career-jungle.de\\\/#website\",\"url\":\"https:\\\/\\\/career-jungle.de\\\/\",\"name\":\"Career Day\",\"description\":\"Welcome to the jungle\",\"publisher\":{\"@id\":\"https:\\\/\\\/career-jungle.de\\\/#organization\"},\"potentialAction\":[{\"@type\":\"SearchAction\",\"target\":{\"@type\":\"EntryPoint\",\"urlTemplate\":\"https:\\\/\\\/career-jungle.de\\\/?s={search_term_string}\"},\"query-input\":{\"@type\":\"PropertyValueSpecification\",\"valueRequired\":true,\"valueName\":\"search_term_string\"}}],\"inLanguage\":\"en-US\"},{\"@type\":\"Organization\",\"@id\":\"https:\\\/\\\/career-jungle.de\\\/#organization\",\"name\":\"Career Day\",\"url\":\"https:\\\/\\\/career-jungle.de\\\/\",\"logo\":{\"@type\":\"ImageObject\",\"inLanguage\":\"en-US\",\"@id\":\"https:\\\/\\\/career-jungle.de\\\/#\\\/schema\\\/logo\\\/image\\\/\",\"url\":\"https:\\\/\\\/career-jungle.de\\\/wp-content\\\/uploads\\\/2023\\\/04\\\/2026_CareerDayLogo_Pfad_Kontur_blau.png\",\"contentUrl\":\"https:\\\/\\\/career-jungle.de\\\/wp-content\\\/uploads\\\/2023\\\/04\\\/2026_CareerDayLogo_Pfad_Kontur_blau.png\",\"width\":872,\"height\":272,\"caption\":\"Career Day\"},\"image\":{\"@id\":\"https:\\\/\\\/career-jungle.de\\\/#\\\/schema\\\/logo\\\/image\\\/\"}}]}<\/script>\n<!-- \/ Yoast SEO plugin. -->","yoast_head_json":{"title":"Teach First - Career Day","robots":{"index":"index","follow":"follow","max-snippet":"max-snippet:-1","max-image-preview":"max-image-preview:large","max-video-preview":"max-video-preview:-1"},"canonical":"https:\/\/career-jungle.de\/en\/social-initiatives\/teach-first\/","og_locale":"en_US","og_type":"article","og_title":"Teach First - Career Day","og_description":"TEACH FIRST DEUTSCHLAND In Deutschland entscheiden noch immer das Einkommen der Eltern und die Herkunft \u00fcber die Zukunft von Kindern. Jedes Jahr verlassen knapp 50.000 junge Menschen die Schule ohne Abschluss.\u00a0 Teach First Deutschland tritt daf\u00fcr an, dass alle Kinder und Jugendlichen in Deutschland gute Bildung erfahren \u2013 ganz unabh\u00e4ngig von ihren Startbedingungen. Unsere Fellows [&hellip;]","og_url":"https:\/\/career-jungle.de\/en\/social-initiatives\/teach-first\/","og_site_name":"Career Day","article_modified_time":"2023-05-08T14:43:17+00:00","og_image":[{"url":"https:\/\/career-jungle.de\/wp-content\/uploads\/2023\/05\/Teach-first.png","type":"","width":"","height":""}],"twitter_card":"summary_large_image","twitter_misc":{"Est. reading time":"1 minute"},"schema":{"@context":"https:\/\/schema.org","@graph":[{"@type":"WebPage","@id":"https:\/\/career-jungle.de\/soziale-initiativen\/teach-first\/","url":"https:\/\/career-jungle.de\/soziale-initiativen\/teach-first\/","name":"Teach First - Career Day","isPartOf":{"@id":"https:\/\/career-jungle.de\/#website"},"primaryImageOfPage":{"@id":"https:\/\/career-jungle.de\/soziale-initiativen\/teach-first\/#primaryimage"},"image":{"@id":"https:\/\/career-jungle.de\/soziale-initiativen\/teach-first\/#primaryimage"},"thumbnailUrl":"https:\/\/career-jungle.de\/wp-content\/uploads\/2023\/05\/Teach-first.png","datePublished":"2023-05-08T11:52:09+00:00","dateModified":"2023-05-08T14:43:17+00:00","breadcrumb":{"@id":"https:\/\/career-jungle.de\/soziale-initiativen\/teach-first\/#breadcrumb"},"inLanguage":"en-US","potentialAction":[{"@type":"ReadAction","target":["https:\/\/career-jungle.de\/soziale-initiativen\/teach-first\/"]}]},{"@type":"ImageObject","inLanguage":"en-US","@id":"https:\/\/career-jungle.de\/soziale-initiativen\/teach-first\/#primaryimage","url":"https:\/\/career-jungle.de\/wp-content\/uploads\/2023\/05\/Teach-first.png","contentUrl":"https:\/\/career-jungle.de\/wp-content\/uploads\/2023\/05\/Teach-first.png"},{"@type":"BreadcrumbList","@id":"https:\/\/career-jungle.de\/soziale-initiativen\/teach-first\/#breadcrumb","itemListElement":[{"@type":"ListItem","position":1,"name":"Startseite","item":"https:\/\/career-jungle.de\/"},{"@type":"ListItem","position":2,"name":"Soziale Initiativen &#8211; R\u00fcckblick","item":"https:\/\/career-jungle.de\/soziale-initiativen\/"},{"@type":"ListItem","position":3,"name":"Teach First"}]},{"@type":"WebSite","@id":"https:\/\/career-jungle.de\/#website","url":"https:\/\/career-jungle.de\/","name":"Career Day","description":"Welcome to the jungle","publisher":{"@id":"https:\/\/career-jungle.de\/#organization"},"potentialAction":[{"@type":"SearchAction","target":{"@type":"EntryPoint","urlTemplate":"https:\/\/career-jungle.de\/?s={search_term_string}"},"query-input":{"@type":"PropertyValueSpecification","valueRequired":true,"valueName":"search_term_string"}}],"inLanguage":"en-US"},{"@type":"Organization","@id":"https:\/\/career-jungle.de\/#organization","name":"Career Day","url":"https:\/\/career-jungle.de\/","logo":{"@type":"ImageObject","inLanguage":"en-US","@id":"https:\/\/career-jungle.de\/#\/schema\/logo\/image\/","url":"https:\/\/career-jungle.de\/wp-content\/uploads\/2023\/04\/2026_CareerDayLogo_Pfad_Kontur_blau.png","contentUrl":"https:\/\/career-jungle.de\/wp-content\/uploads\/2023\/04\/2026_CareerDayLogo_Pfad_Kontur_blau.png","width":872,"height":272,"caption":"Career Day"},"image":{"@id":"https:\/\/career-jungle.de\/#\/schema\/logo\/image\/"}}]}},"_links":{"self":[{"href":"https:\/\/career-jungle.de\/en\/wp-json\/wp\/v2\/pages\/2335","targetHints":{"allow":["GET"]}}],"collection":[{"href":"https:\/\/career-jungle.de\/en\/wp-json\/wp\/v2\/pages"}],"about":[{"href":"https:\/\/career-jungle.de\/en\/wp-json\/wp\/v2\/types\/page"}],"author":[{"embeddable":true,"href":"https:\/\/career-jungle.de\/en\/wp-json\/wp\/v2\/users\/3"}],"replies":[{"embeddable":true,"href":"https:\/\/career-jungle.de\/en\/wp-json\/wp\/v2\/comments?post=2335"}],"version-history":[{"count":5,"href":"https:\/\/career-jungle.de\/en\/wp-json\/wp\/v2\/pages\/2335\/revisions"}],"predecessor-version":[{"id":2352,"href":"https:\/\/career-jungle.de\/en\/wp-json\/wp\/v2\/pages\/2335\/revisions\/2352"}],"up":[{"embeddable":true,"href":"https:\/\/career-jungle.de\/en\/wp-json\/wp\/v2\/pages\/2087"}],"wp:attachment":[{"href":"https:\/\/career-jungle.de\/en\/wp-json\/wp\/v2\/media?parent=2335"}],"curies":[{"name":"WordPress","href":"https:\/\/api.w.org\/{rel}","templated":true}]}}