{"id":2334,"date":"2023-05-08T11:39:15","date_gmt":"2023-05-08T11:39:15","guid":{"rendered":"https:\/\/career-jungle.de\/?page_id=2334"},"modified":"2023-05-08T11:46:27","modified_gmt":"2023-05-08T11:46:27","slug":"startup-center","status":"publish","type":"page","link":"https:\/\/career-jungle.de\/en\/soziale-initiativen\/startup-center\/","title":{"rendered":"Startup Center"},"content":{"rendered":"<div data-elementor-type=\"wp-page\" data-elementor-id=\"2334\" class=\"elementor elementor-2334\" data-elementor-post-type=\"page\">\n\t\t\t\t\t\t<section class=\"elementor-section elementor-top-section elementor-element elementor-element-66cec6a elementor-section-boxed elementor-section-height-default elementor-section-height-default\" data-id=\"66cec6a\" data-element_type=\"section\" data-e-type=\"section\">\n\t\t\t\t\t\t<div class=\"elementor-container elementor-column-gap-default\">\n\t\t\t\t\t<div class=\"elementor-column elementor-col-100 elementor-top-column elementor-element elementor-element-704c716\" data-id=\"704c716\" data-element_type=\"column\" data-e-type=\"column\">\n\t\t\t<div class=\"elementor-widget-wrap elementor-element-populated\">\n\t\t\t\t\t\t<div class=\"elementor-element elementor-element-a515fa9 elementor-widget elementor-widget-spacer\" data-id=\"a515fa9\" data-element_type=\"widget\" data-e-type=\"widget\" data-widget_type=\"spacer.default\">\n\t\t\t\t<div class=\"elementor-widget-container\">\n\t\t\t\t\t\t\t<div class=\"elementor-spacer\">\n\t\t\t<div class=\"elementor-spacer-inner\"><\/div>\n\t\t<\/div>\n\t\t\t\t\t\t<\/div>\n\t\t\t\t<\/div>\n\t\t\t\t\t<\/div>\n\t\t<\/div>\n\t\t\t\t\t<\/div>\n\t\t<\/section>\n\t\t\t\t<section class=\"elementor-section elementor-top-section elementor-element elementor-element-394876d elementor-section-boxed elementor-section-height-default elementor-section-height-default\" data-id=\"394876d\" data-element_type=\"section\" data-e-type=\"section\">\n\t\t\t\t\t\t<div class=\"elementor-container elementor-column-gap-default\">\n\t\t\t\t\t<div class=\"elementor-column elementor-col-100 elementor-top-column elementor-element elementor-element-23c5d5c\" data-id=\"23c5d5c\" data-element_type=\"column\" data-e-type=\"column\">\n\t\t\t<div class=\"elementor-widget-wrap elementor-element-populated\">\n\t\t\t\t\t\t<section class=\"elementor-section elementor-inner-section elementor-element elementor-element-b6c2bde elementor-section-boxed elementor-section-height-default elementor-section-height-default\" data-id=\"b6c2bde\" data-element_type=\"section\" data-e-type=\"section\">\n\t\t\t\t\t\t<div class=\"elementor-container elementor-column-gap-default\">\n\t\t\t\t\t<div class=\"elementor-column elementor-col-50 elementor-inner-column elementor-element elementor-element-fd77145\" data-id=\"fd77145\" data-element_type=\"column\" data-e-type=\"column\">\n\t\t\t<div class=\"elementor-widget-wrap elementor-element-populated\">\n\t\t\t\t\t\t<div class=\"elementor-element elementor-element-24774a5 elementor-widget elementor-widget-image\" data-id=\"24774a5\" data-element_type=\"widget\" data-e-type=\"widget\" data-widget_type=\"image.default\">\n\t\t\t\t<div class=\"elementor-widget-container\">\n\t\t\t\t\t\t\t\t\t\t\t\t\t\t\t\t<a href=\"http:\/\/uni-tuebingen.de\/gruenden\" target=\"_blank\">\n\t\t\t\t\t\t\t<img fetchpriority=\"high\" decoding=\"async\" width=\"533\" height=\"170\" src=\"https:\/\/career-jungle.de\/wp-content\/uploads\/2023\/05\/UNI-Tuebingen-e1683901325974.png\" class=\"attachment-large size-large wp-image-2149\" alt=\"\" srcset=\"https:\/\/career-jungle.de\/wp-content\/uploads\/2023\/05\/UNI-Tuebingen-e1683901325974.png 533w, https:\/\/career-jungle.de\/wp-content\/uploads\/2023\/05\/UNI-Tuebingen-e1683901325974-300x96.png 300w\" sizes=\"(max-width: 533px) 100vw, 533px\" \/>\t\t\t\t\t\t\t\t<\/a>\n\t\t\t\t\t\t\t\t\t\t\t\t\t\t\t<\/div>\n\t\t\t\t<\/div>\n\t\t\t\t\t<\/div>\n\t\t<\/div>\n\t\t\t\t<div class=\"elementor-column elementor-col-50 elementor-inner-column elementor-element elementor-element-8ec35fb\" data-id=\"8ec35fb\" data-element_type=\"column\" data-e-type=\"column\">\n\t\t\t<div class=\"elementor-widget-wrap elementor-element-populated\">\n\t\t\t\t\t\t<div class=\"elementor-element elementor-element-4492881 elementor-widget elementor-widget-text-editor\" data-id=\"4492881\" data-element_type=\"widget\" data-e-type=\"widget\" data-widget_type=\"text-editor.default\">\n\t\t\t\t<div class=\"elementor-widget-container\">\n\t\t\t\t\t\t\t\t\t<p><strong>STARTUP CENTER<\/strong><\/p><p>Gr\u00fcndung aus der Wissenschaft<\/p><p>Das Startup Center unterst\u00fctzt Forschende, Studierende sowie Mitarbeiterinnen und Mitarbeiter der Universit\u00e4t T\u00fcbingen, ihre innovativen Ideen und Projekte aus Wissenschaft und Forschung in die Anwendung zu bringen.<\/p><p>Das Angebot adressiert alle Phasen eines Startups: Ideenfindung, Konzeption und Validierung eines Gesch\u00e4ftsmodells, Prototypentwicklung, Gr\u00fcndung und erste Finanzierungsrunde.<\/p><p>Hierzu bietet das Startup Center kostenlose Beratung und Coachings, zahlreiche Workshops und Events, ein Innovationslabor und R\u00e4umlichkeiten f\u00fcr Coworking sowie ein gro\u00dfes Netzwerk an Partnern.<\/p><p>\u00a0<\/p><p><strong>MORE INFO:<\/strong> <br \/><a href=\"http:\/\/uni-tuebingen.de\/gruenden\" target=\"_blank\" rel=\"noopener\">uni-tuebingen.de\/gruenden\u00a0<\/a><\/p><p>\u00a0<\/p>\t\t\t\t\t\t\t\t<\/div>\n\t\t\t\t<\/div>\n\t\t\t\t<div class=\"elementor-element elementor-element-e182735 elementor-align-left elementor-widget elementor-widget-button\" data-id=\"e182735\" data-element_type=\"widget\" data-e-type=\"widget\" data-widget_type=\"button.default\">\n\t\t\t\t<div class=\"elementor-widget-container\">\n\t\t\t\t\t\t\t\t\t<div class=\"elementor-button-wrapper\">\n\t\t\t\t\t<a class=\"elementor-button elementor-button-link elementor-size-sm\" href=\"https:\/\/career-jungle.de\/en\/social-initiatives\/\">\n\t\t\t\t\t\t<span class=\"elementor-button-content-wrapper\">\n\t\t\t\t\t\t\t\t\t<span class=\"elementor-button-text\">back to overview<\/span>\n\t\t\t\t\t<\/span>\n\t\t\t\t\t<\/a>\n\t\t\t\t<\/div>\n\t\t\t\t\t\t\t\t<\/div>\n\t\t\t\t<\/div>\n\t\t\t\t\t<\/div>\n\t\t<\/div>\n\t\t\t\t\t<\/div>\n\t\t<\/section>\n\t\t\t\t\t<\/div>\n\t\t<\/div>\n\t\t\t\t\t<\/div>\n\t\t<\/section>\n\t\t\t\t<section class=\"elementor-section elementor-top-section elementor-element elementor-element-ead3e09 elementor-section-boxed elementor-section-height-default elementor-section-height-default\" data-id=\"ead3e09\" data-element_type=\"section\" data-e-type=\"section\">\n\t\t\t\t\t\t<div class=\"elementor-container elementor-column-gap-default\">\n\t\t\t\t\t<div class=\"elementor-column elementor-col-100 elementor-top-column elementor-element elementor-element-74d152c\" data-id=\"74d152c\" data-element_type=\"column\" data-e-type=\"column\">\n\t\t\t<div class=\"elementor-widget-wrap elementor-element-populated\">\n\t\t\t\t\t\t<div class=\"elementor-element elementor-element-ccbea20 elementor-widget elementor-widget-spacer\" data-id=\"ccbea20\" data-element_type=\"widget\" data-e-type=\"widget\" data-widget_type=\"spacer.default\">\n\t\t\t\t<div class=\"elementor-widget-container\">\n\t\t\t\t\t\t\t<div class=\"elementor-spacer\">\n\t\t\t<div class=\"elementor-spacer-inner\"><\/div>\n\t\t<\/div>\n\t\t\t\t\t\t<\/div>\n\t\t\t\t<\/div>\n\t\t\t\t\t<\/div>\n\t\t<\/div>\n\t\t\t\t\t<\/div>\n\t\t<\/section>\n\t\t\t\t<\/div>","protected":false},"excerpt":{"rendered":"<p>STARTUP CENTER Gr\u00fcndung aus der Wissenschaft Das Startup Center unterst\u00fctzt Forschende, Studierende sowie Mitarbeiterinnen und Mitarbeiter der Universit\u00e4t T\u00fcbingen, ihre innovativen Ideen und Projekte aus Wissenschaft und Forschung in die Anwendung zu bringen. Das Angebot adressiert alle Phasen eines Startups: Ideenfindung, Konzeption und Validierung eines Gesch\u00e4ftsmodells, Prototypentwicklung, Gr\u00fcndung und erste Finanzierungsrunde. Hierzu bietet das Startup [&hellip;]<\/p>\n","protected":false},"author":1,"featured_media":0,"parent":2087,"menu_order":0,"comment_status":"closed","ping_status":"closed","template":"elementor_header_footer","meta":{"inline_featured_image":false,"footnotes":""},"class_list":["post-2334","page","type-page","status-publish","hentry"],"yoast_head":"<!-- This site is optimized with the Yoast SEO plugin v27.3 - https:\/\/yoast.com\/product\/yoast-seo-wordpress\/ -->\n<title>Startup Center - Career Day<\/title>\n<meta name=\"robots\" content=\"index, follow, max-snippet:-1, max-image-preview:large, max-video-preview:-1\" \/>\n<link rel=\"canonical\" href=\"https:\/\/career-jungle.de\/en\/social-initiatives\/startup-center\/\" \/>\n<meta property=\"og:locale\" content=\"en_US\" \/>\n<meta property=\"og:type\" content=\"article\" \/>\n<meta property=\"og:title\" content=\"Startup Center - Career Day\" \/>\n<meta property=\"og:description\" content=\"STARTUP CENTER Gr\u00fcndung aus der Wissenschaft Das Startup Center unterst\u00fctzt Forschende, Studierende sowie Mitarbeiterinnen und Mitarbeiter der Universit\u00e4t T\u00fcbingen, ihre innovativen Ideen und Projekte aus Wissenschaft und Forschung in die Anwendung zu bringen. Das Angebot adressiert alle Phasen eines Startups: Ideenfindung, Konzeption und Validierung eines Gesch\u00e4ftsmodells, Prototypentwicklung, Gr\u00fcndung und erste Finanzierungsrunde. Hierzu bietet das Startup [&hellip;]\" \/>\n<meta property=\"og:url\" content=\"https:\/\/career-jungle.de\/en\/social-initiatives\/startup-center\/\" \/>\n<meta property=\"og:site_name\" content=\"Career Day\" \/>\n<meta property=\"article:modified_time\" content=\"2023-05-08T11:46:27+00:00\" \/>\n<meta property=\"og:image\" content=\"https:\/\/career-jungle.de\/wp-content\/uploads\/2023\/05\/UNI-Tuebingen.png\" \/>\n<meta name=\"twitter:card\" content=\"summary_large_image\" \/>\n<script type=\"application\/ld+json\" class=\"yoast-schema-graph\">{\"@context\":\"https:\\\/\\\/schema.org\",\"@graph\":[{\"@type\":\"WebPage\",\"@id\":\"https:\\\/\\\/career-jungle.de\\\/soziale-initiativen\\\/startup-center\\\/\",\"url\":\"https:\\\/\\\/career-jungle.de\\\/soziale-initiativen\\\/startup-center\\\/\",\"name\":\"Startup Center - Career Day\",\"isPartOf\":{\"@id\":\"https:\\\/\\\/career-jungle.de\\\/#website\"},\"primaryImageOfPage\":{\"@id\":\"https:\\\/\\\/career-jungle.de\\\/soziale-initiativen\\\/startup-center\\\/#primaryimage\"},\"image\":{\"@id\":\"https:\\\/\\\/career-jungle.de\\\/soziale-initiativen\\\/startup-center\\\/#primaryimage\"},\"thumbnailUrl\":\"https:\\\/\\\/career-jungle.de\\\/wp-content\\\/uploads\\\/2023\\\/05\\\/UNI-Tuebingen.png\",\"datePublished\":\"2023-05-08T11:39:15+00:00\",\"dateModified\":\"2023-05-08T11:46:27+00:00\",\"breadcrumb\":{\"@id\":\"https:\\\/\\\/career-jungle.de\\\/soziale-initiativen\\\/startup-center\\\/#breadcrumb\"},\"inLanguage\":\"en-US\",\"potentialAction\":[{\"@type\":\"ReadAction\",\"target\":[\"https:\\\/\\\/career-jungle.de\\\/soziale-initiativen\\\/startup-center\\\/\"]}]},{\"@type\":\"ImageObject\",\"inLanguage\":\"en-US\",\"@id\":\"https:\\\/\\\/career-jungle.de\\\/soziale-initiativen\\\/startup-center\\\/#primaryimage\",\"url\":\"https:\\\/\\\/career-jungle.de\\\/wp-content\\\/uploads\\\/2023\\\/05\\\/UNI-Tuebingen.png\",\"contentUrl\":\"https:\\\/\\\/career-jungle.de\\\/wp-content\\\/uploads\\\/2023\\\/05\\\/UNI-Tuebingen.png\"},{\"@type\":\"BreadcrumbList\",\"@id\":\"https:\\\/\\\/career-jungle.de\\\/soziale-initiativen\\\/startup-center\\\/#breadcrumb\",\"itemListElement\":[{\"@type\":\"ListItem\",\"position\":1,\"name\":\"Startseite\",\"item\":\"https:\\\/\\\/career-jungle.de\\\/\"},{\"@type\":\"ListItem\",\"position\":2,\"name\":\"Soziale Initiativen &#8211; R\u00fcckblick\",\"item\":\"https:\\\/\\\/career-jungle.de\\\/soziale-initiativen\\\/\"},{\"@type\":\"ListItem\",\"position\":3,\"name\":\"Startup Center\"}]},{\"@type\":\"WebSite\",\"@id\":\"https:\\\/\\\/career-jungle.de\\\/#website\",\"url\":\"https:\\\/\\\/career-jungle.de\\\/\",\"name\":\"Career Day\",\"description\":\"Welcome to the jungle\",\"publisher\":{\"@id\":\"https:\\\/\\\/career-jungle.de\\\/#organization\"},\"potentialAction\":[{\"@type\":\"SearchAction\",\"target\":{\"@type\":\"EntryPoint\",\"urlTemplate\":\"https:\\\/\\\/career-jungle.de\\\/?s={search_term_string}\"},\"query-input\":{\"@type\":\"PropertyValueSpecification\",\"valueRequired\":true,\"valueName\":\"search_term_string\"}}],\"inLanguage\":\"en-US\"},{\"@type\":\"Organization\",\"@id\":\"https:\\\/\\\/career-jungle.de\\\/#organization\",\"name\":\"Career Day\",\"url\":\"https:\\\/\\\/career-jungle.de\\\/\",\"logo\":{\"@type\":\"ImageObject\",\"inLanguage\":\"en-US\",\"@id\":\"https:\\\/\\\/career-jungle.de\\\/#\\\/schema\\\/logo\\\/image\\\/\",\"url\":\"https:\\\/\\\/career-jungle.de\\\/wp-content\\\/uploads\\\/2023\\\/04\\\/2026_CareerDayLogo_Pfad_Kontur_blau.png\",\"contentUrl\":\"https:\\\/\\\/career-jungle.de\\\/wp-content\\\/uploads\\\/2023\\\/04\\\/2026_CareerDayLogo_Pfad_Kontur_blau.png\",\"width\":872,\"height\":272,\"caption\":\"Career Day\"},\"image\":{\"@id\":\"https:\\\/\\\/career-jungle.de\\\/#\\\/schema\\\/logo\\\/image\\\/\"}}]}<\/script>\n<!-- \/ Yoast SEO plugin. -->","yoast_head_json":{"title":"Startup Center - Career Day","robots":{"index":"index","follow":"follow","max-snippet":"max-snippet:-1","max-image-preview":"max-image-preview:large","max-video-preview":"max-video-preview:-1"},"canonical":"https:\/\/career-jungle.de\/en\/social-initiatives\/startup-center\/","og_locale":"en_US","og_type":"article","og_title":"Startup Center - Career Day","og_description":"STARTUP CENTER Gr\u00fcndung aus der Wissenschaft Das Startup Center unterst\u00fctzt Forschende, Studierende sowie Mitarbeiterinnen und Mitarbeiter der Universit\u00e4t T\u00fcbingen, ihre innovativen Ideen und Projekte aus Wissenschaft und Forschung in die Anwendung zu bringen. Das Angebot adressiert alle Phasen eines Startups: Ideenfindung, Konzeption und Validierung eines Gesch\u00e4ftsmodells, Prototypentwicklung, Gr\u00fcndung und erste Finanzierungsrunde. Hierzu bietet das Startup [&hellip;]","og_url":"https:\/\/career-jungle.de\/en\/social-initiatives\/startup-center\/","og_site_name":"Career Day","article_modified_time":"2023-05-08T11:46:27+00:00","og_image":[{"url":"https:\/\/career-jungle.de\/wp-content\/uploads\/2023\/05\/UNI-Tuebingen.png","type":"","width":"","height":""}],"twitter_card":"summary_large_image","schema":{"@context":"https:\/\/schema.org","@graph":[{"@type":"WebPage","@id":"https:\/\/career-jungle.de\/soziale-initiativen\/startup-center\/","url":"https:\/\/career-jungle.de\/soziale-initiativen\/startup-center\/","name":"Startup Center - Career Day","isPartOf":{"@id":"https:\/\/career-jungle.de\/#website"},"primaryImageOfPage":{"@id":"https:\/\/career-jungle.de\/soziale-initiativen\/startup-center\/#primaryimage"},"image":{"@id":"https:\/\/career-jungle.de\/soziale-initiativen\/startup-center\/#primaryimage"},"thumbnailUrl":"https:\/\/career-jungle.de\/wp-content\/uploads\/2023\/05\/UNI-Tuebingen.png","datePublished":"2023-05-08T11:39:15+00:00","dateModified":"2023-05-08T11:46:27+00:00","breadcrumb":{"@id":"https:\/\/career-jungle.de\/soziale-initiativen\/startup-center\/#breadcrumb"},"inLanguage":"en-US","potentialAction":[{"@type":"ReadAction","target":["https:\/\/career-jungle.de\/soziale-initiativen\/startup-center\/"]}]},{"@type":"ImageObject","inLanguage":"en-US","@id":"https:\/\/career-jungle.de\/soziale-initiativen\/startup-center\/#primaryimage","url":"https:\/\/career-jungle.de\/wp-content\/uploads\/2023\/05\/UNI-Tuebingen.png","contentUrl":"https:\/\/career-jungle.de\/wp-content\/uploads\/2023\/05\/UNI-Tuebingen.png"},{"@type":"BreadcrumbList","@id":"https:\/\/career-jungle.de\/soziale-initiativen\/startup-center\/#breadcrumb","itemListElement":[{"@type":"ListItem","position":1,"name":"Startseite","item":"https:\/\/career-jungle.de\/"},{"@type":"ListItem","position":2,"name":"Soziale Initiativen &#8211; R\u00fcckblick","item":"https:\/\/career-jungle.de\/soziale-initiativen\/"},{"@type":"ListItem","position":3,"name":"Startup Center"}]},{"@type":"WebSite","@id":"https:\/\/career-jungle.de\/#website","url":"https:\/\/career-jungle.de\/","name":"Career Day","description":"Welcome to the jungle","publisher":{"@id":"https:\/\/career-jungle.de\/#organization"},"potentialAction":[{"@type":"SearchAction","target":{"@type":"EntryPoint","urlTemplate":"https:\/\/career-jungle.de\/?s={search_term_string}"},"query-input":{"@type":"PropertyValueSpecification","valueRequired":true,"valueName":"search_term_string"}}],"inLanguage":"en-US"},{"@type":"Organization","@id":"https:\/\/career-jungle.de\/#organization","name":"Career Day","url":"https:\/\/career-jungle.de\/","logo":{"@type":"ImageObject","inLanguage":"en-US","@id":"https:\/\/career-jungle.de\/#\/schema\/logo\/image\/","url":"https:\/\/career-jungle.de\/wp-content\/uploads\/2023\/04\/2026_CareerDayLogo_Pfad_Kontur_blau.png","contentUrl":"https:\/\/career-jungle.de\/wp-content\/uploads\/2023\/04\/2026_CareerDayLogo_Pfad_Kontur_blau.png","width":872,"height":272,"caption":"Career Day"},"image":{"@id":"https:\/\/career-jungle.de\/#\/schema\/logo\/image\/"}}]}},"_links":{"self":[{"href":"https:\/\/career-jungle.de\/en\/wp-json\/wp\/v2\/pages\/2334","targetHints":{"allow":["GET"]}}],"collection":[{"href":"https:\/\/career-jungle.de\/en\/wp-json\/wp\/v2\/pages"}],"about":[{"href":"https:\/\/career-jungle.de\/en\/wp-json\/wp\/v2\/types\/page"}],"author":[{"embeddable":true,"href":"https:\/\/career-jungle.de\/en\/wp-json\/wp\/v2\/users\/1"}],"replies":[{"embeddable":true,"href":"https:\/\/career-jungle.de\/en\/wp-json\/wp\/v2\/comments?post=2334"}],"version-history":[{"count":5,"href":"https:\/\/career-jungle.de\/en\/wp-json\/wp\/v2\/pages\/2334\/revisions"}],"predecessor-version":[{"id":2343,"href":"https:\/\/career-jungle.de\/en\/wp-json\/wp\/v2\/pages\/2334\/revisions\/2343"}],"up":[{"embeddable":true,"href":"https:\/\/career-jungle.de\/en\/wp-json\/wp\/v2\/pages\/2087"}],"wp:attachment":[{"href":"https:\/\/career-jungle.de\/en\/wp-json\/wp\/v2\/media?parent=2334"}],"curies":[{"name":"WordPress","href":"https:\/\/api.w.org\/{rel}","templated":true}]}}