{"id":2154,"date":"2023-05-07T19:10:50","date_gmt":"2023-05-07T19:10:50","guid":{"rendered":"https:\/\/career-jungle.de\/?page_id=2154"},"modified":"2023-05-07T19:22:56","modified_gmt":"2023-05-07T19:22:56","slug":"bgbw","status":"publish","type":"page","link":"https:\/\/career-jungle.de\/en\/soziale-initiativen\/bgbw\/","title":{"rendered":"BGBW"},"content":{"rendered":"<div data-elementor-type=\"wp-page\" data-elementor-id=\"2154\" class=\"elementor elementor-2154\" data-elementor-post-type=\"page\">\n\t\t\t\t\t\t<section class=\"elementor-section elementor-top-section elementor-element elementor-element-a1a506e elementor-section-boxed elementor-section-height-default elementor-section-height-default\" data-id=\"a1a506e\" data-element_type=\"section\" data-e-type=\"section\">\n\t\t\t\t\t\t<div class=\"elementor-container elementor-column-gap-default\">\n\t\t\t\t\t<div class=\"elementor-column elementor-col-100 elementor-top-column elementor-element elementor-element-aaf15cb\" data-id=\"aaf15cb\" data-element_type=\"column\" data-e-type=\"column\">\n\t\t\t<div class=\"elementor-widget-wrap elementor-element-populated\">\n\t\t\t\t\t\t<div class=\"elementor-element elementor-element-4c8b925 elementor-widget elementor-widget-spacer\" data-id=\"4c8b925\" data-element_type=\"widget\" data-e-type=\"widget\" data-widget_type=\"spacer.default\">\n\t\t\t\t<div class=\"elementor-widget-container\">\n\t\t\t\t\t\t\t<div class=\"elementor-spacer\">\n\t\t\t<div class=\"elementor-spacer-inner\"><\/div>\n\t\t<\/div>\n\t\t\t\t\t\t<\/div>\n\t\t\t\t<\/div>\n\t\t\t\t\t<\/div>\n\t\t<\/div>\n\t\t\t\t\t<\/div>\n\t\t<\/section>\n\t\t\t\t<section class=\"elementor-section elementor-top-section elementor-element elementor-element-bc56e41 elementor-section-boxed elementor-section-height-default elementor-section-height-default\" data-id=\"bc56e41\" data-element_type=\"section\" data-e-type=\"section\">\n\t\t\t\t\t\t<div class=\"elementor-container elementor-column-gap-default\">\n\t\t\t\t\t<div class=\"elementor-column elementor-col-100 elementor-top-column elementor-element elementor-element-fe7fc93\" data-id=\"fe7fc93\" data-element_type=\"column\" data-e-type=\"column\">\n\t\t\t<div class=\"elementor-widget-wrap elementor-element-populated\">\n\t\t\t\t\t\t<section class=\"elementor-section elementor-inner-section elementor-element elementor-element-a19e724 elementor-section-boxed elementor-section-height-default elementor-section-height-default\" data-id=\"a19e724\" data-element_type=\"section\" data-e-type=\"section\">\n\t\t\t\t\t\t<div class=\"elementor-container elementor-column-gap-default\">\n\t\t\t\t\t<div class=\"elementor-column elementor-col-50 elementor-inner-column elementor-element elementor-element-ce2c222\" data-id=\"ce2c222\" data-element_type=\"column\" data-e-type=\"column\">\n\t\t\t<div class=\"elementor-widget-wrap elementor-element-populated\">\n\t\t\t\t\t\t<div class=\"elementor-element elementor-element-cfcfa38 elementor-widget elementor-widget-image\" data-id=\"cfcfa38\" data-element_type=\"widget\" data-e-type=\"widget\" data-widget_type=\"image.default\">\n\t\t\t\t<div class=\"elementor-widget-container\">\n\t\t\t\t\t\t\t\t\t\t\t\t\t\t\t\t<a href=\"https:\/\/www.bgbw.landbw.de\/pb\/,Lde\/Startseite\/Aufgaben+im+Ueberblick\/Ehrenamtliche+Bewaehrungshilfe\" target=\"_blank\">\n\t\t\t\t\t\t\t<img fetchpriority=\"high\" decoding=\"async\" width=\"528\" height=\"302\" src=\"https:\/\/career-jungle.de\/wp-content\/uploads\/2023\/05\/BGBW.png\" class=\"attachment-large size-large wp-image-2156\" alt=\"\" srcset=\"https:\/\/career-jungle.de\/wp-content\/uploads\/2023\/05\/BGBW.png 528w, https:\/\/career-jungle.de\/wp-content\/uploads\/2023\/05\/BGBW-300x172.png 300w\" sizes=\"(max-width: 528px) 100vw, 528px\" \/>\t\t\t\t\t\t\t\t<\/a>\n\t\t\t\t\t\t\t\t\t\t\t\t\t\t\t<\/div>\n\t\t\t\t<\/div>\n\t\t\t\t\t<\/div>\n\t\t<\/div>\n\t\t\t\t<div class=\"elementor-column elementor-col-50 elementor-inner-column elementor-element elementor-element-96e06ff\" data-id=\"96e06ff\" data-element_type=\"column\" data-e-type=\"column\">\n\t\t\t<div class=\"elementor-widget-wrap elementor-element-populated\">\n\t\t\t\t\t\t<div class=\"elementor-element elementor-element-2442f17 elementor-widget elementor-widget-text-editor\" data-id=\"2442f17\" data-element_type=\"widget\" data-e-type=\"widget\" data-widget_type=\"text-editor.default\">\n\t\t\t\t<div class=\"elementor-widget-container\">\n\t\t\t\t\t\t\t\t\t<p><strong>BEW\u00c4HRUNGS- &amp; GERICHTSHILFE<\/strong><\/p><p><span style=\"font-weight: 400;\">Die BGBW nimmt die Aufgaben der Bew\u00e4hrungshilfe, Gerichtshilfe und des T\u00e4ter-Opfer-Ausgleichs wahr. Im Mittelpunkt unserer Arbeit steht es, R\u00fcckfallkriminalit\u00e4t durch Resozialisierung zu vermeiden. Resozialisierung kann nur gelingen, wenn sie innerhalb unseres Gemeinwesens stattfindet &#8211; helfen Sie mit &#8211; im Haupt- oder Ehrenamt!<\/span><\/p><p><span style=\"font-weight: 400;\">Sie sind mind. 21 Jahre alt, haben gen\u00fcgend Zeit, Interesse und die Zuversicht, dass jede Person sich \u00e4ndern und positiv entwickeln kann, auch wenn sie straff\u00e4llig geworden ist?<\/span><\/p><p><span style=\"font-weight: 400;\"> Dann sprechen Sie uns an!<\/span><\/p><p>\u00a0<\/p><p><strong>MORE INFO:<\/strong><br \/><a href=\"https:\/\/www.bgbw.landbw.de\/pb\/,Lde\/Startseite\/Aufgaben+im+Ueberblick\/Ehrenamtliche+Bewaehrungshilfe\" target=\"_blank\" rel=\"noopener\">here<\/a><\/p><p>\u00a0<\/p>\t\t\t\t\t\t\t\t<\/div>\n\t\t\t\t<\/div>\n\t\t\t\t<div class=\"elementor-element elementor-element-300c218 elementor-align-left elementor-widget elementor-widget-button\" data-id=\"300c218\" data-element_type=\"widget\" data-e-type=\"widget\" data-widget_type=\"button.default\">\n\t\t\t\t<div class=\"elementor-widget-container\">\n\t\t\t\t\t\t\t\t\t<div class=\"elementor-button-wrapper\">\n\t\t\t\t\t<a class=\"elementor-button elementor-button-link elementor-size-sm\" href=\"https:\/\/career-jungle.de\/en\/social-initiatives\/\">\n\t\t\t\t\t\t<span class=\"elementor-button-content-wrapper\">\n\t\t\t\t\t\t\t\t\t<span class=\"elementor-button-text\">back to overview<\/span>\n\t\t\t\t\t<\/span>\n\t\t\t\t\t<\/a>\n\t\t\t\t<\/div>\n\t\t\t\t\t\t\t\t<\/div>\n\t\t\t\t<\/div>\n\t\t\t\t\t<\/div>\n\t\t<\/div>\n\t\t\t\t\t<\/div>\n\t\t<\/section>\n\t\t\t\t\t<\/div>\n\t\t<\/div>\n\t\t\t\t\t<\/div>\n\t\t<\/section>\n\t\t\t\t<section class=\"elementor-section elementor-top-section elementor-element elementor-element-8828b27 elementor-section-boxed elementor-section-height-default elementor-section-height-default\" data-id=\"8828b27\" data-element_type=\"section\" data-e-type=\"section\">\n\t\t\t\t\t\t<div class=\"elementor-container elementor-column-gap-default\">\n\t\t\t\t\t<div class=\"elementor-column elementor-col-100 elementor-top-column elementor-element elementor-element-adb1994\" data-id=\"adb1994\" data-element_type=\"column\" data-e-type=\"column\">\n\t\t\t<div class=\"elementor-widget-wrap elementor-element-populated\">\n\t\t\t\t\t\t<div class=\"elementor-element elementor-element-9685593 elementor-widget elementor-widget-spacer\" data-id=\"9685593\" data-element_type=\"widget\" data-e-type=\"widget\" data-widget_type=\"spacer.default\">\n\t\t\t\t<div class=\"elementor-widget-container\">\n\t\t\t\t\t\t\t<div class=\"elementor-spacer\">\n\t\t\t<div class=\"elementor-spacer-inner\"><\/div>\n\t\t<\/div>\n\t\t\t\t\t\t<\/div>\n\t\t\t\t<\/div>\n\t\t\t\t\t<\/div>\n\t\t<\/div>\n\t\t\t\t\t<\/div>\n\t\t<\/section>\n\t\t\t\t<\/div>","protected":false},"excerpt":{"rendered":"<p>BEW\u00c4HRUNGS- &amp; GERICHTSHILFE Die BGBW nimmt die Aufgaben der Bew\u00e4hrungshilfe, Gerichtshilfe und des T\u00e4ter-Opfer-Ausgleichs wahr. Im Mittelpunkt unserer Arbeit steht es, R\u00fcckfallkriminalit\u00e4t durch Resozialisierung zu vermeiden. Resozialisierung kann nur gelingen, wenn sie innerhalb unseres Gemeinwesens stattfindet &#8211; helfen Sie mit &#8211; im Haupt- oder Ehrenamt! Sie sind mind. 21 Jahre alt, haben gen\u00fcgend Zeit, Interesse [&hellip;]<\/p>\n","protected":false},"author":3,"featured_media":0,"parent":2087,"menu_order":0,"comment_status":"closed","ping_status":"closed","template":"elementor_header_footer","meta":{"inline_featured_image":false,"footnotes":""},"class_list":["post-2154","page","type-page","status-publish","hentry"],"yoast_head":"<!-- This site is optimized with the Yoast SEO plugin v27.3 - https:\/\/yoast.com\/product\/yoast-seo-wordpress\/ -->\n<title>BGBW - Career Day<\/title>\n<meta name=\"robots\" content=\"index, follow, max-snippet:-1, max-image-preview:large, max-video-preview:-1\" \/>\n<link rel=\"canonical\" href=\"https:\/\/career-jungle.de\/en\/social-initiatives\/bgbw\/\" \/>\n<meta property=\"og:locale\" content=\"en_US\" \/>\n<meta property=\"og:type\" content=\"article\" \/>\n<meta property=\"og:title\" content=\"BGBW - Career Day\" \/>\n<meta property=\"og:description\" content=\"BEW\u00c4HRUNGS- &amp; GERICHTSHILFE Die BGBW nimmt die Aufgaben der Bew\u00e4hrungshilfe, Gerichtshilfe und des T\u00e4ter-Opfer-Ausgleichs wahr. Im Mittelpunkt unserer Arbeit steht es, R\u00fcckfallkriminalit\u00e4t durch Resozialisierung zu vermeiden. Resozialisierung kann nur gelingen, wenn sie innerhalb unseres Gemeinwesens stattfindet &#8211; helfen Sie mit &#8211; im Haupt- oder Ehrenamt! Sie sind mind. 21 Jahre alt, haben gen\u00fcgend Zeit, Interesse [&hellip;]\" \/>\n<meta property=\"og:url\" content=\"https:\/\/career-jungle.de\/en\/social-initiatives\/bgbw\/\" \/>\n<meta property=\"og:site_name\" content=\"Career Day\" \/>\n<meta property=\"article:modified_time\" content=\"2023-05-07T19:22:56+00:00\" \/>\n<meta property=\"og:image\" content=\"https:\/\/career-jungle.de\/wp-content\/uploads\/2023\/05\/BGBW.png\" \/>\n<meta name=\"twitter:card\" content=\"summary_large_image\" \/>\n<script type=\"application\/ld+json\" class=\"yoast-schema-graph\">{\"@context\":\"https:\\\/\\\/schema.org\",\"@graph\":[{\"@type\":\"WebPage\",\"@id\":\"https:\\\/\\\/career-jungle.de\\\/soziale-initiativen\\\/bgbw\\\/\",\"url\":\"https:\\\/\\\/career-jungle.de\\\/soziale-initiativen\\\/bgbw\\\/\",\"name\":\"BGBW - Career Day\",\"isPartOf\":{\"@id\":\"https:\\\/\\\/career-jungle.de\\\/#website\"},\"primaryImageOfPage\":{\"@id\":\"https:\\\/\\\/career-jungle.de\\\/soziale-initiativen\\\/bgbw\\\/#primaryimage\"},\"image\":{\"@id\":\"https:\\\/\\\/career-jungle.de\\\/soziale-initiativen\\\/bgbw\\\/#primaryimage\"},\"thumbnailUrl\":\"https:\\\/\\\/career-jungle.de\\\/wp-content\\\/uploads\\\/2023\\\/05\\\/BGBW.png\",\"datePublished\":\"2023-05-07T19:10:50+00:00\",\"dateModified\":\"2023-05-07T19:22:56+00:00\",\"breadcrumb\":{\"@id\":\"https:\\\/\\\/career-jungle.de\\\/soziale-initiativen\\\/bgbw\\\/#breadcrumb\"},\"inLanguage\":\"en-US\",\"potentialAction\":[{\"@type\":\"ReadAction\",\"target\":[\"https:\\\/\\\/career-jungle.de\\\/soziale-initiativen\\\/bgbw\\\/\"]}]},{\"@type\":\"ImageObject\",\"inLanguage\":\"en-US\",\"@id\":\"https:\\\/\\\/career-jungle.de\\\/soziale-initiativen\\\/bgbw\\\/#primaryimage\",\"url\":\"https:\\\/\\\/career-jungle.de\\\/wp-content\\\/uploads\\\/2023\\\/05\\\/BGBW.png\",\"contentUrl\":\"https:\\\/\\\/career-jungle.de\\\/wp-content\\\/uploads\\\/2023\\\/05\\\/BGBW.png\"},{\"@type\":\"BreadcrumbList\",\"@id\":\"https:\\\/\\\/career-jungle.de\\\/soziale-initiativen\\\/bgbw\\\/#breadcrumb\",\"itemListElement\":[{\"@type\":\"ListItem\",\"position\":1,\"name\":\"Startseite\",\"item\":\"https:\\\/\\\/career-jungle.de\\\/\"},{\"@type\":\"ListItem\",\"position\":2,\"name\":\"Soziale Initiativen &#8211; R\u00fcckblick\",\"item\":\"https:\\\/\\\/career-jungle.de\\\/soziale-initiativen\\\/\"},{\"@type\":\"ListItem\",\"position\":3,\"name\":\"BGBW\"}]},{\"@type\":\"WebSite\",\"@id\":\"https:\\\/\\\/career-jungle.de\\\/#website\",\"url\":\"https:\\\/\\\/career-jungle.de\\\/\",\"name\":\"Career Day\",\"description\":\"Welcome to the jungle\",\"publisher\":{\"@id\":\"https:\\\/\\\/career-jungle.de\\\/#organization\"},\"potentialAction\":[{\"@type\":\"SearchAction\",\"target\":{\"@type\":\"EntryPoint\",\"urlTemplate\":\"https:\\\/\\\/career-jungle.de\\\/?s={search_term_string}\"},\"query-input\":{\"@type\":\"PropertyValueSpecification\",\"valueRequired\":true,\"valueName\":\"search_term_string\"}}],\"inLanguage\":\"en-US\"},{\"@type\":\"Organization\",\"@id\":\"https:\\\/\\\/career-jungle.de\\\/#organization\",\"name\":\"Career Day\",\"url\":\"https:\\\/\\\/career-jungle.de\\\/\",\"logo\":{\"@type\":\"ImageObject\",\"inLanguage\":\"en-US\",\"@id\":\"https:\\\/\\\/career-jungle.de\\\/#\\\/schema\\\/logo\\\/image\\\/\",\"url\":\"https:\\\/\\\/career-jungle.de\\\/wp-content\\\/uploads\\\/2023\\\/04\\\/2026_CareerDayLogo_Pfad_Kontur_blau.png\",\"contentUrl\":\"https:\\\/\\\/career-jungle.de\\\/wp-content\\\/uploads\\\/2023\\\/04\\\/2026_CareerDayLogo_Pfad_Kontur_blau.png\",\"width\":872,\"height\":272,\"caption\":\"Career Day\"},\"image\":{\"@id\":\"https:\\\/\\\/career-jungle.de\\\/#\\\/schema\\\/logo\\\/image\\\/\"}}]}<\/script>\n<!-- \/ Yoast SEO plugin. -->","yoast_head_json":{"title":"BGBW - Career Day","robots":{"index":"index","follow":"follow","max-snippet":"max-snippet:-1","max-image-preview":"max-image-preview:large","max-video-preview":"max-video-preview:-1"},"canonical":"https:\/\/career-jungle.de\/en\/social-initiatives\/bgbw\/","og_locale":"en_US","og_type":"article","og_title":"BGBW - Career Day","og_description":"BEW\u00c4HRUNGS- &amp; GERICHTSHILFE Die BGBW nimmt die Aufgaben der Bew\u00e4hrungshilfe, Gerichtshilfe und des T\u00e4ter-Opfer-Ausgleichs wahr. Im Mittelpunkt unserer Arbeit steht es, R\u00fcckfallkriminalit\u00e4t durch Resozialisierung zu vermeiden. Resozialisierung kann nur gelingen, wenn sie innerhalb unseres Gemeinwesens stattfindet &#8211; helfen Sie mit &#8211; im Haupt- oder Ehrenamt! Sie sind mind. 21 Jahre alt, haben gen\u00fcgend Zeit, Interesse [&hellip;]","og_url":"https:\/\/career-jungle.de\/en\/social-initiatives\/bgbw\/","og_site_name":"Career Day","article_modified_time":"2023-05-07T19:22:56+00:00","og_image":[{"url":"https:\/\/career-jungle.de\/wp-content\/uploads\/2023\/05\/BGBW.png","type":"","width":"","height":""}],"twitter_card":"summary_large_image","schema":{"@context":"https:\/\/schema.org","@graph":[{"@type":"WebPage","@id":"https:\/\/career-jungle.de\/soziale-initiativen\/bgbw\/","url":"https:\/\/career-jungle.de\/soziale-initiativen\/bgbw\/","name":"BGBW - Career Day","isPartOf":{"@id":"https:\/\/career-jungle.de\/#website"},"primaryImageOfPage":{"@id":"https:\/\/career-jungle.de\/soziale-initiativen\/bgbw\/#primaryimage"},"image":{"@id":"https:\/\/career-jungle.de\/soziale-initiativen\/bgbw\/#primaryimage"},"thumbnailUrl":"https:\/\/career-jungle.de\/wp-content\/uploads\/2023\/05\/BGBW.png","datePublished":"2023-05-07T19:10:50+00:00","dateModified":"2023-05-07T19:22:56+00:00","breadcrumb":{"@id":"https:\/\/career-jungle.de\/soziale-initiativen\/bgbw\/#breadcrumb"},"inLanguage":"en-US","potentialAction":[{"@type":"ReadAction","target":["https:\/\/career-jungle.de\/soziale-initiativen\/bgbw\/"]}]},{"@type":"ImageObject","inLanguage":"en-US","@id":"https:\/\/career-jungle.de\/soziale-initiativen\/bgbw\/#primaryimage","url":"https:\/\/career-jungle.de\/wp-content\/uploads\/2023\/05\/BGBW.png","contentUrl":"https:\/\/career-jungle.de\/wp-content\/uploads\/2023\/05\/BGBW.png"},{"@type":"BreadcrumbList","@id":"https:\/\/career-jungle.de\/soziale-initiativen\/bgbw\/#breadcrumb","itemListElement":[{"@type":"ListItem","position":1,"name":"Startseite","item":"https:\/\/career-jungle.de\/"},{"@type":"ListItem","position":2,"name":"Soziale Initiativen &#8211; R\u00fcckblick","item":"https:\/\/career-jungle.de\/soziale-initiativen\/"},{"@type":"ListItem","position":3,"name":"BGBW"}]},{"@type":"WebSite","@id":"https:\/\/career-jungle.de\/#website","url":"https:\/\/career-jungle.de\/","name":"Career Day","description":"Welcome to the jungle","publisher":{"@id":"https:\/\/career-jungle.de\/#organization"},"potentialAction":[{"@type":"SearchAction","target":{"@type":"EntryPoint","urlTemplate":"https:\/\/career-jungle.de\/?s={search_term_string}"},"query-input":{"@type":"PropertyValueSpecification","valueRequired":true,"valueName":"search_term_string"}}],"inLanguage":"en-US"},{"@type":"Organization","@id":"https:\/\/career-jungle.de\/#organization","name":"Career Day","url":"https:\/\/career-jungle.de\/","logo":{"@type":"ImageObject","inLanguage":"en-US","@id":"https:\/\/career-jungle.de\/#\/schema\/logo\/image\/","url":"https:\/\/career-jungle.de\/wp-content\/uploads\/2023\/04\/2026_CareerDayLogo_Pfad_Kontur_blau.png","contentUrl":"https:\/\/career-jungle.de\/wp-content\/uploads\/2023\/04\/2026_CareerDayLogo_Pfad_Kontur_blau.png","width":872,"height":272,"caption":"Career Day"},"image":{"@id":"https:\/\/career-jungle.de\/#\/schema\/logo\/image\/"}}]}},"_links":{"self":[{"href":"https:\/\/career-jungle.de\/en\/wp-json\/wp\/v2\/pages\/2154","targetHints":{"allow":["GET"]}}],"collection":[{"href":"https:\/\/career-jungle.de\/en\/wp-json\/wp\/v2\/pages"}],"about":[{"href":"https:\/\/career-jungle.de\/en\/wp-json\/wp\/v2\/types\/page"}],"author":[{"embeddable":true,"href":"https:\/\/career-jungle.de\/en\/wp-json\/wp\/v2\/users\/3"}],"replies":[{"embeddable":true,"href":"https:\/\/career-jungle.de\/en\/wp-json\/wp\/v2\/comments?post=2154"}],"version-history":[{"count":4,"href":"https:\/\/career-jungle.de\/en\/wp-json\/wp\/v2\/pages\/2154\/revisions"}],"predecessor-version":[{"id":2159,"href":"https:\/\/career-jungle.de\/en\/wp-json\/wp\/v2\/pages\/2154\/revisions\/2159"}],"up":[{"embeddable":true,"href":"https:\/\/career-jungle.de\/en\/wp-json\/wp\/v2\/pages\/2087"}],"wp:attachment":[{"href":"https:\/\/career-jungle.de\/en\/wp-json\/wp\/v2\/media?parent=2154"}],"curies":[{"name":"WordPress","href":"https:\/\/api.w.org\/{rel}","templated":true}]}}