{"id":2147,"date":"2023-05-07T18:35:48","date_gmt":"2023-05-07T18:35:48","guid":{"rendered":"https:\/\/career-jungle.de\/?page_id=2147"},"modified":"2023-05-07T18:37:25","modified_gmt":"2023-05-07T18:37:25","slug":"alumni-hochschulkomunikation","status":"publish","type":"page","link":"https:\/\/career-jungle.de\/en\/soziale-initiativen\/alumni-hochschulkomunikation\/","title":{"rendered":"Alumni Hochschulkomunikation"},"content":{"rendered":"<div data-elementor-type=\"wp-page\" data-elementor-id=\"2147\" class=\"elementor elementor-2147\" data-elementor-post-type=\"page\">\n\t\t\t\t\t\t<section class=\"elementor-section elementor-top-section elementor-element elementor-element-e868b84 elementor-section-boxed elementor-section-height-default elementor-section-height-default\" data-id=\"e868b84\" data-element_type=\"section\" data-e-type=\"section\">\n\t\t\t\t\t\t<div class=\"elementor-container elementor-column-gap-default\">\n\t\t\t\t\t<div class=\"elementor-column elementor-col-100 elementor-top-column elementor-element elementor-element-ad7bcc1\" data-id=\"ad7bcc1\" data-element_type=\"column\" data-e-type=\"column\">\n\t\t\t<div class=\"elementor-widget-wrap elementor-element-populated\">\n\t\t\t\t\t\t<div class=\"elementor-element elementor-element-025dde4 elementor-widget elementor-widget-spacer\" data-id=\"025dde4\" data-element_type=\"widget\" data-e-type=\"widget\" data-widget_type=\"spacer.default\">\n\t\t\t\t<div class=\"elementor-widget-container\">\n\t\t\t\t\t\t\t<div class=\"elementor-spacer\">\n\t\t\t<div class=\"elementor-spacer-inner\"><\/div>\n\t\t<\/div>\n\t\t\t\t\t\t<\/div>\n\t\t\t\t<\/div>\n\t\t\t\t\t<\/div>\n\t\t<\/div>\n\t\t\t\t\t<\/div>\n\t\t<\/section>\n\t\t\t\t<section class=\"elementor-section elementor-top-section elementor-element elementor-element-8c3559a elementor-section-boxed elementor-section-height-default elementor-section-height-default\" data-id=\"8c3559a\" data-element_type=\"section\" data-e-type=\"section\">\n\t\t\t\t\t\t<div class=\"elementor-container elementor-column-gap-default\">\n\t\t\t\t\t<div class=\"elementor-column elementor-col-100 elementor-top-column elementor-element elementor-element-1a68ed9\" data-id=\"1a68ed9\" data-element_type=\"column\" data-e-type=\"column\">\n\t\t\t<div class=\"elementor-widget-wrap elementor-element-populated\">\n\t\t\t\t\t\t<section class=\"elementor-section elementor-inner-section elementor-element elementor-element-4a3d27f elementor-section-boxed elementor-section-height-default elementor-section-height-default\" data-id=\"4a3d27f\" data-element_type=\"section\" data-e-type=\"section\">\n\t\t\t\t\t\t<div class=\"elementor-container elementor-column-gap-default\">\n\t\t\t\t\t<div class=\"elementor-column elementor-col-50 elementor-inner-column elementor-element elementor-element-efae581\" data-id=\"efae581\" data-element_type=\"column\" data-e-type=\"column\">\n\t\t\t<div class=\"elementor-widget-wrap elementor-element-populated\">\n\t\t\t\t\t\t<div class=\"elementor-element elementor-element-888a34a elementor-widget elementor-widget-image\" data-id=\"888a34a\" data-element_type=\"widget\" data-e-type=\"widget\" data-widget_type=\"image.default\">\n\t\t\t\t<div class=\"elementor-widget-container\">\n\t\t\t\t\t\t\t\t\t\t\t\t\t\t\t<img fetchpriority=\"high\" decoding=\"async\" width=\"533\" height=\"170\" src=\"https:\/\/career-jungle.de\/wp-content\/uploads\/2023\/05\/UNI-Tuebingen-e1683901325974.png\" class=\"attachment-large size-large wp-image-2149\" alt=\"\" srcset=\"https:\/\/career-jungle.de\/wp-content\/uploads\/2023\/05\/UNI-Tuebingen-e1683901325974.png 533w, https:\/\/career-jungle.de\/wp-content\/uploads\/2023\/05\/UNI-Tuebingen-e1683901325974-300x96.png 300w\" sizes=\"(max-width: 533px) 100vw, 533px\" \/>\t\t\t\t\t\t\t\t\t\t\t\t\t\t\t<\/div>\n\t\t\t\t<\/div>\n\t\t\t\t\t<\/div>\n\t\t<\/div>\n\t\t\t\t<div class=\"elementor-column elementor-col-50 elementor-inner-column elementor-element elementor-element-c2479ee\" data-id=\"c2479ee\" data-element_type=\"column\" data-e-type=\"column\">\n\t\t\t<div class=\"elementor-widget-wrap elementor-element-populated\">\n\t\t\t\t\t\t<div class=\"elementor-element elementor-element-c753260 elementor-widget elementor-widget-text-editor\" data-id=\"c753260\" data-element_type=\"widget\" data-e-type=\"widget\" data-widget_type=\"text-editor.default\">\n\t\t\t\t<div class=\"elementor-widget-container\">\n\t\t\t\t\t\t\t\t\t<p><strong>ALUMNI B\u00dcRO DER UNIVERSIT\u00c4T T\u00dcBINGEN<\/strong><\/p><p><span style=\"font-weight: 400;\">Was, wenn Ihr Abschluss erst der Anfang ist? Was, wenn Sie im Austausch mit anderen Alumni Antworten auf dr\u00e4ngende Fragen unserer Zeit finden? Was, wenn Sie ein Teil der Uni bleiben k\u00f6nnten, auch fern der akademischen Heimat?\u00a0<\/span><\/p><p><span style=\"font-weight: 400;\">Ob Sie an der Uni T\u00fcbingen Ihren B.A.- oder M.A.-Abschluss machen, promovieren, hier gearbeitet, geforscht und\/ oder gelehrt haben: Bleiben Sie auch nach Ihrer Zeit an der Uni T\u00fcbingen mit uns in Kontakt. <\/span><\/p><p><span style=\"font-weight: 400;\">Wir laden Sie herzlich ein, unserem <\/span><b>Ehemaligen-Netzwerk <\/b><span style=\"font-weight: 400;\">beizutreten und so Teil der <\/span><b>Ehemaligen-Community\u00a0<\/b><span style=\"font-weight: 400;\">zu werden. Wir bieten Alumni Talks, Netzwerkm\u00f6glichkeiten und Karriereinspiration.<\/span><\/p><p>\u00a0<\/p><p><b>MORE INFO:<br \/><\/b><a href=\"http:\/\/www.uni-tuebingen.de\/alumni\" target=\"_blank\" rel=\"noopener\"><span style=\"font-weight: 400;\">www.uni-tuebingen.de\/alumni<\/span><\/a><br \/><a href=\"https:\/\/www.linkedin.com\/groups\/14158722\/\" target=\"_blank\" rel=\"noopener\"><span style=\"font-weight: 400;\">https:\/\/www.linkedin.com\/groups\/14158722\/<\/span><\/a><\/p><p>\u00a0<\/p>\t\t\t\t\t\t\t\t<\/div>\n\t\t\t\t<\/div>\n\t\t\t\t<div class=\"elementor-element elementor-element-167e102 elementor-align-left elementor-widget elementor-widget-button\" data-id=\"167e102\" data-element_type=\"widget\" data-e-type=\"widget\" data-widget_type=\"button.default\">\n\t\t\t\t<div class=\"elementor-widget-container\">\n\t\t\t\t\t\t\t\t\t<div class=\"elementor-button-wrapper\">\n\t\t\t\t\t<a class=\"elementor-button elementor-button-link elementor-size-sm\" href=\"https:\/\/career-jungle.de\/en\/social-initiatives\/\">\n\t\t\t\t\t\t<span class=\"elementor-button-content-wrapper\">\n\t\t\t\t\t\t\t\t\t<span class=\"elementor-button-text\">back to overview<\/span>\n\t\t\t\t\t<\/span>\n\t\t\t\t\t<\/a>\n\t\t\t\t<\/div>\n\t\t\t\t\t\t\t\t<\/div>\n\t\t\t\t<\/div>\n\t\t\t\t\t<\/div>\n\t\t<\/div>\n\t\t\t\t\t<\/div>\n\t\t<\/section>\n\t\t\t\t\t<\/div>\n\t\t<\/div>\n\t\t\t\t\t<\/div>\n\t\t<\/section>\n\t\t\t\t<section class=\"elementor-section elementor-top-section elementor-element elementor-element-1512636 elementor-section-boxed elementor-section-height-default elementor-section-height-default\" data-id=\"1512636\" data-element_type=\"section\" data-e-type=\"section\">\n\t\t\t\t\t\t<div class=\"elementor-container elementor-column-gap-default\">\n\t\t\t\t\t<div class=\"elementor-column elementor-col-100 elementor-top-column elementor-element elementor-element-457311c\" data-id=\"457311c\" data-element_type=\"column\" data-e-type=\"column\">\n\t\t\t<div class=\"elementor-widget-wrap elementor-element-populated\">\n\t\t\t\t\t\t<div class=\"elementor-element elementor-element-8eca280 elementor-widget elementor-widget-spacer\" data-id=\"8eca280\" data-element_type=\"widget\" data-e-type=\"widget\" data-widget_type=\"spacer.default\">\n\t\t\t\t<div class=\"elementor-widget-container\">\n\t\t\t\t\t\t\t<div class=\"elementor-spacer\">\n\t\t\t<div class=\"elementor-spacer-inner\"><\/div>\n\t\t<\/div>\n\t\t\t\t\t\t<\/div>\n\t\t\t\t<\/div>\n\t\t\t\t\t<\/div>\n\t\t<\/div>\n\t\t\t\t\t<\/div>\n\t\t<\/section>\n\t\t\t\t<\/div>","protected":false},"excerpt":{"rendered":"<p>ALUMNI B\u00dcRO DER UNIVERSIT\u00c4T T\u00dcBINGEN Was, wenn Ihr Abschluss erst der Anfang ist? Was, wenn Sie im Austausch mit anderen Alumni Antworten auf dr\u00e4ngende Fragen unserer Zeit finden? Was, wenn Sie ein Teil der Uni bleiben k\u00f6nnten, auch fern der akademischen Heimat?\u00a0 Ob Sie an der Uni T\u00fcbingen Ihren B.A.- oder M.A.-Abschluss machen, promovieren, hier [&hellip;]<\/p>\n","protected":false},"author":3,"featured_media":0,"parent":2087,"menu_order":0,"comment_status":"closed","ping_status":"closed","template":"elementor_header_footer","meta":{"inline_featured_image":false,"footnotes":""},"class_list":["post-2147","page","type-page","status-publish","hentry"],"yoast_head":"<!-- This site is optimized with the Yoast SEO plugin v27.3 - https:\/\/yoast.com\/product\/yoast-seo-wordpress\/ -->\n<title>Alumni Hochschulkomunikation - Career Day<\/title>\n<meta name=\"robots\" content=\"index, follow, max-snippet:-1, max-image-preview:large, max-video-preview:-1\" \/>\n<link rel=\"canonical\" href=\"https:\/\/career-jungle.de\/en\/social-initiatives\/alumni-hochschulkomunikation\/\" \/>\n<meta property=\"og:locale\" content=\"en_US\" \/>\n<meta property=\"og:type\" content=\"article\" \/>\n<meta property=\"og:title\" content=\"Alumni Hochschulkomunikation - Career Day\" \/>\n<meta property=\"og:description\" content=\"ALUMNI B\u00dcRO DER UNIVERSIT\u00c4T T\u00dcBINGEN Was, wenn Ihr Abschluss erst der Anfang ist? Was, wenn Sie im Austausch mit anderen Alumni Antworten auf dr\u00e4ngende Fragen unserer Zeit finden? Was, wenn Sie ein Teil der Uni bleiben k\u00f6nnten, auch fern der akademischen Heimat?\u00a0 Ob Sie an der Uni T\u00fcbingen Ihren B.A.- oder M.A.-Abschluss machen, promovieren, hier [&hellip;]\" \/>\n<meta property=\"og:url\" content=\"https:\/\/career-jungle.de\/en\/social-initiatives\/alumni-hochschulkomunikation\/\" \/>\n<meta property=\"og:site_name\" content=\"Career Day\" \/>\n<meta property=\"article:modified_time\" content=\"2023-05-07T18:37:25+00:00\" \/>\n<meta property=\"og:image\" content=\"https:\/\/career-jungle.de\/wp-content\/uploads\/2023\/05\/UNI-Tuebingen.png\" \/>\n<meta name=\"twitter:card\" content=\"summary_large_image\" \/>\n<meta name=\"twitter:label1\" content=\"Est. reading time\" \/>\n\t<meta name=\"twitter:data1\" content=\"1 minute\" \/>\n<script type=\"application\/ld+json\" class=\"yoast-schema-graph\">{\"@context\":\"https:\\\/\\\/schema.org\",\"@graph\":[{\"@type\":\"WebPage\",\"@id\":\"https:\\\/\\\/career-jungle.de\\\/soziale-initiativen\\\/alumni-hochschulkomunikation\\\/\",\"url\":\"https:\\\/\\\/career-jungle.de\\\/soziale-initiativen\\\/alumni-hochschulkomunikation\\\/\",\"name\":\"Alumni Hochschulkomunikation - Career Day\",\"isPartOf\":{\"@id\":\"https:\\\/\\\/career-jungle.de\\\/#website\"},\"primaryImageOfPage\":{\"@id\":\"https:\\\/\\\/career-jungle.de\\\/soziale-initiativen\\\/alumni-hochschulkomunikation\\\/#primaryimage\"},\"image\":{\"@id\":\"https:\\\/\\\/career-jungle.de\\\/soziale-initiativen\\\/alumni-hochschulkomunikation\\\/#primaryimage\"},\"thumbnailUrl\":\"https:\\\/\\\/career-jungle.de\\\/wp-content\\\/uploads\\\/2023\\\/05\\\/UNI-Tuebingen.png\",\"datePublished\":\"2023-05-07T18:35:48+00:00\",\"dateModified\":\"2023-05-07T18:37:25+00:00\",\"breadcrumb\":{\"@id\":\"https:\\\/\\\/career-jungle.de\\\/soziale-initiativen\\\/alumni-hochschulkomunikation\\\/#breadcrumb\"},\"inLanguage\":\"en-US\",\"potentialAction\":[{\"@type\":\"ReadAction\",\"target\":[\"https:\\\/\\\/career-jungle.de\\\/soziale-initiativen\\\/alumni-hochschulkomunikation\\\/\"]}]},{\"@type\":\"ImageObject\",\"inLanguage\":\"en-US\",\"@id\":\"https:\\\/\\\/career-jungle.de\\\/soziale-initiativen\\\/alumni-hochschulkomunikation\\\/#primaryimage\",\"url\":\"https:\\\/\\\/career-jungle.de\\\/wp-content\\\/uploads\\\/2023\\\/05\\\/UNI-Tuebingen.png\",\"contentUrl\":\"https:\\\/\\\/career-jungle.de\\\/wp-content\\\/uploads\\\/2023\\\/05\\\/UNI-Tuebingen.png\"},{\"@type\":\"BreadcrumbList\",\"@id\":\"https:\\\/\\\/career-jungle.de\\\/soziale-initiativen\\\/alumni-hochschulkomunikation\\\/#breadcrumb\",\"itemListElement\":[{\"@type\":\"ListItem\",\"position\":1,\"name\":\"Startseite\",\"item\":\"https:\\\/\\\/career-jungle.de\\\/\"},{\"@type\":\"ListItem\",\"position\":2,\"name\":\"Soziale Initiativen &#8211; R\u00fcckblick\",\"item\":\"https:\\\/\\\/career-jungle.de\\\/soziale-initiativen\\\/\"},{\"@type\":\"ListItem\",\"position\":3,\"name\":\"Alumni Hochschulkomunikation\"}]},{\"@type\":\"WebSite\",\"@id\":\"https:\\\/\\\/career-jungle.de\\\/#website\",\"url\":\"https:\\\/\\\/career-jungle.de\\\/\",\"name\":\"Career Day\",\"description\":\"Welcome to the jungle\",\"publisher\":{\"@id\":\"https:\\\/\\\/career-jungle.de\\\/#organization\"},\"potentialAction\":[{\"@type\":\"SearchAction\",\"target\":{\"@type\":\"EntryPoint\",\"urlTemplate\":\"https:\\\/\\\/career-jungle.de\\\/?s={search_term_string}\"},\"query-input\":{\"@type\":\"PropertyValueSpecification\",\"valueRequired\":true,\"valueName\":\"search_term_string\"}}],\"inLanguage\":\"en-US\"},{\"@type\":\"Organization\",\"@id\":\"https:\\\/\\\/career-jungle.de\\\/#organization\",\"name\":\"Career Day\",\"url\":\"https:\\\/\\\/career-jungle.de\\\/\",\"logo\":{\"@type\":\"ImageObject\",\"inLanguage\":\"en-US\",\"@id\":\"https:\\\/\\\/career-jungle.de\\\/#\\\/schema\\\/logo\\\/image\\\/\",\"url\":\"https:\\\/\\\/career-jungle.de\\\/wp-content\\\/uploads\\\/2023\\\/04\\\/2026_CareerDayLogo_Pfad_Kontur_blau.png\",\"contentUrl\":\"https:\\\/\\\/career-jungle.de\\\/wp-content\\\/uploads\\\/2023\\\/04\\\/2026_CareerDayLogo_Pfad_Kontur_blau.png\",\"width\":872,\"height\":272,\"caption\":\"Career Day\"},\"image\":{\"@id\":\"https:\\\/\\\/career-jungle.de\\\/#\\\/schema\\\/logo\\\/image\\\/\"}}]}<\/script>\n<!-- \/ Yoast SEO plugin. -->","yoast_head_json":{"title":"Alumni Hochschulkomunikation - Career Day","robots":{"index":"index","follow":"follow","max-snippet":"max-snippet:-1","max-image-preview":"max-image-preview:large","max-video-preview":"max-video-preview:-1"},"canonical":"https:\/\/career-jungle.de\/en\/social-initiatives\/alumni-hochschulkomunikation\/","og_locale":"en_US","og_type":"article","og_title":"Alumni Hochschulkomunikation - Career Day","og_description":"ALUMNI B\u00dcRO DER UNIVERSIT\u00c4T T\u00dcBINGEN Was, wenn Ihr Abschluss erst der Anfang ist? Was, wenn Sie im Austausch mit anderen Alumni Antworten auf dr\u00e4ngende Fragen unserer Zeit finden? Was, wenn Sie ein Teil der Uni bleiben k\u00f6nnten, auch fern der akademischen Heimat?\u00a0 Ob Sie an der Uni T\u00fcbingen Ihren B.A.- oder M.A.-Abschluss machen, promovieren, hier [&hellip;]","og_url":"https:\/\/career-jungle.de\/en\/social-initiatives\/alumni-hochschulkomunikation\/","og_site_name":"Career Day","article_modified_time":"2023-05-07T18:37:25+00:00","og_image":[{"url":"https:\/\/career-jungle.de\/wp-content\/uploads\/2023\/05\/UNI-Tuebingen.png","type":"","width":"","height":""}],"twitter_card":"summary_large_image","twitter_misc":{"Est. reading time":"1 minute"},"schema":{"@context":"https:\/\/schema.org","@graph":[{"@type":"WebPage","@id":"https:\/\/career-jungle.de\/soziale-initiativen\/alumni-hochschulkomunikation\/","url":"https:\/\/career-jungle.de\/soziale-initiativen\/alumni-hochschulkomunikation\/","name":"Alumni Hochschulkomunikation - Career Day","isPartOf":{"@id":"https:\/\/career-jungle.de\/#website"},"primaryImageOfPage":{"@id":"https:\/\/career-jungle.de\/soziale-initiativen\/alumni-hochschulkomunikation\/#primaryimage"},"image":{"@id":"https:\/\/career-jungle.de\/soziale-initiativen\/alumni-hochschulkomunikation\/#primaryimage"},"thumbnailUrl":"https:\/\/career-jungle.de\/wp-content\/uploads\/2023\/05\/UNI-Tuebingen.png","datePublished":"2023-05-07T18:35:48+00:00","dateModified":"2023-05-07T18:37:25+00:00","breadcrumb":{"@id":"https:\/\/career-jungle.de\/soziale-initiativen\/alumni-hochschulkomunikation\/#breadcrumb"},"inLanguage":"en-US","potentialAction":[{"@type":"ReadAction","target":["https:\/\/career-jungle.de\/soziale-initiativen\/alumni-hochschulkomunikation\/"]}]},{"@type":"ImageObject","inLanguage":"en-US","@id":"https:\/\/career-jungle.de\/soziale-initiativen\/alumni-hochschulkomunikation\/#primaryimage","url":"https:\/\/career-jungle.de\/wp-content\/uploads\/2023\/05\/UNI-Tuebingen.png","contentUrl":"https:\/\/career-jungle.de\/wp-content\/uploads\/2023\/05\/UNI-Tuebingen.png"},{"@type":"BreadcrumbList","@id":"https:\/\/career-jungle.de\/soziale-initiativen\/alumni-hochschulkomunikation\/#breadcrumb","itemListElement":[{"@type":"ListItem","position":1,"name":"Startseite","item":"https:\/\/career-jungle.de\/"},{"@type":"ListItem","position":2,"name":"Soziale Initiativen &#8211; R\u00fcckblick","item":"https:\/\/career-jungle.de\/soziale-initiativen\/"},{"@type":"ListItem","position":3,"name":"Alumni Hochschulkomunikation"}]},{"@type":"WebSite","@id":"https:\/\/career-jungle.de\/#website","url":"https:\/\/career-jungle.de\/","name":"Career Day","description":"Welcome to the jungle","publisher":{"@id":"https:\/\/career-jungle.de\/#organization"},"potentialAction":[{"@type":"SearchAction","target":{"@type":"EntryPoint","urlTemplate":"https:\/\/career-jungle.de\/?s={search_term_string}"},"query-input":{"@type":"PropertyValueSpecification","valueRequired":true,"valueName":"search_term_string"}}],"inLanguage":"en-US"},{"@type":"Organization","@id":"https:\/\/career-jungle.de\/#organization","name":"Career Day","url":"https:\/\/career-jungle.de\/","logo":{"@type":"ImageObject","inLanguage":"en-US","@id":"https:\/\/career-jungle.de\/#\/schema\/logo\/image\/","url":"https:\/\/career-jungle.de\/wp-content\/uploads\/2023\/04\/2026_CareerDayLogo_Pfad_Kontur_blau.png","contentUrl":"https:\/\/career-jungle.de\/wp-content\/uploads\/2023\/04\/2026_CareerDayLogo_Pfad_Kontur_blau.png","width":872,"height":272,"caption":"Career Day"},"image":{"@id":"https:\/\/career-jungle.de\/#\/schema\/logo\/image\/"}}]}},"_links":{"self":[{"href":"https:\/\/career-jungle.de\/en\/wp-json\/wp\/v2\/pages\/2147","targetHints":{"allow":["GET"]}}],"collection":[{"href":"https:\/\/career-jungle.de\/en\/wp-json\/wp\/v2\/pages"}],"about":[{"href":"https:\/\/career-jungle.de\/en\/wp-json\/wp\/v2\/types\/page"}],"author":[{"embeddable":true,"href":"https:\/\/career-jungle.de\/en\/wp-json\/wp\/v2\/users\/3"}],"replies":[{"embeddable":true,"href":"https:\/\/career-jungle.de\/en\/wp-json\/wp\/v2\/comments?post=2147"}],"version-history":[{"count":4,"href":"https:\/\/career-jungle.de\/en\/wp-json\/wp\/v2\/pages\/2147\/revisions"}],"predecessor-version":[{"id":2152,"href":"https:\/\/career-jungle.de\/en\/wp-json\/wp\/v2\/pages\/2147\/revisions\/2152"}],"up":[{"embeddable":true,"href":"https:\/\/career-jungle.de\/en\/wp-json\/wp\/v2\/pages\/2087"}],"wp:attachment":[{"href":"https:\/\/career-jungle.de\/en\/wp-json\/wp\/v2\/media?parent=2147"}],"curies":[{"name":"WordPress","href":"https:\/\/api.w.org\/{rel}","templated":true}]}}