{"id":2097,"date":"2023-05-07T17:52:19","date_gmt":"2023-05-07T17:52:19","guid":{"rendered":"https:\/\/career-jungle.de\/?page_id=2097"},"modified":"2023-05-07T18:09:55","modified_gmt":"2023-05-07T18:09:55","slug":"internationaler-bund","status":"publish","type":"page","link":"https:\/\/career-jungle.de\/en\/unternehmen\/internationaler-bund\/","title":{"rendered":"Internationaler Bund"},"content":{"rendered":"<div data-elementor-type=\"wp-page\" data-elementor-id=\"2097\" class=\"elementor elementor-2097\" data-elementor-post-type=\"page\">\n\t\t\t\t\t\t<section class=\"elementor-section elementor-top-section elementor-element elementor-element-734b377 elementor-section-boxed elementor-section-height-default elementor-section-height-default\" data-id=\"734b377\" data-element_type=\"section\" data-e-type=\"section\">\n\t\t\t\t\t\t<div class=\"elementor-container elementor-column-gap-default\">\n\t\t\t\t\t<div class=\"elementor-column elementor-col-100 elementor-top-column elementor-element elementor-element-18fb1d6\" data-id=\"18fb1d6\" data-element_type=\"column\" data-e-type=\"column\">\n\t\t\t<div class=\"elementor-widget-wrap elementor-element-populated\">\n\t\t\t\t\t\t<div class=\"elementor-element elementor-element-609b185 elementor-widget elementor-widget-spacer\" data-id=\"609b185\" data-element_type=\"widget\" data-e-type=\"widget\" data-widget_type=\"spacer.default\">\n\t\t\t\t<div class=\"elementor-widget-container\">\n\t\t\t\t\t\t\t<div class=\"elementor-spacer\">\n\t\t\t<div class=\"elementor-spacer-inner\"><\/div>\n\t\t<\/div>\n\t\t\t\t\t\t<\/div>\n\t\t\t\t<\/div>\n\t\t\t\t\t<\/div>\n\t\t<\/div>\n\t\t\t\t\t<\/div>\n\t\t<\/section>\n\t\t\t\t<section class=\"elementor-section elementor-top-section elementor-element elementor-element-abb0be6 elementor-section-boxed elementor-section-height-default elementor-section-height-default\" data-id=\"abb0be6\" data-element_type=\"section\" data-e-type=\"section\">\n\t\t\t\t\t\t<div class=\"elementor-container elementor-column-gap-default\">\n\t\t\t\t\t<div class=\"elementor-column elementor-col-100 elementor-top-column elementor-element elementor-element-ab128df\" data-id=\"ab128df\" data-element_type=\"column\" data-e-type=\"column\">\n\t\t\t<div class=\"elementor-widget-wrap elementor-element-populated\">\n\t\t\t\t\t\t<section class=\"elementor-section elementor-inner-section elementor-element elementor-element-4a63528 elementor-section-boxed elementor-section-height-default elementor-section-height-default\" data-id=\"4a63528\" data-element_type=\"section\" data-e-type=\"section\">\n\t\t\t\t\t\t<div class=\"elementor-container elementor-column-gap-default\">\n\t\t\t\t\t<div class=\"elementor-column elementor-col-50 elementor-inner-column elementor-element elementor-element-cae39a4\" data-id=\"cae39a4\" data-element_type=\"column\" data-e-type=\"column\">\n\t\t\t<div class=\"elementor-widget-wrap elementor-element-populated\">\n\t\t\t\t\t\t<div class=\"elementor-element elementor-element-dee6d66 elementor-widget elementor-widget-image\" data-id=\"dee6d66\" data-element_type=\"widget\" data-e-type=\"widget\" data-widget_type=\"image.default\">\n\t\t\t\t<div class=\"elementor-widget-container\">\n\t\t\t\t\t\t\t\t\t\t\t\t\t\t\t\t<a href=\"https:\/\/ib-freiwilligendienste.de\/foej\" target=\"_blank\">\n\t\t\t\t\t\t\t<img fetchpriority=\"high\" decoding=\"async\" width=\"648\" height=\"563\" src=\"https:\/\/career-jungle.de\/wp-content\/uploads\/2023\/05\/IB-e1683482509794.png\" class=\"attachment-large size-large wp-image-2120\" alt=\"\" srcset=\"https:\/\/career-jungle.de\/wp-content\/uploads\/2023\/05\/IB-e1683482509794.png 648w, https:\/\/career-jungle.de\/wp-content\/uploads\/2023\/05\/IB-e1683482509794-300x261.png 300w\" sizes=\"(max-width: 648px) 100vw, 648px\" \/>\t\t\t\t\t\t\t\t<\/a>\n\t\t\t\t\t\t\t\t\t\t\t\t\t\t\t<\/div>\n\t\t\t\t<\/div>\n\t\t\t\t\t<\/div>\n\t\t<\/div>\n\t\t\t\t<div class=\"elementor-column elementor-col-50 elementor-inner-column elementor-element elementor-element-8c62490\" data-id=\"8c62490\" data-element_type=\"column\" data-e-type=\"column\">\n\t\t\t<div class=\"elementor-widget-wrap elementor-element-populated\">\n\t\t\t\t\t\t<div class=\"elementor-element elementor-element-4d8bf6d elementor-widget elementor-widget-text-editor\" data-id=\"4d8bf6d\" data-element_type=\"widget\" data-e-type=\"widget\" data-widget_type=\"text-editor.default\">\n\t\t\t\t<div class=\"elementor-widget-container\">\n\t\t\t\t\t\t\t\t\t<p><b>INTERNATIONALER BUND<\/b><\/p><p><b>IB BILDUNGSCAMPUS T\u00dcBINGEN &amp; REUTLINGEN<br \/><\/b><strong>Finde deinen Weg.<\/strong><\/p><p>Am IB Bildungscampus f\u00fcr Gesundheit &amp; Soziales in T\u00fcbingen ist der Name<br \/>Programm: Wir bieten verschiedene Bildungsg\u00e4nge im Bereich des Gesundheit- und Sozialwesen, bei dem f\u00fcr jede*n das Richtige dabei ist. Egal ob du dein Abitur mit Schwerpunkt Gesundheitsmanagement oder Sozialwissenschaften machen, unsere<br \/>Fachschulen f\u00fcr Kinderpflege oder Heimerziehung besuchen m\u00f6chtest oder du dich eher f\u00fcr den Fachbereich Logop\u00e4die interessierst. In kleinen Klassen erm\u00f6glichen wir unseren Sch\u00fcler*innen eine angenehme und famili\u00e4re Lernatmosph\u00e4re im Herzen<br \/>T\u00fcbingens &#8211; direkt am Neckar.<\/p><p>Der IB Bildungscampus f\u00fcr Medien, Wirtschaft &amp; Fremdsprachen in Reutlingen bietet spannende Bildungsg\u00e4nge, bei welchen unsere Sch\u00fcler*innen die M\u00f6glichkeit haben, ihr Abitur im Mediengymnasium oder die Fachhochschulreife im Berufskolleg Medien &amp; Design zu absolvieren. Exkursionen und Fachvortr\u00e4ge erm\u00f6glichen das Lernen<br \/>au\u00dferhalb des Klassenzimmers. Am Berufskolleg Fremdsprachen kannst du dein Interesse f\u00fcr Sprachen umsetzen und das Berufskolleg Wirtschaft erkl\u00e4rt die wirtschaftlichen Zusammenh\u00e4nge &#8211; spannend, interessant, global.<\/p><p>Gerne beraten wir dich und beantworten dir in einem pers\u00f6nlichen Gespr\u00e4ch offene Fragen. Wir freuen uns auf dich!<\/p><p>\u00a0<\/p><p><strong>IB FREIWILLIGENDIENSTE T\u00dcBINGEN &amp; REUTLINGEN<br \/>Gewinn f\u00fcr Mich. Gewinn f\u00fcr andere.<\/strong><\/p><p>Du m\u00f6chtest dich sozial und nachhaltig engagieren, deine Zeit nach der Schule sinnvoll nutzen und wertvolle Erfahrungen sammeln, die dich pers\u00f6nlich und beruflich<br \/>weiterbringen? Die IB Freiwilligendienste T\u00fcbingen und Reutlingen helfen dir, die geeignete Einsatzstelle f\u00fcr dein Freiwilliges Soziales Jahr (FSJ), Freiwilliges<br \/>\u00d6kologisches Jahr (F\u00d6J) oder Bundesfreiwilligendienst (BFD) zu finden.<\/p><p>Die T\u00e4tigkeitsfelder, in denen du deinen Freiwilligendienst absolvieren kannst, sind vielf\u00e4ltig. Ein Freiwilligendienst ist in Kindergarten, Kita oder Schule, in der Klinik, in der Arbeit mit Menschen mit Behinderungen, der Betreuung von Senioren, aber auch im Bereich Kultur und Verwaltung m\u00f6glich, sodass f\u00fcr jeden das passende dabei ist.<br \/>\u00dcber die Vielfalt der Einsatzstellen im Freiwilligen \u00d6kologischen Jahr informiere dich auf unserer Homepage <a href=\"https:\/\/ib-freiwilligendienste.de\/foej\" target=\"_blank\" rel=\"noopener\">https:\/\/ib-freiwilligendienste.de\/foej<\/a><\/p><p>Idealerweise bist du zwischen 16 und 27 Jahre alt, um einen Freiwilligendienst zu machen. Die Dauer liegt zwischen 6 bis 18 Monate. In der Regel betr\u00e4gt ein FSJ, F\u00d6J<br \/>oder BFD jedoch 12 Monate. Als Freiwillige*r erh\u00e4ltst du f\u00fcr dein Engagement ein Taschengeld. Kindergeld wird weiter geleistet und Urlaubstage sind ein fester Bestandteil des Freiwilligendienstes. An 25 Tagen bieten wir interessante Seminare,<br \/>die wir gemeinsam entwickeln, gestalten und durchf\u00fchren.<\/p><p>Du m\u00f6chtest mehr Informationen? Dann melde dich bei uns. Wir freuen uns auf dich!<\/p><p><strong>\u00a0<\/strong><\/p><p><strong>MORE INFO:<\/strong><br \/><a style=\"background-color: #ffffff;\" href=\"https:\/\/ib-schulen.de\/tuebingen\/jobs\" target=\"_blank\" rel=\"noopener\">https:\/\/ib-schulen.de\/tuebingen\/jobshttps:\/\/ib-freiwilligendienste.de\/foej<\/a><\/p><p>\u00a0<\/p>\t\t\t\t\t\t\t\t<\/div>\n\t\t\t\t<\/div>\n\t\t\t\t<div class=\"elementor-element elementor-element-e832a76 elementor-align-left elementor-widget elementor-widget-button\" data-id=\"e832a76\" data-element_type=\"widget\" data-e-type=\"widget\" data-widget_type=\"button.default\">\n\t\t\t\t<div class=\"elementor-widget-container\">\n\t\t\t\t\t\t\t\t\t<div class=\"elementor-button-wrapper\">\n\t\t\t\t\t<a class=\"elementor-button elementor-button-link elementor-size-sm\" href=\"https:\/\/career-jungle.de\/en\/company\/\">\n\t\t\t\t\t\t<span class=\"elementor-button-content-wrapper\">\n\t\t\t\t\t\t\t\t\t<span class=\"elementor-button-text\">back to overview<\/span>\n\t\t\t\t\t<\/span>\n\t\t\t\t\t<\/a>\n\t\t\t\t<\/div>\n\t\t\t\t\t\t\t\t<\/div>\n\t\t\t\t<\/div>\n\t\t\t\t\t<\/div>\n\t\t<\/div>\n\t\t\t\t\t<\/div>\n\t\t<\/section>\n\t\t\t\t\t<\/div>\n\t\t<\/div>\n\t\t\t\t\t<\/div>\n\t\t<\/section>\n\t\t\t\t<section class=\"elementor-section elementor-top-section elementor-element elementor-element-2989837 elementor-section-boxed elementor-section-height-default elementor-section-height-default\" data-id=\"2989837\" data-element_type=\"section\" data-e-type=\"section\">\n\t\t\t\t\t\t<div class=\"elementor-container elementor-column-gap-default\">\n\t\t\t\t\t<div class=\"elementor-column elementor-col-100 elementor-top-column elementor-element elementor-element-c4262f2\" data-id=\"c4262f2\" data-element_type=\"column\" data-e-type=\"column\">\n\t\t\t<div class=\"elementor-widget-wrap elementor-element-populated\">\n\t\t\t\t\t\t<div class=\"elementor-element elementor-element-a966e96 elementor-widget elementor-widget-spacer\" data-id=\"a966e96\" data-element_type=\"widget\" data-e-type=\"widget\" data-widget_type=\"spacer.default\">\n\t\t\t\t<div class=\"elementor-widget-container\">\n\t\t\t\t\t\t\t<div class=\"elementor-spacer\">\n\t\t\t<div class=\"elementor-spacer-inner\"><\/div>\n\t\t<\/div>\n\t\t\t\t\t\t<\/div>\n\t\t\t\t<\/div>\n\t\t\t\t\t<\/div>\n\t\t<\/div>\n\t\t\t\t\t<\/div>\n\t\t<\/section>\n\t\t\t\t<\/div>","protected":false},"excerpt":{"rendered":"<p>INTERNATIONALER BUND IB BILDUNGSCAMPUS T\u00dcBINGEN &amp; REUTLINGENFinde deinen Weg. Am IB Bildungscampus f\u00fcr Gesundheit &amp; Soziales in T\u00fcbingen ist der NameProgramm: Wir bieten verschiedene Bildungsg\u00e4nge im Bereich des Gesundheit- und Sozialwesen, bei dem f\u00fcr jede*n das Richtige dabei ist. Egal ob du dein Abitur mit Schwerpunkt Gesundheitsmanagement oder Sozialwissenschaften machen, unsereFachschulen f\u00fcr Kinderpflege oder Heimerziehung [&hellip;]<\/p>\n","protected":false},"author":3,"featured_media":0,"parent":322,"menu_order":0,"comment_status":"closed","ping_status":"closed","template":"elementor_header_footer","meta":{"inline_featured_image":false,"footnotes":""},"class_list":["post-2097","page","type-page","status-publish","hentry"],"yoast_head":"<!-- This site is optimized with the Yoast SEO plugin v27.3 - https:\/\/yoast.com\/product\/yoast-seo-wordpress\/ -->\n<title>Internationaler Bund - Career Day<\/title>\n<meta name=\"robots\" content=\"index, follow, max-snippet:-1, max-image-preview:large, max-video-preview:-1\" \/>\n<link rel=\"canonical\" href=\"https:\/\/career-jungle.de\/en\/company\/internationaler-bund\/\" \/>\n<meta property=\"og:locale\" content=\"en_US\" \/>\n<meta property=\"og:type\" content=\"article\" \/>\n<meta property=\"og:title\" content=\"Internationaler Bund - Career Day\" \/>\n<meta property=\"og:description\" content=\"INTERNATIONALER BUND IB BILDUNGSCAMPUS T\u00dcBINGEN &amp; REUTLINGENFinde deinen Weg. Am IB Bildungscampus f\u00fcr Gesundheit &amp; Soziales in T\u00fcbingen ist der NameProgramm: Wir bieten verschiedene Bildungsg\u00e4nge im Bereich des Gesundheit- und Sozialwesen, bei dem f\u00fcr jede*n das Richtige dabei ist. Egal ob du dein Abitur mit Schwerpunkt Gesundheitsmanagement oder Sozialwissenschaften machen, unsereFachschulen f\u00fcr Kinderpflege oder Heimerziehung [&hellip;]\" \/>\n<meta property=\"og:url\" content=\"https:\/\/career-jungle.de\/en\/company\/internationaler-bund\/\" \/>\n<meta property=\"og:site_name\" content=\"Career Day\" \/>\n<meta property=\"article:modified_time\" content=\"2023-05-07T18:09:55+00:00\" \/>\n<meta property=\"og:image\" content=\"https:\/\/career-jungle.de\/wp-content\/uploads\/2023\/05\/IB-e1683482509794.png\" \/>\n<meta name=\"twitter:card\" content=\"summary_large_image\" \/>\n<meta name=\"twitter:label1\" content=\"Est. reading time\" \/>\n\t<meta name=\"twitter:data1\" content=\"2 minutes\" \/>\n<script type=\"application\/ld+json\" class=\"yoast-schema-graph\">{\"@context\":\"https:\\\/\\\/schema.org\",\"@graph\":[{\"@type\":\"WebPage\",\"@id\":\"https:\\\/\\\/career-jungle.de\\\/unternehmen\\\/internationaler-bund\\\/\",\"url\":\"https:\\\/\\\/career-jungle.de\\\/unternehmen\\\/internationaler-bund\\\/\",\"name\":\"Internationaler Bund - Career Day\",\"isPartOf\":{\"@id\":\"https:\\\/\\\/career-jungle.de\\\/#website\"},\"primaryImageOfPage\":{\"@id\":\"https:\\\/\\\/career-jungle.de\\\/unternehmen\\\/internationaler-bund\\\/#primaryimage\"},\"image\":{\"@id\":\"https:\\\/\\\/career-jungle.de\\\/unternehmen\\\/internationaler-bund\\\/#primaryimage\"},\"thumbnailUrl\":\"https:\\\/\\\/career-jungle.de\\\/wp-content\\\/uploads\\\/2023\\\/05\\\/IB-e1683482509794.png\",\"datePublished\":\"2023-05-07T17:52:19+00:00\",\"dateModified\":\"2023-05-07T18:09:55+00:00\",\"breadcrumb\":{\"@id\":\"https:\\\/\\\/career-jungle.de\\\/unternehmen\\\/internationaler-bund\\\/#breadcrumb\"},\"inLanguage\":\"en-US\",\"potentialAction\":[{\"@type\":\"ReadAction\",\"target\":[\"https:\\\/\\\/career-jungle.de\\\/unternehmen\\\/internationaler-bund\\\/\"]}]},{\"@type\":\"ImageObject\",\"inLanguage\":\"en-US\",\"@id\":\"https:\\\/\\\/career-jungle.de\\\/unternehmen\\\/internationaler-bund\\\/#primaryimage\",\"url\":\"https:\\\/\\\/career-jungle.de\\\/wp-content\\\/uploads\\\/2023\\\/05\\\/IB-e1683482509794.png\",\"contentUrl\":\"https:\\\/\\\/career-jungle.de\\\/wp-content\\\/uploads\\\/2023\\\/05\\\/IB-e1683482509794.png\"},{\"@type\":\"BreadcrumbList\",\"@id\":\"https:\\\/\\\/career-jungle.de\\\/unternehmen\\\/internationaler-bund\\\/#breadcrumb\",\"itemListElement\":[{\"@type\":\"ListItem\",\"position\":1,\"name\":\"Startseite\",\"item\":\"https:\\\/\\\/career-jungle.de\\\/\"},{\"@type\":\"ListItem\",\"position\":2,\"name\":\"Unternehmen\",\"item\":\"https:\\\/\\\/career-jungle.de\\\/unternehmen\\\/\"},{\"@type\":\"ListItem\",\"position\":3,\"name\":\"Internationaler Bund\"}]},{\"@type\":\"WebSite\",\"@id\":\"https:\\\/\\\/career-jungle.de\\\/#website\",\"url\":\"https:\\\/\\\/career-jungle.de\\\/\",\"name\":\"Career Day\",\"description\":\"Welcome to the jungle\",\"publisher\":{\"@id\":\"https:\\\/\\\/career-jungle.de\\\/#organization\"},\"potentialAction\":[{\"@type\":\"SearchAction\",\"target\":{\"@type\":\"EntryPoint\",\"urlTemplate\":\"https:\\\/\\\/career-jungle.de\\\/?s={search_term_string}\"},\"query-input\":{\"@type\":\"PropertyValueSpecification\",\"valueRequired\":true,\"valueName\":\"search_term_string\"}}],\"inLanguage\":\"en-US\"},{\"@type\":\"Organization\",\"@id\":\"https:\\\/\\\/career-jungle.de\\\/#organization\",\"name\":\"Career Day\",\"url\":\"https:\\\/\\\/career-jungle.de\\\/\",\"logo\":{\"@type\":\"ImageObject\",\"inLanguage\":\"en-US\",\"@id\":\"https:\\\/\\\/career-jungle.de\\\/#\\\/schema\\\/logo\\\/image\\\/\",\"url\":\"https:\\\/\\\/career-jungle.de\\\/wp-content\\\/uploads\\\/2023\\\/04\\\/2026_CareerDayLogo_Pfad_Kontur_blau.png\",\"contentUrl\":\"https:\\\/\\\/career-jungle.de\\\/wp-content\\\/uploads\\\/2023\\\/04\\\/2026_CareerDayLogo_Pfad_Kontur_blau.png\",\"width\":872,\"height\":272,\"caption\":\"Career Day\"},\"image\":{\"@id\":\"https:\\\/\\\/career-jungle.de\\\/#\\\/schema\\\/logo\\\/image\\\/\"}}]}<\/script>\n<!-- \/ Yoast SEO plugin. -->","yoast_head_json":{"title":"Internationaler Bund - Career Day","robots":{"index":"index","follow":"follow","max-snippet":"max-snippet:-1","max-image-preview":"max-image-preview:large","max-video-preview":"max-video-preview:-1"},"canonical":"https:\/\/career-jungle.de\/en\/company\/internationaler-bund\/","og_locale":"en_US","og_type":"article","og_title":"Internationaler Bund - Career Day","og_description":"INTERNATIONALER BUND IB BILDUNGSCAMPUS T\u00dcBINGEN &amp; REUTLINGENFinde deinen Weg. Am IB Bildungscampus f\u00fcr Gesundheit &amp; Soziales in T\u00fcbingen ist der NameProgramm: Wir bieten verschiedene Bildungsg\u00e4nge im Bereich des Gesundheit- und Sozialwesen, bei dem f\u00fcr jede*n das Richtige dabei ist. Egal ob du dein Abitur mit Schwerpunkt Gesundheitsmanagement oder Sozialwissenschaften machen, unsereFachschulen f\u00fcr Kinderpflege oder Heimerziehung [&hellip;]","og_url":"https:\/\/career-jungle.de\/en\/company\/internationaler-bund\/","og_site_name":"Career Day","article_modified_time":"2023-05-07T18:09:55+00:00","og_image":[{"url":"https:\/\/career-jungle.de\/wp-content\/uploads\/2023\/05\/IB-e1683482509794.png","type":"","width":"","height":""}],"twitter_card":"summary_large_image","twitter_misc":{"Est. reading time":"2 minutes"},"schema":{"@context":"https:\/\/schema.org","@graph":[{"@type":"WebPage","@id":"https:\/\/career-jungle.de\/unternehmen\/internationaler-bund\/","url":"https:\/\/career-jungle.de\/unternehmen\/internationaler-bund\/","name":"Internationaler Bund - Career Day","isPartOf":{"@id":"https:\/\/career-jungle.de\/#website"},"primaryImageOfPage":{"@id":"https:\/\/career-jungle.de\/unternehmen\/internationaler-bund\/#primaryimage"},"image":{"@id":"https:\/\/career-jungle.de\/unternehmen\/internationaler-bund\/#primaryimage"},"thumbnailUrl":"https:\/\/career-jungle.de\/wp-content\/uploads\/2023\/05\/IB-e1683482509794.png","datePublished":"2023-05-07T17:52:19+00:00","dateModified":"2023-05-07T18:09:55+00:00","breadcrumb":{"@id":"https:\/\/career-jungle.de\/unternehmen\/internationaler-bund\/#breadcrumb"},"inLanguage":"en-US","potentialAction":[{"@type":"ReadAction","target":["https:\/\/career-jungle.de\/unternehmen\/internationaler-bund\/"]}]},{"@type":"ImageObject","inLanguage":"en-US","@id":"https:\/\/career-jungle.de\/unternehmen\/internationaler-bund\/#primaryimage","url":"https:\/\/career-jungle.de\/wp-content\/uploads\/2023\/05\/IB-e1683482509794.png","contentUrl":"https:\/\/career-jungle.de\/wp-content\/uploads\/2023\/05\/IB-e1683482509794.png"},{"@type":"BreadcrumbList","@id":"https:\/\/career-jungle.de\/unternehmen\/internationaler-bund\/#breadcrumb","itemListElement":[{"@type":"ListItem","position":1,"name":"Startseite","item":"https:\/\/career-jungle.de\/"},{"@type":"ListItem","position":2,"name":"Unternehmen","item":"https:\/\/career-jungle.de\/unternehmen\/"},{"@type":"ListItem","position":3,"name":"Internationaler Bund"}]},{"@type":"WebSite","@id":"https:\/\/career-jungle.de\/#website","url":"https:\/\/career-jungle.de\/","name":"Career Day","description":"Welcome to the jungle","publisher":{"@id":"https:\/\/career-jungle.de\/#organization"},"potentialAction":[{"@type":"SearchAction","target":{"@type":"EntryPoint","urlTemplate":"https:\/\/career-jungle.de\/?s={search_term_string}"},"query-input":{"@type":"PropertyValueSpecification","valueRequired":true,"valueName":"search_term_string"}}],"inLanguage":"en-US"},{"@type":"Organization","@id":"https:\/\/career-jungle.de\/#organization","name":"Career Day","url":"https:\/\/career-jungle.de\/","logo":{"@type":"ImageObject","inLanguage":"en-US","@id":"https:\/\/career-jungle.de\/#\/schema\/logo\/image\/","url":"https:\/\/career-jungle.de\/wp-content\/uploads\/2023\/04\/2026_CareerDayLogo_Pfad_Kontur_blau.png","contentUrl":"https:\/\/career-jungle.de\/wp-content\/uploads\/2023\/04\/2026_CareerDayLogo_Pfad_Kontur_blau.png","width":872,"height":272,"caption":"Career Day"},"image":{"@id":"https:\/\/career-jungle.de\/#\/schema\/logo\/image\/"}}]}},"_links":{"self":[{"href":"https:\/\/career-jungle.de\/en\/wp-json\/wp\/v2\/pages\/2097","targetHints":{"allow":["GET"]}}],"collection":[{"href":"https:\/\/career-jungle.de\/en\/wp-json\/wp\/v2\/pages"}],"about":[{"href":"https:\/\/career-jungle.de\/en\/wp-json\/wp\/v2\/types\/page"}],"author":[{"embeddable":true,"href":"https:\/\/career-jungle.de\/en\/wp-json\/wp\/v2\/users\/3"}],"replies":[{"embeddable":true,"href":"https:\/\/career-jungle.de\/en\/wp-json\/wp\/v2\/comments?post=2097"}],"version-history":[{"count":5,"href":"https:\/\/career-jungle.de\/en\/wp-json\/wp\/v2\/pages\/2097\/revisions"}],"predecessor-version":[{"id":2128,"href":"https:\/\/career-jungle.de\/en\/wp-json\/wp\/v2\/pages\/2097\/revisions\/2128"}],"up":[{"embeddable":true,"href":"https:\/\/career-jungle.de\/en\/wp-json\/wp\/v2\/pages\/322"}],"wp:attachment":[{"href":"https:\/\/career-jungle.de\/en\/wp-json\/wp\/v2\/media?parent=2097"}],"curies":[{"name":"WordPress","href":"https:\/\/api.w.org\/{rel}","templated":true}]}}