{"id":1942,"date":"2023-05-05T15:40:03","date_gmt":"2023-05-05T15:40:03","guid":{"rendered":"https:\/\/career-jungle.de\/?page_id=1942"},"modified":"2023-05-05T15:42:07","modified_gmt":"2023-05-05T15:42:07","slug":"cht","status":"publish","type":"page","link":"https:\/\/career-jungle.de\/en\/unternehmen\/cht\/","title":{"rendered":"CHT"},"content":{"rendered":"<div data-elementor-type=\"wp-page\" data-elementor-id=\"1942\" class=\"elementor elementor-1942\" data-elementor-post-type=\"page\">\n\t\t\t\t\t\t<section class=\"elementor-section elementor-top-section elementor-element elementor-element-ef0d9c2 elementor-section-boxed elementor-section-height-default elementor-section-height-default\" data-id=\"ef0d9c2\" data-element_type=\"section\" data-e-type=\"section\">\n\t\t\t\t\t\t<div class=\"elementor-container elementor-column-gap-default\">\n\t\t\t\t\t<div class=\"elementor-column elementor-col-100 elementor-top-column elementor-element elementor-element-f2c0dfa\" data-id=\"f2c0dfa\" data-element_type=\"column\" data-e-type=\"column\">\n\t\t\t<div class=\"elementor-widget-wrap elementor-element-populated\">\n\t\t\t\t\t\t<div class=\"elementor-element elementor-element-2d05617 elementor-widget elementor-widget-spacer\" data-id=\"2d05617\" data-element_type=\"widget\" data-e-type=\"widget\" data-widget_type=\"spacer.default\">\n\t\t\t\t<div class=\"elementor-widget-container\">\n\t\t\t\t\t\t\t<div class=\"elementor-spacer\">\n\t\t\t<div class=\"elementor-spacer-inner\"><\/div>\n\t\t<\/div>\n\t\t\t\t\t\t<\/div>\n\t\t\t\t<\/div>\n\t\t\t\t\t<\/div>\n\t\t<\/div>\n\t\t\t\t\t<\/div>\n\t\t<\/section>\n\t\t\t\t<section class=\"elementor-section elementor-top-section elementor-element elementor-element-0a637de elementor-section-boxed elementor-section-height-default elementor-section-height-default\" data-id=\"0a637de\" data-element_type=\"section\" data-e-type=\"section\">\n\t\t\t\t\t\t<div class=\"elementor-container elementor-column-gap-default\">\n\t\t\t\t\t<div class=\"elementor-column elementor-col-100 elementor-top-column elementor-element elementor-element-9c69a9d\" data-id=\"9c69a9d\" data-element_type=\"column\" data-e-type=\"column\">\n\t\t\t<div class=\"elementor-widget-wrap elementor-element-populated\">\n\t\t\t\t\t\t<section class=\"elementor-section elementor-inner-section elementor-element elementor-element-1457e29 elementor-section-boxed elementor-section-height-default elementor-section-height-default\" data-id=\"1457e29\" data-element_type=\"section\" data-e-type=\"section\">\n\t\t\t\t\t\t<div class=\"elementor-container elementor-column-gap-default\">\n\t\t\t\t\t<div class=\"elementor-column elementor-col-50 elementor-inner-column elementor-element elementor-element-74f5620\" data-id=\"74f5620\" data-element_type=\"column\" data-e-type=\"column\">\n\t\t\t<div class=\"elementor-widget-wrap elementor-element-populated\">\n\t\t\t\t\t\t<div class=\"elementor-element elementor-element-366441a elementor-widget__width-initial elementor-widget elementor-widget-image\" data-id=\"366441a\" data-element_type=\"widget\" data-e-type=\"widget\" data-widget_type=\"image.default\">\n\t\t\t\t<div class=\"elementor-widget-container\">\n\t\t\t\t\t\t\t\t\t\t\t\t\t\t\t\t<a href=\"https:\/\/career-germany.cht.com\/\" target=\"_blank\">\n\t\t\t\t\t\t\t<img fetchpriority=\"high\" decoding=\"async\" width=\"800\" height=\"402\" src=\"https:\/\/career-jungle.de\/wp-content\/uploads\/2023\/05\/CHTClaim_rot_rgb-1024x514.jpg\" class=\"attachment-large size-large wp-image-1944\" alt=\"\" srcset=\"https:\/\/career-jungle.de\/wp-content\/uploads\/2023\/05\/CHTClaim_rot_rgb-1024x514.jpg 1024w, https:\/\/career-jungle.de\/wp-content\/uploads\/2023\/05\/CHTClaim_rot_rgb-300x151.jpg 300w, https:\/\/career-jungle.de\/wp-content\/uploads\/2023\/05\/CHTClaim_rot_rgb-768x385.jpg 768w, https:\/\/career-jungle.de\/wp-content\/uploads\/2023\/05\/CHTClaim_rot_rgb-1536x771.jpg 1536w, https:\/\/career-jungle.de\/wp-content\/uploads\/2023\/05\/CHTClaim_rot_rgb-2048x1028.jpg 2048w\" sizes=\"(max-width: 800px) 100vw, 800px\" \/>\t\t\t\t\t\t\t\t<\/a>\n\t\t\t\t\t\t\t\t\t\t\t\t\t\t\t<\/div>\n\t\t\t\t<\/div>\n\t\t\t\t\t<\/div>\n\t\t<\/div>\n\t\t\t\t<div class=\"elementor-column elementor-col-50 elementor-inner-column elementor-element elementor-element-36369c8\" data-id=\"36369c8\" data-element_type=\"column\" data-e-type=\"column\">\n\t\t\t<div class=\"elementor-widget-wrap elementor-element-populated\">\n\t\t\t\t\t\t<div class=\"elementor-element elementor-element-e6f5ae7 elementor-widget elementor-widget-text-editor\" data-id=\"e6f5ae7\" data-element_type=\"widget\" data-e-type=\"widget\" data-widget_type=\"text-editor.default\">\n\t\t\t\t<div class=\"elementor-widget-container\">\n\t\t\t\t\t\t\t\t\t<p><b>FIRMENPROFIL CHT<\/b><\/p>\n<p>Sneakers, Kosmetik, Klamotten, Flugzeuge, Uniformen, Taschent\u00fccher, Beton.&nbsp;<\/p>\n<p>Was haben diese Produkte gemeinsam? Bei uns findest Du die Antwort!&nbsp;<\/p>\n<p>Als erfolgreich t\u00e4tiges internationales Chemie-Unternehmen mit Sitz in T\u00fcbingen entwickeln, produzieren und vertreiben wir Produkte f\u00fcr die unterschiedlichsten Branchen. Unsere Produkte sind in allen genannten Beispielen enthalten.&nbsp;<\/p>\n<p>\u201eSmart Chemistry with Character\u201c \u2013 unser Anspruch in der CHT. Daneben werden unsere Werte, wie Respekt, Verantwortung, Zuverl\u00e4ssigkeit, Glaubw\u00fcrdigkeit, Engagement und Mut, bei uns nicht nur GRO\u00df geschrieben, sondern auch gelebt!&nbsp;<\/p>\n<p>Wir besch\u00e4ftigen weltweit ca. 2.400 Mitarbeitende und sind auf jedem Kontinent vertreten. An unseren Standorten in Deutschland (T\u00fcbingen, Du\u00dflingen, Oyten, Geretsried und Kirchberg) arbeiten insgesamt ca. 900 Mitarbeitende an innovativen und kundenorientierten L\u00f6sungen. <\/p>\n<p><\/p>\n<p><b><br><\/b><\/p><p><b>MORE INFO:<\/b><br><a href=\"https:\/\/career-germany.cht.com\/\" target=\"_blank\" rel=\"noopener\">https:\/\/career-germany.cht.com\/<\/a><\/p><p><br><\/p>\n<p><\/p>\t\t\t\t\t\t\t\t<\/div>\n\t\t\t\t<\/div>\n\t\t\t\t<div class=\"elementor-element elementor-element-e515417 elementor-align-left elementor-widget elementor-widget-button\" data-id=\"e515417\" data-element_type=\"widget\" data-e-type=\"widget\" data-widget_type=\"button.default\">\n\t\t\t\t<div class=\"elementor-widget-container\">\n\t\t\t\t\t\t\t\t\t<div class=\"elementor-button-wrapper\">\n\t\t\t\t\t<a class=\"elementor-button elementor-button-link elementor-size-sm\" href=\"https:\/\/career-jungle.de\/en\/company\/\">\n\t\t\t\t\t\t<span class=\"elementor-button-content-wrapper\">\n\t\t\t\t\t\t\t\t\t<span class=\"elementor-button-text\">back to overview<\/span>\n\t\t\t\t\t<\/span>\n\t\t\t\t\t<\/a>\n\t\t\t\t<\/div>\n\t\t\t\t\t\t\t\t<\/div>\n\t\t\t\t<\/div>\n\t\t\t\t\t<\/div>\n\t\t<\/div>\n\t\t\t\t\t<\/div>\n\t\t<\/section>\n\t\t\t\t\t<\/div>\n\t\t<\/div>\n\t\t\t\t\t<\/div>\n\t\t<\/section>\n\t\t\t\t<section class=\"elementor-section elementor-top-section elementor-element elementor-element-2cebb18 elementor-section-boxed elementor-section-height-default elementor-section-height-default\" data-id=\"2cebb18\" data-element_type=\"section\" data-e-type=\"section\">\n\t\t\t\t\t\t<div class=\"elementor-container elementor-column-gap-default\">\n\t\t\t\t\t<div class=\"elementor-column elementor-col-100 elementor-top-column elementor-element elementor-element-5e197ad\" data-id=\"5e197ad\" data-element_type=\"column\" data-e-type=\"column\">\n\t\t\t<div class=\"elementor-widget-wrap elementor-element-populated\">\n\t\t\t\t\t\t<div class=\"elementor-element elementor-element-57cb2c9 elementor-widget elementor-widget-spacer\" data-id=\"57cb2c9\" data-element_type=\"widget\" data-e-type=\"widget\" data-widget_type=\"spacer.default\">\n\t\t\t\t<div class=\"elementor-widget-container\">\n\t\t\t\t\t\t\t<div class=\"elementor-spacer\">\n\t\t\t<div class=\"elementor-spacer-inner\"><\/div>\n\t\t<\/div>\n\t\t\t\t\t\t<\/div>\n\t\t\t\t<\/div>\n\t\t\t\t\t<\/div>\n\t\t<\/div>\n\t\t\t\t\t<\/div>\n\t\t<\/section>\n\t\t\t\t<\/div>","protected":false},"excerpt":{"rendered":"<p>FIRMENPROFIL CHT Sneakers, Kosmetik, Klamotten, Flugzeuge, Uniformen, Taschent\u00fccher, Beton.&nbsp; Was haben diese Produkte gemeinsam? Bei uns findest Du die Antwort!&nbsp; Als erfolgreich t\u00e4tiges internationales Chemie-Unternehmen mit Sitz in T\u00fcbingen entwickeln, produzieren und vertreiben wir Produkte f\u00fcr die unterschiedlichsten Branchen. Unsere Produkte sind in allen genannten Beispielen enthalten.&nbsp; \u201eSmart Chemistry with Character\u201c \u2013 unser Anspruch in [&hellip;]<\/p>\n","protected":false},"author":1,"featured_media":0,"parent":322,"menu_order":0,"comment_status":"closed","ping_status":"closed","template":"elementor_header_footer","meta":{"inline_featured_image":false,"footnotes":""},"class_list":["post-1942","page","type-page","status-publish","hentry"],"yoast_head":"<!-- This site is optimized with the Yoast SEO plugin v27.3 - https:\/\/yoast.com\/product\/yoast-seo-wordpress\/ -->\n<title>CHT - Career Day<\/title>\n<meta name=\"robots\" content=\"index, follow, max-snippet:-1, max-image-preview:large, max-video-preview:-1\" \/>\n<link rel=\"canonical\" href=\"https:\/\/career-jungle.de\/en\/company\/cht\/\" \/>\n<meta property=\"og:locale\" content=\"en_US\" \/>\n<meta property=\"og:type\" content=\"article\" \/>\n<meta property=\"og:title\" content=\"CHT - Career Day\" \/>\n<meta property=\"og:description\" content=\"FIRMENPROFIL CHT Sneakers, Kosmetik, Klamotten, Flugzeuge, Uniformen, Taschent\u00fccher, Beton.&nbsp; Was haben diese Produkte gemeinsam? Bei uns findest Du die Antwort!&nbsp; Als erfolgreich t\u00e4tiges internationales Chemie-Unternehmen mit Sitz in T\u00fcbingen entwickeln, produzieren und vertreiben wir Produkte f\u00fcr die unterschiedlichsten Branchen. Unsere Produkte sind in allen genannten Beispielen enthalten.&nbsp; \u201eSmart Chemistry with Character\u201c \u2013 unser Anspruch in [&hellip;]\" \/>\n<meta property=\"og:url\" content=\"https:\/\/career-jungle.de\/en\/company\/cht\/\" \/>\n<meta property=\"og:site_name\" content=\"Career Day\" \/>\n<meta property=\"article:modified_time\" content=\"2023-05-05T15:42:07+00:00\" \/>\n<meta property=\"og:image\" content=\"https:\/\/career-jungle.de\/wp-content\/uploads\/2023\/05\/CHTClaim_rot_rgb-1024x514.jpg\" \/>\n<meta name=\"twitter:card\" content=\"summary_large_image\" \/>\n<meta name=\"twitter:label1\" content=\"Est. reading time\" \/>\n\t<meta name=\"twitter:data1\" content=\"1 minute\" \/>\n<script type=\"application\/ld+json\" class=\"yoast-schema-graph\">{\"@context\":\"https:\\\/\\\/schema.org\",\"@graph\":[{\"@type\":\"WebPage\",\"@id\":\"https:\\\/\\\/career-jungle.de\\\/unternehmen\\\/cht\\\/\",\"url\":\"https:\\\/\\\/career-jungle.de\\\/unternehmen\\\/cht\\\/\",\"name\":\"CHT - Career Day\",\"isPartOf\":{\"@id\":\"https:\\\/\\\/career-jungle.de\\\/#website\"},\"primaryImageOfPage\":{\"@id\":\"https:\\\/\\\/career-jungle.de\\\/unternehmen\\\/cht\\\/#primaryimage\"},\"image\":{\"@id\":\"https:\\\/\\\/career-jungle.de\\\/unternehmen\\\/cht\\\/#primaryimage\"},\"thumbnailUrl\":\"https:\\\/\\\/career-jungle.de\\\/wp-content\\\/uploads\\\/2023\\\/05\\\/CHTClaim_rot_rgb-1024x514.jpg\",\"datePublished\":\"2023-05-05T15:40:03+00:00\",\"dateModified\":\"2023-05-05T15:42:07+00:00\",\"breadcrumb\":{\"@id\":\"https:\\\/\\\/career-jungle.de\\\/unternehmen\\\/cht\\\/#breadcrumb\"},\"inLanguage\":\"en-US\",\"potentialAction\":[{\"@type\":\"ReadAction\",\"target\":[\"https:\\\/\\\/career-jungle.de\\\/unternehmen\\\/cht\\\/\"]}]},{\"@type\":\"ImageObject\",\"inLanguage\":\"en-US\",\"@id\":\"https:\\\/\\\/career-jungle.de\\\/unternehmen\\\/cht\\\/#primaryimage\",\"url\":\"https:\\\/\\\/career-jungle.de\\\/wp-content\\\/uploads\\\/2023\\\/05\\\/CHTClaim_rot_rgb-1024x514.jpg\",\"contentUrl\":\"https:\\\/\\\/career-jungle.de\\\/wp-content\\\/uploads\\\/2023\\\/05\\\/CHTClaim_rot_rgb-1024x514.jpg\"},{\"@type\":\"BreadcrumbList\",\"@id\":\"https:\\\/\\\/career-jungle.de\\\/unternehmen\\\/cht\\\/#breadcrumb\",\"itemListElement\":[{\"@type\":\"ListItem\",\"position\":1,\"name\":\"Startseite\",\"item\":\"https:\\\/\\\/career-jungle.de\\\/\"},{\"@type\":\"ListItem\",\"position\":2,\"name\":\"Unternehmen\",\"item\":\"https:\\\/\\\/career-jungle.de\\\/unternehmen\\\/\"},{\"@type\":\"ListItem\",\"position\":3,\"name\":\"CHT\"}]},{\"@type\":\"WebSite\",\"@id\":\"https:\\\/\\\/career-jungle.de\\\/#website\",\"url\":\"https:\\\/\\\/career-jungle.de\\\/\",\"name\":\"Career Day\",\"description\":\"Welcome to the jungle\",\"publisher\":{\"@id\":\"https:\\\/\\\/career-jungle.de\\\/#organization\"},\"potentialAction\":[{\"@type\":\"SearchAction\",\"target\":{\"@type\":\"EntryPoint\",\"urlTemplate\":\"https:\\\/\\\/career-jungle.de\\\/?s={search_term_string}\"},\"query-input\":{\"@type\":\"PropertyValueSpecification\",\"valueRequired\":true,\"valueName\":\"search_term_string\"}}],\"inLanguage\":\"en-US\"},{\"@type\":\"Organization\",\"@id\":\"https:\\\/\\\/career-jungle.de\\\/#organization\",\"name\":\"Career Day\",\"url\":\"https:\\\/\\\/career-jungle.de\\\/\",\"logo\":{\"@type\":\"ImageObject\",\"inLanguage\":\"en-US\",\"@id\":\"https:\\\/\\\/career-jungle.de\\\/#\\\/schema\\\/logo\\\/image\\\/\",\"url\":\"https:\\\/\\\/career-jungle.de\\\/wp-content\\\/uploads\\\/2023\\\/04\\\/2026_CareerDayLogo_Pfad_Kontur_blau.png\",\"contentUrl\":\"https:\\\/\\\/career-jungle.de\\\/wp-content\\\/uploads\\\/2023\\\/04\\\/2026_CareerDayLogo_Pfad_Kontur_blau.png\",\"width\":872,\"height\":272,\"caption\":\"Career Day\"},\"image\":{\"@id\":\"https:\\\/\\\/career-jungle.de\\\/#\\\/schema\\\/logo\\\/image\\\/\"}}]}<\/script>\n<!-- \/ Yoast SEO plugin. -->","yoast_head_json":{"title":"CHT - Career Day","robots":{"index":"index","follow":"follow","max-snippet":"max-snippet:-1","max-image-preview":"max-image-preview:large","max-video-preview":"max-video-preview:-1"},"canonical":"https:\/\/career-jungle.de\/en\/company\/cht\/","og_locale":"en_US","og_type":"article","og_title":"CHT - Career Day","og_description":"FIRMENPROFIL CHT Sneakers, Kosmetik, Klamotten, Flugzeuge, Uniformen, Taschent\u00fccher, Beton.&nbsp; Was haben diese Produkte gemeinsam? Bei uns findest Du die Antwort!&nbsp; Als erfolgreich t\u00e4tiges internationales Chemie-Unternehmen mit Sitz in T\u00fcbingen entwickeln, produzieren und vertreiben wir Produkte f\u00fcr die unterschiedlichsten Branchen. Unsere Produkte sind in allen genannten Beispielen enthalten.&nbsp; \u201eSmart Chemistry with Character\u201c \u2013 unser Anspruch in [&hellip;]","og_url":"https:\/\/career-jungle.de\/en\/company\/cht\/","og_site_name":"Career Day","article_modified_time":"2023-05-05T15:42:07+00:00","og_image":[{"url":"https:\/\/career-jungle.de\/wp-content\/uploads\/2023\/05\/CHTClaim_rot_rgb-1024x514.jpg","type":"","width":"","height":""}],"twitter_card":"summary_large_image","twitter_misc":{"Est. reading time":"1 minute"},"schema":{"@context":"https:\/\/schema.org","@graph":[{"@type":"WebPage","@id":"https:\/\/career-jungle.de\/unternehmen\/cht\/","url":"https:\/\/career-jungle.de\/unternehmen\/cht\/","name":"CHT - Career Day","isPartOf":{"@id":"https:\/\/career-jungle.de\/#website"},"primaryImageOfPage":{"@id":"https:\/\/career-jungle.de\/unternehmen\/cht\/#primaryimage"},"image":{"@id":"https:\/\/career-jungle.de\/unternehmen\/cht\/#primaryimage"},"thumbnailUrl":"https:\/\/career-jungle.de\/wp-content\/uploads\/2023\/05\/CHTClaim_rot_rgb-1024x514.jpg","datePublished":"2023-05-05T15:40:03+00:00","dateModified":"2023-05-05T15:42:07+00:00","breadcrumb":{"@id":"https:\/\/career-jungle.de\/unternehmen\/cht\/#breadcrumb"},"inLanguage":"en-US","potentialAction":[{"@type":"ReadAction","target":["https:\/\/career-jungle.de\/unternehmen\/cht\/"]}]},{"@type":"ImageObject","inLanguage":"en-US","@id":"https:\/\/career-jungle.de\/unternehmen\/cht\/#primaryimage","url":"https:\/\/career-jungle.de\/wp-content\/uploads\/2023\/05\/CHTClaim_rot_rgb-1024x514.jpg","contentUrl":"https:\/\/career-jungle.de\/wp-content\/uploads\/2023\/05\/CHTClaim_rot_rgb-1024x514.jpg"},{"@type":"BreadcrumbList","@id":"https:\/\/career-jungle.de\/unternehmen\/cht\/#breadcrumb","itemListElement":[{"@type":"ListItem","position":1,"name":"Startseite","item":"https:\/\/career-jungle.de\/"},{"@type":"ListItem","position":2,"name":"Unternehmen","item":"https:\/\/career-jungle.de\/unternehmen\/"},{"@type":"ListItem","position":3,"name":"CHT"}]},{"@type":"WebSite","@id":"https:\/\/career-jungle.de\/#website","url":"https:\/\/career-jungle.de\/","name":"Career Day","description":"Welcome to the jungle","publisher":{"@id":"https:\/\/career-jungle.de\/#organization"},"potentialAction":[{"@type":"SearchAction","target":{"@type":"EntryPoint","urlTemplate":"https:\/\/career-jungle.de\/?s={search_term_string}"},"query-input":{"@type":"PropertyValueSpecification","valueRequired":true,"valueName":"search_term_string"}}],"inLanguage":"en-US"},{"@type":"Organization","@id":"https:\/\/career-jungle.de\/#organization","name":"Career Day","url":"https:\/\/career-jungle.de\/","logo":{"@type":"ImageObject","inLanguage":"en-US","@id":"https:\/\/career-jungle.de\/#\/schema\/logo\/image\/","url":"https:\/\/career-jungle.de\/wp-content\/uploads\/2023\/04\/2026_CareerDayLogo_Pfad_Kontur_blau.png","contentUrl":"https:\/\/career-jungle.de\/wp-content\/uploads\/2023\/04\/2026_CareerDayLogo_Pfad_Kontur_blau.png","width":872,"height":272,"caption":"Career Day"},"image":{"@id":"https:\/\/career-jungle.de\/#\/schema\/logo\/image\/"}}]}},"_links":{"self":[{"href":"https:\/\/career-jungle.de\/en\/wp-json\/wp\/v2\/pages\/1942","targetHints":{"allow":["GET"]}}],"collection":[{"href":"https:\/\/career-jungle.de\/en\/wp-json\/wp\/v2\/pages"}],"about":[{"href":"https:\/\/career-jungle.de\/en\/wp-json\/wp\/v2\/types\/page"}],"author":[{"embeddable":true,"href":"https:\/\/career-jungle.de\/en\/wp-json\/wp\/v2\/users\/1"}],"replies":[{"embeddable":true,"href":"https:\/\/career-jungle.de\/en\/wp-json\/wp\/v2\/comments?post=1942"}],"version-history":[{"count":5,"href":"https:\/\/career-jungle.de\/en\/wp-json\/wp\/v2\/pages\/1942\/revisions"}],"predecessor-version":[{"id":1951,"href":"https:\/\/career-jungle.de\/en\/wp-json\/wp\/v2\/pages\/1942\/revisions\/1951"}],"up":[{"embeddable":true,"href":"https:\/\/career-jungle.de\/en\/wp-json\/wp\/v2\/pages\/322"}],"wp:attachment":[{"href":"https:\/\/career-jungle.de\/en\/wp-json\/wp\/v2\/media?parent=1942"}],"curies":[{"name":"WordPress","href":"https:\/\/api.w.org\/{rel}","templated":true}]}}