{"id":1941,"date":"2023-05-05T15:42:12","date_gmt":"2023-05-05T15:42:12","guid":{"rendered":"https:\/\/career-jungle.de\/?page_id=1941"},"modified":"2023-05-05T15:53:54","modified_gmt":"2023-05-05T15:53:54","slug":"curevac","status":"publish","type":"page","link":"https:\/\/career-jungle.de\/en\/unternehmen\/curevac\/","title":{"rendered":"Curevac"},"content":{"rendered":"<div data-elementor-type=\"wp-page\" data-elementor-id=\"1941\" class=\"elementor elementor-1941\" data-elementor-post-type=\"page\">\n\t\t\t\t\t\t<section class=\"elementor-section elementor-top-section elementor-element elementor-element-9563351 elementor-section-boxed elementor-section-height-default elementor-section-height-default\" data-id=\"9563351\" data-element_type=\"section\" data-e-type=\"section\">\n\t\t\t\t\t\t<div class=\"elementor-container elementor-column-gap-default\">\n\t\t\t\t\t<div class=\"elementor-column elementor-col-100 elementor-top-column elementor-element elementor-element-a05899e\" data-id=\"a05899e\" data-element_type=\"column\" data-e-type=\"column\">\n\t\t\t<div class=\"elementor-widget-wrap elementor-element-populated\">\n\t\t\t\t\t\t<div class=\"elementor-element elementor-element-f5b8966 elementor-widget elementor-widget-spacer\" data-id=\"f5b8966\" data-element_type=\"widget\" data-e-type=\"widget\" data-widget_type=\"spacer.default\">\n\t\t\t\t<div class=\"elementor-widget-container\">\n\t\t\t\t\t\t\t<div class=\"elementor-spacer\">\n\t\t\t<div class=\"elementor-spacer-inner\"><\/div>\n\t\t<\/div>\n\t\t\t\t\t\t<\/div>\n\t\t\t\t<\/div>\n\t\t\t\t\t<\/div>\n\t\t<\/div>\n\t\t\t\t\t<\/div>\n\t\t<\/section>\n\t\t\t\t<section class=\"elementor-section elementor-top-section elementor-element elementor-element-ba5adaf elementor-section-boxed elementor-section-height-default elementor-section-height-default\" data-id=\"ba5adaf\" data-element_type=\"section\" data-e-type=\"section\">\n\t\t\t\t\t\t<div class=\"elementor-container elementor-column-gap-default\">\n\t\t\t\t\t<div class=\"elementor-column elementor-col-100 elementor-top-column elementor-element elementor-element-6d60666\" data-id=\"6d60666\" data-element_type=\"column\" data-e-type=\"column\">\n\t\t\t<div class=\"elementor-widget-wrap elementor-element-populated\">\n\t\t\t\t\t\t<section class=\"elementor-section elementor-inner-section elementor-element elementor-element-5bec531 elementor-section-boxed elementor-section-height-default elementor-section-height-default\" data-id=\"5bec531\" data-element_type=\"section\" data-e-type=\"section\">\n\t\t\t\t\t\t<div class=\"elementor-container elementor-column-gap-default\">\n\t\t\t\t\t<div class=\"elementor-column elementor-col-50 elementor-inner-column elementor-element elementor-element-0001d9c\" data-id=\"0001d9c\" data-element_type=\"column\" data-e-type=\"column\">\n\t\t\t<div class=\"elementor-widget-wrap elementor-element-populated\">\n\t\t\t\t\t\t<div class=\"elementor-element elementor-element-36e095a elementor-widget elementor-widget-image\" data-id=\"36e095a\" data-element_type=\"widget\" data-e-type=\"widget\" data-widget_type=\"image.default\">\n\t\t\t\t<div class=\"elementor-widget-container\">\n\t\t\t\t\t\t\t\t\t\t\t\t\t\t\t\t<a href=\"http:\/\/www.curevac.com\" target=\"_blank\">\n\t\t\t\t\t\t\t<img fetchpriority=\"high\" decoding=\"async\" width=\"800\" height=\"280\" src=\"https:\/\/career-jungle.de\/wp-content\/uploads\/2023\/05\/CureVac_Logo_Farbig_Transparent-1024x358.png\" class=\"attachment-large size-large wp-image-1945\" alt=\"\" srcset=\"https:\/\/career-jungle.de\/wp-content\/uploads\/2023\/05\/CureVac_Logo_Farbig_Transparent-1024x358.png 1024w, https:\/\/career-jungle.de\/wp-content\/uploads\/2023\/05\/CureVac_Logo_Farbig_Transparent-300x105.png 300w, https:\/\/career-jungle.de\/wp-content\/uploads\/2023\/05\/CureVac_Logo_Farbig_Transparent-768x269.png 768w, https:\/\/career-jungle.de\/wp-content\/uploads\/2023\/05\/CureVac_Logo_Farbig_Transparent.png 1181w\" sizes=\"(max-width: 800px) 100vw, 800px\" \/>\t\t\t\t\t\t\t\t<\/a>\n\t\t\t\t\t\t\t\t\t\t\t\t\t\t\t<\/div>\n\t\t\t\t<\/div>\n\t\t\t\t\t<\/div>\n\t\t<\/div>\n\t\t\t\t<div class=\"elementor-column elementor-col-50 elementor-inner-column elementor-element elementor-element-2094dd3\" data-id=\"2094dd3\" data-element_type=\"column\" data-e-type=\"column\">\n\t\t\t<div class=\"elementor-widget-wrap elementor-element-populated\">\n\t\t\t\t\t\t<div class=\"elementor-element elementor-element-1a13eca elementor-widget elementor-widget-text-editor\" data-id=\"1a13eca\" data-element_type=\"widget\" data-e-type=\"widget\" data-widget_type=\"text-editor.default\">\n\t\t\t\t<div class=\"elementor-widget-container\">\n\t\t\t\t\t\t\t\t\t<p><b>WIR K\u00c4MPGEN F\u00dcR DIE GESUNDHEIT DER MENSCHEN &#8211; THE RNA PEOPLE<\/b><\/p><p><span style=\"font-weight: 400;\">Es sind unsere Mitarbeiter, die uns zu dem machen, was wir sind: <\/span><\/p><p><span style=\"font-weight: 400;\">Ein erfolgreiches biopharmazeutisches Unternehmen auf dem Gebiet der mRNA-Technologie (Boten-RNA, von engl. messenger RNA) mit mehr als 20 Jahren Erfahrung in der Entwicklung und Optimierung dieses vielseitigen biologischen Molek\u00fcls f\u00fcr medizinische Zwecke, um das Leben von Menschen zu sch\u00fctzen und zu verbessern. Wir widmen uns der Nutzung von optimierter mRNA als Datentr\u00e4ger, um dem K\u00f6rper zu erm\u00f6glichen, seine eigenen prophylaktischen und therapeutischen Medikamente herzustellen. Wir fokussieren uns dabei auf drei Bereiche: Prophylaktische Impfstoffe, Krebsimmuntherapien und molekulare Therapien.<\/span><\/p><p><span style=\"font-weight: 400;\">Seit August 2020 sind wir an der New Yorker US-Technologieb\u00f6rse Nasdaq notiert (&#8222;CVAC&#8220;). Das Unternehmen hat seinen Hauptsitz in T\u00fcbingen, Deutschland, und besch\u00e4ftigt mehr als 1000 Mitarbeiter an seinen Standorten.\u00a0<\/span><\/p><p><span style=\"font-weight: 400;\">Arbeiten bei CureVac hei\u00dft, f\u00fcr die RNA-Technologie zu brennen. In unserem Unternehmen steckt sehr viel Herzblut, Begeisterung und Kampfgeist.\u00a0<\/span><\/p><p><span style=\"font-weight: 400;\">\u00a0<\/span><\/p><p><b>WEITRE INFOS:<br \/><\/b><a href=\"https:\/\/www.curevac.com\/\" target=\"_blank\" rel=\"noopener\"><span style=\"font-weight: 400;\">www.curevac.com<\/span><\/a><\/p><p><span style=\"font-weight: 400;\">\u00a0<\/span><\/p>\t\t\t\t\t\t\t\t<\/div>\n\t\t\t\t<\/div>\n\t\t\t\t<div class=\"elementor-element elementor-element-d7ed0dd elementor-align-left elementor-widget elementor-widget-button\" data-id=\"d7ed0dd\" data-element_type=\"widget\" data-e-type=\"widget\" data-widget_type=\"button.default\">\n\t\t\t\t<div class=\"elementor-widget-container\">\n\t\t\t\t\t\t\t\t\t<div class=\"elementor-button-wrapper\">\n\t\t\t\t\t<a class=\"elementor-button elementor-button-link elementor-size-sm\" href=\"https:\/\/career-jungle.de\/en\/company\/\">\n\t\t\t\t\t\t<span class=\"elementor-button-content-wrapper\">\n\t\t\t\t\t\t\t\t\t<span class=\"elementor-button-text\">back to overview<\/span>\n\t\t\t\t\t<\/span>\n\t\t\t\t\t<\/a>\n\t\t\t\t<\/div>\n\t\t\t\t\t\t\t\t<\/div>\n\t\t\t\t<\/div>\n\t\t\t\t\t<\/div>\n\t\t<\/div>\n\t\t\t\t\t<\/div>\n\t\t<\/section>\n\t\t\t\t\t<\/div>\n\t\t<\/div>\n\t\t\t\t\t<\/div>\n\t\t<\/section>\n\t\t\t\t<section class=\"elementor-section elementor-top-section elementor-element elementor-element-3126a0b elementor-section-boxed elementor-section-height-default elementor-section-height-default\" data-id=\"3126a0b\" data-element_type=\"section\" data-e-type=\"section\">\n\t\t\t\t\t\t<div class=\"elementor-container elementor-column-gap-default\">\n\t\t\t\t\t<div class=\"elementor-column elementor-col-100 elementor-top-column elementor-element elementor-element-3eaf5d4\" data-id=\"3eaf5d4\" data-element_type=\"column\" data-e-type=\"column\">\n\t\t\t<div class=\"elementor-widget-wrap elementor-element-populated\">\n\t\t\t\t\t\t<div class=\"elementor-element elementor-element-b5cef44 elementor-widget elementor-widget-spacer\" data-id=\"b5cef44\" data-element_type=\"widget\" data-e-type=\"widget\" data-widget_type=\"spacer.default\">\n\t\t\t\t<div class=\"elementor-widget-container\">\n\t\t\t\t\t\t\t<div class=\"elementor-spacer\">\n\t\t\t<div class=\"elementor-spacer-inner\"><\/div>\n\t\t<\/div>\n\t\t\t\t\t\t<\/div>\n\t\t\t\t<\/div>\n\t\t\t\t\t<\/div>\n\t\t<\/div>\n\t\t\t\t\t<\/div>\n\t\t<\/section>\n\t\t\t\t<\/div>","protected":false},"excerpt":{"rendered":"<p>WIR K\u00c4MPGEN F\u00dcR DIE GESUNDHEIT DER MENSCHEN &#8211; THE RNA PEOPLE Es sind unsere Mitarbeiter, die uns zu dem machen, was wir sind: Ein erfolgreiches biopharmazeutisches Unternehmen auf dem Gebiet der mRNA-Technologie (Boten-RNA, von engl. messenger RNA) mit mehr als 20 Jahren Erfahrung in der Entwicklung und Optimierung dieses vielseitigen biologischen Molek\u00fcls f\u00fcr medizinische Zwecke, [&hellip;]<\/p>\n","protected":false},"author":3,"featured_media":0,"parent":322,"menu_order":0,"comment_status":"closed","ping_status":"closed","template":"","meta":{"inline_featured_image":false,"footnotes":""},"class_list":["post-1941","page","type-page","status-publish","hentry"],"yoast_head":"<!-- This site is optimized with the Yoast SEO plugin v27.3 - https:\/\/yoast.com\/product\/yoast-seo-wordpress\/ -->\n<title>Curevac - Career Day<\/title>\n<meta name=\"robots\" content=\"index, follow, max-snippet:-1, max-image-preview:large, max-video-preview:-1\" \/>\n<link rel=\"canonical\" href=\"https:\/\/career-jungle.de\/en\/company\/curevac\/\" \/>\n<meta property=\"og:locale\" content=\"en_US\" \/>\n<meta property=\"og:type\" content=\"article\" \/>\n<meta property=\"og:title\" content=\"Curevac - Career Day\" \/>\n<meta property=\"og:description\" content=\"WIR K\u00c4MPGEN F\u00dcR DIE GESUNDHEIT DER MENSCHEN &#8211; THE RNA PEOPLE Es sind unsere Mitarbeiter, die uns zu dem machen, was wir sind: Ein erfolgreiches biopharmazeutisches Unternehmen auf dem Gebiet der mRNA-Technologie (Boten-RNA, von engl. messenger RNA) mit mehr als 20 Jahren Erfahrung in der Entwicklung und Optimierung dieses vielseitigen biologischen Molek\u00fcls f\u00fcr medizinische Zwecke, [&hellip;]\" \/>\n<meta property=\"og:url\" content=\"https:\/\/career-jungle.de\/en\/company\/curevac\/\" \/>\n<meta property=\"og:site_name\" content=\"Career Day\" \/>\n<meta property=\"article:modified_time\" content=\"2023-05-05T15:53:54+00:00\" \/>\n<meta property=\"og:image\" content=\"https:\/\/career-jungle.de\/wp-content\/uploads\/2023\/05\/CureVac_Logo_Farbig_Transparent-1024x358.png\" \/>\n<meta name=\"twitter:card\" content=\"summary_large_image\" \/>\n<meta name=\"twitter:label1\" content=\"Est. reading time\" \/>\n\t<meta name=\"twitter:data1\" content=\"1 minute\" \/>\n<script type=\"application\/ld+json\" class=\"yoast-schema-graph\">{\"@context\":\"https:\\\/\\\/schema.org\",\"@graph\":[{\"@type\":\"WebPage\",\"@id\":\"https:\\\/\\\/career-jungle.de\\\/unternehmen\\\/curevac\\\/\",\"url\":\"https:\\\/\\\/career-jungle.de\\\/unternehmen\\\/curevac\\\/\",\"name\":\"Curevac - Career Day\",\"isPartOf\":{\"@id\":\"https:\\\/\\\/career-jungle.de\\\/#website\"},\"primaryImageOfPage\":{\"@id\":\"https:\\\/\\\/career-jungle.de\\\/unternehmen\\\/curevac\\\/#primaryimage\"},\"image\":{\"@id\":\"https:\\\/\\\/career-jungle.de\\\/unternehmen\\\/curevac\\\/#primaryimage\"},\"thumbnailUrl\":\"https:\\\/\\\/career-jungle.de\\\/wp-content\\\/uploads\\\/2023\\\/05\\\/CureVac_Logo_Farbig_Transparent-1024x358.png\",\"datePublished\":\"2023-05-05T15:42:12+00:00\",\"dateModified\":\"2023-05-05T15:53:54+00:00\",\"breadcrumb\":{\"@id\":\"https:\\\/\\\/career-jungle.de\\\/unternehmen\\\/curevac\\\/#breadcrumb\"},\"inLanguage\":\"en-US\",\"potentialAction\":[{\"@type\":\"ReadAction\",\"target\":[\"https:\\\/\\\/career-jungle.de\\\/unternehmen\\\/curevac\\\/\"]}]},{\"@type\":\"ImageObject\",\"inLanguage\":\"en-US\",\"@id\":\"https:\\\/\\\/career-jungle.de\\\/unternehmen\\\/curevac\\\/#primaryimage\",\"url\":\"https:\\\/\\\/career-jungle.de\\\/wp-content\\\/uploads\\\/2023\\\/05\\\/CureVac_Logo_Farbig_Transparent-1024x358.png\",\"contentUrl\":\"https:\\\/\\\/career-jungle.de\\\/wp-content\\\/uploads\\\/2023\\\/05\\\/CureVac_Logo_Farbig_Transparent-1024x358.png\"},{\"@type\":\"BreadcrumbList\",\"@id\":\"https:\\\/\\\/career-jungle.de\\\/unternehmen\\\/curevac\\\/#breadcrumb\",\"itemListElement\":[{\"@type\":\"ListItem\",\"position\":1,\"name\":\"Startseite\",\"item\":\"https:\\\/\\\/career-jungle.de\\\/\"},{\"@type\":\"ListItem\",\"position\":2,\"name\":\"Unternehmen\",\"item\":\"https:\\\/\\\/career-jungle.de\\\/unternehmen\\\/\"},{\"@type\":\"ListItem\",\"position\":3,\"name\":\"Curevac\"}]},{\"@type\":\"WebSite\",\"@id\":\"https:\\\/\\\/career-jungle.de\\\/#website\",\"url\":\"https:\\\/\\\/career-jungle.de\\\/\",\"name\":\"Career Day\",\"description\":\"Welcome to the jungle\",\"publisher\":{\"@id\":\"https:\\\/\\\/career-jungle.de\\\/#organization\"},\"potentialAction\":[{\"@type\":\"SearchAction\",\"target\":{\"@type\":\"EntryPoint\",\"urlTemplate\":\"https:\\\/\\\/career-jungle.de\\\/?s={search_term_string}\"},\"query-input\":{\"@type\":\"PropertyValueSpecification\",\"valueRequired\":true,\"valueName\":\"search_term_string\"}}],\"inLanguage\":\"en-US\"},{\"@type\":\"Organization\",\"@id\":\"https:\\\/\\\/career-jungle.de\\\/#organization\",\"name\":\"Career Day\",\"url\":\"https:\\\/\\\/career-jungle.de\\\/\",\"logo\":{\"@type\":\"ImageObject\",\"inLanguage\":\"en-US\",\"@id\":\"https:\\\/\\\/career-jungle.de\\\/#\\\/schema\\\/logo\\\/image\\\/\",\"url\":\"https:\\\/\\\/career-jungle.de\\\/wp-content\\\/uploads\\\/2023\\\/04\\\/2026_CareerDayLogo_Pfad_Kontur_blau.png\",\"contentUrl\":\"https:\\\/\\\/career-jungle.de\\\/wp-content\\\/uploads\\\/2023\\\/04\\\/2026_CareerDayLogo_Pfad_Kontur_blau.png\",\"width\":872,\"height\":272,\"caption\":\"Career Day\"},\"image\":{\"@id\":\"https:\\\/\\\/career-jungle.de\\\/#\\\/schema\\\/logo\\\/image\\\/\"}}]}<\/script>\n<!-- \/ Yoast SEO plugin. -->","yoast_head_json":{"title":"Curevac - Career Day","robots":{"index":"index","follow":"follow","max-snippet":"max-snippet:-1","max-image-preview":"max-image-preview:large","max-video-preview":"max-video-preview:-1"},"canonical":"https:\/\/career-jungle.de\/en\/company\/curevac\/","og_locale":"en_US","og_type":"article","og_title":"Curevac - Career Day","og_description":"WIR K\u00c4MPGEN F\u00dcR DIE GESUNDHEIT DER MENSCHEN &#8211; THE RNA PEOPLE Es sind unsere Mitarbeiter, die uns zu dem machen, was wir sind: Ein erfolgreiches biopharmazeutisches Unternehmen auf dem Gebiet der mRNA-Technologie (Boten-RNA, von engl. messenger RNA) mit mehr als 20 Jahren Erfahrung in der Entwicklung und Optimierung dieses vielseitigen biologischen Molek\u00fcls f\u00fcr medizinische Zwecke, [&hellip;]","og_url":"https:\/\/career-jungle.de\/en\/company\/curevac\/","og_site_name":"Career Day","article_modified_time":"2023-05-05T15:53:54+00:00","og_image":[{"url":"https:\/\/career-jungle.de\/wp-content\/uploads\/2023\/05\/CureVac_Logo_Farbig_Transparent-1024x358.png","type":"","width":"","height":""}],"twitter_card":"summary_large_image","twitter_misc":{"Est. reading time":"1 minute"},"schema":{"@context":"https:\/\/schema.org","@graph":[{"@type":"WebPage","@id":"https:\/\/career-jungle.de\/unternehmen\/curevac\/","url":"https:\/\/career-jungle.de\/unternehmen\/curevac\/","name":"Curevac - Career Day","isPartOf":{"@id":"https:\/\/career-jungle.de\/#website"},"primaryImageOfPage":{"@id":"https:\/\/career-jungle.de\/unternehmen\/curevac\/#primaryimage"},"image":{"@id":"https:\/\/career-jungle.de\/unternehmen\/curevac\/#primaryimage"},"thumbnailUrl":"https:\/\/career-jungle.de\/wp-content\/uploads\/2023\/05\/CureVac_Logo_Farbig_Transparent-1024x358.png","datePublished":"2023-05-05T15:42:12+00:00","dateModified":"2023-05-05T15:53:54+00:00","breadcrumb":{"@id":"https:\/\/career-jungle.de\/unternehmen\/curevac\/#breadcrumb"},"inLanguage":"en-US","potentialAction":[{"@type":"ReadAction","target":["https:\/\/career-jungle.de\/unternehmen\/curevac\/"]}]},{"@type":"ImageObject","inLanguage":"en-US","@id":"https:\/\/career-jungle.de\/unternehmen\/curevac\/#primaryimage","url":"https:\/\/career-jungle.de\/wp-content\/uploads\/2023\/05\/CureVac_Logo_Farbig_Transparent-1024x358.png","contentUrl":"https:\/\/career-jungle.de\/wp-content\/uploads\/2023\/05\/CureVac_Logo_Farbig_Transparent-1024x358.png"},{"@type":"BreadcrumbList","@id":"https:\/\/career-jungle.de\/unternehmen\/curevac\/#breadcrumb","itemListElement":[{"@type":"ListItem","position":1,"name":"Startseite","item":"https:\/\/career-jungle.de\/"},{"@type":"ListItem","position":2,"name":"Unternehmen","item":"https:\/\/career-jungle.de\/unternehmen\/"},{"@type":"ListItem","position":3,"name":"Curevac"}]},{"@type":"WebSite","@id":"https:\/\/career-jungle.de\/#website","url":"https:\/\/career-jungle.de\/","name":"Career Day","description":"Welcome to the jungle","publisher":{"@id":"https:\/\/career-jungle.de\/#organization"},"potentialAction":[{"@type":"SearchAction","target":{"@type":"EntryPoint","urlTemplate":"https:\/\/career-jungle.de\/?s={search_term_string}"},"query-input":{"@type":"PropertyValueSpecification","valueRequired":true,"valueName":"search_term_string"}}],"inLanguage":"en-US"},{"@type":"Organization","@id":"https:\/\/career-jungle.de\/#organization","name":"Career Day","url":"https:\/\/career-jungle.de\/","logo":{"@type":"ImageObject","inLanguage":"en-US","@id":"https:\/\/career-jungle.de\/#\/schema\/logo\/image\/","url":"https:\/\/career-jungle.de\/wp-content\/uploads\/2023\/04\/2026_CareerDayLogo_Pfad_Kontur_blau.png","contentUrl":"https:\/\/career-jungle.de\/wp-content\/uploads\/2023\/04\/2026_CareerDayLogo_Pfad_Kontur_blau.png","width":872,"height":272,"caption":"Career Day"},"image":{"@id":"https:\/\/career-jungle.de\/#\/schema\/logo\/image\/"}}]}},"_links":{"self":[{"href":"https:\/\/career-jungle.de\/en\/wp-json\/wp\/v2\/pages\/1941","targetHints":{"allow":["GET"]}}],"collection":[{"href":"https:\/\/career-jungle.de\/en\/wp-json\/wp\/v2\/pages"}],"about":[{"href":"https:\/\/career-jungle.de\/en\/wp-json\/wp\/v2\/types\/page"}],"author":[{"embeddable":true,"href":"https:\/\/career-jungle.de\/en\/wp-json\/wp\/v2\/users\/3"}],"replies":[{"embeddable":true,"href":"https:\/\/career-jungle.de\/en\/wp-json\/wp\/v2\/comments?post=1941"}],"version-history":[{"count":5,"href":"https:\/\/career-jungle.de\/en\/wp-json\/wp\/v2\/pages\/1941\/revisions"}],"predecessor-version":[{"id":1967,"href":"https:\/\/career-jungle.de\/en\/wp-json\/wp\/v2\/pages\/1941\/revisions\/1967"}],"up":[{"embeddable":true,"href":"https:\/\/career-jungle.de\/en\/wp-json\/wp\/v2\/pages\/322"}],"wp:attachment":[{"href":"https:\/\/career-jungle.de\/en\/wp-json\/wp\/v2\/media?parent=1941"}],"curies":[{"name":"WordPress","href":"https:\/\/api.w.org\/{rel}","templated":true}]}}