{"id":1804,"date":"2023-05-05T13:40:01","date_gmt":"2023-05-05T13:40:01","guid":{"rendered":"https:\/\/career-jungle.de\/?page_id=1804"},"modified":"2023-05-05T13:43:18","modified_gmt":"2023-05-05T13:43:18","slug":"saltandpepper","status":"publish","type":"page","link":"https:\/\/career-jungle.de\/en\/unternehmen\/saltandpepper\/","title":{"rendered":"SaltandPepper"},"content":{"rendered":"<div data-elementor-type=\"wp-page\" data-elementor-id=\"1804\" class=\"elementor elementor-1804\" data-elementor-post-type=\"page\">\n\t\t\t\t\t\t<section class=\"elementor-section elementor-top-section elementor-element elementor-element-b9ad771 elementor-section-boxed elementor-section-height-default elementor-section-height-default\" data-id=\"b9ad771\" data-element_type=\"section\" data-e-type=\"section\">\n\t\t\t\t\t\t<div class=\"elementor-container elementor-column-gap-default\">\n\t\t\t\t\t<div class=\"elementor-column elementor-col-100 elementor-top-column elementor-element elementor-element-6ffa47f\" data-id=\"6ffa47f\" data-element_type=\"column\" data-e-type=\"column\">\n\t\t\t<div class=\"elementor-widget-wrap elementor-element-populated\">\n\t\t\t\t\t\t<div class=\"elementor-element elementor-element-f97c4ee elementor-widget elementor-widget-spacer\" data-id=\"f97c4ee\" data-element_type=\"widget\" data-e-type=\"widget\" data-widget_type=\"spacer.default\">\n\t\t\t\t<div class=\"elementor-widget-container\">\n\t\t\t\t\t\t\t<div class=\"elementor-spacer\">\n\t\t\t<div class=\"elementor-spacer-inner\"><\/div>\n\t\t<\/div>\n\t\t\t\t\t\t<\/div>\n\t\t\t\t<\/div>\n\t\t\t\t\t<\/div>\n\t\t<\/div>\n\t\t\t\t\t<\/div>\n\t\t<\/section>\n\t\t\t\t<section class=\"elementor-section elementor-top-section elementor-element elementor-element-cc00f70 elementor-section-boxed elementor-section-height-default elementor-section-height-default\" data-id=\"cc00f70\" data-element_type=\"section\" data-e-type=\"section\">\n\t\t\t\t\t\t<div class=\"elementor-container elementor-column-gap-default\">\n\t\t\t\t\t<div class=\"elementor-column elementor-col-100 elementor-top-column elementor-element elementor-element-e77e18c\" data-id=\"e77e18c\" data-element_type=\"column\" data-e-type=\"column\">\n\t\t\t<div class=\"elementor-widget-wrap elementor-element-populated\">\n\t\t\t\t\t\t<section class=\"elementor-section elementor-inner-section elementor-element elementor-element-78d7daf elementor-section-boxed elementor-section-height-default elementor-section-height-default\" data-id=\"78d7daf\" data-element_type=\"section\" data-e-type=\"section\">\n\t\t\t\t\t\t<div class=\"elementor-container elementor-column-gap-default\">\n\t\t\t\t\t<div class=\"elementor-column elementor-col-50 elementor-inner-column elementor-element elementor-element-17a88f1\" data-id=\"17a88f1\" data-element_type=\"column\" data-e-type=\"column\">\n\t\t\t<div class=\"elementor-widget-wrap elementor-element-populated\">\n\t\t\t\t\t\t<div class=\"elementor-element elementor-element-ea94eeb elementor-widget elementor-widget-image\" data-id=\"ea94eeb\" data-element_type=\"widget\" data-e-type=\"widget\" data-widget_type=\"image.default\">\n\t\t\t\t<div class=\"elementor-widget-container\">\n\t\t\t\t\t\t\t\t\t\t\t\t\t\t\t\t<a href=\"https:\/\/salt-and-pepper.eu\/karriere\/\" target=\"_blank\">\n\t\t\t\t\t\t\t<img fetchpriority=\"high\" decoding=\"async\" width=\"800\" height=\"171\" src=\"https:\/\/career-jungle.de\/wp-content\/uploads\/2023\/05\/Logo-SALTANDPEPPER-2023-quer-black-Claim-e1683305136288-1024x219.png\" class=\"attachment-large size-large wp-image-1806\" alt=\"\" srcset=\"https:\/\/career-jungle.de\/wp-content\/uploads\/2023\/05\/Logo-SALTANDPEPPER-2023-quer-black-Claim-e1683305136288-1024x219.png 1024w, https:\/\/career-jungle.de\/wp-content\/uploads\/2023\/05\/Logo-SALTANDPEPPER-2023-quer-black-Claim-e1683305136288-300x64.png 300w, https:\/\/career-jungle.de\/wp-content\/uploads\/2023\/05\/Logo-SALTANDPEPPER-2023-quer-black-Claim-e1683305136288-768x164.png 768w, https:\/\/career-jungle.de\/wp-content\/uploads\/2023\/05\/Logo-SALTANDPEPPER-2023-quer-black-Claim-e1683305136288-1536x328.png 1536w, https:\/\/career-jungle.de\/wp-content\/uploads\/2023\/05\/Logo-SALTANDPEPPER-2023-quer-black-Claim-e1683305136288.png 1712w\" sizes=\"(max-width: 800px) 100vw, 800px\" \/>\t\t\t\t\t\t\t\t<\/a>\n\t\t\t\t\t\t\t\t\t\t\t\t\t\t\t<\/div>\n\t\t\t\t<\/div>\n\t\t\t\t\t<\/div>\n\t\t<\/div>\n\t\t\t\t<div class=\"elementor-column elementor-col-50 elementor-inner-column elementor-element elementor-element-07321d9\" data-id=\"07321d9\" data-element_type=\"column\" data-e-type=\"column\">\n\t\t\t<div class=\"elementor-widget-wrap elementor-element-populated\">\n\t\t\t\t\t\t<div class=\"elementor-element elementor-element-6f8bf2b elementor-widget elementor-widget-text-editor\" data-id=\"6f8bf2b\" data-element_type=\"widget\" data-e-type=\"widget\" data-widget_type=\"text-editor.default\">\n\t\t\t\t<div class=\"elementor-widget-container\">\n\t\t\t\t\t\t\t\t\t<p><b>WORK LIKE A PEPPER<\/b><span style=\"font-weight: 400;\">!<\/span><span style=\"font-weight: 400;\"><br><\/span><span style=\"font-weight: 400;\"><br><\/span><span style=\"font-weight: 400;\">Hochwertige Engineering- und IT-Dienstleistungen sowie wertsch\u00f6pfende Transformationsberatung f\u00fcr eine agile, innovative und digitale Zukunft \u2013 das sind die Leistungsbereiche von SALT AND PEPPER. <\/span><\/p>\n<p><span style=\"font-weight: 400;\">Mit \u00fcber 500 Mitarbeitenden an 8 Standorten und einem Center of Competence f\u00fcr agile Produktentwicklung treiben wir den technologischen Fortschritt unserer Kunden voran.<\/span><\/p>\n<p><span style=\"font-weight: 400;\"> Gegr\u00fcndet 2008 bedienen wir mittlerweile neun Zukunftsbranchen, darunter die Automobilbranche, der Maschinen- und Anlagenbau, die Energiebranche und die Luft- und Raumfahrtindustrie.<\/span><\/p>\n<p><span style=\"font-weight: 400;\">&nbsp;<\/span><\/p>\n<p><b>MORE INFO:<br><\/b><a href=\"https:\/\/salt-and-pepper.eu\/karriere\/\" target=\"_blank\" rel=\"noopener\"><span style=\"color: var( --e-global-color-text ); font-family: var( --e-global-typography-text-font-family ), Sans-serif; font-weight: var( --e-global-typography-text-font-weight );\">https:\/\/salt-and-pepper.eu\/karriere\/<\/span><\/a><\/p><p><br><\/p>\t\t\t\t\t\t\t\t<\/div>\n\t\t\t\t<\/div>\n\t\t\t\t<div class=\"elementor-element elementor-element-65a3606 elementor-align-left elementor-widget elementor-widget-button\" data-id=\"65a3606\" data-element_type=\"widget\" data-e-type=\"widget\" data-widget_type=\"button.default\">\n\t\t\t\t<div class=\"elementor-widget-container\">\n\t\t\t\t\t\t\t\t\t<div class=\"elementor-button-wrapper\">\n\t\t\t\t\t<a class=\"elementor-button elementor-button-link elementor-size-sm\" href=\"https:\/\/career-jungle.de\/en\/company\/\">\n\t\t\t\t\t\t<span class=\"elementor-button-content-wrapper\">\n\t\t\t\t\t\t\t\t\t<span class=\"elementor-button-text\">back to overview<\/span>\n\t\t\t\t\t<\/span>\n\t\t\t\t\t<\/a>\n\t\t\t\t<\/div>\n\t\t\t\t\t\t\t\t<\/div>\n\t\t\t\t<\/div>\n\t\t\t\t\t<\/div>\n\t\t<\/div>\n\t\t\t\t\t<\/div>\n\t\t<\/section>\n\t\t\t\t\t<\/div>\n\t\t<\/div>\n\t\t\t\t\t<\/div>\n\t\t<\/section>\n\t\t\t\t<section class=\"elementor-section elementor-top-section elementor-element elementor-element-bde68f2 elementor-section-boxed elementor-section-height-default elementor-section-height-default\" data-id=\"bde68f2\" data-element_type=\"section\" data-e-type=\"section\">\n\t\t\t\t\t\t<div class=\"elementor-container elementor-column-gap-default\">\n\t\t\t\t\t<div class=\"elementor-column elementor-col-100 elementor-top-column elementor-element elementor-element-f006c71\" data-id=\"f006c71\" data-element_type=\"column\" data-e-type=\"column\">\n\t\t\t<div class=\"elementor-widget-wrap elementor-element-populated\">\n\t\t\t\t\t\t<div class=\"elementor-element elementor-element-5360d5c elementor-widget elementor-widget-spacer\" data-id=\"5360d5c\" data-element_type=\"widget\" data-e-type=\"widget\" data-widget_type=\"spacer.default\">\n\t\t\t\t<div class=\"elementor-widget-container\">\n\t\t\t\t\t\t\t<div class=\"elementor-spacer\">\n\t\t\t<div class=\"elementor-spacer-inner\"><\/div>\n\t\t<\/div>\n\t\t\t\t\t\t<\/div>\n\t\t\t\t<\/div>\n\t\t\t\t\t<\/div>\n\t\t<\/div>\n\t\t\t\t\t<\/div>\n\t\t<\/section>\n\t\t\t\t<\/div>","protected":false},"excerpt":{"rendered":"<p>WORK LIKE A PEPPER! Hochwertige Engineering- und IT-Dienstleistungen sowie wertsch\u00f6pfende Transformationsberatung f\u00fcr eine agile, innovative und digitale Zukunft \u2013 das sind die Leistungsbereiche von SALT AND PEPPER. Mit \u00fcber 500 Mitarbeitenden an 8 Standorten und einem Center of Competence f\u00fcr agile Produktentwicklung treiben wir den technologischen Fortschritt unserer Kunden voran. Gegr\u00fcndet 2008 bedienen wir mittlerweile [&hellip;]<\/p>\n","protected":false},"author":3,"featured_media":0,"parent":322,"menu_order":0,"comment_status":"closed","ping_status":"closed","template":"elementor_header_footer","meta":{"inline_featured_image":false,"footnotes":""},"class_list":["post-1804","page","type-page","status-publish","hentry"],"yoast_head":"<!-- This site is optimized with the Yoast SEO plugin v27.3 - https:\/\/yoast.com\/product\/yoast-seo-wordpress\/ -->\n<title>SaltandPepper - Career Day<\/title>\n<meta name=\"robots\" content=\"index, follow, max-snippet:-1, max-image-preview:large, max-video-preview:-1\" \/>\n<link rel=\"canonical\" href=\"https:\/\/career-jungle.de\/en\/company\/saltandpepper\/\" \/>\n<meta property=\"og:locale\" content=\"en_US\" \/>\n<meta property=\"og:type\" content=\"article\" \/>\n<meta property=\"og:title\" content=\"SaltandPepper - Career Day\" \/>\n<meta property=\"og:description\" content=\"WORK LIKE A PEPPER! Hochwertige Engineering- und IT-Dienstleistungen sowie wertsch\u00f6pfende Transformationsberatung f\u00fcr eine agile, innovative und digitale Zukunft \u2013 das sind die Leistungsbereiche von SALT AND PEPPER. Mit \u00fcber 500 Mitarbeitenden an 8 Standorten und einem Center of Competence f\u00fcr agile Produktentwicklung treiben wir den technologischen Fortschritt unserer Kunden voran. Gegr\u00fcndet 2008 bedienen wir mittlerweile [&hellip;]\" \/>\n<meta property=\"og:url\" content=\"https:\/\/career-jungle.de\/en\/company\/saltandpepper\/\" \/>\n<meta property=\"og:site_name\" content=\"Career Day\" \/>\n<meta property=\"article:modified_time\" content=\"2023-05-05T13:43:18+00:00\" \/>\n<meta property=\"og:image\" content=\"https:\/\/career-jungle.de\/wp-content\/uploads\/2023\/05\/Logo-SALTANDPEPPER-2023-quer-black-Claim-1024x341.png\" \/>\n<meta name=\"twitter:card\" content=\"summary_large_image\" \/>\n<script type=\"application\/ld+json\" class=\"yoast-schema-graph\">{\"@context\":\"https:\\\/\\\/schema.org\",\"@graph\":[{\"@type\":\"WebPage\",\"@id\":\"https:\\\/\\\/career-jungle.de\\\/unternehmen\\\/saltandpepper\\\/\",\"url\":\"https:\\\/\\\/career-jungle.de\\\/unternehmen\\\/saltandpepper\\\/\",\"name\":\"SaltandPepper - Career Day\",\"isPartOf\":{\"@id\":\"https:\\\/\\\/career-jungle.de\\\/#website\"},\"primaryImageOfPage\":{\"@id\":\"https:\\\/\\\/career-jungle.de\\\/unternehmen\\\/saltandpepper\\\/#primaryimage\"},\"image\":{\"@id\":\"https:\\\/\\\/career-jungle.de\\\/unternehmen\\\/saltandpepper\\\/#primaryimage\"},\"thumbnailUrl\":\"https:\\\/\\\/career-jungle.de\\\/wp-content\\\/uploads\\\/2023\\\/05\\\/Logo-SALTANDPEPPER-2023-quer-black-Claim-1024x341.png\",\"datePublished\":\"2023-05-05T13:40:01+00:00\",\"dateModified\":\"2023-05-05T13:43:18+00:00\",\"breadcrumb\":{\"@id\":\"https:\\\/\\\/career-jungle.de\\\/unternehmen\\\/saltandpepper\\\/#breadcrumb\"},\"inLanguage\":\"en-US\",\"potentialAction\":[{\"@type\":\"ReadAction\",\"target\":[\"https:\\\/\\\/career-jungle.de\\\/unternehmen\\\/saltandpepper\\\/\"]}]},{\"@type\":\"ImageObject\",\"inLanguage\":\"en-US\",\"@id\":\"https:\\\/\\\/career-jungle.de\\\/unternehmen\\\/saltandpepper\\\/#primaryimage\",\"url\":\"https:\\\/\\\/career-jungle.de\\\/wp-content\\\/uploads\\\/2023\\\/05\\\/Logo-SALTANDPEPPER-2023-quer-black-Claim-1024x341.png\",\"contentUrl\":\"https:\\\/\\\/career-jungle.de\\\/wp-content\\\/uploads\\\/2023\\\/05\\\/Logo-SALTANDPEPPER-2023-quer-black-Claim-1024x341.png\"},{\"@type\":\"BreadcrumbList\",\"@id\":\"https:\\\/\\\/career-jungle.de\\\/unternehmen\\\/saltandpepper\\\/#breadcrumb\",\"itemListElement\":[{\"@type\":\"ListItem\",\"position\":1,\"name\":\"Startseite\",\"item\":\"https:\\\/\\\/career-jungle.de\\\/\"},{\"@type\":\"ListItem\",\"position\":2,\"name\":\"Unternehmen\",\"item\":\"https:\\\/\\\/career-jungle.de\\\/unternehmen\\\/\"},{\"@type\":\"ListItem\",\"position\":3,\"name\":\"SaltandPepper\"}]},{\"@type\":\"WebSite\",\"@id\":\"https:\\\/\\\/career-jungle.de\\\/#website\",\"url\":\"https:\\\/\\\/career-jungle.de\\\/\",\"name\":\"Career Day\",\"description\":\"Welcome to the jungle\",\"publisher\":{\"@id\":\"https:\\\/\\\/career-jungle.de\\\/#organization\"},\"potentialAction\":[{\"@type\":\"SearchAction\",\"target\":{\"@type\":\"EntryPoint\",\"urlTemplate\":\"https:\\\/\\\/career-jungle.de\\\/?s={search_term_string}\"},\"query-input\":{\"@type\":\"PropertyValueSpecification\",\"valueRequired\":true,\"valueName\":\"search_term_string\"}}],\"inLanguage\":\"en-US\"},{\"@type\":\"Organization\",\"@id\":\"https:\\\/\\\/career-jungle.de\\\/#organization\",\"name\":\"Career Day\",\"url\":\"https:\\\/\\\/career-jungle.de\\\/\",\"logo\":{\"@type\":\"ImageObject\",\"inLanguage\":\"en-US\",\"@id\":\"https:\\\/\\\/career-jungle.de\\\/#\\\/schema\\\/logo\\\/image\\\/\",\"url\":\"https:\\\/\\\/career-jungle.de\\\/wp-content\\\/uploads\\\/2023\\\/04\\\/2026_CareerDayLogo_Pfad_Kontur_blau.png\",\"contentUrl\":\"https:\\\/\\\/career-jungle.de\\\/wp-content\\\/uploads\\\/2023\\\/04\\\/2026_CareerDayLogo_Pfad_Kontur_blau.png\",\"width\":872,\"height\":272,\"caption\":\"Career Day\"},\"image\":{\"@id\":\"https:\\\/\\\/career-jungle.de\\\/#\\\/schema\\\/logo\\\/image\\\/\"}}]}<\/script>\n<!-- \/ Yoast SEO plugin. -->","yoast_head_json":{"title":"SaltandPepper - Career Day","robots":{"index":"index","follow":"follow","max-snippet":"max-snippet:-1","max-image-preview":"max-image-preview:large","max-video-preview":"max-video-preview:-1"},"canonical":"https:\/\/career-jungle.de\/en\/company\/saltandpepper\/","og_locale":"en_US","og_type":"article","og_title":"SaltandPepper - Career Day","og_description":"WORK LIKE A PEPPER! Hochwertige Engineering- und IT-Dienstleistungen sowie wertsch\u00f6pfende Transformationsberatung f\u00fcr eine agile, innovative und digitale Zukunft \u2013 das sind die Leistungsbereiche von SALT AND PEPPER. Mit \u00fcber 500 Mitarbeitenden an 8 Standorten und einem Center of Competence f\u00fcr agile Produktentwicklung treiben wir den technologischen Fortschritt unserer Kunden voran. Gegr\u00fcndet 2008 bedienen wir mittlerweile [&hellip;]","og_url":"https:\/\/career-jungle.de\/en\/company\/saltandpepper\/","og_site_name":"Career Day","article_modified_time":"2023-05-05T13:43:18+00:00","og_image":[{"url":"https:\/\/career-jungle.de\/wp-content\/uploads\/2023\/05\/Logo-SALTANDPEPPER-2023-quer-black-Claim-1024x341.png","type":"","width":"","height":""}],"twitter_card":"summary_large_image","schema":{"@context":"https:\/\/schema.org","@graph":[{"@type":"WebPage","@id":"https:\/\/career-jungle.de\/unternehmen\/saltandpepper\/","url":"https:\/\/career-jungle.de\/unternehmen\/saltandpepper\/","name":"SaltandPepper - Career Day","isPartOf":{"@id":"https:\/\/career-jungle.de\/#website"},"primaryImageOfPage":{"@id":"https:\/\/career-jungle.de\/unternehmen\/saltandpepper\/#primaryimage"},"image":{"@id":"https:\/\/career-jungle.de\/unternehmen\/saltandpepper\/#primaryimage"},"thumbnailUrl":"https:\/\/career-jungle.de\/wp-content\/uploads\/2023\/05\/Logo-SALTANDPEPPER-2023-quer-black-Claim-1024x341.png","datePublished":"2023-05-05T13:40:01+00:00","dateModified":"2023-05-05T13:43:18+00:00","breadcrumb":{"@id":"https:\/\/career-jungle.de\/unternehmen\/saltandpepper\/#breadcrumb"},"inLanguage":"en-US","potentialAction":[{"@type":"ReadAction","target":["https:\/\/career-jungle.de\/unternehmen\/saltandpepper\/"]}]},{"@type":"ImageObject","inLanguage":"en-US","@id":"https:\/\/career-jungle.de\/unternehmen\/saltandpepper\/#primaryimage","url":"https:\/\/career-jungle.de\/wp-content\/uploads\/2023\/05\/Logo-SALTANDPEPPER-2023-quer-black-Claim-1024x341.png","contentUrl":"https:\/\/career-jungle.de\/wp-content\/uploads\/2023\/05\/Logo-SALTANDPEPPER-2023-quer-black-Claim-1024x341.png"},{"@type":"BreadcrumbList","@id":"https:\/\/career-jungle.de\/unternehmen\/saltandpepper\/#breadcrumb","itemListElement":[{"@type":"ListItem","position":1,"name":"Startseite","item":"https:\/\/career-jungle.de\/"},{"@type":"ListItem","position":2,"name":"Unternehmen","item":"https:\/\/career-jungle.de\/unternehmen\/"},{"@type":"ListItem","position":3,"name":"SaltandPepper"}]},{"@type":"WebSite","@id":"https:\/\/career-jungle.de\/#website","url":"https:\/\/career-jungle.de\/","name":"Career Day","description":"Welcome to the jungle","publisher":{"@id":"https:\/\/career-jungle.de\/#organization"},"potentialAction":[{"@type":"SearchAction","target":{"@type":"EntryPoint","urlTemplate":"https:\/\/career-jungle.de\/?s={search_term_string}"},"query-input":{"@type":"PropertyValueSpecification","valueRequired":true,"valueName":"search_term_string"}}],"inLanguage":"en-US"},{"@type":"Organization","@id":"https:\/\/career-jungle.de\/#organization","name":"Career Day","url":"https:\/\/career-jungle.de\/","logo":{"@type":"ImageObject","inLanguage":"en-US","@id":"https:\/\/career-jungle.de\/#\/schema\/logo\/image\/","url":"https:\/\/career-jungle.de\/wp-content\/uploads\/2023\/04\/2026_CareerDayLogo_Pfad_Kontur_blau.png","contentUrl":"https:\/\/career-jungle.de\/wp-content\/uploads\/2023\/04\/2026_CareerDayLogo_Pfad_Kontur_blau.png","width":872,"height":272,"caption":"Career Day"},"image":{"@id":"https:\/\/career-jungle.de\/#\/schema\/logo\/image\/"}}]}},"_links":{"self":[{"href":"https:\/\/career-jungle.de\/en\/wp-json\/wp\/v2\/pages\/1804","targetHints":{"allow":["GET"]}}],"collection":[{"href":"https:\/\/career-jungle.de\/en\/wp-json\/wp\/v2\/pages"}],"about":[{"href":"https:\/\/career-jungle.de\/en\/wp-json\/wp\/v2\/types\/page"}],"author":[{"embeddable":true,"href":"https:\/\/career-jungle.de\/en\/wp-json\/wp\/v2\/users\/3"}],"replies":[{"embeddable":true,"href":"https:\/\/career-jungle.de\/en\/wp-json\/wp\/v2\/comments?post=1804"}],"version-history":[{"count":4,"href":"https:\/\/career-jungle.de\/en\/wp-json\/wp\/v2\/pages\/1804\/revisions"}],"predecessor-version":[{"id":1827,"href":"https:\/\/career-jungle.de\/en\/wp-json\/wp\/v2\/pages\/1804\/revisions\/1827"}],"up":[{"embeddable":true,"href":"https:\/\/career-jungle.de\/en\/wp-json\/wp\/v2\/pages\/322"}],"wp:attachment":[{"href":"https:\/\/career-jungle.de\/en\/wp-json\/wp\/v2\/media?parent=1804"}],"curies":[{"name":"WordPress","href":"https:\/\/api.w.org\/{rel}","templated":true}]}}