{"id":1794,"date":"2023-05-05T13:23:50","date_gmt":"2023-05-05T13:23:50","guid":{"rendered":"https:\/\/career-jungle.de\/?page_id=1794"},"modified":"2023-05-05T13:41:49","modified_gmt":"2023-05-05T13:41:49","slug":"solcom","status":"publish","type":"page","link":"https:\/\/career-jungle.de\/en\/unternehmen\/solcom\/","title":{"rendered":"Solcom"},"content":{"rendered":"<div data-elementor-type=\"wp-page\" data-elementor-id=\"1794\" class=\"elementor elementor-1794\" data-elementor-post-type=\"page\">\n\t\t\t\t\t\t<section class=\"elementor-section elementor-top-section elementor-element elementor-element-650f73e elementor-section-boxed elementor-section-height-default elementor-section-height-default\" data-id=\"650f73e\" data-element_type=\"section\" data-e-type=\"section\">\n\t\t\t\t\t\t<div class=\"elementor-container elementor-column-gap-default\">\n\t\t\t\t\t<div class=\"elementor-column elementor-col-100 elementor-top-column elementor-element elementor-element-ac38083\" data-id=\"ac38083\" data-element_type=\"column\" data-e-type=\"column\">\n\t\t\t<div class=\"elementor-widget-wrap elementor-element-populated\">\n\t\t\t\t\t\t<div class=\"elementor-element elementor-element-7123e2b elementor-widget elementor-widget-spacer\" data-id=\"7123e2b\" data-element_type=\"widget\" data-e-type=\"widget\" data-widget_type=\"spacer.default\">\n\t\t\t\t<div class=\"elementor-widget-container\">\n\t\t\t\t\t\t\t<div class=\"elementor-spacer\">\n\t\t\t<div class=\"elementor-spacer-inner\"><\/div>\n\t\t<\/div>\n\t\t\t\t\t\t<\/div>\n\t\t\t\t<\/div>\n\t\t\t\t\t<\/div>\n\t\t<\/div>\n\t\t\t\t\t<\/div>\n\t\t<\/section>\n\t\t\t\t<section class=\"elementor-section elementor-top-section elementor-element elementor-element-3c807ee elementor-section-boxed elementor-section-height-default elementor-section-height-default\" data-id=\"3c807ee\" data-element_type=\"section\" data-e-type=\"section\">\n\t\t\t\t\t\t<div class=\"elementor-container elementor-column-gap-default\">\n\t\t\t\t\t<div class=\"elementor-column elementor-col-100 elementor-top-column elementor-element elementor-element-31964b6\" data-id=\"31964b6\" data-element_type=\"column\" data-e-type=\"column\">\n\t\t\t<div class=\"elementor-widget-wrap elementor-element-populated\">\n\t\t\t\t\t\t<section class=\"elementor-section elementor-inner-section elementor-element elementor-element-9543972 elementor-section-boxed elementor-section-height-default elementor-section-height-default\" data-id=\"9543972\" data-element_type=\"section\" data-e-type=\"section\">\n\t\t\t\t\t\t<div class=\"elementor-container elementor-column-gap-default\">\n\t\t\t\t\t<div class=\"elementor-column elementor-col-50 elementor-inner-column elementor-element elementor-element-8355384\" data-id=\"8355384\" data-element_type=\"column\" data-e-type=\"column\">\n\t\t\t<div class=\"elementor-widget-wrap elementor-element-populated\">\n\t\t\t\t\t\t<div class=\"elementor-element elementor-element-72edecc elementor-widget elementor-widget-image\" data-id=\"72edecc\" data-element_type=\"widget\" data-e-type=\"widget\" data-widget_type=\"image.default\">\n\t\t\t\t<div class=\"elementor-widget-container\">\n\t\t\t\t\t\t\t\t\t\t\t\t\t\t\t\t<a href=\"https:\/\/karriere.solcom.de\/\" target=\"_blank\">\n\t\t\t\t\t\t\t<img fetchpriority=\"high\" decoding=\"async\" width=\"800\" height=\"626\" src=\"https:\/\/career-jungle.de\/wp-content\/uploads\/2023\/05\/170823_SOLCOM_Logo_CI_3.0_RGB-Verlauf-1024x801.jpg\" class=\"attachment-large size-large wp-image-1796\" alt=\"\" srcset=\"https:\/\/career-jungle.de\/wp-content\/uploads\/2023\/05\/170823_SOLCOM_Logo_CI_3.0_RGB-Verlauf-1024x801.jpg 1024w, https:\/\/career-jungle.de\/wp-content\/uploads\/2023\/05\/170823_SOLCOM_Logo_CI_3.0_RGB-Verlauf-300x235.jpg 300w, https:\/\/career-jungle.de\/wp-content\/uploads\/2023\/05\/170823_SOLCOM_Logo_CI_3.0_RGB-Verlauf-768x601.jpg 768w, https:\/\/career-jungle.de\/wp-content\/uploads\/2023\/05\/170823_SOLCOM_Logo_CI_3.0_RGB-Verlauf-1536x1202.jpg 1536w, https:\/\/career-jungle.de\/wp-content\/uploads\/2023\/05\/170823_SOLCOM_Logo_CI_3.0_RGB-Verlauf.jpg 1972w\" sizes=\"(max-width: 800px) 100vw, 800px\" \/>\t\t\t\t\t\t\t\t<\/a>\n\t\t\t\t\t\t\t\t\t\t\t\t\t\t\t<\/div>\n\t\t\t\t<\/div>\n\t\t\t\t\t<\/div>\n\t\t<\/div>\n\t\t\t\t<div class=\"elementor-column elementor-col-50 elementor-inner-column elementor-element elementor-element-db64193\" data-id=\"db64193\" data-element_type=\"column\" data-e-type=\"column\">\n\t\t\t<div class=\"elementor-widget-wrap elementor-element-populated\">\n\t\t\t\t\t\t<div class=\"elementor-element elementor-element-b5356aa elementor-widget elementor-widget-text-editor\" data-id=\"b5356aa\" data-element_type=\"widget\" data-e-type=\"widget\" data-widget_type=\"text-editor.default\">\n\t\t\t\t<div class=\"elementor-widget-container\">\n\t\t\t\t\t\t\t\t\t<div class=\"Spacing__spacing--margin-top-2__YQFc-__0-0-1687 Spacing__spacing--margin-bottom-2__OQ-jA__0-0-1687\">\n<p><strong>BEREIT F\u00dcR DEN N\u00c4CHSTEN SCHRITT IN DEINER KARRIERE?<\/strong><\/p>\n<p><span style=\"font-weight: 400;\">Bereit f\u00fcr den n\u00e4chsten Schritt in Deiner Karriere?<\/span><\/p>\n<p><span style=\"font-weight: 400;\">Bei SOLCOM wirst Du gefordert und gef\u00f6rdert \u2013 denn Du bist das Bindeglied zwischen renommierten Unternehmen und den besten Engineering- und IT-Experten. Als Teil unseres Teams l\u00f6st Du spannende Herausforderungen und \u00fcbernimmst schnell Verantwortung. In unserer Teamkultur hast Du die Chance, Dich weiterzuentwickeln und zu wachsen.<\/span><\/p>\n<p><span style=\"font-weight: 400;\">Denn bei SOLCOM ist New Work nicht nur ein Buzzword. Und das Beste: Wir bieten dir nicht einfach einen Job, sondern eine langfristige Perspektive.<\/span><\/p>\n<p><span style=\"font-weight: 400;\">Also worauf wartest Du? Schreibe Deine eigene Erfolgsgeschichte! Bewirb Dich jetzt.<\/span><\/p>\n<p><span style=\"font-weight: 400;\">Egal, ob Du mit erster Arbeitserfahrung durchstarten willst, ob Du Dein Studium frisch abgeschlossen hast oder ob Du den Quereinstieg in den Vertrieb wagst: Wir suchen kluge K\u00f6pfe wie Dich!<\/span><\/p><p><span style=\"font-weight: 400;\"><br><\/span><\/p>\n<\/div>\n<div class=\"Spacing__spacing--margin-top-2__YQFc-__0-0-1687 Spacing__spacing--margin-bottom-2__OQ-jA__0-0-1687\">\n<p class=\"ProductParagraph__product-paragraph__GMmH0__0-0-1687 ProductParagraph__product-paragraph--lg__47dLF__0-0-1687\"><b>MORE INFO:<br><\/b><a href=\"https:\/\/karriere.solcom.de\/\" target=\"_blank\" rel=\"noopener\"><strong>www.solcom.de\/karriere<\/strong><\/a><\/p><p class=\"ProductParagraph__product-paragraph__GMmH0__0-0-1687 ProductParagraph__product-paragraph--lg__47dLF__0-0-1687\"><br><\/p>\n<\/div>\t\t\t\t\t\t\t\t<\/div>\n\t\t\t\t<\/div>\n\t\t\t\t<div class=\"elementor-element elementor-element-ac89c2f elementor-align-left elementor-widget elementor-widget-button\" data-id=\"ac89c2f\" data-element_type=\"widget\" data-e-type=\"widget\" data-widget_type=\"button.default\">\n\t\t\t\t<div class=\"elementor-widget-container\">\n\t\t\t\t\t\t\t\t\t<div class=\"elementor-button-wrapper\">\n\t\t\t\t\t<a class=\"elementor-button elementor-button-link elementor-size-sm\" href=\"https:\/\/career-jungle.de\/en\/company\/\">\n\t\t\t\t\t\t<span class=\"elementor-button-content-wrapper\">\n\t\t\t\t\t\t\t\t\t<span class=\"elementor-button-text\">back to overview<\/span>\n\t\t\t\t\t<\/span>\n\t\t\t\t\t<\/a>\n\t\t\t\t<\/div>\n\t\t\t\t\t\t\t\t<\/div>\n\t\t\t\t<\/div>\n\t\t\t\t\t<\/div>\n\t\t<\/div>\n\t\t\t\t\t<\/div>\n\t\t<\/section>\n\t\t\t\t\t<\/div>\n\t\t<\/div>\n\t\t\t\t\t<\/div>\n\t\t<\/section>\n\t\t\t\t<section class=\"elementor-section elementor-top-section elementor-element elementor-element-a457899 elementor-section-boxed elementor-section-height-default elementor-section-height-default\" data-id=\"a457899\" data-element_type=\"section\" data-e-type=\"section\">\n\t\t\t\t\t\t<div class=\"elementor-container elementor-column-gap-default\">\n\t\t\t\t\t<div class=\"elementor-column elementor-col-100 elementor-top-column elementor-element elementor-element-dc7d42f\" data-id=\"dc7d42f\" data-element_type=\"column\" data-e-type=\"column\">\n\t\t\t<div class=\"elementor-widget-wrap elementor-element-populated\">\n\t\t\t\t\t\t<div class=\"elementor-element elementor-element-5444c28 elementor-widget elementor-widget-spacer\" data-id=\"5444c28\" data-element_type=\"widget\" data-e-type=\"widget\" data-widget_type=\"spacer.default\">\n\t\t\t\t<div class=\"elementor-widget-container\">\n\t\t\t\t\t\t\t<div class=\"elementor-spacer\">\n\t\t\t<div class=\"elementor-spacer-inner\"><\/div>\n\t\t<\/div>\n\t\t\t\t\t\t<\/div>\n\t\t\t\t<\/div>\n\t\t\t\t\t<\/div>\n\t\t<\/div>\n\t\t\t\t\t<\/div>\n\t\t<\/section>\n\t\t\t\t<\/div>","protected":false},"excerpt":{"rendered":"<p>BEREIT F\u00dcR DEN N\u00c4CHSTEN SCHRITT IN DEINER KARRIERE? Bereit f\u00fcr den n\u00e4chsten Schritt in Deiner Karriere? Bei SOLCOM wirst Du gefordert und gef\u00f6rdert \u2013 denn Du bist das Bindeglied zwischen renommierten Unternehmen und den besten Engineering- und IT-Experten. Als Teil unseres Teams l\u00f6st Du spannende Herausforderungen und \u00fcbernimmst schnell Verantwortung. In unserer Teamkultur hast Du [&hellip;]<\/p>\n","protected":false},"author":3,"featured_media":0,"parent":322,"menu_order":0,"comment_status":"closed","ping_status":"closed","template":"elementor_header_footer","meta":{"inline_featured_image":false,"footnotes":""},"class_list":["post-1794","page","type-page","status-publish","hentry"],"yoast_head":"<!-- This site is optimized with the Yoast SEO plugin v27.3 - https:\/\/yoast.com\/product\/yoast-seo-wordpress\/ -->\n<title>Solcom - Career Day<\/title>\n<meta name=\"robots\" content=\"index, follow, max-snippet:-1, max-image-preview:large, max-video-preview:-1\" \/>\n<link rel=\"canonical\" href=\"https:\/\/career-jungle.de\/en\/company\/solcom\/\" \/>\n<meta property=\"og:locale\" content=\"en_US\" \/>\n<meta property=\"og:type\" content=\"article\" \/>\n<meta property=\"og:title\" content=\"Solcom - Career Day\" \/>\n<meta property=\"og:description\" content=\"BEREIT F\u00dcR DEN N\u00c4CHSTEN SCHRITT IN DEINER KARRIERE? Bereit f\u00fcr den n\u00e4chsten Schritt in Deiner Karriere? Bei SOLCOM wirst Du gefordert und gef\u00f6rdert \u2013 denn Du bist das Bindeglied zwischen renommierten Unternehmen und den besten Engineering- und IT-Experten. Als Teil unseres Teams l\u00f6st Du spannende Herausforderungen und \u00fcbernimmst schnell Verantwortung. In unserer Teamkultur hast Du [&hellip;]\" \/>\n<meta property=\"og:url\" content=\"https:\/\/career-jungle.de\/en\/company\/solcom\/\" \/>\n<meta property=\"og:site_name\" content=\"Career Day\" \/>\n<meta property=\"article:modified_time\" content=\"2023-05-05T13:41:49+00:00\" \/>\n<meta property=\"og:image\" content=\"https:\/\/career-jungle.de\/wp-content\/uploads\/2023\/05\/170823_SOLCOM_Logo_CI_3.0_RGB-Verlauf-1024x801.jpg\" \/>\n<meta name=\"twitter:card\" content=\"summary_large_image\" \/>\n<meta name=\"twitter:label1\" content=\"Est. reading time\" \/>\n\t<meta name=\"twitter:data1\" content=\"1 minute\" \/>\n<script type=\"application\/ld+json\" class=\"yoast-schema-graph\">{\"@context\":\"https:\\\/\\\/schema.org\",\"@graph\":[{\"@type\":\"WebPage\",\"@id\":\"https:\\\/\\\/career-jungle.de\\\/unternehmen\\\/solcom\\\/\",\"url\":\"https:\\\/\\\/career-jungle.de\\\/unternehmen\\\/solcom\\\/\",\"name\":\"Solcom - Career Day\",\"isPartOf\":{\"@id\":\"https:\\\/\\\/career-jungle.de\\\/#website\"},\"primaryImageOfPage\":{\"@id\":\"https:\\\/\\\/career-jungle.de\\\/unternehmen\\\/solcom\\\/#primaryimage\"},\"image\":{\"@id\":\"https:\\\/\\\/career-jungle.de\\\/unternehmen\\\/solcom\\\/#primaryimage\"},\"thumbnailUrl\":\"https:\\\/\\\/career-jungle.de\\\/wp-content\\\/uploads\\\/2023\\\/05\\\/170823_SOLCOM_Logo_CI_3.0_RGB-Verlauf-1024x801.jpg\",\"datePublished\":\"2023-05-05T13:23:50+00:00\",\"dateModified\":\"2023-05-05T13:41:49+00:00\",\"breadcrumb\":{\"@id\":\"https:\\\/\\\/career-jungle.de\\\/unternehmen\\\/solcom\\\/#breadcrumb\"},\"inLanguage\":\"en-US\",\"potentialAction\":[{\"@type\":\"ReadAction\",\"target\":[\"https:\\\/\\\/career-jungle.de\\\/unternehmen\\\/solcom\\\/\"]}]},{\"@type\":\"ImageObject\",\"inLanguage\":\"en-US\",\"@id\":\"https:\\\/\\\/career-jungle.de\\\/unternehmen\\\/solcom\\\/#primaryimage\",\"url\":\"https:\\\/\\\/career-jungle.de\\\/wp-content\\\/uploads\\\/2023\\\/05\\\/170823_SOLCOM_Logo_CI_3.0_RGB-Verlauf-1024x801.jpg\",\"contentUrl\":\"https:\\\/\\\/career-jungle.de\\\/wp-content\\\/uploads\\\/2023\\\/05\\\/170823_SOLCOM_Logo_CI_3.0_RGB-Verlauf-1024x801.jpg\"},{\"@type\":\"BreadcrumbList\",\"@id\":\"https:\\\/\\\/career-jungle.de\\\/unternehmen\\\/solcom\\\/#breadcrumb\",\"itemListElement\":[{\"@type\":\"ListItem\",\"position\":1,\"name\":\"Startseite\",\"item\":\"https:\\\/\\\/career-jungle.de\\\/\"},{\"@type\":\"ListItem\",\"position\":2,\"name\":\"Unternehmen\",\"item\":\"https:\\\/\\\/career-jungle.de\\\/unternehmen\\\/\"},{\"@type\":\"ListItem\",\"position\":3,\"name\":\"Solcom\"}]},{\"@type\":\"WebSite\",\"@id\":\"https:\\\/\\\/career-jungle.de\\\/#website\",\"url\":\"https:\\\/\\\/career-jungle.de\\\/\",\"name\":\"Career Day\",\"description\":\"Welcome to the jungle\",\"publisher\":{\"@id\":\"https:\\\/\\\/career-jungle.de\\\/#organization\"},\"potentialAction\":[{\"@type\":\"SearchAction\",\"target\":{\"@type\":\"EntryPoint\",\"urlTemplate\":\"https:\\\/\\\/career-jungle.de\\\/?s={search_term_string}\"},\"query-input\":{\"@type\":\"PropertyValueSpecification\",\"valueRequired\":true,\"valueName\":\"search_term_string\"}}],\"inLanguage\":\"en-US\"},{\"@type\":\"Organization\",\"@id\":\"https:\\\/\\\/career-jungle.de\\\/#organization\",\"name\":\"Career Day\",\"url\":\"https:\\\/\\\/career-jungle.de\\\/\",\"logo\":{\"@type\":\"ImageObject\",\"inLanguage\":\"en-US\",\"@id\":\"https:\\\/\\\/career-jungle.de\\\/#\\\/schema\\\/logo\\\/image\\\/\",\"url\":\"https:\\\/\\\/career-jungle.de\\\/wp-content\\\/uploads\\\/2023\\\/04\\\/2026_CareerDayLogo_Pfad_Kontur_blau.png\",\"contentUrl\":\"https:\\\/\\\/career-jungle.de\\\/wp-content\\\/uploads\\\/2023\\\/04\\\/2026_CareerDayLogo_Pfad_Kontur_blau.png\",\"width\":872,\"height\":272,\"caption\":\"Career Day\"},\"image\":{\"@id\":\"https:\\\/\\\/career-jungle.de\\\/#\\\/schema\\\/logo\\\/image\\\/\"}}]}<\/script>\n<!-- \/ Yoast SEO plugin. -->","yoast_head_json":{"title":"Solcom - Career Day","robots":{"index":"index","follow":"follow","max-snippet":"max-snippet:-1","max-image-preview":"max-image-preview:large","max-video-preview":"max-video-preview:-1"},"canonical":"https:\/\/career-jungle.de\/en\/company\/solcom\/","og_locale":"en_US","og_type":"article","og_title":"Solcom - Career Day","og_description":"BEREIT F\u00dcR DEN N\u00c4CHSTEN SCHRITT IN DEINER KARRIERE? Bereit f\u00fcr den n\u00e4chsten Schritt in Deiner Karriere? Bei SOLCOM wirst Du gefordert und gef\u00f6rdert \u2013 denn Du bist das Bindeglied zwischen renommierten Unternehmen und den besten Engineering- und IT-Experten. Als Teil unseres Teams l\u00f6st Du spannende Herausforderungen und \u00fcbernimmst schnell Verantwortung. In unserer Teamkultur hast Du [&hellip;]","og_url":"https:\/\/career-jungle.de\/en\/company\/solcom\/","og_site_name":"Career Day","article_modified_time":"2023-05-05T13:41:49+00:00","og_image":[{"url":"https:\/\/career-jungle.de\/wp-content\/uploads\/2023\/05\/170823_SOLCOM_Logo_CI_3.0_RGB-Verlauf-1024x801.jpg","type":"","width":"","height":""}],"twitter_card":"summary_large_image","twitter_misc":{"Est. reading time":"1 minute"},"schema":{"@context":"https:\/\/schema.org","@graph":[{"@type":"WebPage","@id":"https:\/\/career-jungle.de\/unternehmen\/solcom\/","url":"https:\/\/career-jungle.de\/unternehmen\/solcom\/","name":"Solcom - Career Day","isPartOf":{"@id":"https:\/\/career-jungle.de\/#website"},"primaryImageOfPage":{"@id":"https:\/\/career-jungle.de\/unternehmen\/solcom\/#primaryimage"},"image":{"@id":"https:\/\/career-jungle.de\/unternehmen\/solcom\/#primaryimage"},"thumbnailUrl":"https:\/\/career-jungle.de\/wp-content\/uploads\/2023\/05\/170823_SOLCOM_Logo_CI_3.0_RGB-Verlauf-1024x801.jpg","datePublished":"2023-05-05T13:23:50+00:00","dateModified":"2023-05-05T13:41:49+00:00","breadcrumb":{"@id":"https:\/\/career-jungle.de\/unternehmen\/solcom\/#breadcrumb"},"inLanguage":"en-US","potentialAction":[{"@type":"ReadAction","target":["https:\/\/career-jungle.de\/unternehmen\/solcom\/"]}]},{"@type":"ImageObject","inLanguage":"en-US","@id":"https:\/\/career-jungle.de\/unternehmen\/solcom\/#primaryimage","url":"https:\/\/career-jungle.de\/wp-content\/uploads\/2023\/05\/170823_SOLCOM_Logo_CI_3.0_RGB-Verlauf-1024x801.jpg","contentUrl":"https:\/\/career-jungle.de\/wp-content\/uploads\/2023\/05\/170823_SOLCOM_Logo_CI_3.0_RGB-Verlauf-1024x801.jpg"},{"@type":"BreadcrumbList","@id":"https:\/\/career-jungle.de\/unternehmen\/solcom\/#breadcrumb","itemListElement":[{"@type":"ListItem","position":1,"name":"Startseite","item":"https:\/\/career-jungle.de\/"},{"@type":"ListItem","position":2,"name":"Unternehmen","item":"https:\/\/career-jungle.de\/unternehmen\/"},{"@type":"ListItem","position":3,"name":"Solcom"}]},{"@type":"WebSite","@id":"https:\/\/career-jungle.de\/#website","url":"https:\/\/career-jungle.de\/","name":"Career Day","description":"Welcome to the jungle","publisher":{"@id":"https:\/\/career-jungle.de\/#organization"},"potentialAction":[{"@type":"SearchAction","target":{"@type":"EntryPoint","urlTemplate":"https:\/\/career-jungle.de\/?s={search_term_string}"},"query-input":{"@type":"PropertyValueSpecification","valueRequired":true,"valueName":"search_term_string"}}],"inLanguage":"en-US"},{"@type":"Organization","@id":"https:\/\/career-jungle.de\/#organization","name":"Career Day","url":"https:\/\/career-jungle.de\/","logo":{"@type":"ImageObject","inLanguage":"en-US","@id":"https:\/\/career-jungle.de\/#\/schema\/logo\/image\/","url":"https:\/\/career-jungle.de\/wp-content\/uploads\/2023\/04\/2026_CareerDayLogo_Pfad_Kontur_blau.png","contentUrl":"https:\/\/career-jungle.de\/wp-content\/uploads\/2023\/04\/2026_CareerDayLogo_Pfad_Kontur_blau.png","width":872,"height":272,"caption":"Career Day"},"image":{"@id":"https:\/\/career-jungle.de\/#\/schema\/logo\/image\/"}}]}},"_links":{"self":[{"href":"https:\/\/career-jungle.de\/en\/wp-json\/wp\/v2\/pages\/1794","targetHints":{"allow":["GET"]}}],"collection":[{"href":"https:\/\/career-jungle.de\/en\/wp-json\/wp\/v2\/pages"}],"about":[{"href":"https:\/\/career-jungle.de\/en\/wp-json\/wp\/v2\/types\/page"}],"author":[{"embeddable":true,"href":"https:\/\/career-jungle.de\/en\/wp-json\/wp\/v2\/users\/3"}],"replies":[{"embeddable":true,"href":"https:\/\/career-jungle.de\/en\/wp-json\/wp\/v2\/comments?post=1794"}],"version-history":[{"count":5,"href":"https:\/\/career-jungle.de\/en\/wp-json\/wp\/v2\/pages\/1794\/revisions"}],"predecessor-version":[{"id":1823,"href":"https:\/\/career-jungle.de\/en\/wp-json\/wp\/v2\/pages\/1794\/revisions\/1823"}],"up":[{"embeddable":true,"href":"https:\/\/career-jungle.de\/en\/wp-json\/wp\/v2\/pages\/322"}],"wp:attachment":[{"href":"https:\/\/career-jungle.de\/en\/wp-json\/wp\/v2\/media?parent=1794"}],"curies":[{"name":"WordPress","href":"https:\/\/api.w.org\/{rel}","templated":true}]}}