{"id":1785,"date":"2023-05-05T13:00:42","date_gmt":"2023-05-05T13:00:42","guid":{"rendered":"https:\/\/career-jungle.de\/?page_id=1785"},"modified":"2023-05-05T13:10:22","modified_gmt":"2023-05-05T13:10:22","slug":"artivion","status":"publish","type":"page","link":"https:\/\/career-jungle.de\/en\/unternehmen\/artivion\/","title":{"rendered":"artivion"},"content":{"rendered":"<div data-elementor-type=\"wp-page\" data-elementor-id=\"1785\" class=\"elementor elementor-1785\" data-elementor-post-type=\"page\">\n\t\t\t\t\t\t<section class=\"elementor-section elementor-top-section elementor-element elementor-element-5b89601 elementor-section-boxed elementor-section-height-default elementor-section-height-default\" data-id=\"5b89601\" data-element_type=\"section\" data-e-type=\"section\">\n\t\t\t\t\t\t<div class=\"elementor-container elementor-column-gap-default\">\n\t\t\t\t\t<div class=\"elementor-column elementor-col-100 elementor-top-column elementor-element elementor-element-ed771f9\" data-id=\"ed771f9\" data-element_type=\"column\" data-e-type=\"column\">\n\t\t\t<div class=\"elementor-widget-wrap elementor-element-populated\">\n\t\t\t\t\t\t<div class=\"elementor-element elementor-element-e209ab1 elementor-widget elementor-widget-spacer\" data-id=\"e209ab1\" data-element_type=\"widget\" data-e-type=\"widget\" data-widget_type=\"spacer.default\">\n\t\t\t\t<div class=\"elementor-widget-container\">\n\t\t\t\t\t\t\t<div class=\"elementor-spacer\">\n\t\t\t<div class=\"elementor-spacer-inner\"><\/div>\n\t\t<\/div>\n\t\t\t\t\t\t<\/div>\n\t\t\t\t<\/div>\n\t\t\t\t\t<\/div>\n\t\t<\/div>\n\t\t\t\t\t<\/div>\n\t\t<\/section>\n\t\t\t\t<section class=\"elementor-section elementor-top-section elementor-element elementor-element-6750fd5 elementor-section-boxed elementor-section-height-default elementor-section-height-default\" data-id=\"6750fd5\" data-element_type=\"section\" data-e-type=\"section\">\n\t\t\t\t\t\t<div class=\"elementor-container elementor-column-gap-default\">\n\t\t\t\t\t<div class=\"elementor-column elementor-col-100 elementor-top-column elementor-element elementor-element-f74ac0c\" data-id=\"f74ac0c\" data-element_type=\"column\" data-e-type=\"column\">\n\t\t\t<div class=\"elementor-widget-wrap elementor-element-populated\">\n\t\t\t\t\t\t<section class=\"elementor-section elementor-inner-section elementor-element elementor-element-c2005a7 elementor-section-boxed elementor-section-height-default elementor-section-height-default\" data-id=\"c2005a7\" data-element_type=\"section\" data-e-type=\"section\">\n\t\t\t\t\t\t<div class=\"elementor-container elementor-column-gap-default\">\n\t\t\t\t\t<div class=\"elementor-column elementor-col-50 elementor-inner-column elementor-element elementor-element-d4fc0c1\" data-id=\"d4fc0c1\" data-element_type=\"column\" data-e-type=\"column\">\n\t\t\t<div class=\"elementor-widget-wrap elementor-element-populated\">\n\t\t\t\t\t\t<div class=\"elementor-element elementor-element-1b6a54d elementor-widget-widescreen__width-initial elementor-widget elementor-widget-image\" data-id=\"1b6a54d\" data-element_type=\"widget\" data-e-type=\"widget\" data-widget_type=\"image.default\">\n\t\t\t\t<div class=\"elementor-widget-container\">\n\t\t\t\t\t\t\t\t\t\t\t\t\t\t\t\t<a href=\"http:\/\/www.artivion.com\" target=\"_blank\">\n\t\t\t\t\t\t\t<img fetchpriority=\"high\" decoding=\"async\" width=\"800\" height=\"170\" src=\"https:\/\/career-jungle.de\/wp-content\/uploads\/2023\/05\/Artivion_Transition_Logo_TM_RGB-e1683292045539-1024x218.png\" class=\"attachment-large size-large wp-image-1786\" alt=\"\" srcset=\"https:\/\/career-jungle.de\/wp-content\/uploads\/2023\/05\/Artivion_Transition_Logo_TM_RGB-e1683292045539-1024x218.png 1024w, https:\/\/career-jungle.de\/wp-content\/uploads\/2023\/05\/Artivion_Transition_Logo_TM_RGB-e1683292045539-300x64.png 300w, https:\/\/career-jungle.de\/wp-content\/uploads\/2023\/05\/Artivion_Transition_Logo_TM_RGB-e1683292045539-768x163.png 768w, https:\/\/career-jungle.de\/wp-content\/uploads\/2023\/05\/Artivion_Transition_Logo_TM_RGB-e1683292045539-1536x326.png 1536w, https:\/\/career-jungle.de\/wp-content\/uploads\/2023\/05\/Artivion_Transition_Logo_TM_RGB-e1683292045539-2048x435.png 2048w\" sizes=\"(max-width: 800px) 100vw, 800px\" \/>\t\t\t\t\t\t\t\t<\/a>\n\t\t\t\t\t\t\t\t\t\t\t\t\t\t\t<\/div>\n\t\t\t\t<\/div>\n\t\t\t\t\t<\/div>\n\t\t<\/div>\n\t\t\t\t<div class=\"elementor-column elementor-col-50 elementor-inner-column elementor-element elementor-element-92d855d\" data-id=\"92d855d\" data-element_type=\"column\" data-e-type=\"column\">\n\t\t\t<div class=\"elementor-widget-wrap elementor-element-populated\">\n\t\t\t\t\t\t<div class=\"elementor-element elementor-element-7111495 elementor-widget-tablet_extra__width-initial elementor-widget elementor-widget-text-editor\" data-id=\"7111495\" data-element_type=\"widget\" data-e-type=\"widget\" data-widget_type=\"text-editor.default\">\n\t\t\t\t<div class=\"elementor-widget-container\">\n\t\t\t\t\t\t\t\t\t<p><b>ARTIVION FIRMENPROFIL<\/b><\/p>\n<p>Wir arbeiten mit ChirurgInnen zusammen, um die Gesundheit von PatientInnen wiederherzustellen, indem wir innovative Technologien von un\u00fcbertroffener Qualit\u00e4t herstellen und anbieten.<\/p>\n<p>Artivion, Inc., mit Hauptsitz nahe Atlanta, USA, ist ein Medizintechnikunternehmen, das sich auf die Entwicklung und Herstellung innovativer L\u00f6sungen f\u00fcr die Behandlung von PatientInnen mit Aortenerkrankungen konzentriert. Zu dem Produktportfolio von Artivion geh\u00f6ren: Aortenstents und Stentgrafts, chirurgische Kleber, mechanische Herzklappen und implantierbare menschliche Herz- und Gef\u00e4\u00dfgewebe. Artivion vermarktet und vertreibt seine Produkte in mehr als 100 L\u00e4ndern weltweit.<\/p>\n<p>Der Standort in Hechingen beherbergt Produktion, Entwicklung und Verwaltung und ist gleichzeitig Hauptsitz der Region EMEA (Europa, Mittlerer Osten und Afrika). In mehreren Reinr\u00e4umen werden Stentgrafts in Pr\u00e4zisionsarbeit gen\u00e4ht, Einf\u00fchrsysteme gebaut und diverse Produktionsschritte durchgef\u00fchrt. In der hauseigenen Weberei wird auch das Polyestergewebe f\u00fcr die Stentgrafts selbst hergestellt.<\/p><p><br><\/p>\n<p><\/p>\n<p>Weitere Informationen \u00fcber Artivion findest Du auf unserer Website unter <a href=\"http:\/\/www.artivion.com\" target=\"_blank\" rel=\"noopener\">www.artivion.com<\/a>.<\/p><p><br><\/p>\t\t\t\t\t\t\t\t<\/div>\n\t\t\t\t<\/div>\n\t\t\t\t<div class=\"elementor-element elementor-element-7c4bba0 elementor-align-left elementor-widget elementor-widget-button\" data-id=\"7c4bba0\" data-element_type=\"widget\" data-e-type=\"widget\" data-widget_type=\"button.default\">\n\t\t\t\t<div class=\"elementor-widget-container\">\n\t\t\t\t\t\t\t\t\t<div class=\"elementor-button-wrapper\">\n\t\t\t\t\t<a class=\"elementor-button elementor-button-link elementor-size-sm\" href=\"https:\/\/career-jungle.de\/en\/company\/\">\n\t\t\t\t\t\t<span class=\"elementor-button-content-wrapper\">\n\t\t\t\t\t\t\t\t\t<span class=\"elementor-button-text\">back to overview<\/span>\n\t\t\t\t\t<\/span>\n\t\t\t\t\t<\/a>\n\t\t\t\t<\/div>\n\t\t\t\t\t\t\t\t<\/div>\n\t\t\t\t<\/div>\n\t\t\t\t\t<\/div>\n\t\t<\/div>\n\t\t\t\t\t<\/div>\n\t\t<\/section>\n\t\t\t\t\t<\/div>\n\t\t<\/div>\n\t\t\t\t\t<\/div>\n\t\t<\/section>\n\t\t\t\t<section class=\"elementor-section elementor-top-section elementor-element elementor-element-c2b216c elementor-section-boxed elementor-section-height-default elementor-section-height-default\" data-id=\"c2b216c\" data-element_type=\"section\" data-e-type=\"section\">\n\t\t\t\t\t\t<div class=\"elementor-container elementor-column-gap-default\">\n\t\t\t\t\t<div class=\"elementor-column elementor-col-100 elementor-top-column elementor-element elementor-element-2b19507\" data-id=\"2b19507\" data-element_type=\"column\" data-e-type=\"column\">\n\t\t\t<div class=\"elementor-widget-wrap elementor-element-populated\">\n\t\t\t\t\t\t<div class=\"elementor-element elementor-element-dd904b7 elementor-widget elementor-widget-spacer\" data-id=\"dd904b7\" data-element_type=\"widget\" data-e-type=\"widget\" data-widget_type=\"spacer.default\">\n\t\t\t\t<div class=\"elementor-widget-container\">\n\t\t\t\t\t\t\t<div class=\"elementor-spacer\">\n\t\t\t<div class=\"elementor-spacer-inner\"><\/div>\n\t\t<\/div>\n\t\t\t\t\t\t<\/div>\n\t\t\t\t<\/div>\n\t\t\t\t\t<\/div>\n\t\t<\/div>\n\t\t\t\t\t<\/div>\n\t\t<\/section>\n\t\t\t\t<section class=\"elementor-section elementor-top-section elementor-element elementor-element-9d249a4 elementor-section-boxed elementor-section-height-default elementor-section-height-default\" data-id=\"9d249a4\" data-element_type=\"section\" data-e-type=\"section\">\n\t\t\t\t\t\t<div class=\"elementor-container elementor-column-gap-default\">\n\t\t\t\t\t<div class=\"elementor-column elementor-col-100 elementor-top-column elementor-element elementor-element-3d027ac\" data-id=\"3d027ac\" data-element_type=\"column\" data-e-type=\"column\">\n\t\t\t<div class=\"elementor-widget-wrap\">\n\t\t\t\t\t\t\t<\/div>\n\t\t<\/div>\n\t\t\t\t\t<\/div>\n\t\t<\/section>\n\t\t\t\t<\/div>","protected":false},"excerpt":{"rendered":"<p>ARTIVION FIRMENPROFIL Wir arbeiten mit ChirurgInnen zusammen, um die Gesundheit von PatientInnen wiederherzustellen, indem wir innovative Technologien von un\u00fcbertroffener Qualit\u00e4t herstellen und anbieten. Artivion, Inc., mit Hauptsitz nahe Atlanta, USA, ist ein Medizintechnikunternehmen, das sich auf die Entwicklung und Herstellung innovativer L\u00f6sungen f\u00fcr die Behandlung von PatientInnen mit Aortenerkrankungen konzentriert. Zu dem Produktportfolio von Artivion [&hellip;]<\/p>\n","protected":false},"author":1,"featured_media":0,"parent":322,"menu_order":0,"comment_status":"closed","ping_status":"closed","template":"elementor_header_footer","meta":{"inline_featured_image":false,"footnotes":""},"class_list":["post-1785","page","type-page","status-publish","hentry"],"yoast_head":"<!-- This site is optimized with the Yoast SEO plugin v27.3 - https:\/\/yoast.com\/product\/yoast-seo-wordpress\/ -->\n<title>artivion - Career Day<\/title>\n<meta name=\"robots\" content=\"index, follow, max-snippet:-1, max-image-preview:large, max-video-preview:-1\" \/>\n<link rel=\"canonical\" href=\"https:\/\/career-jungle.de\/en\/company\/artivion\/\" \/>\n<meta property=\"og:locale\" content=\"en_US\" \/>\n<meta property=\"og:type\" content=\"article\" \/>\n<meta property=\"og:title\" content=\"artivion - Career Day\" \/>\n<meta property=\"og:description\" content=\"ARTIVION FIRMENPROFIL Wir arbeiten mit ChirurgInnen zusammen, um die Gesundheit von PatientInnen wiederherzustellen, indem wir innovative Technologien von un\u00fcbertroffener Qualit\u00e4t herstellen und anbieten. Artivion, Inc., mit Hauptsitz nahe Atlanta, USA, ist ein Medizintechnikunternehmen, das sich auf die Entwicklung und Herstellung innovativer L\u00f6sungen f\u00fcr die Behandlung von PatientInnen mit Aortenerkrankungen konzentriert. Zu dem Produktportfolio von Artivion [&hellip;]\" \/>\n<meta property=\"og:url\" content=\"https:\/\/career-jungle.de\/en\/company\/artivion\/\" \/>\n<meta property=\"og:site_name\" content=\"Career Day\" \/>\n<meta property=\"article:modified_time\" content=\"2023-05-05T13:10:22+00:00\" \/>\n<meta property=\"og:image\" content=\"https:\/\/career-jungle.de\/wp-content\/uploads\/2023\/05\/Artivion_Transition_Logo_TM_RGB-e1683292045539-1024x218.png\" \/>\n<meta name=\"twitter:card\" content=\"summary_large_image\" \/>\n<meta name=\"twitter:label1\" content=\"Est. reading time\" \/>\n\t<meta name=\"twitter:data1\" content=\"1 minute\" \/>\n<script type=\"application\/ld+json\" class=\"yoast-schema-graph\">{\"@context\":\"https:\\\/\\\/schema.org\",\"@graph\":[{\"@type\":\"WebPage\",\"@id\":\"https:\\\/\\\/career-jungle.de\\\/unternehmen\\\/artivion\\\/\",\"url\":\"https:\\\/\\\/career-jungle.de\\\/unternehmen\\\/artivion\\\/\",\"name\":\"artivion - Career Day\",\"isPartOf\":{\"@id\":\"https:\\\/\\\/career-jungle.de\\\/#website\"},\"primaryImageOfPage\":{\"@id\":\"https:\\\/\\\/career-jungle.de\\\/unternehmen\\\/artivion\\\/#primaryimage\"},\"image\":{\"@id\":\"https:\\\/\\\/career-jungle.de\\\/unternehmen\\\/artivion\\\/#primaryimage\"},\"thumbnailUrl\":\"https:\\\/\\\/career-jungle.de\\\/wp-content\\\/uploads\\\/2023\\\/05\\\/Artivion_Transition_Logo_TM_RGB-e1683292045539-1024x218.png\",\"datePublished\":\"2023-05-05T13:00:42+00:00\",\"dateModified\":\"2023-05-05T13:10:22+00:00\",\"breadcrumb\":{\"@id\":\"https:\\\/\\\/career-jungle.de\\\/unternehmen\\\/artivion\\\/#breadcrumb\"},\"inLanguage\":\"en-US\",\"potentialAction\":[{\"@type\":\"ReadAction\",\"target\":[\"https:\\\/\\\/career-jungle.de\\\/unternehmen\\\/artivion\\\/\"]}]},{\"@type\":\"ImageObject\",\"inLanguage\":\"en-US\",\"@id\":\"https:\\\/\\\/career-jungle.de\\\/unternehmen\\\/artivion\\\/#primaryimage\",\"url\":\"https:\\\/\\\/career-jungle.de\\\/wp-content\\\/uploads\\\/2023\\\/05\\\/Artivion_Transition_Logo_TM_RGB-e1683292045539-1024x218.png\",\"contentUrl\":\"https:\\\/\\\/career-jungle.de\\\/wp-content\\\/uploads\\\/2023\\\/05\\\/Artivion_Transition_Logo_TM_RGB-e1683292045539-1024x218.png\"},{\"@type\":\"BreadcrumbList\",\"@id\":\"https:\\\/\\\/career-jungle.de\\\/unternehmen\\\/artivion\\\/#breadcrumb\",\"itemListElement\":[{\"@type\":\"ListItem\",\"position\":1,\"name\":\"Startseite\",\"item\":\"https:\\\/\\\/career-jungle.de\\\/\"},{\"@type\":\"ListItem\",\"position\":2,\"name\":\"Unternehmen\",\"item\":\"https:\\\/\\\/career-jungle.de\\\/unternehmen\\\/\"},{\"@type\":\"ListItem\",\"position\":3,\"name\":\"artivion\"}]},{\"@type\":\"WebSite\",\"@id\":\"https:\\\/\\\/career-jungle.de\\\/#website\",\"url\":\"https:\\\/\\\/career-jungle.de\\\/\",\"name\":\"Career Day\",\"description\":\"Welcome to the jungle\",\"publisher\":{\"@id\":\"https:\\\/\\\/career-jungle.de\\\/#organization\"},\"potentialAction\":[{\"@type\":\"SearchAction\",\"target\":{\"@type\":\"EntryPoint\",\"urlTemplate\":\"https:\\\/\\\/career-jungle.de\\\/?s={search_term_string}\"},\"query-input\":{\"@type\":\"PropertyValueSpecification\",\"valueRequired\":true,\"valueName\":\"search_term_string\"}}],\"inLanguage\":\"en-US\"},{\"@type\":\"Organization\",\"@id\":\"https:\\\/\\\/career-jungle.de\\\/#organization\",\"name\":\"Career Day\",\"url\":\"https:\\\/\\\/career-jungle.de\\\/\",\"logo\":{\"@type\":\"ImageObject\",\"inLanguage\":\"en-US\",\"@id\":\"https:\\\/\\\/career-jungle.de\\\/#\\\/schema\\\/logo\\\/image\\\/\",\"url\":\"https:\\\/\\\/career-jungle.de\\\/wp-content\\\/uploads\\\/2023\\\/04\\\/2026_CareerDayLogo_Pfad_Kontur_blau.png\",\"contentUrl\":\"https:\\\/\\\/career-jungle.de\\\/wp-content\\\/uploads\\\/2023\\\/04\\\/2026_CareerDayLogo_Pfad_Kontur_blau.png\",\"width\":872,\"height\":272,\"caption\":\"Career Day\"},\"image\":{\"@id\":\"https:\\\/\\\/career-jungle.de\\\/#\\\/schema\\\/logo\\\/image\\\/\"}}]}<\/script>\n<!-- \/ Yoast SEO plugin. -->","yoast_head_json":{"title":"artivion - Career Day","robots":{"index":"index","follow":"follow","max-snippet":"max-snippet:-1","max-image-preview":"max-image-preview:large","max-video-preview":"max-video-preview:-1"},"canonical":"https:\/\/career-jungle.de\/en\/company\/artivion\/","og_locale":"en_US","og_type":"article","og_title":"artivion - Career Day","og_description":"ARTIVION FIRMENPROFIL Wir arbeiten mit ChirurgInnen zusammen, um die Gesundheit von PatientInnen wiederherzustellen, indem wir innovative Technologien von un\u00fcbertroffener Qualit\u00e4t herstellen und anbieten. Artivion, Inc., mit Hauptsitz nahe Atlanta, USA, ist ein Medizintechnikunternehmen, das sich auf die Entwicklung und Herstellung innovativer L\u00f6sungen f\u00fcr die Behandlung von PatientInnen mit Aortenerkrankungen konzentriert. Zu dem Produktportfolio von Artivion [&hellip;]","og_url":"https:\/\/career-jungle.de\/en\/company\/artivion\/","og_site_name":"Career Day","article_modified_time":"2023-05-05T13:10:22+00:00","og_image":[{"url":"https:\/\/career-jungle.de\/wp-content\/uploads\/2023\/05\/Artivion_Transition_Logo_TM_RGB-e1683292045539-1024x218.png","type":"","width":"","height":""}],"twitter_card":"summary_large_image","twitter_misc":{"Est. reading time":"1 minute"},"schema":{"@context":"https:\/\/schema.org","@graph":[{"@type":"WebPage","@id":"https:\/\/career-jungle.de\/unternehmen\/artivion\/","url":"https:\/\/career-jungle.de\/unternehmen\/artivion\/","name":"artivion - Career Day","isPartOf":{"@id":"https:\/\/career-jungle.de\/#website"},"primaryImageOfPage":{"@id":"https:\/\/career-jungle.de\/unternehmen\/artivion\/#primaryimage"},"image":{"@id":"https:\/\/career-jungle.de\/unternehmen\/artivion\/#primaryimage"},"thumbnailUrl":"https:\/\/career-jungle.de\/wp-content\/uploads\/2023\/05\/Artivion_Transition_Logo_TM_RGB-e1683292045539-1024x218.png","datePublished":"2023-05-05T13:00:42+00:00","dateModified":"2023-05-05T13:10:22+00:00","breadcrumb":{"@id":"https:\/\/career-jungle.de\/unternehmen\/artivion\/#breadcrumb"},"inLanguage":"en-US","potentialAction":[{"@type":"ReadAction","target":["https:\/\/career-jungle.de\/unternehmen\/artivion\/"]}]},{"@type":"ImageObject","inLanguage":"en-US","@id":"https:\/\/career-jungle.de\/unternehmen\/artivion\/#primaryimage","url":"https:\/\/career-jungle.de\/wp-content\/uploads\/2023\/05\/Artivion_Transition_Logo_TM_RGB-e1683292045539-1024x218.png","contentUrl":"https:\/\/career-jungle.de\/wp-content\/uploads\/2023\/05\/Artivion_Transition_Logo_TM_RGB-e1683292045539-1024x218.png"},{"@type":"BreadcrumbList","@id":"https:\/\/career-jungle.de\/unternehmen\/artivion\/#breadcrumb","itemListElement":[{"@type":"ListItem","position":1,"name":"Startseite","item":"https:\/\/career-jungle.de\/"},{"@type":"ListItem","position":2,"name":"Unternehmen","item":"https:\/\/career-jungle.de\/unternehmen\/"},{"@type":"ListItem","position":3,"name":"artivion"}]},{"@type":"WebSite","@id":"https:\/\/career-jungle.de\/#website","url":"https:\/\/career-jungle.de\/","name":"Career Day","description":"Welcome to the jungle","publisher":{"@id":"https:\/\/career-jungle.de\/#organization"},"potentialAction":[{"@type":"SearchAction","target":{"@type":"EntryPoint","urlTemplate":"https:\/\/career-jungle.de\/?s={search_term_string}"},"query-input":{"@type":"PropertyValueSpecification","valueRequired":true,"valueName":"search_term_string"}}],"inLanguage":"en-US"},{"@type":"Organization","@id":"https:\/\/career-jungle.de\/#organization","name":"Career Day","url":"https:\/\/career-jungle.de\/","logo":{"@type":"ImageObject","inLanguage":"en-US","@id":"https:\/\/career-jungle.de\/#\/schema\/logo\/image\/","url":"https:\/\/career-jungle.de\/wp-content\/uploads\/2023\/04\/2026_CareerDayLogo_Pfad_Kontur_blau.png","contentUrl":"https:\/\/career-jungle.de\/wp-content\/uploads\/2023\/04\/2026_CareerDayLogo_Pfad_Kontur_blau.png","width":872,"height":272,"caption":"Career Day"},"image":{"@id":"https:\/\/career-jungle.de\/#\/schema\/logo\/image\/"}}]}},"_links":{"self":[{"href":"https:\/\/career-jungle.de\/en\/wp-json\/wp\/v2\/pages\/1785","targetHints":{"allow":["GET"]}}],"collection":[{"href":"https:\/\/career-jungle.de\/en\/wp-json\/wp\/v2\/pages"}],"about":[{"href":"https:\/\/career-jungle.de\/en\/wp-json\/wp\/v2\/types\/page"}],"author":[{"embeddable":true,"href":"https:\/\/career-jungle.de\/en\/wp-json\/wp\/v2\/users\/1"}],"replies":[{"embeddable":true,"href":"https:\/\/career-jungle.de\/en\/wp-json\/wp\/v2\/comments?post=1785"}],"version-history":[{"count":4,"href":"https:\/\/career-jungle.de\/en\/wp-json\/wp\/v2\/pages\/1785\/revisions"}],"predecessor-version":[{"id":1790,"href":"https:\/\/career-jungle.de\/en\/wp-json\/wp\/v2\/pages\/1785\/revisions\/1790"}],"up":[{"embeddable":true,"href":"https:\/\/career-jungle.de\/en\/wp-json\/wp\/v2\/pages\/322"}],"wp:attachment":[{"href":"https:\/\/career-jungle.de\/en\/wp-json\/wp\/v2\/media?parent=1785"}],"curies":[{"name":"WordPress","href":"https:\/\/api.w.org\/{rel}","templated":true}]}}