{"id":1773,"date":"2023-05-03T14:53:08","date_gmt":"2023-05-03T14:53:08","guid":{"rendered":"https:\/\/career-jungle.de\/?page_id=1773"},"modified":"2023-05-03T14:58:08","modified_gmt":"2023-05-03T14:58:08","slug":"hecker","status":"publish","type":"page","link":"https:\/\/career-jungle.de\/en\/unternehmen\/hecker\/","title":{"rendered":"HECKER"},"content":{"rendered":"<div data-elementor-type=\"wp-page\" data-elementor-id=\"1773\" class=\"elementor elementor-1773\" data-elementor-post-type=\"page\">\n\t\t\t\t\t\t<section class=\"elementor-section elementor-top-section elementor-element elementor-element-621a5e1 elementor-section-boxed elementor-section-height-default elementor-section-height-default\" data-id=\"621a5e1\" data-element_type=\"section\" data-e-type=\"section\">\n\t\t\t\t\t\t<div class=\"elementor-container elementor-column-gap-default\">\n\t\t\t\t\t<div class=\"elementor-column elementor-col-100 elementor-top-column elementor-element elementor-element-c777b87\" data-id=\"c777b87\" data-element_type=\"column\" data-e-type=\"column\">\n\t\t\t<div class=\"elementor-widget-wrap elementor-element-populated\">\n\t\t\t\t\t\t<div class=\"elementor-element elementor-element-6eab81a elementor-widget elementor-widget-spacer\" data-id=\"6eab81a\" data-element_type=\"widget\" data-e-type=\"widget\" data-widget_type=\"spacer.default\">\n\t\t\t\t<div class=\"elementor-widget-container\">\n\t\t\t\t\t\t\t<div class=\"elementor-spacer\">\n\t\t\t<div class=\"elementor-spacer-inner\"><\/div>\n\t\t<\/div>\n\t\t\t\t\t\t<\/div>\n\t\t\t\t<\/div>\n\t\t\t\t\t<\/div>\n\t\t<\/div>\n\t\t\t\t\t<\/div>\n\t\t<\/section>\n\t\t\t\t<section class=\"elementor-section elementor-top-section elementor-element elementor-element-fb7418f elementor-section-boxed elementor-section-height-default elementor-section-height-default\" data-id=\"fb7418f\" data-element_type=\"section\" data-e-type=\"section\">\n\t\t\t\t\t\t<div class=\"elementor-container elementor-column-gap-default\">\n\t\t\t\t\t<div class=\"elementor-column elementor-col-100 elementor-top-column elementor-element elementor-element-d7287ec\" data-id=\"d7287ec\" data-element_type=\"column\" data-e-type=\"column\">\n\t\t\t<div class=\"elementor-widget-wrap elementor-element-populated\">\n\t\t\t\t\t\t<section class=\"elementor-section elementor-inner-section elementor-element elementor-element-c58a6a0 elementor-section-boxed elementor-section-height-default elementor-section-height-default\" data-id=\"c58a6a0\" data-element_type=\"section\" data-e-type=\"section\">\n\t\t\t\t\t\t<div class=\"elementor-container elementor-column-gap-default\">\n\t\t\t\t\t<div class=\"elementor-column elementor-col-50 elementor-inner-column elementor-element elementor-element-46eb312\" data-id=\"46eb312\" data-element_type=\"column\" data-e-type=\"column\">\n\t\t\t<div class=\"elementor-widget-wrap elementor-element-populated\">\n\t\t\t\t\t\t<div class=\"elementor-element elementor-element-2951582 elementor-widget elementor-widget-image\" data-id=\"2951582\" data-element_type=\"widget\" data-e-type=\"widget\" data-widget_type=\"image.default\">\n\t\t\t\t<div class=\"elementor-widget-container\">\n\t\t\t\t\t\t\t\t\t\t\t\t\t\t\t\t<a href=\"https:\/\/www.heckerwerke.de\/de\/\" target=\"_blank\">\n\t\t\t\t\t\t\t<img fetchpriority=\"high\" decoding=\"async\" width=\"800\" height=\"430\" src=\"https:\/\/career-jungle.de\/wp-content\/uploads\/2023\/05\/HW-Logo-mit-Punkthaken-1024x550.png\" class=\"attachment-large size-large wp-image-1775\" alt=\"\" srcset=\"https:\/\/career-jungle.de\/wp-content\/uploads\/2023\/05\/HW-Logo-mit-Punkthaken-1024x550.png 1024w, https:\/\/career-jungle.de\/wp-content\/uploads\/2023\/05\/HW-Logo-mit-Punkthaken-300x161.png 300w, https:\/\/career-jungle.de\/wp-content\/uploads\/2023\/05\/HW-Logo-mit-Punkthaken-768x413.png 768w, https:\/\/career-jungle.de\/wp-content\/uploads\/2023\/05\/HW-Logo-mit-Punkthaken-1536x825.png 1536w, https:\/\/career-jungle.de\/wp-content\/uploads\/2023\/05\/HW-Logo-mit-Punkthaken-2048x1100.png 2048w\" sizes=\"(max-width: 800px) 100vw, 800px\" \/>\t\t\t\t\t\t\t\t<\/a>\n\t\t\t\t\t\t\t\t\t\t\t\t\t\t\t<\/div>\n\t\t\t\t<\/div>\n\t\t\t\t\t<\/div>\n\t\t<\/div>\n\t\t\t\t<div class=\"elementor-column elementor-col-50 elementor-inner-column elementor-element elementor-element-425b7d8\" data-id=\"425b7d8\" data-element_type=\"column\" data-e-type=\"column\">\n\t\t\t<div class=\"elementor-widget-wrap elementor-element-populated\">\n\t\t\t\t\t\t<div class=\"elementor-element elementor-element-81f242f elementor-widget elementor-widget-text-editor\" data-id=\"81f242f\" data-element_type=\"widget\" data-e-type=\"widget\" data-widget_type=\"text-editor.default\">\n\t\t\t\t<div class=\"elementor-widget-container\">\n\t\t\t\t\t\t\t\t\t<div class=\"Spacing__spacing--margin-top-2__YQFc-__0-0-1687 Spacing__spacing--margin-bottom-2__OQ-jA__0-0-1687\"><p><strong>DICHTUNGSFRAGEN? HECKER FRAGEN!<\/strong><\/p><p class=\"ProductParagraph__product-paragraph__GMmH0__0-0-1687 ProductParagraph__product-paragraph--lg__47dLF__0-0-1687\">Die HECKER WERKE GmbH sind seit 1904 der zuverl\u00e4ssige Partner zur L\u00f6sung individueller Dichtungsfragen.<\/p><\/div><div class=\"Spacing__spacing--margin-top-2__YQFc-__0-0-1687 Spacing__spacing--margin-bottom-2__OQ-jA__0-0-1687\"><p class=\"ProductParagraph__product-paragraph__GMmH0__0-0-1687 ProductParagraph__product-paragraph--lg__47dLF__0-0-1687\">Durch die hohe Fertigungstiefe und den vielf\u00e4ltigen, modernen Maschinenpark besteht die M\u00f6glichkeit an diversesten<\/p><\/div><div class=\"Spacing__spacing--margin-top-2__YQFc-__0-0-1687 Spacing__spacing--margin-bottom-2__OQ-jA__0-0-1687\"><p class=\"ProductParagraph__product-paragraph__GMmH0__0-0-1687 ProductParagraph__product-paragraph--lg__47dLF__0-0-1687\">\u201cStellschrauben\u201d zu drehen, um die Werkstoffe\/Teile zu entwickeln und zu produzieren, die optimal zu den Bed\u00fcrfnissen der Kunden passen.<\/p><\/div><div class=\"Spacing__spacing--margin-top-2__YQFc-__0-0-1687 Spacing__spacing--margin-bottom-2__OQ-jA__0-0-1687\"><p class=\"ProductParagraph__product-paragraph__GMmH0__0-0-1687 ProductParagraph__product-paragraph--lg__47dLF__0-0-1687\">HECKER\u00ae verkauft technisch anspruchsvolle Dichtungsl\u00f6sungen in beliebigen St\u00fcckzahlen aus einer Hand an eine Vielzahl von Kunden aus unterschiedlichsten Branchen.<\/p><\/div><div class=\"Spacing__spacing--margin-top-2__YQFc-__0-0-1687 Spacing__spacing--margin-bottom-2__OQ-jA__0-0-1687\"><p class=\"ProductParagraph__product-paragraph__GMmH0__0-0-1687 ProductParagraph__product-paragraph--lg__47dLF__0-0-1687\">Wir bieten Ihnen vielf\u00e4ltige Ausbildungsm\u00f6glichkeiten und Arbeitsm\u00f6glichkeiten in einem traditionellen, innovativen und famili\u00e4ren Umfeld.<\/p><p>WEITERE INOFS:<br \/><a href=\"https:\/\/www.heckerwerke.de\/de\/\" target=\"_blank\" rel=\"noopener\">www.heckerwerke.de<\/a><\/p><\/div>\t\t\t\t\t\t\t\t<\/div>\n\t\t\t\t<\/div>\n\t\t\t\t<div class=\"elementor-element elementor-element-aabd006 elementor-align-left elementor-widget elementor-widget-button\" data-id=\"aabd006\" data-element_type=\"widget\" data-e-type=\"widget\" data-widget_type=\"button.default\">\n\t\t\t\t<div class=\"elementor-widget-container\">\n\t\t\t\t\t\t\t\t\t<div class=\"elementor-button-wrapper\">\n\t\t\t\t\t<a class=\"elementor-button elementor-button-link elementor-size-sm\" href=\"https:\/\/career-jungle.de\/en\/company\/\">\n\t\t\t\t\t\t<span class=\"elementor-button-content-wrapper\">\n\t\t\t\t\t\t\t\t\t<span class=\"elementor-button-text\">back to overview<\/span>\n\t\t\t\t\t<\/span>\n\t\t\t\t\t<\/a>\n\t\t\t\t<\/div>\n\t\t\t\t\t\t\t\t<\/div>\n\t\t\t\t<\/div>\n\t\t\t\t\t<\/div>\n\t\t<\/div>\n\t\t\t\t\t<\/div>\n\t\t<\/section>\n\t\t\t\t\t<\/div>\n\t\t<\/div>\n\t\t\t\t\t<\/div>\n\t\t<\/section>\n\t\t\t\t<section class=\"elementor-section elementor-top-section elementor-element elementor-element-d5dcfbe elementor-section-boxed elementor-section-height-default elementor-section-height-default\" data-id=\"d5dcfbe\" data-element_type=\"section\" data-e-type=\"section\">\n\t\t\t\t\t\t<div class=\"elementor-container elementor-column-gap-default\">\n\t\t\t\t\t<div class=\"elementor-column elementor-col-100 elementor-top-column elementor-element elementor-element-7918da4\" data-id=\"7918da4\" data-element_type=\"column\" data-e-type=\"column\">\n\t\t\t<div class=\"elementor-widget-wrap elementor-element-populated\">\n\t\t\t\t\t\t<div class=\"elementor-element elementor-element-ef542fa elementor-widget elementor-widget-spacer\" data-id=\"ef542fa\" data-element_type=\"widget\" data-e-type=\"widget\" data-widget_type=\"spacer.default\">\n\t\t\t\t<div class=\"elementor-widget-container\">\n\t\t\t\t\t\t\t<div class=\"elementor-spacer\">\n\t\t\t<div class=\"elementor-spacer-inner\"><\/div>\n\t\t<\/div>\n\t\t\t\t\t\t<\/div>\n\t\t\t\t<\/div>\n\t\t\t\t\t<\/div>\n\t\t<\/div>\n\t\t\t\t\t<\/div>\n\t\t<\/section>\n\t\t\t\t<\/div>","protected":false},"excerpt":{"rendered":"<p>DICHTUNGSFRAGEN? HECKER FRAGEN! Die HECKER WERKE GmbH sind seit 1904 der zuverl\u00e4ssige Partner zur L\u00f6sung individueller Dichtungsfragen. Durch die hohe Fertigungstiefe und den vielf\u00e4ltigen, modernen Maschinenpark besteht die M\u00f6glichkeit an diversesten \u201cStellschrauben\u201d zu drehen, um die Werkstoffe\/Teile zu entwickeln und zu produzieren, die optimal zu den Bed\u00fcrfnissen der Kunden passen. HECKER\u00ae verkauft technisch anspruchsvolle Dichtungsl\u00f6sungen [&hellip;]<\/p>\n","protected":false},"author":3,"featured_media":0,"parent":322,"menu_order":0,"comment_status":"closed","ping_status":"closed","template":"elementor_header_footer","meta":{"inline_featured_image":false,"footnotes":""},"class_list":["post-1773","page","type-page","status-publish","hentry"],"yoast_head":"<!-- This site is optimized with the Yoast SEO plugin v27.3 - https:\/\/yoast.com\/product\/yoast-seo-wordpress\/ -->\n<title>HECKER - Career Day<\/title>\n<meta name=\"robots\" content=\"index, follow, max-snippet:-1, max-image-preview:large, max-video-preview:-1\" \/>\n<link rel=\"canonical\" href=\"https:\/\/career-jungle.de\/en\/company\/hecker\/\" \/>\n<meta property=\"og:locale\" content=\"en_US\" \/>\n<meta property=\"og:type\" content=\"article\" \/>\n<meta property=\"og:title\" content=\"HECKER - Career Day\" \/>\n<meta property=\"og:description\" content=\"DICHTUNGSFRAGEN? HECKER FRAGEN! Die HECKER WERKE GmbH sind seit 1904 der zuverl\u00e4ssige Partner zur L\u00f6sung individueller Dichtungsfragen. Durch die hohe Fertigungstiefe und den vielf\u00e4ltigen, modernen Maschinenpark besteht die M\u00f6glichkeit an diversesten \u201cStellschrauben\u201d zu drehen, um die Werkstoffe\/Teile zu entwickeln und zu produzieren, die optimal zu den Bed\u00fcrfnissen der Kunden passen. HECKER\u00ae verkauft technisch anspruchsvolle Dichtungsl\u00f6sungen [&hellip;]\" \/>\n<meta property=\"og:url\" content=\"https:\/\/career-jungle.de\/en\/company\/hecker\/\" \/>\n<meta property=\"og:site_name\" content=\"Career Day\" \/>\n<meta property=\"article:modified_time\" content=\"2023-05-03T14:58:08+00:00\" \/>\n<meta property=\"og:image\" content=\"https:\/\/career-jungle.de\/wp-content\/uploads\/2023\/05\/HW-Logo-mit-Punkthaken-1024x550.png\" \/>\n<meta name=\"twitter:card\" content=\"summary_large_image\" \/>\n<meta name=\"twitter:label1\" content=\"Est. reading time\" \/>\n\t<meta name=\"twitter:data1\" content=\"1 minute\" \/>\n<script type=\"application\/ld+json\" class=\"yoast-schema-graph\">{\"@context\":\"https:\\\/\\\/schema.org\",\"@graph\":[{\"@type\":\"WebPage\",\"@id\":\"https:\\\/\\\/career-jungle.de\\\/unternehmen\\\/hecker\\\/\",\"url\":\"https:\\\/\\\/career-jungle.de\\\/unternehmen\\\/hecker\\\/\",\"name\":\"HECKER - Career Day\",\"isPartOf\":{\"@id\":\"https:\\\/\\\/career-jungle.de\\\/#website\"},\"primaryImageOfPage\":{\"@id\":\"https:\\\/\\\/career-jungle.de\\\/unternehmen\\\/hecker\\\/#primaryimage\"},\"image\":{\"@id\":\"https:\\\/\\\/career-jungle.de\\\/unternehmen\\\/hecker\\\/#primaryimage\"},\"thumbnailUrl\":\"https:\\\/\\\/career-jungle.de\\\/wp-content\\\/uploads\\\/2023\\\/05\\\/HW-Logo-mit-Punkthaken-1024x550.png\",\"datePublished\":\"2023-05-03T14:53:08+00:00\",\"dateModified\":\"2023-05-03T14:58:08+00:00\",\"breadcrumb\":{\"@id\":\"https:\\\/\\\/career-jungle.de\\\/unternehmen\\\/hecker\\\/#breadcrumb\"},\"inLanguage\":\"en-US\",\"potentialAction\":[{\"@type\":\"ReadAction\",\"target\":[\"https:\\\/\\\/career-jungle.de\\\/unternehmen\\\/hecker\\\/\"]}]},{\"@type\":\"ImageObject\",\"inLanguage\":\"en-US\",\"@id\":\"https:\\\/\\\/career-jungle.de\\\/unternehmen\\\/hecker\\\/#primaryimage\",\"url\":\"https:\\\/\\\/career-jungle.de\\\/wp-content\\\/uploads\\\/2023\\\/05\\\/HW-Logo-mit-Punkthaken-1024x550.png\",\"contentUrl\":\"https:\\\/\\\/career-jungle.de\\\/wp-content\\\/uploads\\\/2023\\\/05\\\/HW-Logo-mit-Punkthaken-1024x550.png\"},{\"@type\":\"BreadcrumbList\",\"@id\":\"https:\\\/\\\/career-jungle.de\\\/unternehmen\\\/hecker\\\/#breadcrumb\",\"itemListElement\":[{\"@type\":\"ListItem\",\"position\":1,\"name\":\"Startseite\",\"item\":\"https:\\\/\\\/career-jungle.de\\\/\"},{\"@type\":\"ListItem\",\"position\":2,\"name\":\"Unternehmen\",\"item\":\"https:\\\/\\\/career-jungle.de\\\/unternehmen\\\/\"},{\"@type\":\"ListItem\",\"position\":3,\"name\":\"HECKER\"}]},{\"@type\":\"WebSite\",\"@id\":\"https:\\\/\\\/career-jungle.de\\\/#website\",\"url\":\"https:\\\/\\\/career-jungle.de\\\/\",\"name\":\"Career Day\",\"description\":\"Welcome to the jungle\",\"publisher\":{\"@id\":\"https:\\\/\\\/career-jungle.de\\\/#organization\"},\"potentialAction\":[{\"@type\":\"SearchAction\",\"target\":{\"@type\":\"EntryPoint\",\"urlTemplate\":\"https:\\\/\\\/career-jungle.de\\\/?s={search_term_string}\"},\"query-input\":{\"@type\":\"PropertyValueSpecification\",\"valueRequired\":true,\"valueName\":\"search_term_string\"}}],\"inLanguage\":\"en-US\"},{\"@type\":\"Organization\",\"@id\":\"https:\\\/\\\/career-jungle.de\\\/#organization\",\"name\":\"Career Day\",\"url\":\"https:\\\/\\\/career-jungle.de\\\/\",\"logo\":{\"@type\":\"ImageObject\",\"inLanguage\":\"en-US\",\"@id\":\"https:\\\/\\\/career-jungle.de\\\/#\\\/schema\\\/logo\\\/image\\\/\",\"url\":\"https:\\\/\\\/career-jungle.de\\\/wp-content\\\/uploads\\\/2023\\\/04\\\/2026_CareerDayLogo_Pfad_Kontur_blau.png\",\"contentUrl\":\"https:\\\/\\\/career-jungle.de\\\/wp-content\\\/uploads\\\/2023\\\/04\\\/2026_CareerDayLogo_Pfad_Kontur_blau.png\",\"width\":872,\"height\":272,\"caption\":\"Career Day\"},\"image\":{\"@id\":\"https:\\\/\\\/career-jungle.de\\\/#\\\/schema\\\/logo\\\/image\\\/\"}}]}<\/script>\n<!-- \/ Yoast SEO plugin. -->","yoast_head_json":{"title":"HECKER - Career Day","robots":{"index":"index","follow":"follow","max-snippet":"max-snippet:-1","max-image-preview":"max-image-preview:large","max-video-preview":"max-video-preview:-1"},"canonical":"https:\/\/career-jungle.de\/en\/company\/hecker\/","og_locale":"en_US","og_type":"article","og_title":"HECKER - Career Day","og_description":"DICHTUNGSFRAGEN? HECKER FRAGEN! Die HECKER WERKE GmbH sind seit 1904 der zuverl\u00e4ssige Partner zur L\u00f6sung individueller Dichtungsfragen. Durch die hohe Fertigungstiefe und den vielf\u00e4ltigen, modernen Maschinenpark besteht die M\u00f6glichkeit an diversesten \u201cStellschrauben\u201d zu drehen, um die Werkstoffe\/Teile zu entwickeln und zu produzieren, die optimal zu den Bed\u00fcrfnissen der Kunden passen. HECKER\u00ae verkauft technisch anspruchsvolle Dichtungsl\u00f6sungen [&hellip;]","og_url":"https:\/\/career-jungle.de\/en\/company\/hecker\/","og_site_name":"Career Day","article_modified_time":"2023-05-03T14:58:08+00:00","og_image":[{"url":"https:\/\/career-jungle.de\/wp-content\/uploads\/2023\/05\/HW-Logo-mit-Punkthaken-1024x550.png","type":"","width":"","height":""}],"twitter_card":"summary_large_image","twitter_misc":{"Est. reading time":"1 minute"},"schema":{"@context":"https:\/\/schema.org","@graph":[{"@type":"WebPage","@id":"https:\/\/career-jungle.de\/unternehmen\/hecker\/","url":"https:\/\/career-jungle.de\/unternehmen\/hecker\/","name":"HECKER - Career Day","isPartOf":{"@id":"https:\/\/career-jungle.de\/#website"},"primaryImageOfPage":{"@id":"https:\/\/career-jungle.de\/unternehmen\/hecker\/#primaryimage"},"image":{"@id":"https:\/\/career-jungle.de\/unternehmen\/hecker\/#primaryimage"},"thumbnailUrl":"https:\/\/career-jungle.de\/wp-content\/uploads\/2023\/05\/HW-Logo-mit-Punkthaken-1024x550.png","datePublished":"2023-05-03T14:53:08+00:00","dateModified":"2023-05-03T14:58:08+00:00","breadcrumb":{"@id":"https:\/\/career-jungle.de\/unternehmen\/hecker\/#breadcrumb"},"inLanguage":"en-US","potentialAction":[{"@type":"ReadAction","target":["https:\/\/career-jungle.de\/unternehmen\/hecker\/"]}]},{"@type":"ImageObject","inLanguage":"en-US","@id":"https:\/\/career-jungle.de\/unternehmen\/hecker\/#primaryimage","url":"https:\/\/career-jungle.de\/wp-content\/uploads\/2023\/05\/HW-Logo-mit-Punkthaken-1024x550.png","contentUrl":"https:\/\/career-jungle.de\/wp-content\/uploads\/2023\/05\/HW-Logo-mit-Punkthaken-1024x550.png"},{"@type":"BreadcrumbList","@id":"https:\/\/career-jungle.de\/unternehmen\/hecker\/#breadcrumb","itemListElement":[{"@type":"ListItem","position":1,"name":"Startseite","item":"https:\/\/career-jungle.de\/"},{"@type":"ListItem","position":2,"name":"Unternehmen","item":"https:\/\/career-jungle.de\/unternehmen\/"},{"@type":"ListItem","position":3,"name":"HECKER"}]},{"@type":"WebSite","@id":"https:\/\/career-jungle.de\/#website","url":"https:\/\/career-jungle.de\/","name":"Career Day","description":"Welcome to the jungle","publisher":{"@id":"https:\/\/career-jungle.de\/#organization"},"potentialAction":[{"@type":"SearchAction","target":{"@type":"EntryPoint","urlTemplate":"https:\/\/career-jungle.de\/?s={search_term_string}"},"query-input":{"@type":"PropertyValueSpecification","valueRequired":true,"valueName":"search_term_string"}}],"inLanguage":"en-US"},{"@type":"Organization","@id":"https:\/\/career-jungle.de\/#organization","name":"Career Day","url":"https:\/\/career-jungle.de\/","logo":{"@type":"ImageObject","inLanguage":"en-US","@id":"https:\/\/career-jungle.de\/#\/schema\/logo\/image\/","url":"https:\/\/career-jungle.de\/wp-content\/uploads\/2023\/04\/2026_CareerDayLogo_Pfad_Kontur_blau.png","contentUrl":"https:\/\/career-jungle.de\/wp-content\/uploads\/2023\/04\/2026_CareerDayLogo_Pfad_Kontur_blau.png","width":872,"height":272,"caption":"Career Day"},"image":{"@id":"https:\/\/career-jungle.de\/#\/schema\/logo\/image\/"}}]}},"_links":{"self":[{"href":"https:\/\/career-jungle.de\/en\/wp-json\/wp\/v2\/pages\/1773","targetHints":{"allow":["GET"]}}],"collection":[{"href":"https:\/\/career-jungle.de\/en\/wp-json\/wp\/v2\/pages"}],"about":[{"href":"https:\/\/career-jungle.de\/en\/wp-json\/wp\/v2\/types\/page"}],"author":[{"embeddable":true,"href":"https:\/\/career-jungle.de\/en\/wp-json\/wp\/v2\/users\/3"}],"replies":[{"embeddable":true,"href":"https:\/\/career-jungle.de\/en\/wp-json\/wp\/v2\/comments?post=1773"}],"version-history":[{"count":4,"href":"https:\/\/career-jungle.de\/en\/wp-json\/wp\/v2\/pages\/1773\/revisions"}],"predecessor-version":[{"id":1778,"href":"https:\/\/career-jungle.de\/en\/wp-json\/wp\/v2\/pages\/1773\/revisions\/1778"}],"up":[{"embeddable":true,"href":"https:\/\/career-jungle.de\/en\/wp-json\/wp\/v2\/pages\/322"}],"wp:attachment":[{"href":"https:\/\/career-jungle.de\/en\/wp-json\/wp\/v2\/media?parent=1773"}],"curies":[{"name":"WordPress","href":"https:\/\/api.w.org\/{rel}","templated":true}]}}