{"id":1697,"date":"2023-05-02T18:04:45","date_gmt":"2023-05-02T18:04:45","guid":{"rendered":"https:\/\/career-jungle.de\/?page_id=1697"},"modified":"2023-05-02T18:10:28","modified_gmt":"2023-05-02T18:10:28","slug":"teler","status":"publish","type":"page","link":"https:\/\/career-jungle.de\/en\/unternehmen\/teler\/","title":{"rendered":"TELEROB"},"content":{"rendered":"<div data-elementor-type=\"wp-page\" data-elementor-id=\"1697\" class=\"elementor elementor-1697\" data-elementor-post-type=\"page\">\n\t\t\t\t\t\t<section class=\"elementor-section elementor-top-section elementor-element elementor-element-1288192 elementor-section-boxed elementor-section-height-default elementor-section-height-default\" data-id=\"1288192\" data-element_type=\"section\" data-e-type=\"section\">\n\t\t\t\t\t\t<div class=\"elementor-container elementor-column-gap-default\">\n\t\t\t\t\t<div class=\"elementor-column elementor-col-100 elementor-top-column elementor-element elementor-element-bcdf789\" data-id=\"bcdf789\" data-element_type=\"column\" data-e-type=\"column\">\n\t\t\t<div class=\"elementor-widget-wrap elementor-element-populated\">\n\t\t\t\t\t\t<div class=\"elementor-element elementor-element-d16659c elementor-widget elementor-widget-spacer\" data-id=\"d16659c\" data-element_type=\"widget\" data-e-type=\"widget\" data-widget_type=\"spacer.default\">\n\t\t\t\t<div class=\"elementor-widget-container\">\n\t\t\t\t\t\t\t<div class=\"elementor-spacer\">\n\t\t\t<div class=\"elementor-spacer-inner\"><\/div>\n\t\t<\/div>\n\t\t\t\t\t\t<\/div>\n\t\t\t\t<\/div>\n\t\t\t\t\t<\/div>\n\t\t<\/div>\n\t\t\t\t\t<\/div>\n\t\t<\/section>\n\t\t\t\t<section class=\"elementor-section elementor-top-section elementor-element elementor-element-72febdb elementor-section-boxed elementor-section-height-default elementor-section-height-default\" data-id=\"72febdb\" data-element_type=\"section\" data-e-type=\"section\">\n\t\t\t\t\t\t<div class=\"elementor-container elementor-column-gap-default\">\n\t\t\t\t\t<div class=\"elementor-column elementor-col-100 elementor-top-column elementor-element elementor-element-e1b6298\" data-id=\"e1b6298\" data-element_type=\"column\" data-e-type=\"column\">\n\t\t\t<div class=\"elementor-widget-wrap elementor-element-populated\">\n\t\t\t\t\t\t<section class=\"elementor-section elementor-inner-section elementor-element elementor-element-8bfd150 elementor-section-boxed elementor-section-height-default elementor-section-height-default\" data-id=\"8bfd150\" data-element_type=\"section\" data-e-type=\"section\">\n\t\t\t\t\t\t<div class=\"elementor-container elementor-column-gap-default\">\n\t\t\t\t\t<div class=\"elementor-column elementor-col-50 elementor-inner-column elementor-element elementor-element-046948c\" data-id=\"046948c\" data-element_type=\"column\" data-e-type=\"column\">\n\t\t\t<div class=\"elementor-widget-wrap elementor-element-populated\">\n\t\t\t\t\t\t<div class=\"elementor-element elementor-element-0bcf0dd elementor-widget-widescreen__width-initial elementor-widget elementor-widget-image\" data-id=\"0bcf0dd\" data-element_type=\"widget\" data-e-type=\"widget\" data-widget_type=\"image.default\">\n\t\t\t\t<div class=\"elementor-widget-container\">\n\t\t\t\t\t\t\t\t\t\t\t\t\t\t\t\t<a href=\"https:\/\/www.avinc.com\/de\/ugv\/innovative-losungen-fur-unbemannte-bodenfahrzeuge\" target=\"_blank\">\n\t\t\t\t\t\t\t<img fetchpriority=\"high\" decoding=\"async\" width=\"800\" height=\"183\" src=\"https:\/\/career-jungle.de\/wp-content\/uploads\/2023\/05\/2020_AV_Telerob_Logo-1024x234.png\" class=\"attachment-large size-large wp-image-1700\" alt=\"\" srcset=\"https:\/\/career-jungle.de\/wp-content\/uploads\/2023\/05\/2020_AV_Telerob_Logo-1024x234.png 1024w, https:\/\/career-jungle.de\/wp-content\/uploads\/2023\/05\/2020_AV_Telerob_Logo-300x69.png 300w, https:\/\/career-jungle.de\/wp-content\/uploads\/2023\/05\/2020_AV_Telerob_Logo-768x176.png 768w, https:\/\/career-jungle.de\/wp-content\/uploads\/2023\/05\/2020_AV_Telerob_Logo-1536x352.png 1536w, https:\/\/career-jungle.de\/wp-content\/uploads\/2023\/05\/2020_AV_Telerob_Logo-2048x469.png 2048w\" sizes=\"(max-width: 800px) 100vw, 800px\" \/>\t\t\t\t\t\t\t\t<\/a>\n\t\t\t\t\t\t\t\t\t\t\t\t\t\t\t<\/div>\n\t\t\t\t<\/div>\n\t\t\t\t\t<\/div>\n\t\t<\/div>\n\t\t\t\t<div class=\"elementor-column elementor-col-50 elementor-inner-column elementor-element elementor-element-80c6d95\" data-id=\"80c6d95\" data-element_type=\"column\" data-e-type=\"column\">\n\t\t\t<div class=\"elementor-widget-wrap elementor-element-populated\">\n\t\t\t\t\t\t<div class=\"elementor-element elementor-element-d5fd95e elementor-widget elementor-widget-text-editor\" data-id=\"d5fd95e\" data-element_type=\"widget\" data-e-type=\"widget\" data-widget_type=\"text-editor.default\">\n\t\t\t\t<div class=\"elementor-widget-container\">\n\t\t\t\t\t\t\t\t\t<div><p><b>TELEROB<\/b><\/p><p>Telerob Gesellschaft f\u00fcr Fernhantierungstechnik mbH ist ein f\u00fchrender Hersteller von Produkten f\u00fcr die Bereiche Verteidigung und innere Sicherheit mit Sitz in Ostfildern bei Stuttgart.<\/p><\/div><div><p>Das Produktspektrum umfasst die branchenweit fortschrittlichsten mobilen Roboter, darunter der EOD-Roboter tEODor EVO und die Modelle der telemax www.telerob.com<\/p><\/div><div><p>EVO-Familie, sowie vollst\u00e4ndig ausgestattete, nach Kundenwunsch konfigurierte Einsatzfahrzeuge.<\/p><\/div><div><p>Die hochmodernen L\u00f6sungen von Telerob f\u00fchren eine Vielzahl gef\u00e4hrlicher Missionen sicher und effektiv aus, wie die Beseitigung von Kampfmitteln (EOD), die Handhabung von Gefahrgut und die Erkundung chemischer, biologischer, radiologischer und nuklearer Bedrohungen.<\/p><p>\u00a0<\/p><p><b>MORE INFO:<\/b><br \/><a href=\"https:\/\/www.avinc.com\/de\/ugv\/innovative-losungen-fur-unbemannte-bodenfahrzeuge\" target=\"_blank\" rel=\"noopener\">https:\/\/www.avinc.com\/de\/ugv\/innovative-losungen-fur-unbemannte-bodenfahrzeuge<\/a><\/p><p>\u00a0<\/p><\/div>\t\t\t\t\t\t\t\t<\/div>\n\t\t\t\t<\/div>\n\t\t\t\t<div class=\"elementor-element elementor-element-00e1b36 elementor-align-left elementor-widget elementor-widget-button\" data-id=\"00e1b36\" data-element_type=\"widget\" data-e-type=\"widget\" data-widget_type=\"button.default\">\n\t\t\t\t<div class=\"elementor-widget-container\">\n\t\t\t\t\t\t\t\t\t<div class=\"elementor-button-wrapper\">\n\t\t\t\t\t<a class=\"elementor-button elementor-button-link elementor-size-sm\" href=\"https:\/\/career-jungle.de\/en\/company\/\">\n\t\t\t\t\t\t<span class=\"elementor-button-content-wrapper\">\n\t\t\t\t\t\t\t\t\t<span class=\"elementor-button-text\">back to overview<\/span>\n\t\t\t\t\t<\/span>\n\t\t\t\t\t<\/a>\n\t\t\t\t<\/div>\n\t\t\t\t\t\t\t\t<\/div>\n\t\t\t\t<\/div>\n\t\t\t\t\t<\/div>\n\t\t<\/div>\n\t\t\t\t\t<\/div>\n\t\t<\/section>\n\t\t\t\t\t<\/div>\n\t\t<\/div>\n\t\t\t\t\t<\/div>\n\t\t<\/section>\n\t\t\t\t<\/div>","protected":false},"excerpt":{"rendered":"<p>TELEROB Telerob Gesellschaft f\u00fcr Fernhantierungstechnik mbH ist ein f\u00fchrender Hersteller von Produkten f\u00fcr die Bereiche Verteidigung und innere Sicherheit mit Sitz in Ostfildern bei Stuttgart. Das Produktspektrum umfasst die branchenweit fortschrittlichsten mobilen Roboter, darunter der EOD-Roboter tEODor EVO und die Modelle der telemax www.telerob.com EVO-Familie, sowie vollst\u00e4ndig ausgestattete, nach Kundenwunsch konfigurierte Einsatzfahrzeuge. Die hochmodernen L\u00f6sungen [&hellip;]<\/p>\n","protected":false},"author":3,"featured_media":0,"parent":322,"menu_order":0,"comment_status":"closed","ping_status":"closed","template":"elementor_header_footer","meta":{"inline_featured_image":false,"footnotes":""},"class_list":["post-1697","page","type-page","status-publish","hentry"],"yoast_head":"<!-- This site is optimized with the Yoast SEO plugin v27.3 - https:\/\/yoast.com\/product\/yoast-seo-wordpress\/ -->\n<title>TELEROB - Career Day<\/title>\n<meta name=\"robots\" content=\"index, follow, max-snippet:-1, max-image-preview:large, max-video-preview:-1\" \/>\n<link rel=\"canonical\" href=\"https:\/\/career-jungle.de\/en\/company\/teler\/\" \/>\n<meta property=\"og:locale\" content=\"en_US\" \/>\n<meta property=\"og:type\" content=\"article\" \/>\n<meta property=\"og:title\" content=\"TELEROB - Career Day\" \/>\n<meta property=\"og:description\" content=\"TELEROB Telerob Gesellschaft f\u00fcr Fernhantierungstechnik mbH ist ein f\u00fchrender Hersteller von Produkten f\u00fcr die Bereiche Verteidigung und innere Sicherheit mit Sitz in Ostfildern bei Stuttgart. Das Produktspektrum umfasst die branchenweit fortschrittlichsten mobilen Roboter, darunter der EOD-Roboter tEODor EVO und die Modelle der telemax www.telerob.com EVO-Familie, sowie vollst\u00e4ndig ausgestattete, nach Kundenwunsch konfigurierte Einsatzfahrzeuge. Die hochmodernen L\u00f6sungen [&hellip;]\" \/>\n<meta property=\"og:url\" content=\"https:\/\/career-jungle.de\/en\/company\/teler\/\" \/>\n<meta property=\"og:site_name\" content=\"Career Day\" \/>\n<meta property=\"article:modified_time\" content=\"2023-05-02T18:10:28+00:00\" \/>\n<meta property=\"og:image\" content=\"https:\/\/career-jungle.de\/wp-content\/uploads\/2023\/05\/2020_AV_Telerob_Logo-1024x234.png\" \/>\n<meta name=\"twitter:card\" content=\"summary_large_image\" \/>\n<meta name=\"twitter:label1\" content=\"Est. reading time\" \/>\n\t<meta name=\"twitter:data1\" content=\"1 minute\" \/>\n<script type=\"application\/ld+json\" class=\"yoast-schema-graph\">{\"@context\":\"https:\\\/\\\/schema.org\",\"@graph\":[{\"@type\":\"WebPage\",\"@id\":\"https:\\\/\\\/career-jungle.de\\\/unternehmen\\\/teler\\\/\",\"url\":\"https:\\\/\\\/career-jungle.de\\\/unternehmen\\\/teler\\\/\",\"name\":\"TELEROB - Career Day\",\"isPartOf\":{\"@id\":\"https:\\\/\\\/career-jungle.de\\\/#website\"},\"primaryImageOfPage\":{\"@id\":\"https:\\\/\\\/career-jungle.de\\\/unternehmen\\\/teler\\\/#primaryimage\"},\"image\":{\"@id\":\"https:\\\/\\\/career-jungle.de\\\/unternehmen\\\/teler\\\/#primaryimage\"},\"thumbnailUrl\":\"https:\\\/\\\/career-jungle.de\\\/wp-content\\\/uploads\\\/2023\\\/05\\\/2020_AV_Telerob_Logo-1024x234.png\",\"datePublished\":\"2023-05-02T18:04:45+00:00\",\"dateModified\":\"2023-05-02T18:10:28+00:00\",\"breadcrumb\":{\"@id\":\"https:\\\/\\\/career-jungle.de\\\/unternehmen\\\/teler\\\/#breadcrumb\"},\"inLanguage\":\"en-US\",\"potentialAction\":[{\"@type\":\"ReadAction\",\"target\":[\"https:\\\/\\\/career-jungle.de\\\/unternehmen\\\/teler\\\/\"]}]},{\"@type\":\"ImageObject\",\"inLanguage\":\"en-US\",\"@id\":\"https:\\\/\\\/career-jungle.de\\\/unternehmen\\\/teler\\\/#primaryimage\",\"url\":\"https:\\\/\\\/career-jungle.de\\\/wp-content\\\/uploads\\\/2023\\\/05\\\/2020_AV_Telerob_Logo-1024x234.png\",\"contentUrl\":\"https:\\\/\\\/career-jungle.de\\\/wp-content\\\/uploads\\\/2023\\\/05\\\/2020_AV_Telerob_Logo-1024x234.png\"},{\"@type\":\"BreadcrumbList\",\"@id\":\"https:\\\/\\\/career-jungle.de\\\/unternehmen\\\/teler\\\/#breadcrumb\",\"itemListElement\":[{\"@type\":\"ListItem\",\"position\":1,\"name\":\"Startseite\",\"item\":\"https:\\\/\\\/career-jungle.de\\\/\"},{\"@type\":\"ListItem\",\"position\":2,\"name\":\"Unternehmen\",\"item\":\"https:\\\/\\\/career-jungle.de\\\/unternehmen\\\/\"},{\"@type\":\"ListItem\",\"position\":3,\"name\":\"TELEROB\"}]},{\"@type\":\"WebSite\",\"@id\":\"https:\\\/\\\/career-jungle.de\\\/#website\",\"url\":\"https:\\\/\\\/career-jungle.de\\\/\",\"name\":\"Career Day\",\"description\":\"Welcome to the jungle\",\"publisher\":{\"@id\":\"https:\\\/\\\/career-jungle.de\\\/#organization\"},\"potentialAction\":[{\"@type\":\"SearchAction\",\"target\":{\"@type\":\"EntryPoint\",\"urlTemplate\":\"https:\\\/\\\/career-jungle.de\\\/?s={search_term_string}\"},\"query-input\":{\"@type\":\"PropertyValueSpecification\",\"valueRequired\":true,\"valueName\":\"search_term_string\"}}],\"inLanguage\":\"en-US\"},{\"@type\":\"Organization\",\"@id\":\"https:\\\/\\\/career-jungle.de\\\/#organization\",\"name\":\"Career Day\",\"url\":\"https:\\\/\\\/career-jungle.de\\\/\",\"logo\":{\"@type\":\"ImageObject\",\"inLanguage\":\"en-US\",\"@id\":\"https:\\\/\\\/career-jungle.de\\\/#\\\/schema\\\/logo\\\/image\\\/\",\"url\":\"https:\\\/\\\/career-jungle.de\\\/wp-content\\\/uploads\\\/2023\\\/04\\\/2026_CareerDayLogo_Pfad_Kontur_blau.png\",\"contentUrl\":\"https:\\\/\\\/career-jungle.de\\\/wp-content\\\/uploads\\\/2023\\\/04\\\/2026_CareerDayLogo_Pfad_Kontur_blau.png\",\"width\":872,\"height\":272,\"caption\":\"Career Day\"},\"image\":{\"@id\":\"https:\\\/\\\/career-jungle.de\\\/#\\\/schema\\\/logo\\\/image\\\/\"}}]}<\/script>\n<!-- \/ Yoast SEO plugin. -->","yoast_head_json":{"title":"TELEROB - Career Day","robots":{"index":"index","follow":"follow","max-snippet":"max-snippet:-1","max-image-preview":"max-image-preview:large","max-video-preview":"max-video-preview:-1"},"canonical":"https:\/\/career-jungle.de\/en\/company\/teler\/","og_locale":"en_US","og_type":"article","og_title":"TELEROB - Career Day","og_description":"TELEROB Telerob Gesellschaft f\u00fcr Fernhantierungstechnik mbH ist ein f\u00fchrender Hersteller von Produkten f\u00fcr die Bereiche Verteidigung und innere Sicherheit mit Sitz in Ostfildern bei Stuttgart. Das Produktspektrum umfasst die branchenweit fortschrittlichsten mobilen Roboter, darunter der EOD-Roboter tEODor EVO und die Modelle der telemax www.telerob.com EVO-Familie, sowie vollst\u00e4ndig ausgestattete, nach Kundenwunsch konfigurierte Einsatzfahrzeuge. Die hochmodernen L\u00f6sungen [&hellip;]","og_url":"https:\/\/career-jungle.de\/en\/company\/teler\/","og_site_name":"Career Day","article_modified_time":"2023-05-02T18:10:28+00:00","og_image":[{"url":"https:\/\/career-jungle.de\/wp-content\/uploads\/2023\/05\/2020_AV_Telerob_Logo-1024x234.png","type":"","width":"","height":""}],"twitter_card":"summary_large_image","twitter_misc":{"Est. reading time":"1 minute"},"schema":{"@context":"https:\/\/schema.org","@graph":[{"@type":"WebPage","@id":"https:\/\/career-jungle.de\/unternehmen\/teler\/","url":"https:\/\/career-jungle.de\/unternehmen\/teler\/","name":"TELEROB - Career Day","isPartOf":{"@id":"https:\/\/career-jungle.de\/#website"},"primaryImageOfPage":{"@id":"https:\/\/career-jungle.de\/unternehmen\/teler\/#primaryimage"},"image":{"@id":"https:\/\/career-jungle.de\/unternehmen\/teler\/#primaryimage"},"thumbnailUrl":"https:\/\/career-jungle.de\/wp-content\/uploads\/2023\/05\/2020_AV_Telerob_Logo-1024x234.png","datePublished":"2023-05-02T18:04:45+00:00","dateModified":"2023-05-02T18:10:28+00:00","breadcrumb":{"@id":"https:\/\/career-jungle.de\/unternehmen\/teler\/#breadcrumb"},"inLanguage":"en-US","potentialAction":[{"@type":"ReadAction","target":["https:\/\/career-jungle.de\/unternehmen\/teler\/"]}]},{"@type":"ImageObject","inLanguage":"en-US","@id":"https:\/\/career-jungle.de\/unternehmen\/teler\/#primaryimage","url":"https:\/\/career-jungle.de\/wp-content\/uploads\/2023\/05\/2020_AV_Telerob_Logo-1024x234.png","contentUrl":"https:\/\/career-jungle.de\/wp-content\/uploads\/2023\/05\/2020_AV_Telerob_Logo-1024x234.png"},{"@type":"BreadcrumbList","@id":"https:\/\/career-jungle.de\/unternehmen\/teler\/#breadcrumb","itemListElement":[{"@type":"ListItem","position":1,"name":"Startseite","item":"https:\/\/career-jungle.de\/"},{"@type":"ListItem","position":2,"name":"Unternehmen","item":"https:\/\/career-jungle.de\/unternehmen\/"},{"@type":"ListItem","position":3,"name":"TELEROB"}]},{"@type":"WebSite","@id":"https:\/\/career-jungle.de\/#website","url":"https:\/\/career-jungle.de\/","name":"Career Day","description":"Welcome to the jungle","publisher":{"@id":"https:\/\/career-jungle.de\/#organization"},"potentialAction":[{"@type":"SearchAction","target":{"@type":"EntryPoint","urlTemplate":"https:\/\/career-jungle.de\/?s={search_term_string}"},"query-input":{"@type":"PropertyValueSpecification","valueRequired":true,"valueName":"search_term_string"}}],"inLanguage":"en-US"},{"@type":"Organization","@id":"https:\/\/career-jungle.de\/#organization","name":"Career Day","url":"https:\/\/career-jungle.de\/","logo":{"@type":"ImageObject","inLanguage":"en-US","@id":"https:\/\/career-jungle.de\/#\/schema\/logo\/image\/","url":"https:\/\/career-jungle.de\/wp-content\/uploads\/2023\/04\/2026_CareerDayLogo_Pfad_Kontur_blau.png","contentUrl":"https:\/\/career-jungle.de\/wp-content\/uploads\/2023\/04\/2026_CareerDayLogo_Pfad_Kontur_blau.png","width":872,"height":272,"caption":"Career Day"},"image":{"@id":"https:\/\/career-jungle.de\/#\/schema\/logo\/image\/"}}]}},"_links":{"self":[{"href":"https:\/\/career-jungle.de\/en\/wp-json\/wp\/v2\/pages\/1697","targetHints":{"allow":["GET"]}}],"collection":[{"href":"https:\/\/career-jungle.de\/en\/wp-json\/wp\/v2\/pages"}],"about":[{"href":"https:\/\/career-jungle.de\/en\/wp-json\/wp\/v2\/types\/page"}],"author":[{"embeddable":true,"href":"https:\/\/career-jungle.de\/en\/wp-json\/wp\/v2\/users\/3"}],"replies":[{"embeddable":true,"href":"https:\/\/career-jungle.de\/en\/wp-json\/wp\/v2\/comments?post=1697"}],"version-history":[{"count":5,"href":"https:\/\/career-jungle.de\/en\/wp-json\/wp\/v2\/pages\/1697\/revisions"}],"predecessor-version":[{"id":1709,"href":"https:\/\/career-jungle.de\/en\/wp-json\/wp\/v2\/pages\/1697\/revisions\/1709"}],"up":[{"embeddable":true,"href":"https:\/\/career-jungle.de\/en\/wp-json\/wp\/v2\/pages\/322"}],"wp:attachment":[{"href":"https:\/\/career-jungle.de\/en\/wp-json\/wp\/v2\/media?parent=1697"}],"curies":[{"name":"WordPress","href":"https:\/\/api.w.org\/{rel}","templated":true}]}}