{"id":1686,"date":"2023-05-02T17:52:35","date_gmt":"2023-05-02T17:52:35","guid":{"rendered":"https:\/\/career-jungle.de\/?page_id=1686"},"modified":"2023-05-02T17:56:29","modified_gmt":"2023-05-02T17:56:29","slug":"ovesco","status":"publish","type":"page","link":"https:\/\/career-jungle.de\/en\/unternehmen\/ovesco\/","title":{"rendered":"ovesco"},"content":{"rendered":"<div data-elementor-type=\"wp-page\" data-elementor-id=\"1686\" class=\"elementor elementor-1686\" data-elementor-post-type=\"page\">\n\t\t\t\t\t\t<section class=\"elementor-section elementor-top-section elementor-element elementor-element-3626653 elementor-section-boxed elementor-section-height-default elementor-section-height-default\" data-id=\"3626653\" data-element_type=\"section\" data-e-type=\"section\">\n\t\t\t\t\t\t<div class=\"elementor-container elementor-column-gap-default\">\n\t\t\t\t\t<div class=\"elementor-column elementor-col-100 elementor-top-column elementor-element elementor-element-7921a7d\" data-id=\"7921a7d\" data-element_type=\"column\" data-e-type=\"column\">\n\t\t\t<div class=\"elementor-widget-wrap elementor-element-populated\">\n\t\t\t\t\t\t<div class=\"elementor-element elementor-element-1684833 elementor-widget elementor-widget-spacer\" data-id=\"1684833\" data-element_type=\"widget\" data-e-type=\"widget\" data-widget_type=\"spacer.default\">\n\t\t\t\t<div class=\"elementor-widget-container\">\n\t\t\t\t\t\t\t<div class=\"elementor-spacer\">\n\t\t\t<div class=\"elementor-spacer-inner\"><\/div>\n\t\t<\/div>\n\t\t\t\t\t\t<\/div>\n\t\t\t\t<\/div>\n\t\t\t\t\t<\/div>\n\t\t<\/div>\n\t\t\t\t\t<\/div>\n\t\t<\/section>\n\t\t\t\t<section class=\"elementor-section elementor-top-section elementor-element elementor-element-05c5bee elementor-section-boxed elementor-section-height-default elementor-section-height-default\" data-id=\"05c5bee\" data-element_type=\"section\" data-e-type=\"section\">\n\t\t\t\t\t\t<div class=\"elementor-container elementor-column-gap-default\">\n\t\t\t\t\t<div class=\"elementor-column elementor-col-100 elementor-top-column elementor-element elementor-element-d576b51\" data-id=\"d576b51\" data-element_type=\"column\" data-e-type=\"column\">\n\t\t\t<div class=\"elementor-widget-wrap elementor-element-populated\">\n\t\t\t\t\t\t<section class=\"elementor-section elementor-inner-section elementor-element elementor-element-e01ce40 elementor-section-boxed elementor-section-height-default elementor-section-height-default\" data-id=\"e01ce40\" data-element_type=\"section\" data-e-type=\"section\">\n\t\t\t\t\t\t<div class=\"elementor-container elementor-column-gap-default\">\n\t\t\t\t\t<div class=\"elementor-column elementor-col-50 elementor-inner-column elementor-element elementor-element-b272a64\" data-id=\"b272a64\" data-element_type=\"column\" data-e-type=\"column\">\n\t\t\t<div class=\"elementor-widget-wrap elementor-element-populated\">\n\t\t\t\t\t\t<div class=\"elementor-element elementor-element-3b829c8 elementor-widget-widescreen__width-initial elementor-widget-tablet_extra__width-initial elementor-widget elementor-widget-image\" data-id=\"3b829c8\" data-element_type=\"widget\" data-e-type=\"widget\" data-widget_type=\"image.default\">\n\t\t\t\t<div class=\"elementor-widget-container\">\n\t\t\t\t\t\t\t\t\t\t\t\t\t\t\t\t<a href=\"https:\/\/ovesco.com\/de\/karriere\/\" target=\"_blank\">\n\t\t\t\t\t\t\t<img fetchpriority=\"high\" decoding=\"async\" width=\"497\" height=\"195\" src=\"https:\/\/career-jungle.de\/wp-content\/uploads\/2023\/05\/OVE_Logo_claim_4c.png\" class=\"attachment-large size-large wp-image-1687\" alt=\"\" srcset=\"https:\/\/career-jungle.de\/wp-content\/uploads\/2023\/05\/OVE_Logo_claim_4c.png 497w, https:\/\/career-jungle.de\/wp-content\/uploads\/2023\/05\/OVE_Logo_claim_4c-300x118.png 300w\" sizes=\"(max-width: 497px) 100vw, 497px\" \/>\t\t\t\t\t\t\t\t<\/a>\n\t\t\t\t\t\t\t\t\t\t\t\t\t\t\t<\/div>\n\t\t\t\t<\/div>\n\t\t\t\t\t<\/div>\n\t\t<\/div>\n\t\t\t\t<div class=\"elementor-column elementor-col-50 elementor-inner-column elementor-element elementor-element-4449a6f\" data-id=\"4449a6f\" data-element_type=\"column\" data-e-type=\"column\">\n\t\t\t<div class=\"elementor-widget-wrap elementor-element-populated\">\n\t\t\t\t\t\t<div class=\"elementor-element elementor-element-254b501 elementor-widget elementor-widget-text-editor\" data-id=\"254b501\" data-element_type=\"widget\" data-e-type=\"widget\" data-widget_type=\"text-editor.default\">\n\t\t\t\t<div class=\"elementor-widget-container\">\n\t\t\t\t\t\t\t\t\t<div>\n<p><b>DIE OVESCO ENDOSCOPY AG<\/b><\/p>\n<p>Das Medizintechnik-Unternehmen wurde 2008 von einer kleinen Gruppe von Unternehmern ins Leben gerufen, welche ein gemeinsames Ziel vereinte: Die Behandlung gastrointestinaler Erkrankungen wesentlich und nachhaltig zu verbessern.<\/p>\n<\/div>\n<div>\n<p>Mittlerweile besch\u00e4ftigt Ovesco \u00fcber 100 Mitarbeiter:innen am Standort T\u00fcbingen und weitere im Ausland.<\/p>\n<\/div>\n<div>\n<p>Zus\u00e4tzlich geben wir vielen jungen Menschen die M\u00f6glichkeit, die Praxiswelt hautnah zu erleben und sich mit ihren Ideen und ihrem Elan einzubringen.<\/p>\n<p>Auch mit Studierenden arbeiten wir im Rahmen von Praktika, Abschlussarbeiten und Werkstudentent\u00e4tigkeiten sehr erfolgreich zusammen.<\/p><p><br><\/p>\n<p><\/p>\n<p><b>MORE INFO:<\/b><br><a href=\"https:\/\/ovesco.com\/de\/karriere\/\" target=\"_blank\" rel=\"noopener\">https:\/\/ovesco.com\/de\/karriere\/<\/a><\/p><p><br><\/p>\n<p><\/p>\n<\/div>\t\t\t\t\t\t\t\t<\/div>\n\t\t\t\t<\/div>\n\t\t\t\t<div class=\"elementor-element elementor-element-9ab4415 elementor-align-left elementor-widget elementor-widget-button\" data-id=\"9ab4415\" data-element_type=\"widget\" data-e-type=\"widget\" data-widget_type=\"button.default\">\n\t\t\t\t<div class=\"elementor-widget-container\">\n\t\t\t\t\t\t\t\t\t<div class=\"elementor-button-wrapper\">\n\t\t\t\t\t<a class=\"elementor-button elementor-button-link elementor-size-sm\" href=\"https:\/\/career-jungle.de\/en\/company\/\">\n\t\t\t\t\t\t<span class=\"elementor-button-content-wrapper\">\n\t\t\t\t\t\t\t\t\t<span class=\"elementor-button-text\">back to overview<\/span>\n\t\t\t\t\t<\/span>\n\t\t\t\t\t<\/a>\n\t\t\t\t<\/div>\n\t\t\t\t\t\t\t\t<\/div>\n\t\t\t\t<\/div>\n\t\t\t\t\t<\/div>\n\t\t<\/div>\n\t\t\t\t\t<\/div>\n\t\t<\/section>\n\t\t\t\t\t<\/div>\n\t\t<\/div>\n\t\t\t\t\t<\/div>\n\t\t<\/section>\n\t\t\t\t<section class=\"elementor-section elementor-top-section elementor-element elementor-element-c0d72ec elementor-section-boxed elementor-section-height-default elementor-section-height-default\" data-id=\"c0d72ec\" data-element_type=\"section\" data-e-type=\"section\">\n\t\t\t\t\t\t<div class=\"elementor-container elementor-column-gap-default\">\n\t\t\t\t\t<div class=\"elementor-column elementor-col-100 elementor-top-column elementor-element elementor-element-e62becd\" data-id=\"e62becd\" data-element_type=\"column\" data-e-type=\"column\">\n\t\t\t<div class=\"elementor-widget-wrap elementor-element-populated\">\n\t\t\t\t\t\t<div class=\"elementor-element elementor-element-540623f elementor-widget elementor-widget-spacer\" data-id=\"540623f\" data-element_type=\"widget\" data-e-type=\"widget\" data-widget_type=\"spacer.default\">\n\t\t\t\t<div class=\"elementor-widget-container\">\n\t\t\t\t\t\t\t<div class=\"elementor-spacer\">\n\t\t\t<div class=\"elementor-spacer-inner\"><\/div>\n\t\t<\/div>\n\t\t\t\t\t\t<\/div>\n\t\t\t\t<\/div>\n\t\t\t\t\t<\/div>\n\t\t<\/div>\n\t\t\t\t\t<\/div>\n\t\t<\/section>\n\t\t\t\t<\/div>","protected":false},"excerpt":{"rendered":"<p>DIE OVESCO ENDOSCOPY AG Das Medizintechnik-Unternehmen wurde 2008 von einer kleinen Gruppe von Unternehmern ins Leben gerufen, welche ein gemeinsames Ziel vereinte: Die Behandlung gastrointestinaler Erkrankungen wesentlich und nachhaltig zu verbessern. Mittlerweile besch\u00e4ftigt Ovesco \u00fcber 100 Mitarbeiter:innen am Standort T\u00fcbingen und weitere im Ausland. Zus\u00e4tzlich geben wir vielen jungen Menschen die M\u00f6glichkeit, die Praxiswelt hautnah [&hellip;]<\/p>\n","protected":false},"author":1,"featured_media":0,"parent":322,"menu_order":0,"comment_status":"closed","ping_status":"closed","template":"elementor_header_footer","meta":{"inline_featured_image":false,"footnotes":""},"class_list":["post-1686","page","type-page","status-publish","hentry"],"yoast_head":"<!-- This site is optimized with the Yoast SEO plugin v27.3 - https:\/\/yoast.com\/product\/yoast-seo-wordpress\/ -->\n<title>ovesco - Career Day<\/title>\n<meta name=\"robots\" content=\"index, follow, max-snippet:-1, max-image-preview:large, max-video-preview:-1\" \/>\n<link rel=\"canonical\" href=\"https:\/\/career-jungle.de\/en\/company\/ovesco\/\" \/>\n<meta property=\"og:locale\" content=\"en_US\" \/>\n<meta property=\"og:type\" content=\"article\" \/>\n<meta property=\"og:title\" content=\"ovesco - Career Day\" \/>\n<meta property=\"og:description\" content=\"DIE OVESCO ENDOSCOPY AG Das Medizintechnik-Unternehmen wurde 2008 von einer kleinen Gruppe von Unternehmern ins Leben gerufen, welche ein gemeinsames Ziel vereinte: Die Behandlung gastrointestinaler Erkrankungen wesentlich und nachhaltig zu verbessern. Mittlerweile besch\u00e4ftigt Ovesco \u00fcber 100 Mitarbeiter:innen am Standort T\u00fcbingen und weitere im Ausland. Zus\u00e4tzlich geben wir vielen jungen Menschen die M\u00f6glichkeit, die Praxiswelt hautnah [&hellip;]\" \/>\n<meta property=\"og:url\" content=\"https:\/\/career-jungle.de\/en\/company\/ovesco\/\" \/>\n<meta property=\"og:site_name\" content=\"Career Day\" \/>\n<meta property=\"article:modified_time\" content=\"2023-05-02T17:56:29+00:00\" \/>\n<meta property=\"og:image\" content=\"https:\/\/career-jungle.de\/wp-content\/uploads\/2023\/05\/OVE_Logo_claim_4c.png\" \/>\n<meta name=\"twitter:card\" content=\"summary_large_image\" \/>\n<script type=\"application\/ld+json\" class=\"yoast-schema-graph\">{\"@context\":\"https:\\\/\\\/schema.org\",\"@graph\":[{\"@type\":\"WebPage\",\"@id\":\"https:\\\/\\\/career-jungle.de\\\/unternehmen\\\/ovesco\\\/\",\"url\":\"https:\\\/\\\/career-jungle.de\\\/unternehmen\\\/ovesco\\\/\",\"name\":\"ovesco - Career Day\",\"isPartOf\":{\"@id\":\"https:\\\/\\\/career-jungle.de\\\/#website\"},\"primaryImageOfPage\":{\"@id\":\"https:\\\/\\\/career-jungle.de\\\/unternehmen\\\/ovesco\\\/#primaryimage\"},\"image\":{\"@id\":\"https:\\\/\\\/career-jungle.de\\\/unternehmen\\\/ovesco\\\/#primaryimage\"},\"thumbnailUrl\":\"https:\\\/\\\/career-jungle.de\\\/wp-content\\\/uploads\\\/2023\\\/05\\\/OVE_Logo_claim_4c.png\",\"datePublished\":\"2023-05-02T17:52:35+00:00\",\"dateModified\":\"2023-05-02T17:56:29+00:00\",\"breadcrumb\":{\"@id\":\"https:\\\/\\\/career-jungle.de\\\/unternehmen\\\/ovesco\\\/#breadcrumb\"},\"inLanguage\":\"en-US\",\"potentialAction\":[{\"@type\":\"ReadAction\",\"target\":[\"https:\\\/\\\/career-jungle.de\\\/unternehmen\\\/ovesco\\\/\"]}]},{\"@type\":\"ImageObject\",\"inLanguage\":\"en-US\",\"@id\":\"https:\\\/\\\/career-jungle.de\\\/unternehmen\\\/ovesco\\\/#primaryimage\",\"url\":\"https:\\\/\\\/career-jungle.de\\\/wp-content\\\/uploads\\\/2023\\\/05\\\/OVE_Logo_claim_4c.png\",\"contentUrl\":\"https:\\\/\\\/career-jungle.de\\\/wp-content\\\/uploads\\\/2023\\\/05\\\/OVE_Logo_claim_4c.png\"},{\"@type\":\"BreadcrumbList\",\"@id\":\"https:\\\/\\\/career-jungle.de\\\/unternehmen\\\/ovesco\\\/#breadcrumb\",\"itemListElement\":[{\"@type\":\"ListItem\",\"position\":1,\"name\":\"Startseite\",\"item\":\"https:\\\/\\\/career-jungle.de\\\/\"},{\"@type\":\"ListItem\",\"position\":2,\"name\":\"Unternehmen\",\"item\":\"https:\\\/\\\/career-jungle.de\\\/unternehmen\\\/\"},{\"@type\":\"ListItem\",\"position\":3,\"name\":\"ovesco\"}]},{\"@type\":\"WebSite\",\"@id\":\"https:\\\/\\\/career-jungle.de\\\/#website\",\"url\":\"https:\\\/\\\/career-jungle.de\\\/\",\"name\":\"Career Day\",\"description\":\"Welcome to the jungle\",\"publisher\":{\"@id\":\"https:\\\/\\\/career-jungle.de\\\/#organization\"},\"potentialAction\":[{\"@type\":\"SearchAction\",\"target\":{\"@type\":\"EntryPoint\",\"urlTemplate\":\"https:\\\/\\\/career-jungle.de\\\/?s={search_term_string}\"},\"query-input\":{\"@type\":\"PropertyValueSpecification\",\"valueRequired\":true,\"valueName\":\"search_term_string\"}}],\"inLanguage\":\"en-US\"},{\"@type\":\"Organization\",\"@id\":\"https:\\\/\\\/career-jungle.de\\\/#organization\",\"name\":\"Career Day\",\"url\":\"https:\\\/\\\/career-jungle.de\\\/\",\"logo\":{\"@type\":\"ImageObject\",\"inLanguage\":\"en-US\",\"@id\":\"https:\\\/\\\/career-jungle.de\\\/#\\\/schema\\\/logo\\\/image\\\/\",\"url\":\"https:\\\/\\\/career-jungle.de\\\/wp-content\\\/uploads\\\/2023\\\/04\\\/2026_CareerDayLogo_Pfad_Kontur_blau.png\",\"contentUrl\":\"https:\\\/\\\/career-jungle.de\\\/wp-content\\\/uploads\\\/2023\\\/04\\\/2026_CareerDayLogo_Pfad_Kontur_blau.png\",\"width\":872,\"height\":272,\"caption\":\"Career Day\"},\"image\":{\"@id\":\"https:\\\/\\\/career-jungle.de\\\/#\\\/schema\\\/logo\\\/image\\\/\"}}]}<\/script>\n<!-- \/ Yoast SEO plugin. -->","yoast_head_json":{"title":"ovesco - Career Day","robots":{"index":"index","follow":"follow","max-snippet":"max-snippet:-1","max-image-preview":"max-image-preview:large","max-video-preview":"max-video-preview:-1"},"canonical":"https:\/\/career-jungle.de\/en\/company\/ovesco\/","og_locale":"en_US","og_type":"article","og_title":"ovesco - Career Day","og_description":"DIE OVESCO ENDOSCOPY AG Das Medizintechnik-Unternehmen wurde 2008 von einer kleinen Gruppe von Unternehmern ins Leben gerufen, welche ein gemeinsames Ziel vereinte: Die Behandlung gastrointestinaler Erkrankungen wesentlich und nachhaltig zu verbessern. Mittlerweile besch\u00e4ftigt Ovesco \u00fcber 100 Mitarbeiter:innen am Standort T\u00fcbingen und weitere im Ausland. Zus\u00e4tzlich geben wir vielen jungen Menschen die M\u00f6glichkeit, die Praxiswelt hautnah [&hellip;]","og_url":"https:\/\/career-jungle.de\/en\/company\/ovesco\/","og_site_name":"Career Day","article_modified_time":"2023-05-02T17:56:29+00:00","og_image":[{"url":"https:\/\/career-jungle.de\/wp-content\/uploads\/2023\/05\/OVE_Logo_claim_4c.png","type":"","width":"","height":""}],"twitter_card":"summary_large_image","schema":{"@context":"https:\/\/schema.org","@graph":[{"@type":"WebPage","@id":"https:\/\/career-jungle.de\/unternehmen\/ovesco\/","url":"https:\/\/career-jungle.de\/unternehmen\/ovesco\/","name":"ovesco - Career Day","isPartOf":{"@id":"https:\/\/career-jungle.de\/#website"},"primaryImageOfPage":{"@id":"https:\/\/career-jungle.de\/unternehmen\/ovesco\/#primaryimage"},"image":{"@id":"https:\/\/career-jungle.de\/unternehmen\/ovesco\/#primaryimage"},"thumbnailUrl":"https:\/\/career-jungle.de\/wp-content\/uploads\/2023\/05\/OVE_Logo_claim_4c.png","datePublished":"2023-05-02T17:52:35+00:00","dateModified":"2023-05-02T17:56:29+00:00","breadcrumb":{"@id":"https:\/\/career-jungle.de\/unternehmen\/ovesco\/#breadcrumb"},"inLanguage":"en-US","potentialAction":[{"@type":"ReadAction","target":["https:\/\/career-jungle.de\/unternehmen\/ovesco\/"]}]},{"@type":"ImageObject","inLanguage":"en-US","@id":"https:\/\/career-jungle.de\/unternehmen\/ovesco\/#primaryimage","url":"https:\/\/career-jungle.de\/wp-content\/uploads\/2023\/05\/OVE_Logo_claim_4c.png","contentUrl":"https:\/\/career-jungle.de\/wp-content\/uploads\/2023\/05\/OVE_Logo_claim_4c.png"},{"@type":"BreadcrumbList","@id":"https:\/\/career-jungle.de\/unternehmen\/ovesco\/#breadcrumb","itemListElement":[{"@type":"ListItem","position":1,"name":"Startseite","item":"https:\/\/career-jungle.de\/"},{"@type":"ListItem","position":2,"name":"Unternehmen","item":"https:\/\/career-jungle.de\/unternehmen\/"},{"@type":"ListItem","position":3,"name":"ovesco"}]},{"@type":"WebSite","@id":"https:\/\/career-jungle.de\/#website","url":"https:\/\/career-jungle.de\/","name":"Career Day","description":"Welcome to the jungle","publisher":{"@id":"https:\/\/career-jungle.de\/#organization"},"potentialAction":[{"@type":"SearchAction","target":{"@type":"EntryPoint","urlTemplate":"https:\/\/career-jungle.de\/?s={search_term_string}"},"query-input":{"@type":"PropertyValueSpecification","valueRequired":true,"valueName":"search_term_string"}}],"inLanguage":"en-US"},{"@type":"Organization","@id":"https:\/\/career-jungle.de\/#organization","name":"Career Day","url":"https:\/\/career-jungle.de\/","logo":{"@type":"ImageObject","inLanguage":"en-US","@id":"https:\/\/career-jungle.de\/#\/schema\/logo\/image\/","url":"https:\/\/career-jungle.de\/wp-content\/uploads\/2023\/04\/2026_CareerDayLogo_Pfad_Kontur_blau.png","contentUrl":"https:\/\/career-jungle.de\/wp-content\/uploads\/2023\/04\/2026_CareerDayLogo_Pfad_Kontur_blau.png","width":872,"height":272,"caption":"Career Day"},"image":{"@id":"https:\/\/career-jungle.de\/#\/schema\/logo\/image\/"}}]}},"_links":{"self":[{"href":"https:\/\/career-jungle.de\/en\/wp-json\/wp\/v2\/pages\/1686","targetHints":{"allow":["GET"]}}],"collection":[{"href":"https:\/\/career-jungle.de\/en\/wp-json\/wp\/v2\/pages"}],"about":[{"href":"https:\/\/career-jungle.de\/en\/wp-json\/wp\/v2\/types\/page"}],"author":[{"embeddable":true,"href":"https:\/\/career-jungle.de\/en\/wp-json\/wp\/v2\/users\/1"}],"replies":[{"embeddable":true,"href":"https:\/\/career-jungle.de\/en\/wp-json\/wp\/v2\/comments?post=1686"}],"version-history":[{"count":4,"href":"https:\/\/career-jungle.de\/en\/wp-json\/wp\/v2\/pages\/1686\/revisions"}],"predecessor-version":[{"id":1692,"href":"https:\/\/career-jungle.de\/en\/wp-json\/wp\/v2\/pages\/1686\/revisions\/1692"}],"up":[{"embeddable":true,"href":"https:\/\/career-jungle.de\/en\/wp-json\/wp\/v2\/pages\/322"}],"wp:attachment":[{"href":"https:\/\/career-jungle.de\/en\/wp-json\/wp\/v2\/media?parent=1686"}],"curies":[{"name":"WordPress","href":"https:\/\/api.w.org\/{rel}","templated":true}]}}