{"id":1681,"date":"2023-05-02T17:57:50","date_gmt":"2023-05-02T17:57:50","guid":{"rendered":"https:\/\/career-jungle.de\/?page_id=1681"},"modified":"2023-05-02T17:58:24","modified_gmt":"2023-05-02T17:58:24","slug":"rampf","status":"publish","type":"page","link":"https:\/\/career-jungle.de\/en\/unternehmen\/rampf\/","title":{"rendered":"RAMPF"},"content":{"rendered":"<div data-elementor-type=\"wp-page\" data-elementor-id=\"1681\" class=\"elementor elementor-1681\" data-elementor-post-type=\"page\">\n\t\t\t\t\t\t<section class=\"elementor-section elementor-top-section elementor-element elementor-element-4ece89f elementor-section-boxed elementor-section-height-default elementor-section-height-default\" data-id=\"4ece89f\" data-element_type=\"section\" data-e-type=\"section\">\n\t\t\t\t\t\t<div class=\"elementor-container elementor-column-gap-default\">\n\t\t\t\t\t<div class=\"elementor-column elementor-col-100 elementor-top-column elementor-element elementor-element-93ddfe7\" data-id=\"93ddfe7\" data-element_type=\"column\" data-e-type=\"column\">\n\t\t\t<div class=\"elementor-widget-wrap elementor-element-populated\">\n\t\t\t\t\t\t<div class=\"elementor-element elementor-element-7e5b7cb elementor-widget elementor-widget-spacer\" data-id=\"7e5b7cb\" data-element_type=\"widget\" data-e-type=\"widget\" data-widget_type=\"spacer.default\">\n\t\t\t\t<div class=\"elementor-widget-container\">\n\t\t\t\t\t\t\t<div class=\"elementor-spacer\">\n\t\t\t<div class=\"elementor-spacer-inner\"><\/div>\n\t\t<\/div>\n\t\t\t\t\t\t<\/div>\n\t\t\t\t<\/div>\n\t\t\t\t\t<\/div>\n\t\t<\/div>\n\t\t\t\t\t<\/div>\n\t\t<\/section>\n\t\t\t\t<section class=\"elementor-section elementor-top-section elementor-element elementor-element-8c93bee elementor-section-boxed elementor-section-height-default elementor-section-height-default\" data-id=\"8c93bee\" data-element_type=\"section\" data-e-type=\"section\">\n\t\t\t\t\t\t<div class=\"elementor-container elementor-column-gap-default\">\n\t\t\t\t\t<div class=\"elementor-column elementor-col-100 elementor-top-column elementor-element elementor-element-4907f3a\" data-id=\"4907f3a\" data-element_type=\"column\" data-e-type=\"column\">\n\t\t\t<div class=\"elementor-widget-wrap elementor-element-populated\">\n\t\t\t\t\t\t<section class=\"elementor-section elementor-inner-section elementor-element elementor-element-04131ef elementor-section-boxed elementor-section-height-default elementor-section-height-default\" data-id=\"04131ef\" data-element_type=\"section\" data-e-type=\"section\">\n\t\t\t\t\t\t<div class=\"elementor-container elementor-column-gap-default\">\n\t\t\t\t\t<div class=\"elementor-column elementor-col-50 elementor-inner-column elementor-element elementor-element-53c4f8c\" data-id=\"53c4f8c\" data-element_type=\"column\" data-e-type=\"column\">\n\t\t\t<div class=\"elementor-widget-wrap elementor-element-populated\">\n\t\t\t\t\t\t<div class=\"elementor-element elementor-element-2eb237d elementor-widget-widescreen__width-initial elementor-widget elementor-widget-image\" data-id=\"2eb237d\" data-element_type=\"widget\" data-e-type=\"widget\" data-widget_type=\"image.default\">\n\t\t\t\t<div class=\"elementor-widget-container\">\n\t\t\t\t\t\t\t\t\t\t\t\t\t\t\t\t<a href=\"https:\/\/www.rampf-group.com\/en\/\">\n\t\t\t\t\t\t\t<img fetchpriority=\"high\" decoding=\"async\" width=\"624\" height=\"175\" src=\"https:\/\/career-jungle.de\/wp-content\/uploads\/2023\/05\/rampf-dtf-logo_4c.jpg\" class=\"attachment-large size-large wp-image-1688\" alt=\"\" srcset=\"https:\/\/career-jungle.de\/wp-content\/uploads\/2023\/05\/rampf-dtf-logo_4c.jpg 624w, https:\/\/career-jungle.de\/wp-content\/uploads\/2023\/05\/rampf-dtf-logo_4c-300x84.jpg 300w\" sizes=\"(max-width: 624px) 100vw, 624px\" \/>\t\t\t\t\t\t\t\t<\/a>\n\t\t\t\t\t\t\t\t\t\t\t\t\t\t\t<\/div>\n\t\t\t\t<\/div>\n\t\t\t\t\t<\/div>\n\t\t<\/div>\n\t\t\t\t<div class=\"elementor-column elementor-col-50 elementor-inner-column elementor-element elementor-element-24b527d\" data-id=\"24b527d\" data-element_type=\"column\" data-e-type=\"column\">\n\t\t\t<div class=\"elementor-widget-wrap elementor-element-populated\">\n\t\t\t\t\t\t<div class=\"elementor-element elementor-element-f4d21a6 elementor-widget elementor-widget-text-editor\" data-id=\"f4d21a6\" data-element_type=\"widget\" data-e-type=\"widget\" data-widget_type=\"text-editor.default\">\n\t\t\t\t<div class=\"elementor-widget-container\">\n\t\t\t\t\t\t\t\t\t<p><strong>ENTDECKE DEINE ZUKUNFT!<\/strong><\/p><div class=\"Spacing__spacing--margin-top-2__YQFc-__0-0-1687 Spacing__spacing--margin-bottom-2__OQ-jA__0-0-1687\"><p class=\"ProductParagraph__product-paragraph__GMmH0__0-0-1687 ProductParagraph__product-paragraph--lg__47dLF__0-0-1687\">In der RAMPF-Gruppe dreht sich alles um zukunftsweisende L\u00f6sungen rund um reaktive Kunststoffsysteme.<\/p><\/div><div class=\"Spacing__spacing--margin-top-2__YQFc-__0-0-1687 Spacing__spacing--margin-bottom-2__OQ-jA__0-0-1687\"><p class=\"ProductParagraph__product-paragraph__GMmH0__0-0-1687 ProductParagraph__product-paragraph--lg__47dLF__0-0-1687\">Die Produkte begleiten Dich tagt\u00e4glich, auch wenn diese oftmals nicht sichtbar sind.<\/p><\/div><div class=\"Spacing__spacing--margin-top-2__YQFc-__0-0-1687 Spacing__spacing--margin-bottom-2__OQ-jA__0-0-1687\"><p class=\"ProductParagraph__product-paragraph__GMmH0__0-0-1687 ProductParagraph__product-paragraph--lg__47dLF__0-0-1687\">Egal ob in Autos, Smartphone-Displays, Turnschuhen oder Figuren f\u00fcr Vergn\u00fcgungsparks: ein St\u00fcckchen RAMPF steckt immer drin.<\/p><\/div><div class=\"Spacing__spacing--margin-top-2__YQFc-__0-0-1687 Spacing__spacing--margin-bottom-2__OQ-jA__0-0-1687\"><p class=\"ProductParagraph__product-paragraph__GMmH0__0-0-1687 ProductParagraph__product-paragraph--lg__47dLF__0-0-1687\">In vielen M\u00e4rkten stehen wir an der Spitze \u2013 und damit das so bleibt, brauchen wir Menschen wie Dich: motiviert, engagiert, neugierig.<\/p><\/div><div class=\"Spacing__spacing--margin-top-2__YQFc-__0-0-1687 Spacing__spacing--margin-bottom-2__OQ-jA__0-0-1687\"><p class=\"ProductParagraph__product-paragraph__GMmH0__0-0-1687 ProductParagraph__product-paragraph--lg__47dLF__0-0-1687\">Wir bieten Dir sowohl im chemischen, technischen als auch kaufm\u00e4nnischen Bereich vielversprechende Perspektiven.<\/p><p>\u00a0<\/p><p><strong>MORE INFO:<br \/><\/strong><a href=\"https:\/\/www.rampf-group.com\/de\/karriere\/\" target=\"_blank\" rel=\"noopener\">https:\/\/www.rampf-group.com\/de\/karriere\/<\/a><\/p><p>\u00a0<\/p><\/div>\t\t\t\t\t\t\t\t<\/div>\n\t\t\t\t<\/div>\n\t\t\t\t<div class=\"elementor-element elementor-element-e140a44 elementor-align-left elementor-widget elementor-widget-button\" data-id=\"e140a44\" data-element_type=\"widget\" data-e-type=\"widget\" data-widget_type=\"button.default\">\n\t\t\t\t<div class=\"elementor-widget-container\">\n\t\t\t\t\t\t\t\t\t<div class=\"elementor-button-wrapper\">\n\t\t\t\t\t<a class=\"elementor-button elementor-button-link elementor-size-sm\" href=\"https:\/\/career-jungle.de\/en\/company\/\">\n\t\t\t\t\t\t<span class=\"elementor-button-content-wrapper\">\n\t\t\t\t\t\t\t\t\t<span class=\"elementor-button-text\">back to overview<\/span>\n\t\t\t\t\t<\/span>\n\t\t\t\t\t<\/a>\n\t\t\t\t<\/div>\n\t\t\t\t\t\t\t\t<\/div>\n\t\t\t\t<\/div>\n\t\t\t\t\t<\/div>\n\t\t<\/div>\n\t\t\t\t\t<\/div>\n\t\t<\/section>\n\t\t\t\t\t<\/div>\n\t\t<\/div>\n\t\t\t\t\t<\/div>\n\t\t<\/section>\n\t\t\t\t<\/div>","protected":false},"excerpt":{"rendered":"<p>ENTDECKE DEINE ZUKUNFT! In der RAMPF-Gruppe dreht sich alles um zukunftsweisende L\u00f6sungen rund um reaktive Kunststoffsysteme. Die Produkte begleiten Dich tagt\u00e4glich, auch wenn diese oftmals nicht sichtbar sind. Egal ob in Autos, Smartphone-Displays, Turnschuhen oder Figuren f\u00fcr Vergn\u00fcgungsparks: ein St\u00fcckchen RAMPF steckt immer drin. In vielen M\u00e4rkten stehen wir an der Spitze \u2013 und damit [&hellip;]<\/p>\n","protected":false},"author":3,"featured_media":0,"parent":322,"menu_order":0,"comment_status":"closed","ping_status":"closed","template":"elementor_header_footer","meta":{"inline_featured_image":false,"footnotes":""},"class_list":["post-1681","page","type-page","status-publish","hentry"],"yoast_head":"<!-- This site is optimized with the Yoast SEO plugin v27.3 - https:\/\/yoast.com\/product\/yoast-seo-wordpress\/ -->\n<title>RAMPF - Career Day<\/title>\n<meta name=\"robots\" content=\"index, follow, max-snippet:-1, max-image-preview:large, max-video-preview:-1\" \/>\n<link rel=\"canonical\" href=\"https:\/\/career-jungle.de\/en\/company\/rampf\/\" \/>\n<meta property=\"og:locale\" content=\"en_US\" \/>\n<meta property=\"og:type\" content=\"article\" \/>\n<meta property=\"og:title\" content=\"RAMPF - Career Day\" \/>\n<meta property=\"og:description\" content=\"ENTDECKE DEINE ZUKUNFT! In der RAMPF-Gruppe dreht sich alles um zukunftsweisende L\u00f6sungen rund um reaktive Kunststoffsysteme. Die Produkte begleiten Dich tagt\u00e4glich, auch wenn diese oftmals nicht sichtbar sind. Egal ob in Autos, Smartphone-Displays, Turnschuhen oder Figuren f\u00fcr Vergn\u00fcgungsparks: ein St\u00fcckchen RAMPF steckt immer drin. In vielen M\u00e4rkten stehen wir an der Spitze \u2013 und damit [&hellip;]\" \/>\n<meta property=\"og:url\" content=\"https:\/\/career-jungle.de\/en\/company\/rampf\/\" \/>\n<meta property=\"og:site_name\" content=\"Career Day\" \/>\n<meta property=\"article:modified_time\" content=\"2023-05-02T17:58:24+00:00\" \/>\n<meta property=\"og:image\" content=\"https:\/\/career-jungle.de\/wp-content\/uploads\/2023\/05\/rampf-dtf-logo_4c.jpg\" \/>\n<meta name=\"twitter:card\" content=\"summary_large_image\" \/>\n<script type=\"application\/ld+json\" class=\"yoast-schema-graph\">{\"@context\":\"https:\\\/\\\/schema.org\",\"@graph\":[{\"@type\":\"WebPage\",\"@id\":\"https:\\\/\\\/career-jungle.de\\\/unternehmen\\\/rampf\\\/\",\"url\":\"https:\\\/\\\/career-jungle.de\\\/unternehmen\\\/rampf\\\/\",\"name\":\"RAMPF - Career Day\",\"isPartOf\":{\"@id\":\"https:\\\/\\\/career-jungle.de\\\/#website\"},\"primaryImageOfPage\":{\"@id\":\"https:\\\/\\\/career-jungle.de\\\/unternehmen\\\/rampf\\\/#primaryimage\"},\"image\":{\"@id\":\"https:\\\/\\\/career-jungle.de\\\/unternehmen\\\/rampf\\\/#primaryimage\"},\"thumbnailUrl\":\"https:\\\/\\\/career-jungle.de\\\/wp-content\\\/uploads\\\/2023\\\/05\\\/rampf-dtf-logo_4c.jpg\",\"datePublished\":\"2023-05-02T17:57:50+00:00\",\"dateModified\":\"2023-05-02T17:58:24+00:00\",\"breadcrumb\":{\"@id\":\"https:\\\/\\\/career-jungle.de\\\/unternehmen\\\/rampf\\\/#breadcrumb\"},\"inLanguage\":\"en-US\",\"potentialAction\":[{\"@type\":\"ReadAction\",\"target\":[\"https:\\\/\\\/career-jungle.de\\\/unternehmen\\\/rampf\\\/\"]}]},{\"@type\":\"ImageObject\",\"inLanguage\":\"en-US\",\"@id\":\"https:\\\/\\\/career-jungle.de\\\/unternehmen\\\/rampf\\\/#primaryimage\",\"url\":\"https:\\\/\\\/career-jungle.de\\\/wp-content\\\/uploads\\\/2023\\\/05\\\/rampf-dtf-logo_4c.jpg\",\"contentUrl\":\"https:\\\/\\\/career-jungle.de\\\/wp-content\\\/uploads\\\/2023\\\/05\\\/rampf-dtf-logo_4c.jpg\"},{\"@type\":\"BreadcrumbList\",\"@id\":\"https:\\\/\\\/career-jungle.de\\\/unternehmen\\\/rampf\\\/#breadcrumb\",\"itemListElement\":[{\"@type\":\"ListItem\",\"position\":1,\"name\":\"Startseite\",\"item\":\"https:\\\/\\\/career-jungle.de\\\/\"},{\"@type\":\"ListItem\",\"position\":2,\"name\":\"Unternehmen\",\"item\":\"https:\\\/\\\/career-jungle.de\\\/unternehmen\\\/\"},{\"@type\":\"ListItem\",\"position\":3,\"name\":\"RAMPF\"}]},{\"@type\":\"WebSite\",\"@id\":\"https:\\\/\\\/career-jungle.de\\\/#website\",\"url\":\"https:\\\/\\\/career-jungle.de\\\/\",\"name\":\"Career Day\",\"description\":\"Welcome to the jungle\",\"publisher\":{\"@id\":\"https:\\\/\\\/career-jungle.de\\\/#organization\"},\"potentialAction\":[{\"@type\":\"SearchAction\",\"target\":{\"@type\":\"EntryPoint\",\"urlTemplate\":\"https:\\\/\\\/career-jungle.de\\\/?s={search_term_string}\"},\"query-input\":{\"@type\":\"PropertyValueSpecification\",\"valueRequired\":true,\"valueName\":\"search_term_string\"}}],\"inLanguage\":\"en-US\"},{\"@type\":\"Organization\",\"@id\":\"https:\\\/\\\/career-jungle.de\\\/#organization\",\"name\":\"Career Day\",\"url\":\"https:\\\/\\\/career-jungle.de\\\/\",\"logo\":{\"@type\":\"ImageObject\",\"inLanguage\":\"en-US\",\"@id\":\"https:\\\/\\\/career-jungle.de\\\/#\\\/schema\\\/logo\\\/image\\\/\",\"url\":\"https:\\\/\\\/career-jungle.de\\\/wp-content\\\/uploads\\\/2023\\\/04\\\/2026_CareerDayLogo_Pfad_Kontur_blau.png\",\"contentUrl\":\"https:\\\/\\\/career-jungle.de\\\/wp-content\\\/uploads\\\/2023\\\/04\\\/2026_CareerDayLogo_Pfad_Kontur_blau.png\",\"width\":872,\"height\":272,\"caption\":\"Career Day\"},\"image\":{\"@id\":\"https:\\\/\\\/career-jungle.de\\\/#\\\/schema\\\/logo\\\/image\\\/\"}}]}<\/script>\n<!-- \/ Yoast SEO plugin. -->","yoast_head_json":{"title":"RAMPF - Career Day","robots":{"index":"index","follow":"follow","max-snippet":"max-snippet:-1","max-image-preview":"max-image-preview:large","max-video-preview":"max-video-preview:-1"},"canonical":"https:\/\/career-jungle.de\/en\/company\/rampf\/","og_locale":"en_US","og_type":"article","og_title":"RAMPF - Career Day","og_description":"ENTDECKE DEINE ZUKUNFT! In der RAMPF-Gruppe dreht sich alles um zukunftsweisende L\u00f6sungen rund um reaktive Kunststoffsysteme. Die Produkte begleiten Dich tagt\u00e4glich, auch wenn diese oftmals nicht sichtbar sind. Egal ob in Autos, Smartphone-Displays, Turnschuhen oder Figuren f\u00fcr Vergn\u00fcgungsparks: ein St\u00fcckchen RAMPF steckt immer drin. In vielen M\u00e4rkten stehen wir an der Spitze \u2013 und damit [&hellip;]","og_url":"https:\/\/career-jungle.de\/en\/company\/rampf\/","og_site_name":"Career Day","article_modified_time":"2023-05-02T17:58:24+00:00","og_image":[{"url":"https:\/\/career-jungle.de\/wp-content\/uploads\/2023\/05\/rampf-dtf-logo_4c.jpg","type":"","width":"","height":""}],"twitter_card":"summary_large_image","schema":{"@context":"https:\/\/schema.org","@graph":[{"@type":"WebPage","@id":"https:\/\/career-jungle.de\/unternehmen\/rampf\/","url":"https:\/\/career-jungle.de\/unternehmen\/rampf\/","name":"RAMPF - Career Day","isPartOf":{"@id":"https:\/\/career-jungle.de\/#website"},"primaryImageOfPage":{"@id":"https:\/\/career-jungle.de\/unternehmen\/rampf\/#primaryimage"},"image":{"@id":"https:\/\/career-jungle.de\/unternehmen\/rampf\/#primaryimage"},"thumbnailUrl":"https:\/\/career-jungle.de\/wp-content\/uploads\/2023\/05\/rampf-dtf-logo_4c.jpg","datePublished":"2023-05-02T17:57:50+00:00","dateModified":"2023-05-02T17:58:24+00:00","breadcrumb":{"@id":"https:\/\/career-jungle.de\/unternehmen\/rampf\/#breadcrumb"},"inLanguage":"en-US","potentialAction":[{"@type":"ReadAction","target":["https:\/\/career-jungle.de\/unternehmen\/rampf\/"]}]},{"@type":"ImageObject","inLanguage":"en-US","@id":"https:\/\/career-jungle.de\/unternehmen\/rampf\/#primaryimage","url":"https:\/\/career-jungle.de\/wp-content\/uploads\/2023\/05\/rampf-dtf-logo_4c.jpg","contentUrl":"https:\/\/career-jungle.de\/wp-content\/uploads\/2023\/05\/rampf-dtf-logo_4c.jpg"},{"@type":"BreadcrumbList","@id":"https:\/\/career-jungle.de\/unternehmen\/rampf\/#breadcrumb","itemListElement":[{"@type":"ListItem","position":1,"name":"Startseite","item":"https:\/\/career-jungle.de\/"},{"@type":"ListItem","position":2,"name":"Unternehmen","item":"https:\/\/career-jungle.de\/unternehmen\/"},{"@type":"ListItem","position":3,"name":"RAMPF"}]},{"@type":"WebSite","@id":"https:\/\/career-jungle.de\/#website","url":"https:\/\/career-jungle.de\/","name":"Career Day","description":"Welcome to the jungle","publisher":{"@id":"https:\/\/career-jungle.de\/#organization"},"potentialAction":[{"@type":"SearchAction","target":{"@type":"EntryPoint","urlTemplate":"https:\/\/career-jungle.de\/?s={search_term_string}"},"query-input":{"@type":"PropertyValueSpecification","valueRequired":true,"valueName":"search_term_string"}}],"inLanguage":"en-US"},{"@type":"Organization","@id":"https:\/\/career-jungle.de\/#organization","name":"Career Day","url":"https:\/\/career-jungle.de\/","logo":{"@type":"ImageObject","inLanguage":"en-US","@id":"https:\/\/career-jungle.de\/#\/schema\/logo\/image\/","url":"https:\/\/career-jungle.de\/wp-content\/uploads\/2023\/04\/2026_CareerDayLogo_Pfad_Kontur_blau.png","contentUrl":"https:\/\/career-jungle.de\/wp-content\/uploads\/2023\/04\/2026_CareerDayLogo_Pfad_Kontur_blau.png","width":872,"height":272,"caption":"Career Day"},"image":{"@id":"https:\/\/career-jungle.de\/#\/schema\/logo\/image\/"}}]}},"_links":{"self":[{"href":"https:\/\/career-jungle.de\/en\/wp-json\/wp\/v2\/pages\/1681","targetHints":{"allow":["GET"]}}],"collection":[{"href":"https:\/\/career-jungle.de\/en\/wp-json\/wp\/v2\/pages"}],"about":[{"href":"https:\/\/career-jungle.de\/en\/wp-json\/wp\/v2\/types\/page"}],"author":[{"embeddable":true,"href":"https:\/\/career-jungle.de\/en\/wp-json\/wp\/v2\/users\/3"}],"replies":[{"embeddable":true,"href":"https:\/\/career-jungle.de\/en\/wp-json\/wp\/v2\/comments?post=1681"}],"version-history":[{"count":4,"href":"https:\/\/career-jungle.de\/en\/wp-json\/wp\/v2\/pages\/1681\/revisions"}],"predecessor-version":[{"id":1696,"href":"https:\/\/career-jungle.de\/en\/wp-json\/wp\/v2\/pages\/1681\/revisions\/1696"}],"up":[{"embeddable":true,"href":"https:\/\/career-jungle.de\/en\/wp-json\/wp\/v2\/pages\/322"}],"wp:attachment":[{"href":"https:\/\/career-jungle.de\/en\/wp-json\/wp\/v2\/media?parent=1681"}],"curies":[{"name":"WordPress","href":"https:\/\/api.w.org\/{rel}","templated":true}]}}