{"id":1668,"date":"2023-05-02T17:39:43","date_gmt":"2023-05-02T17:39:43","guid":{"rendered":"https:\/\/career-jungle.de\/?page_id=1668"},"modified":"2023-05-03T15:00:35","modified_gmt":"2023-05-03T15:00:35","slug":"erbe","status":"publish","type":"page","link":"https:\/\/career-jungle.de\/en\/unternehmen\/erbe\/","title":{"rendered":"Erbe"},"content":{"rendered":"<div data-elementor-type=\"wp-page\" data-elementor-id=\"1668\" class=\"elementor elementor-1668\" data-elementor-post-type=\"page\">\n\t\t\t\t\t\t<section class=\"elementor-section elementor-top-section elementor-element elementor-element-7815a03 elementor-section-boxed elementor-section-height-default elementor-section-height-default\" data-id=\"7815a03\" data-element_type=\"section\" data-e-type=\"section\">\n\t\t\t\t\t\t<div class=\"elementor-container elementor-column-gap-default\">\n\t\t\t\t\t<div class=\"elementor-column elementor-col-100 elementor-top-column elementor-element elementor-element-a4244b3\" data-id=\"a4244b3\" data-element_type=\"column\" data-e-type=\"column\">\n\t\t\t<div class=\"elementor-widget-wrap elementor-element-populated\">\n\t\t\t\t\t\t<div class=\"elementor-element elementor-element-fc71b40 elementor-widget elementor-widget-spacer\" data-id=\"fc71b40\" data-element_type=\"widget\" data-e-type=\"widget\" data-widget_type=\"spacer.default\">\n\t\t\t\t<div class=\"elementor-widget-container\">\n\t\t\t\t\t\t\t<div class=\"elementor-spacer\">\n\t\t\t<div class=\"elementor-spacer-inner\"><\/div>\n\t\t<\/div>\n\t\t\t\t\t\t<\/div>\n\t\t\t\t<\/div>\n\t\t\t\t\t<\/div>\n\t\t<\/div>\n\t\t\t\t\t<\/div>\n\t\t<\/section>\n\t\t\t\t<section class=\"elementor-section elementor-top-section elementor-element elementor-element-4977848 elementor-section-boxed elementor-section-height-default elementor-section-height-default\" data-id=\"4977848\" data-element_type=\"section\" data-e-type=\"section\">\n\t\t\t\t\t\t<div class=\"elementor-container elementor-column-gap-default\">\n\t\t\t\t\t<div class=\"elementor-column elementor-col-100 elementor-top-column elementor-element elementor-element-1e2c8ba\" data-id=\"1e2c8ba\" data-element_type=\"column\" data-e-type=\"column\">\n\t\t\t<div class=\"elementor-widget-wrap elementor-element-populated\">\n\t\t\t\t\t\t<section class=\"elementor-section elementor-inner-section elementor-element elementor-element-c6e334e elementor-section-boxed elementor-section-height-default elementor-section-height-default\" data-id=\"c6e334e\" data-element_type=\"section\" data-e-type=\"section\">\n\t\t\t\t\t\t<div class=\"elementor-container elementor-column-gap-default\">\n\t\t\t\t\t<div class=\"elementor-column elementor-col-50 elementor-inner-column elementor-element elementor-element-21304df\" data-id=\"21304df\" data-element_type=\"column\" data-e-type=\"column\">\n\t\t\t<div class=\"elementor-widget-wrap elementor-element-populated\">\n\t\t\t\t\t\t<div class=\"elementor-element elementor-element-d5ead5b elementor-widget-widescreen__width-initial elementor-widget elementor-widget-image\" data-id=\"d5ead5b\" data-element_type=\"widget\" data-e-type=\"widget\" data-widget_type=\"image.default\">\n\t\t\t\t<div class=\"elementor-widget-container\">\n\t\t\t\t\t\t\t\t\t\t\t\t\t\t\t\t<a href=\"https:\/\/de.erbe-med.com\/de-de\/karriere\/\" target=\"_blank\">\n\t\t\t\t\t\t\t<img fetchpriority=\"high\" decoding=\"async\" width=\"800\" height=\"337\" src=\"https:\/\/career-jungle.de\/wp-content\/uploads\/2023\/05\/Erbe-Logo-Claim_RGB_Cyan-echt-e1683049104536-1024x431.jpg\" class=\"attachment-large size-large wp-image-1671\" alt=\"\" srcset=\"https:\/\/career-jungle.de\/wp-content\/uploads\/2023\/05\/Erbe-Logo-Claim_RGB_Cyan-echt-e1683049104536-1024x431.jpg 1024w, https:\/\/career-jungle.de\/wp-content\/uploads\/2023\/05\/Erbe-Logo-Claim_RGB_Cyan-echt-e1683049104536-300x126.jpg 300w, https:\/\/career-jungle.de\/wp-content\/uploads\/2023\/05\/Erbe-Logo-Claim_RGB_Cyan-echt-e1683049104536-768x323.jpg 768w, https:\/\/career-jungle.de\/wp-content\/uploads\/2023\/05\/Erbe-Logo-Claim_RGB_Cyan-echt-e1683049104536-1536x646.jpg 1536w, https:\/\/career-jungle.de\/wp-content\/uploads\/2023\/05\/Erbe-Logo-Claim_RGB_Cyan-echt-e1683049104536-2048x862.jpg 2048w\" sizes=\"(max-width: 800px) 100vw, 800px\" \/>\t\t\t\t\t\t\t\t<\/a>\n\t\t\t\t\t\t\t\t\t\t\t\t\t\t\t<\/div>\n\t\t\t\t<\/div>\n\t\t\t\t\t<\/div>\n\t\t<\/div>\n\t\t\t\t<div class=\"elementor-column elementor-col-50 elementor-inner-column elementor-element elementor-element-c0e2a10\" data-id=\"c0e2a10\" data-element_type=\"column\" data-e-type=\"column\">\n\t\t\t<div class=\"elementor-widget-wrap elementor-element-populated\">\n\t\t\t\t\t\t<div class=\"elementor-element elementor-element-467dbaa elementor-widget elementor-widget-text-editor\" data-id=\"467dbaa\" data-element_type=\"widget\" data-e-type=\"widget\" data-widget_type=\"text-editor.default\">\n\t\t\t\t<div class=\"elementor-widget-container\">\n\t\t\t\t\t\t\t\t\t<div>\n<p><b>FAMILIENGEF\u00dcHRT BEI 1851<\/b><\/p>\n<p>Als inhabergef\u00fchrtes Familienunternehmen entwickelt, produziert und vertreibt Erbe in der 5. Generation chirurgische Systeme f\u00fcr den professionellen Einsatz in unterschiedlichen medizinischen Bereichen. Erbe L\u00f6sungen sind in vielen L\u00e4ndern f\u00fchrend und dadurch fester Bestandteil im OP-Arbeitsablauf.<\/p>\n<\/div>\n<div>\n<p>Damit tragen wir zu einer bestm\u00f6glichen Behandlung des Patienten bei. Erbe besch\u00e4ftigt weltweit \u00fcber 1200 Mitarbeitende, davon ca. 800 in T\u00fcbingen und Rangendingen.<\/p>\n<\/div>\n<div>\n<p>\u00dcber 200 Personen arbeiten in Forschung und Entwicklung.<\/p>\n<\/div>\n<div>\n<p>Der intensive Austausch mit namhaften Anwendern aus Universit\u00e4ten und Kliniken ist der Erfolgsschl\u00fcssel, mit dem Erbe die Entwicklung in der Medizin erfolgreich vorantreibt.<\/p><p><br><\/p>\n<\/div>\n<div>\n<p><b>MORE INFO: <\/b><br><a href=\"https:\/\/de.erbe-med.com\/de-de\/karriere\/\" target=\"_blank\" rel=\"noopener\">https:\/\/de.erbe-med.com\/de-de\/karriere\/<\/a><\/p><p><br><\/p>\n<\/div>\t\t\t\t\t\t\t\t<\/div>\n\t\t\t\t<\/div>\n\t\t\t\t<div class=\"elementor-element elementor-element-b6224ce elementor-align-left elementor-widget elementor-widget-button\" data-id=\"b6224ce\" data-element_type=\"widget\" data-e-type=\"widget\" data-widget_type=\"button.default\">\n\t\t\t\t<div class=\"elementor-widget-container\">\n\t\t\t\t\t\t\t\t\t<div class=\"elementor-button-wrapper\">\n\t\t\t\t\t<a class=\"elementor-button elementor-button-link elementor-size-sm\" href=\"https:\/\/career-jungle.de\/en\/company\/\">\n\t\t\t\t\t\t<span class=\"elementor-button-content-wrapper\">\n\t\t\t\t\t\t\t\t\t<span class=\"elementor-button-text\">back to overview<\/span>\n\t\t\t\t\t<\/span>\n\t\t\t\t\t<\/a>\n\t\t\t\t<\/div>\n\t\t\t\t\t\t\t\t<\/div>\n\t\t\t\t<\/div>\n\t\t\t\t\t<\/div>\n\t\t<\/div>\n\t\t\t\t\t<\/div>\n\t\t<\/section>\n\t\t\t\t\t<\/div>\n\t\t<\/div>\n\t\t\t\t\t<\/div>\n\t\t<\/section>\n\t\t\t\t<section class=\"elementor-section elementor-top-section elementor-element elementor-element-fac3db8 elementor-section-boxed elementor-section-height-default elementor-section-height-default\" data-id=\"fac3db8\" data-element_type=\"section\" data-e-type=\"section\">\n\t\t\t\t\t\t<div class=\"elementor-container elementor-column-gap-default\">\n\t\t\t\t\t<div class=\"elementor-column elementor-col-100 elementor-top-column elementor-element elementor-element-3b8d0f9\" data-id=\"3b8d0f9\" data-element_type=\"column\" data-e-type=\"column\">\n\t\t\t<div class=\"elementor-widget-wrap elementor-element-populated\">\n\t\t\t\t\t\t<div class=\"elementor-element elementor-element-03f9243 elementor-widget elementor-widget-spacer\" data-id=\"03f9243\" data-element_type=\"widget\" data-e-type=\"widget\" data-widget_type=\"spacer.default\">\n\t\t\t\t<div class=\"elementor-widget-container\">\n\t\t\t\t\t\t\t<div class=\"elementor-spacer\">\n\t\t\t<div class=\"elementor-spacer-inner\"><\/div>\n\t\t<\/div>\n\t\t\t\t\t\t<\/div>\n\t\t\t\t<\/div>\n\t\t\t\t\t<\/div>\n\t\t<\/div>\n\t\t\t\t\t<\/div>\n\t\t<\/section>\n\t\t\t\t<\/div>","protected":false},"excerpt":{"rendered":"<p>FAMILIENGEF\u00dcHRT BEI 1851 Als inhabergef\u00fchrtes Familienunternehmen entwickelt, produziert und vertreibt Erbe in der 5. Generation chirurgische Systeme f\u00fcr den professionellen Einsatz in unterschiedlichen medizinischen Bereichen. Erbe L\u00f6sungen sind in vielen L\u00e4ndern f\u00fchrend und dadurch fester Bestandteil im OP-Arbeitsablauf. Damit tragen wir zu einer bestm\u00f6glichen Behandlung des Patienten bei. Erbe besch\u00e4ftigt weltweit \u00fcber 1200 Mitarbeitende, davon [&hellip;]<\/p>\n","protected":false},"author":1,"featured_media":0,"parent":322,"menu_order":0,"comment_status":"closed","ping_status":"closed","template":"elementor_header_footer","meta":{"inline_featured_image":false,"footnotes":""},"class_list":["post-1668","page","type-page","status-publish","hentry"],"yoast_head":"<!-- This site is optimized with the Yoast SEO plugin v27.3 - https:\/\/yoast.com\/product\/yoast-seo-wordpress\/ -->\n<title>Erbe - Career Day<\/title>\n<meta name=\"robots\" content=\"index, follow, max-snippet:-1, max-image-preview:large, max-video-preview:-1\" \/>\n<link rel=\"canonical\" href=\"https:\/\/career-jungle.de\/en\/company\/erbe\/\" \/>\n<meta property=\"og:locale\" content=\"en_US\" \/>\n<meta property=\"og:type\" content=\"article\" \/>\n<meta property=\"og:title\" content=\"Erbe - Career Day\" \/>\n<meta property=\"og:description\" content=\"FAMILIENGEF\u00dcHRT BEI 1851 Als inhabergef\u00fchrtes Familienunternehmen entwickelt, produziert und vertreibt Erbe in der 5. Generation chirurgische Systeme f\u00fcr den professionellen Einsatz in unterschiedlichen medizinischen Bereichen. Erbe L\u00f6sungen sind in vielen L\u00e4ndern f\u00fchrend und dadurch fester Bestandteil im OP-Arbeitsablauf. Damit tragen wir zu einer bestm\u00f6glichen Behandlung des Patienten bei. Erbe besch\u00e4ftigt weltweit \u00fcber 1200 Mitarbeitende, davon [&hellip;]\" \/>\n<meta property=\"og:url\" content=\"https:\/\/career-jungle.de\/en\/company\/erbe\/\" \/>\n<meta property=\"og:site_name\" content=\"Career Day\" \/>\n<meta property=\"article:modified_time\" content=\"2023-05-03T15:00:35+00:00\" \/>\n<meta property=\"og:image\" content=\"https:\/\/career-jungle.de\/wp-content\/uploads\/2023\/05\/Erbe-Logo-Claim_RGB_Cyan-echt-e1683049104536-1024x431.jpg\" \/>\n<meta name=\"twitter:card\" content=\"summary_large_image\" \/>\n<meta name=\"twitter:label1\" content=\"Est. reading time\" \/>\n\t<meta name=\"twitter:data1\" content=\"1 minute\" \/>\n<script type=\"application\/ld+json\" class=\"yoast-schema-graph\">{\"@context\":\"https:\\\/\\\/schema.org\",\"@graph\":[{\"@type\":\"WebPage\",\"@id\":\"https:\\\/\\\/career-jungle.de\\\/unternehmen\\\/erbe\\\/\",\"url\":\"https:\\\/\\\/career-jungle.de\\\/unternehmen\\\/erbe\\\/\",\"name\":\"Erbe - Career Day\",\"isPartOf\":{\"@id\":\"https:\\\/\\\/career-jungle.de\\\/#website\"},\"primaryImageOfPage\":{\"@id\":\"https:\\\/\\\/career-jungle.de\\\/unternehmen\\\/erbe\\\/#primaryimage\"},\"image\":{\"@id\":\"https:\\\/\\\/career-jungle.de\\\/unternehmen\\\/erbe\\\/#primaryimage\"},\"thumbnailUrl\":\"https:\\\/\\\/career-jungle.de\\\/wp-content\\\/uploads\\\/2023\\\/05\\\/Erbe-Logo-Claim_RGB_Cyan-echt-e1683049104536-1024x431.jpg\",\"datePublished\":\"2023-05-02T17:39:43+00:00\",\"dateModified\":\"2023-05-03T15:00:35+00:00\",\"breadcrumb\":{\"@id\":\"https:\\\/\\\/career-jungle.de\\\/unternehmen\\\/erbe\\\/#breadcrumb\"},\"inLanguage\":\"en-US\",\"potentialAction\":[{\"@type\":\"ReadAction\",\"target\":[\"https:\\\/\\\/career-jungle.de\\\/unternehmen\\\/erbe\\\/\"]}]},{\"@type\":\"ImageObject\",\"inLanguage\":\"en-US\",\"@id\":\"https:\\\/\\\/career-jungle.de\\\/unternehmen\\\/erbe\\\/#primaryimage\",\"url\":\"https:\\\/\\\/career-jungle.de\\\/wp-content\\\/uploads\\\/2023\\\/05\\\/Erbe-Logo-Claim_RGB_Cyan-echt-e1683049104536-1024x431.jpg\",\"contentUrl\":\"https:\\\/\\\/career-jungle.de\\\/wp-content\\\/uploads\\\/2023\\\/05\\\/Erbe-Logo-Claim_RGB_Cyan-echt-e1683049104536-1024x431.jpg\"},{\"@type\":\"BreadcrumbList\",\"@id\":\"https:\\\/\\\/career-jungle.de\\\/unternehmen\\\/erbe\\\/#breadcrumb\",\"itemListElement\":[{\"@type\":\"ListItem\",\"position\":1,\"name\":\"Startseite\",\"item\":\"https:\\\/\\\/career-jungle.de\\\/\"},{\"@type\":\"ListItem\",\"position\":2,\"name\":\"Unternehmen\",\"item\":\"https:\\\/\\\/career-jungle.de\\\/unternehmen\\\/\"},{\"@type\":\"ListItem\",\"position\":3,\"name\":\"Erbe\"}]},{\"@type\":\"WebSite\",\"@id\":\"https:\\\/\\\/career-jungle.de\\\/#website\",\"url\":\"https:\\\/\\\/career-jungle.de\\\/\",\"name\":\"Career Day\",\"description\":\"Welcome to the jungle\",\"publisher\":{\"@id\":\"https:\\\/\\\/career-jungle.de\\\/#organization\"},\"potentialAction\":[{\"@type\":\"SearchAction\",\"target\":{\"@type\":\"EntryPoint\",\"urlTemplate\":\"https:\\\/\\\/career-jungle.de\\\/?s={search_term_string}\"},\"query-input\":{\"@type\":\"PropertyValueSpecification\",\"valueRequired\":true,\"valueName\":\"search_term_string\"}}],\"inLanguage\":\"en-US\"},{\"@type\":\"Organization\",\"@id\":\"https:\\\/\\\/career-jungle.de\\\/#organization\",\"name\":\"Career Day\",\"url\":\"https:\\\/\\\/career-jungle.de\\\/\",\"logo\":{\"@type\":\"ImageObject\",\"inLanguage\":\"en-US\",\"@id\":\"https:\\\/\\\/career-jungle.de\\\/#\\\/schema\\\/logo\\\/image\\\/\",\"url\":\"https:\\\/\\\/career-jungle.de\\\/wp-content\\\/uploads\\\/2023\\\/04\\\/2026_CareerDayLogo_Pfad_Kontur_blau.png\",\"contentUrl\":\"https:\\\/\\\/career-jungle.de\\\/wp-content\\\/uploads\\\/2023\\\/04\\\/2026_CareerDayLogo_Pfad_Kontur_blau.png\",\"width\":872,\"height\":272,\"caption\":\"Career Day\"},\"image\":{\"@id\":\"https:\\\/\\\/career-jungle.de\\\/#\\\/schema\\\/logo\\\/image\\\/\"}}]}<\/script>\n<!-- \/ Yoast SEO plugin. -->","yoast_head_json":{"title":"Erbe - Career Day","robots":{"index":"index","follow":"follow","max-snippet":"max-snippet:-1","max-image-preview":"max-image-preview:large","max-video-preview":"max-video-preview:-1"},"canonical":"https:\/\/career-jungle.de\/en\/company\/erbe\/","og_locale":"en_US","og_type":"article","og_title":"Erbe - Career Day","og_description":"FAMILIENGEF\u00dcHRT BEI 1851 Als inhabergef\u00fchrtes Familienunternehmen entwickelt, produziert und vertreibt Erbe in der 5. Generation chirurgische Systeme f\u00fcr den professionellen Einsatz in unterschiedlichen medizinischen Bereichen. Erbe L\u00f6sungen sind in vielen L\u00e4ndern f\u00fchrend und dadurch fester Bestandteil im OP-Arbeitsablauf. Damit tragen wir zu einer bestm\u00f6glichen Behandlung des Patienten bei. Erbe besch\u00e4ftigt weltweit \u00fcber 1200 Mitarbeitende, davon [&hellip;]","og_url":"https:\/\/career-jungle.de\/en\/company\/erbe\/","og_site_name":"Career Day","article_modified_time":"2023-05-03T15:00:35+00:00","og_image":[{"url":"https:\/\/career-jungle.de\/wp-content\/uploads\/2023\/05\/Erbe-Logo-Claim_RGB_Cyan-echt-e1683049104536-1024x431.jpg","type":"","width":"","height":""}],"twitter_card":"summary_large_image","twitter_misc":{"Est. reading time":"1 minute"},"schema":{"@context":"https:\/\/schema.org","@graph":[{"@type":"WebPage","@id":"https:\/\/career-jungle.de\/unternehmen\/erbe\/","url":"https:\/\/career-jungle.de\/unternehmen\/erbe\/","name":"Erbe - Career Day","isPartOf":{"@id":"https:\/\/career-jungle.de\/#website"},"primaryImageOfPage":{"@id":"https:\/\/career-jungle.de\/unternehmen\/erbe\/#primaryimage"},"image":{"@id":"https:\/\/career-jungle.de\/unternehmen\/erbe\/#primaryimage"},"thumbnailUrl":"https:\/\/career-jungle.de\/wp-content\/uploads\/2023\/05\/Erbe-Logo-Claim_RGB_Cyan-echt-e1683049104536-1024x431.jpg","datePublished":"2023-05-02T17:39:43+00:00","dateModified":"2023-05-03T15:00:35+00:00","breadcrumb":{"@id":"https:\/\/career-jungle.de\/unternehmen\/erbe\/#breadcrumb"},"inLanguage":"en-US","potentialAction":[{"@type":"ReadAction","target":["https:\/\/career-jungle.de\/unternehmen\/erbe\/"]}]},{"@type":"ImageObject","inLanguage":"en-US","@id":"https:\/\/career-jungle.de\/unternehmen\/erbe\/#primaryimage","url":"https:\/\/career-jungle.de\/wp-content\/uploads\/2023\/05\/Erbe-Logo-Claim_RGB_Cyan-echt-e1683049104536-1024x431.jpg","contentUrl":"https:\/\/career-jungle.de\/wp-content\/uploads\/2023\/05\/Erbe-Logo-Claim_RGB_Cyan-echt-e1683049104536-1024x431.jpg"},{"@type":"BreadcrumbList","@id":"https:\/\/career-jungle.de\/unternehmen\/erbe\/#breadcrumb","itemListElement":[{"@type":"ListItem","position":1,"name":"Startseite","item":"https:\/\/career-jungle.de\/"},{"@type":"ListItem","position":2,"name":"Unternehmen","item":"https:\/\/career-jungle.de\/unternehmen\/"},{"@type":"ListItem","position":3,"name":"Erbe"}]},{"@type":"WebSite","@id":"https:\/\/career-jungle.de\/#website","url":"https:\/\/career-jungle.de\/","name":"Career Day","description":"Welcome to the jungle","publisher":{"@id":"https:\/\/career-jungle.de\/#organization"},"potentialAction":[{"@type":"SearchAction","target":{"@type":"EntryPoint","urlTemplate":"https:\/\/career-jungle.de\/?s={search_term_string}"},"query-input":{"@type":"PropertyValueSpecification","valueRequired":true,"valueName":"search_term_string"}}],"inLanguage":"en-US"},{"@type":"Organization","@id":"https:\/\/career-jungle.de\/#organization","name":"Career Day","url":"https:\/\/career-jungle.de\/","logo":{"@type":"ImageObject","inLanguage":"en-US","@id":"https:\/\/career-jungle.de\/#\/schema\/logo\/image\/","url":"https:\/\/career-jungle.de\/wp-content\/uploads\/2023\/04\/2026_CareerDayLogo_Pfad_Kontur_blau.png","contentUrl":"https:\/\/career-jungle.de\/wp-content\/uploads\/2023\/04\/2026_CareerDayLogo_Pfad_Kontur_blau.png","width":872,"height":272,"caption":"Career Day"},"image":{"@id":"https:\/\/career-jungle.de\/#\/schema\/logo\/image\/"}}]}},"_links":{"self":[{"href":"https:\/\/career-jungle.de\/en\/wp-json\/wp\/v2\/pages\/1668","targetHints":{"allow":["GET"]}}],"collection":[{"href":"https:\/\/career-jungle.de\/en\/wp-json\/wp\/v2\/pages"}],"about":[{"href":"https:\/\/career-jungle.de\/en\/wp-json\/wp\/v2\/types\/page"}],"author":[{"embeddable":true,"href":"https:\/\/career-jungle.de\/en\/wp-json\/wp\/v2\/users\/1"}],"replies":[{"embeddable":true,"href":"https:\/\/career-jungle.de\/en\/wp-json\/wp\/v2\/comments?post=1668"}],"version-history":[{"count":5,"href":"https:\/\/career-jungle.de\/en\/wp-json\/wp\/v2\/pages\/1668\/revisions"}],"predecessor-version":[{"id":1782,"href":"https:\/\/career-jungle.de\/en\/wp-json\/wp\/v2\/pages\/1668\/revisions\/1782"}],"up":[{"embeddable":true,"href":"https:\/\/career-jungle.de\/en\/wp-json\/wp\/v2\/pages\/322"}],"wp:attachment":[{"href":"https:\/\/career-jungle.de\/en\/wp-json\/wp\/v2\/media?parent=1668"}],"curies":[{"name":"WordPress","href":"https:\/\/api.w.org\/{rel}","templated":true}]}}