{"id":1135,"date":"2023-04-30T16:07:38","date_gmt":"2023-04-30T16:07:38","guid":{"rendered":"https:\/\/career-jungle.de\/?page_id=1135"},"modified":"2023-05-02T16:00:07","modified_gmt":"2023-05-02T16:00:07","slug":"ad-agents","status":"publish","type":"page","link":"https:\/\/career-jungle.de\/en\/unternehmen\/ad-agents\/","title":{"rendered":"ad agents"},"content":{"rendered":"<div data-elementor-type=\"wp-page\" data-elementor-id=\"1135\" class=\"elementor elementor-1135\" data-elementor-post-type=\"page\">\n\t\t\t\t\t\t<section class=\"elementor-section elementor-top-section elementor-element elementor-element-26d1dad elementor-section-boxed elementor-section-height-default elementor-section-height-default\" data-id=\"26d1dad\" data-element_type=\"section\" data-e-type=\"section\">\n\t\t\t\t\t\t<div class=\"elementor-container elementor-column-gap-default\">\n\t\t\t\t\t<div class=\"elementor-column elementor-col-100 elementor-top-column elementor-element elementor-element-6e5d941\" data-id=\"6e5d941\" data-element_type=\"column\" data-e-type=\"column\">\n\t\t\t<div class=\"elementor-widget-wrap elementor-element-populated\">\n\t\t\t\t\t\t<div class=\"elementor-element elementor-element-29a61d2 elementor-widget elementor-widget-spacer\" data-id=\"29a61d2\" data-element_type=\"widget\" data-e-type=\"widget\" data-widget_type=\"spacer.default\">\n\t\t\t\t<div class=\"elementor-widget-container\">\n\t\t\t\t\t\t\t<div class=\"elementor-spacer\">\n\t\t\t<div class=\"elementor-spacer-inner\"><\/div>\n\t\t<\/div>\n\t\t\t\t\t\t<\/div>\n\t\t\t\t<\/div>\n\t\t\t\t\t<\/div>\n\t\t<\/div>\n\t\t\t\t\t<\/div>\n\t\t<\/section>\n\t\t\t\t<section class=\"elementor-section elementor-top-section elementor-element elementor-element-87773f8 elementor-section-boxed elementor-section-height-default elementor-section-height-default\" data-id=\"87773f8\" data-element_type=\"section\" data-e-type=\"section\">\n\t\t\t\t\t\t<div class=\"elementor-container elementor-column-gap-default\">\n\t\t\t\t\t<div class=\"elementor-column elementor-col-100 elementor-top-column elementor-element elementor-element-967231e\" data-id=\"967231e\" data-element_type=\"column\" data-e-type=\"column\">\n\t\t\t<div class=\"elementor-widget-wrap elementor-element-populated\">\n\t\t\t\t\t\t<section class=\"elementor-section elementor-inner-section elementor-element elementor-element-6f57635 elementor-section-boxed elementor-section-height-default elementor-section-height-default\" data-id=\"6f57635\" data-element_type=\"section\" data-e-type=\"section\">\n\t\t\t\t\t\t<div class=\"elementor-container elementor-column-gap-default\">\n\t\t\t\t\t<div class=\"elementor-column elementor-col-50 elementor-inner-column elementor-element elementor-element-dcff023\" data-id=\"dcff023\" data-element_type=\"column\" data-e-type=\"column\">\n\t\t\t<div class=\"elementor-widget-wrap elementor-element-populated\">\n\t\t\t\t\t\t<div class=\"elementor-element elementor-element-ef2d56e elementor-widget-widescreen__width-initial elementor-widget elementor-widget-image\" data-id=\"ef2d56e\" data-element_type=\"widget\" data-e-type=\"widget\" data-widget_type=\"image.default\">\n\t\t\t\t<div class=\"elementor-widget-container\">\n\t\t\t\t\t\t\t\t\t\t\t\t\t\t\t\t<a href=\"https:\/\/www.ad-agents.com\/\" target=\"_blank\">\n\t\t\t\t\t\t\t<img fetchpriority=\"high\" decoding=\"async\" width=\"800\" height=\"164\" src=\"https:\/\/career-jungle.de\/wp-content\/uploads\/2023\/05\/aa_Logo_ohne_Slogan_600x300_Vektor-1024x210.jpg\" class=\"attachment-large size-large wp-image-1514\" alt=\"\" srcset=\"https:\/\/career-jungle.de\/wp-content\/uploads\/2023\/05\/aa_Logo_ohne_Slogan_600x300_Vektor-1024x210.jpg 1024w, https:\/\/career-jungle.de\/wp-content\/uploads\/2023\/05\/aa_Logo_ohne_Slogan_600x300_Vektor-300x61.jpg 300w, https:\/\/career-jungle.de\/wp-content\/uploads\/2023\/05\/aa_Logo_ohne_Slogan_600x300_Vektor-768x157.jpg 768w, https:\/\/career-jungle.de\/wp-content\/uploads\/2023\/05\/aa_Logo_ohne_Slogan_600x300_Vektor-1536x315.jpg 1536w, https:\/\/career-jungle.de\/wp-content\/uploads\/2023\/05\/aa_Logo_ohne_Slogan_600x300_Vektor-2048x420.jpg 2048w\" sizes=\"(max-width: 800px) 100vw, 800px\" \/>\t\t\t\t\t\t\t\t<\/a>\n\t\t\t\t\t\t\t\t\t\t\t\t\t\t\t<\/div>\n\t\t\t\t<\/div>\n\t\t\t\t\t<\/div>\n\t\t<\/div>\n\t\t\t\t<div class=\"elementor-column elementor-col-50 elementor-inner-column elementor-element elementor-element-c17fd5a\" data-id=\"c17fd5a\" data-element_type=\"column\" data-e-type=\"column\">\n\t\t\t<div class=\"elementor-widget-wrap elementor-element-populated\">\n\t\t\t\t\t\t<div class=\"elementor-element elementor-element-92c6c29 elementor-widget elementor-widget-text-editor\" data-id=\"92c6c29\" data-element_type=\"widget\" data-e-type=\"widget\" data-widget_type=\"text-editor.default\">\n\t\t\t\t<div class=\"elementor-widget-container\">\n\t\t\t\t\t\t\t\t\t<div>\n<p><b>\u00dcBER DIE AD AGENTS GMBH<\/b><\/p>\n<p>Die ad agents GmbH, mit Sitz in Herrenberg im Gro\u00dfraum Stuttgart, ist eine der f\u00fchrenden Agenturen f\u00fcr digitale Beratung und Performance Marketing.<\/p>\n<p>Als Partner gro\u00dfer Netzwerke wie Google, Facebook und Amazon betreuen und beraten wir namhafte Unternehmen in allen Bereichen des digitalen Marketings, E-Commerce und der digitalen Kommunikation.<\/p>\n<p><b>Unsere Leistungsbereiche umfassen: <\/b><\/p>\n<\/div>\n<div>\n<p>Suchmaschinenwerbung, Suchmaschinenoptimierung, Digitale Marktpl\u00e4tze, Affiliate Marketing, Social Media &amp; Display Advertising sowie Analytics &amp; Data.<\/p><p><br><\/p>\n<p><\/p>\n<p><b>MORE INFO:<br><\/b><a href=\"https:\/\/www.ad-agents.com\/\" target=\"_blank\" rel=\"noopener\">https:\/\/www.ad-agents.com\/<\/a><b><br><\/b><\/p>\n<p><b>&nbsp;<\/b><\/p>\n<\/div>\t\t\t\t\t\t\t\t<\/div>\n\t\t\t\t<\/div>\n\t\t\t\t<div class=\"elementor-element elementor-element-1c60bcc elementor-align-left elementor-widget elementor-widget-button\" data-id=\"1c60bcc\" data-element_type=\"widget\" data-e-type=\"widget\" data-widget_type=\"button.default\">\n\t\t\t\t<div class=\"elementor-widget-container\">\n\t\t\t\t\t\t\t\t\t<div class=\"elementor-button-wrapper\">\n\t\t\t\t\t<a class=\"elementor-button elementor-button-link elementor-size-sm\" href=\"https:\/\/career-jungle.de\/en\/company\/\">\n\t\t\t\t\t\t<span class=\"elementor-button-content-wrapper\">\n\t\t\t\t\t\t\t\t\t<span class=\"elementor-button-text\">back to overview<\/span>\n\t\t\t\t\t<\/span>\n\t\t\t\t\t<\/a>\n\t\t\t\t<\/div>\n\t\t\t\t\t\t\t\t<\/div>\n\t\t\t\t<\/div>\n\t\t\t\t\t<\/div>\n\t\t<\/div>\n\t\t\t\t\t<\/div>\n\t\t<\/section>\n\t\t\t\t\t<\/div>\n\t\t<\/div>\n\t\t\t\t\t<\/div>\n\t\t<\/section>\n\t\t\t\t<section class=\"elementor-section elementor-top-section elementor-element elementor-element-a56308d elementor-section-boxed elementor-section-height-default elementor-section-height-default\" data-id=\"a56308d\" data-element_type=\"section\" data-e-type=\"section\">\n\t\t\t\t\t\t<div class=\"elementor-container elementor-column-gap-default\">\n\t\t\t\t\t<div class=\"elementor-column elementor-col-100 elementor-top-column elementor-element elementor-element-c372f17\" data-id=\"c372f17\" data-element_type=\"column\" data-e-type=\"column\">\n\t\t\t<div class=\"elementor-widget-wrap elementor-element-populated\">\n\t\t\t\t\t\t<div class=\"elementor-element elementor-element-bb53e74 elementor-widget elementor-widget-spacer\" data-id=\"bb53e74\" data-element_type=\"widget\" data-e-type=\"widget\" data-widget_type=\"spacer.default\">\n\t\t\t\t<div class=\"elementor-widget-container\">\n\t\t\t\t\t\t\t<div class=\"elementor-spacer\">\n\t\t\t<div class=\"elementor-spacer-inner\"><\/div>\n\t\t<\/div>\n\t\t\t\t\t\t<\/div>\n\t\t\t\t<\/div>\n\t\t\t\t\t<\/div>\n\t\t<\/div>\n\t\t\t\t\t<\/div>\n\t\t<\/section>\n\t\t\t\t<\/div>","protected":false},"excerpt":{"rendered":"<p>\u00dcBER DIE AD AGENTS GMBH Die ad agents GmbH, mit Sitz in Herrenberg im Gro\u00dfraum Stuttgart, ist eine der f\u00fchrenden Agenturen f\u00fcr digitale Beratung und Performance Marketing. Als Partner gro\u00dfer Netzwerke wie Google, Facebook und Amazon betreuen und beraten wir namhafte Unternehmen in allen Bereichen des digitalen Marketings, E-Commerce und der digitalen Kommunikation. Unsere Leistungsbereiche [&hellip;]<\/p>\n","protected":false},"author":1,"featured_media":0,"parent":322,"menu_order":0,"comment_status":"closed","ping_status":"closed","template":"elementor_header_footer","meta":{"inline_featured_image":false,"footnotes":""},"class_list":["post-1135","page","type-page","status-publish","hentry"],"yoast_head":"<!-- This site is optimized with the Yoast SEO plugin v27.3 - https:\/\/yoast.com\/product\/yoast-seo-wordpress\/ -->\n<title>ad agents - Career Day<\/title>\n<meta name=\"robots\" content=\"index, follow, max-snippet:-1, max-image-preview:large, max-video-preview:-1\" \/>\n<link rel=\"canonical\" href=\"https:\/\/career-jungle.de\/en\/company\/ad-agents\/\" \/>\n<meta property=\"og:locale\" content=\"en_US\" \/>\n<meta property=\"og:type\" content=\"article\" \/>\n<meta property=\"og:title\" content=\"ad agents - Career Day\" \/>\n<meta property=\"og:description\" content=\"\u00dcBER DIE AD AGENTS GMBH Die ad agents GmbH, mit Sitz in Herrenberg im Gro\u00dfraum Stuttgart, ist eine der f\u00fchrenden Agenturen f\u00fcr digitale Beratung und Performance Marketing. Als Partner gro\u00dfer Netzwerke wie Google, Facebook und Amazon betreuen und beraten wir namhafte Unternehmen in allen Bereichen des digitalen Marketings, E-Commerce und der digitalen Kommunikation. Unsere Leistungsbereiche [&hellip;]\" \/>\n<meta property=\"og:url\" content=\"https:\/\/career-jungle.de\/en\/company\/ad-agents\/\" \/>\n<meta property=\"og:site_name\" content=\"Career Day\" \/>\n<meta property=\"article:modified_time\" content=\"2023-05-02T16:00:07+00:00\" \/>\n<meta property=\"og:image\" content=\"https:\/\/career-jungle.de\/wp-content\/uploads\/2023\/05\/aa_Logo_ohne_Slogan_600x300_Vektor-1024x210.jpg\" \/>\n<meta name=\"twitter:card\" content=\"summary_large_image\" \/>\n<script type=\"application\/ld+json\" class=\"yoast-schema-graph\">{\"@context\":\"https:\\\/\\\/schema.org\",\"@graph\":[{\"@type\":\"WebPage\",\"@id\":\"https:\\\/\\\/career-jungle.de\\\/unternehmen\\\/ad-agents\\\/\",\"url\":\"https:\\\/\\\/career-jungle.de\\\/unternehmen\\\/ad-agents\\\/\",\"name\":\"ad agents - Career Day\",\"isPartOf\":{\"@id\":\"https:\\\/\\\/career-jungle.de\\\/#website\"},\"primaryImageOfPage\":{\"@id\":\"https:\\\/\\\/career-jungle.de\\\/unternehmen\\\/ad-agents\\\/#primaryimage\"},\"image\":{\"@id\":\"https:\\\/\\\/career-jungle.de\\\/unternehmen\\\/ad-agents\\\/#primaryimage\"},\"thumbnailUrl\":\"https:\\\/\\\/career-jungle.de\\\/wp-content\\\/uploads\\\/2023\\\/05\\\/aa_Logo_ohne_Slogan_600x300_Vektor-1024x210.jpg\",\"datePublished\":\"2023-04-30T16:07:38+00:00\",\"dateModified\":\"2023-05-02T16:00:07+00:00\",\"breadcrumb\":{\"@id\":\"https:\\\/\\\/career-jungle.de\\\/unternehmen\\\/ad-agents\\\/#breadcrumb\"},\"inLanguage\":\"en-US\",\"potentialAction\":[{\"@type\":\"ReadAction\",\"target\":[\"https:\\\/\\\/career-jungle.de\\\/unternehmen\\\/ad-agents\\\/\"]}]},{\"@type\":\"ImageObject\",\"inLanguage\":\"en-US\",\"@id\":\"https:\\\/\\\/career-jungle.de\\\/unternehmen\\\/ad-agents\\\/#primaryimage\",\"url\":\"https:\\\/\\\/career-jungle.de\\\/wp-content\\\/uploads\\\/2023\\\/05\\\/aa_Logo_ohne_Slogan_600x300_Vektor-1024x210.jpg\",\"contentUrl\":\"https:\\\/\\\/career-jungle.de\\\/wp-content\\\/uploads\\\/2023\\\/05\\\/aa_Logo_ohne_Slogan_600x300_Vektor-1024x210.jpg\"},{\"@type\":\"BreadcrumbList\",\"@id\":\"https:\\\/\\\/career-jungle.de\\\/unternehmen\\\/ad-agents\\\/#breadcrumb\",\"itemListElement\":[{\"@type\":\"ListItem\",\"position\":1,\"name\":\"Startseite\",\"item\":\"https:\\\/\\\/career-jungle.de\\\/\"},{\"@type\":\"ListItem\",\"position\":2,\"name\":\"Unternehmen\",\"item\":\"https:\\\/\\\/career-jungle.de\\\/unternehmen\\\/\"},{\"@type\":\"ListItem\",\"position\":3,\"name\":\"ad agents\"}]},{\"@type\":\"WebSite\",\"@id\":\"https:\\\/\\\/career-jungle.de\\\/#website\",\"url\":\"https:\\\/\\\/career-jungle.de\\\/\",\"name\":\"Career Day\",\"description\":\"Welcome to the jungle\",\"publisher\":{\"@id\":\"https:\\\/\\\/career-jungle.de\\\/#organization\"},\"potentialAction\":[{\"@type\":\"SearchAction\",\"target\":{\"@type\":\"EntryPoint\",\"urlTemplate\":\"https:\\\/\\\/career-jungle.de\\\/?s={search_term_string}\"},\"query-input\":{\"@type\":\"PropertyValueSpecification\",\"valueRequired\":true,\"valueName\":\"search_term_string\"}}],\"inLanguage\":\"en-US\"},{\"@type\":\"Organization\",\"@id\":\"https:\\\/\\\/career-jungle.de\\\/#organization\",\"name\":\"Career Day\",\"url\":\"https:\\\/\\\/career-jungle.de\\\/\",\"logo\":{\"@type\":\"ImageObject\",\"inLanguage\":\"en-US\",\"@id\":\"https:\\\/\\\/career-jungle.de\\\/#\\\/schema\\\/logo\\\/image\\\/\",\"url\":\"https:\\\/\\\/career-jungle.de\\\/wp-content\\\/uploads\\\/2023\\\/04\\\/2026_CareerDayLogo_Pfad_Kontur_blau.png\",\"contentUrl\":\"https:\\\/\\\/career-jungle.de\\\/wp-content\\\/uploads\\\/2023\\\/04\\\/2026_CareerDayLogo_Pfad_Kontur_blau.png\",\"width\":872,\"height\":272,\"caption\":\"Career Day\"},\"image\":{\"@id\":\"https:\\\/\\\/career-jungle.de\\\/#\\\/schema\\\/logo\\\/image\\\/\"}}]}<\/script>\n<!-- \/ Yoast SEO plugin. -->","yoast_head_json":{"title":"ad agents - Career Day","robots":{"index":"index","follow":"follow","max-snippet":"max-snippet:-1","max-image-preview":"max-image-preview:large","max-video-preview":"max-video-preview:-1"},"canonical":"https:\/\/career-jungle.de\/en\/company\/ad-agents\/","og_locale":"en_US","og_type":"article","og_title":"ad agents - Career Day","og_description":"\u00dcBER DIE AD AGENTS GMBH Die ad agents GmbH, mit Sitz in Herrenberg im Gro\u00dfraum Stuttgart, ist eine der f\u00fchrenden Agenturen f\u00fcr digitale Beratung und Performance Marketing. Als Partner gro\u00dfer Netzwerke wie Google, Facebook und Amazon betreuen und beraten wir namhafte Unternehmen in allen Bereichen des digitalen Marketings, E-Commerce und der digitalen Kommunikation. Unsere Leistungsbereiche [&hellip;]","og_url":"https:\/\/career-jungle.de\/en\/company\/ad-agents\/","og_site_name":"Career Day","article_modified_time":"2023-05-02T16:00:07+00:00","og_image":[{"url":"https:\/\/career-jungle.de\/wp-content\/uploads\/2023\/05\/aa_Logo_ohne_Slogan_600x300_Vektor-1024x210.jpg","type":"","width":"","height":""}],"twitter_card":"summary_large_image","schema":{"@context":"https:\/\/schema.org","@graph":[{"@type":"WebPage","@id":"https:\/\/career-jungle.de\/unternehmen\/ad-agents\/","url":"https:\/\/career-jungle.de\/unternehmen\/ad-agents\/","name":"ad agents - Career Day","isPartOf":{"@id":"https:\/\/career-jungle.de\/#website"},"primaryImageOfPage":{"@id":"https:\/\/career-jungle.de\/unternehmen\/ad-agents\/#primaryimage"},"image":{"@id":"https:\/\/career-jungle.de\/unternehmen\/ad-agents\/#primaryimage"},"thumbnailUrl":"https:\/\/career-jungle.de\/wp-content\/uploads\/2023\/05\/aa_Logo_ohne_Slogan_600x300_Vektor-1024x210.jpg","datePublished":"2023-04-30T16:07:38+00:00","dateModified":"2023-05-02T16:00:07+00:00","breadcrumb":{"@id":"https:\/\/career-jungle.de\/unternehmen\/ad-agents\/#breadcrumb"},"inLanguage":"en-US","potentialAction":[{"@type":"ReadAction","target":["https:\/\/career-jungle.de\/unternehmen\/ad-agents\/"]}]},{"@type":"ImageObject","inLanguage":"en-US","@id":"https:\/\/career-jungle.de\/unternehmen\/ad-agents\/#primaryimage","url":"https:\/\/career-jungle.de\/wp-content\/uploads\/2023\/05\/aa_Logo_ohne_Slogan_600x300_Vektor-1024x210.jpg","contentUrl":"https:\/\/career-jungle.de\/wp-content\/uploads\/2023\/05\/aa_Logo_ohne_Slogan_600x300_Vektor-1024x210.jpg"},{"@type":"BreadcrumbList","@id":"https:\/\/career-jungle.de\/unternehmen\/ad-agents\/#breadcrumb","itemListElement":[{"@type":"ListItem","position":1,"name":"Startseite","item":"https:\/\/career-jungle.de\/"},{"@type":"ListItem","position":2,"name":"Unternehmen","item":"https:\/\/career-jungle.de\/unternehmen\/"},{"@type":"ListItem","position":3,"name":"ad agents"}]},{"@type":"WebSite","@id":"https:\/\/career-jungle.de\/#website","url":"https:\/\/career-jungle.de\/","name":"Career Day","description":"Welcome to the jungle","publisher":{"@id":"https:\/\/career-jungle.de\/#organization"},"potentialAction":[{"@type":"SearchAction","target":{"@type":"EntryPoint","urlTemplate":"https:\/\/career-jungle.de\/?s={search_term_string}"},"query-input":{"@type":"PropertyValueSpecification","valueRequired":true,"valueName":"search_term_string"}}],"inLanguage":"en-US"},{"@type":"Organization","@id":"https:\/\/career-jungle.de\/#organization","name":"Career Day","url":"https:\/\/career-jungle.de\/","logo":{"@type":"ImageObject","inLanguage":"en-US","@id":"https:\/\/career-jungle.de\/#\/schema\/logo\/image\/","url":"https:\/\/career-jungle.de\/wp-content\/uploads\/2023\/04\/2026_CareerDayLogo_Pfad_Kontur_blau.png","contentUrl":"https:\/\/career-jungle.de\/wp-content\/uploads\/2023\/04\/2026_CareerDayLogo_Pfad_Kontur_blau.png","width":872,"height":272,"caption":"Career Day"},"image":{"@id":"https:\/\/career-jungle.de\/#\/schema\/logo\/image\/"}}]}},"_links":{"self":[{"href":"https:\/\/career-jungle.de\/en\/wp-json\/wp\/v2\/pages\/1135","targetHints":{"allow":["GET"]}}],"collection":[{"href":"https:\/\/career-jungle.de\/en\/wp-json\/wp\/v2\/pages"}],"about":[{"href":"https:\/\/career-jungle.de\/en\/wp-json\/wp\/v2\/types\/page"}],"author":[{"embeddable":true,"href":"https:\/\/career-jungle.de\/en\/wp-json\/wp\/v2\/users\/1"}],"replies":[{"embeddable":true,"href":"https:\/\/career-jungle.de\/en\/wp-json\/wp\/v2\/comments?post=1135"}],"version-history":[{"count":5,"href":"https:\/\/career-jungle.de\/en\/wp-json\/wp\/v2\/pages\/1135\/revisions"}],"predecessor-version":[{"id":1517,"href":"https:\/\/career-jungle.de\/en\/wp-json\/wp\/v2\/pages\/1135\/revisions\/1517"}],"up":[{"embeddable":true,"href":"https:\/\/career-jungle.de\/en\/wp-json\/wp\/v2\/pages\/322"}],"wp:attachment":[{"href":"https:\/\/career-jungle.de\/en\/wp-json\/wp\/v2\/media?parent=1135"}],"curies":[{"name":"WordPress","href":"https:\/\/api.w.org\/{rel}","templated":true}]}}