{"id":1113,"date":"2023-04-30T15:56:43","date_gmt":"2023-04-30T15:56:43","guid":{"rendered":"https:\/\/career-jungle.de\/?page_id=1113"},"modified":"2023-05-02T15:56:52","modified_gmt":"2023-05-02T15:56:52","slug":"federal-employment-agency","status":"publish","type":"page","link":"https:\/\/career-jungle.de\/en\/unternehmen\/bundesagentur-fuer-arbeit\/","title":{"rendered":"Federal Employment Agency"},"content":{"rendered":"<div data-elementor-type=\"wp-page\" data-elementor-id=\"1113\" class=\"elementor elementor-1113\" data-elementor-post-type=\"page\">\n\t\t\t\t\t\t<section class=\"elementor-section elementor-top-section elementor-element elementor-element-c18641a elementor-section-boxed elementor-section-height-default elementor-section-height-default\" data-id=\"c18641a\" data-element_type=\"section\" data-e-type=\"section\">\n\t\t\t\t\t\t<div class=\"elementor-container elementor-column-gap-default\">\n\t\t\t\t\t<div class=\"elementor-column elementor-col-100 elementor-top-column elementor-element elementor-element-2a975cb\" data-id=\"2a975cb\" data-element_type=\"column\" data-e-type=\"column\">\n\t\t\t<div class=\"elementor-widget-wrap elementor-element-populated\">\n\t\t\t\t\t\t<div class=\"elementor-element elementor-element-446209d elementor-widget elementor-widget-spacer\" data-id=\"446209d\" data-element_type=\"widget\" data-e-type=\"widget\" data-widget_type=\"spacer.default\">\n\t\t\t\t<div class=\"elementor-widget-container\">\n\t\t\t\t\t\t\t<div class=\"elementor-spacer\">\n\t\t\t<div class=\"elementor-spacer-inner\"><\/div>\n\t\t<\/div>\n\t\t\t\t\t\t<\/div>\n\t\t\t\t<\/div>\n\t\t\t\t\t<\/div>\n\t\t<\/div>\n\t\t\t\t\t<\/div>\n\t\t<\/section>\n\t\t\t\t<section class=\"elementor-section elementor-top-section elementor-element elementor-element-27ff8e7 elementor-section-boxed elementor-section-height-default elementor-section-height-default\" data-id=\"27ff8e7\" data-element_type=\"section\" data-e-type=\"section\">\n\t\t\t\t\t\t<div class=\"elementor-container elementor-column-gap-default\">\n\t\t\t\t\t<div class=\"elementor-column elementor-col-100 elementor-top-column elementor-element elementor-element-2167036\" data-id=\"2167036\" data-element_type=\"column\" data-e-type=\"column\">\n\t\t\t<div class=\"elementor-widget-wrap elementor-element-populated\">\n\t\t\t\t\t\t<section class=\"elementor-section elementor-inner-section elementor-element elementor-element-cfa45cf elementor-section-boxed elementor-section-height-default elementor-section-height-default\" data-id=\"cfa45cf\" data-element_type=\"section\" data-e-type=\"section\">\n\t\t\t\t\t\t<div class=\"elementor-container elementor-column-gap-default\">\n\t\t\t\t\t<div class=\"elementor-column elementor-col-50 elementor-inner-column elementor-element elementor-element-8522ce3\" data-id=\"8522ce3\" data-element_type=\"column\" data-e-type=\"column\">\n\t\t\t<div class=\"elementor-widget-wrap elementor-element-populated\">\n\t\t\t\t\t\t<div class=\"elementor-element elementor-element-0b66582 elementor-widget-widescreen__width-initial elementor-widget elementor-widget-image\" data-id=\"0b66582\" data-element_type=\"widget\" data-e-type=\"widget\" data-widget_type=\"image.default\">\n\t\t\t\t<div class=\"elementor-widget-container\">\n\t\t\t\t\t\t\t\t\t\t\t\t\t\t\t\t<a href=\"https:\/\/web.arbeitsagentur.de\/portal\/kontakt\/de\/terminvereinbarung\" target=\"_blank\">\n\t\t\t\t\t\t\t<img fetchpriority=\"high\" decoding=\"async\" width=\"800\" height=\"245\" src=\"https:\/\/career-jungle.de\/wp-content\/uploads\/2023\/05\/66417_Tuebingen_mit_Claim_C.png\" class=\"attachment-large size-large wp-image-1508\" alt=\"\" srcset=\"https:\/\/career-jungle.de\/wp-content\/uploads\/2023\/05\/66417_Tuebingen_mit_Claim_C.png 933w, https:\/\/career-jungle.de\/wp-content\/uploads\/2023\/05\/66417_Tuebingen_mit_Claim_C-300x92.png 300w, https:\/\/career-jungle.de\/wp-content\/uploads\/2023\/05\/66417_Tuebingen_mit_Claim_C-768x235.png 768w\" sizes=\"(max-width: 800px) 100vw, 800px\" \/>\t\t\t\t\t\t\t\t<\/a>\n\t\t\t\t\t\t\t\t\t\t\t\t\t\t\t<\/div>\n\t\t\t\t<\/div>\n\t\t\t\t\t<\/div>\n\t\t<\/div>\n\t\t\t\t<div class=\"elementor-column elementor-col-50 elementor-inner-column elementor-element elementor-element-ef41cfe\" data-id=\"ef41cfe\" data-element_type=\"column\" data-e-type=\"column\">\n\t\t\t<div class=\"elementor-widget-wrap elementor-element-populated\">\n\t\t\t\t\t\t<div class=\"elementor-element elementor-element-6159585 elementor-widget elementor-widget-text-editor\" data-id=\"6159585\" data-element_type=\"widget\" data-e-type=\"widget\" data-widget_type=\"text-editor.default\">\n\t\t\t\t<div class=\"elementor-widget-container\">\n\t\t\t\t\t\t\t\t\t<div>\n<p><b>To inform, advise, and mediate <br><\/b><\/p>\n<p><b>&nbsp;<\/b><\/p>\n<p>We provide support with questions about career orientation and starting a career.<\/p>\n<\/div>\n<div>\n<p>\u2022 Guidance during and after studies<\/p>\n<\/div>\n<div>\n<p>\u2022 Strategies for starting your career<\/p>\n<\/div>\n<div>\n<p>Application coaching<\/p>\n<\/div>\n<div>\n<p>\u2022 Doubts about studies, changing majors, vocational training as an alternative<\/p>\n<\/div>\n<div>\n<p>Career planning, career path planning<\/p>\n<\/div>\n<div>\n<p>\u2022 Workshops for academics<\/p>\n<\/div>\n<div>\n<p>The Employment Agency is the largest service provider in the German labor market. Career guidance, job placement, and employer consultation are among our important tasks. Within this framework, we offer exciting employment opportunities for university graduates.<\/p><p><br><\/p>\n<p><\/p>\n<p><b>MORE INFO:<\/b> <a href=\"https:\/\/web.arbeitsagentur.de\/portal\/kontakt\/de\/terminvereinbarung\" target=\"_blank\" rel=\"noopener\">here<\/a><\/p><p><br><\/p>\n<p><\/p>\n<\/div>\t\t\t\t\t\t\t\t<\/div>\n\t\t\t\t<\/div>\n\t\t\t\t<div class=\"elementor-element elementor-element-58c8935 elementor-align-left elementor-widget elementor-widget-button\" data-id=\"58c8935\" data-element_type=\"widget\" data-e-type=\"widget\" data-widget_type=\"button.default\">\n\t\t\t\t<div class=\"elementor-widget-container\">\n\t\t\t\t\t\t\t\t\t<div class=\"elementor-button-wrapper\">\n\t\t\t\t\t<a class=\"elementor-button elementor-button-link elementor-size-sm\" href=\"https:\/\/career-jungle.de\/en\/company\/\">\n\t\t\t\t\t\t<span class=\"elementor-button-content-wrapper\">\n\t\t\t\t\t\t\t\t\t<span class=\"elementor-button-text\">back to overview<\/span>\n\t\t\t\t\t<\/span>\n\t\t\t\t\t<\/a>\n\t\t\t\t<\/div>\n\t\t\t\t\t\t\t\t<\/div>\n\t\t\t\t<\/div>\n\t\t\t\t\t<\/div>\n\t\t<\/div>\n\t\t\t\t\t<\/div>\n\t\t<\/section>\n\t\t\t\t\t<\/div>\n\t\t<\/div>\n\t\t\t\t\t<\/div>\n\t\t<\/section>\n\t\t\t\t<section class=\"elementor-section elementor-top-section elementor-element elementor-element-d9d5306 elementor-section-boxed elementor-section-height-default elementor-section-height-default\" data-id=\"d9d5306\" data-element_type=\"section\" data-e-type=\"section\">\n\t\t\t\t\t\t<div class=\"elementor-container elementor-column-gap-default\">\n\t\t\t\t\t<div class=\"elementor-column elementor-col-100 elementor-top-column elementor-element elementor-element-1b1ecad\" data-id=\"1b1ecad\" data-element_type=\"column\" data-e-type=\"column\">\n\t\t\t<div class=\"elementor-widget-wrap elementor-element-populated\">\n\t\t\t\t\t\t<div class=\"elementor-element elementor-element-70bfe2b elementor-widget elementor-widget-spacer\" data-id=\"70bfe2b\" data-element_type=\"widget\" data-e-type=\"widget\" data-widget_type=\"spacer.default\">\n\t\t\t\t<div class=\"elementor-widget-container\">\n\t\t\t\t\t\t\t<div class=\"elementor-spacer\">\n\t\t\t<div class=\"elementor-spacer-inner\"><\/div>\n\t\t<\/div>\n\t\t\t\t\t\t<\/div>\n\t\t\t\t<\/div>\n\t\t\t\t\t<\/div>\n\t\t<\/div>\n\t\t\t\t\t<\/div>\n\t\t<\/section>\n\t\t\t\t<\/div>","protected":false},"excerpt":{"rendered":"<p>ORIENTIEREN, BERATEN, VERMITTELN &nbsp; Wir unterst\u00fctzen bei Fragen zu beruflicher Orientierung und Berufseinstieg. \u2022 Orientierung w\u00e4hrend und nach dem Studium \u2022 Strategien zum Berufseinstieg \u2022 Bewerbungscoaching \u2022 Studienzweifel, Wechsel des Studiengangs, Ausbildung als Alternative \u2022 Karriereplanung, Berufswegeplanung \u2022 Workshops f\u00fcr Akademikerinnen und Akademiker Die Agentur f\u00fcr Arbeit ist der gr\u00f6\u00dfte Dienstleister auf dem deutschen Arbeitsmarkt. [&hellip;]<\/p>\n","protected":false},"author":1,"featured_media":0,"parent":322,"menu_order":0,"comment_status":"closed","ping_status":"closed","template":"elementor_header_footer","meta":{"inline_featured_image":false,"footnotes":""},"class_list":["post-1113","page","type-page","status-publish","hentry"],"yoast_head":"<!-- This site is optimized with the Yoast SEO plugin v27.3 - https:\/\/yoast.com\/product\/yoast-seo-wordpress\/ -->\n<title>Bundesagentur f\u00fcr Arbeit - Career Day<\/title>\n<meta name=\"robots\" content=\"index, follow, max-snippet:-1, max-image-preview:large, max-video-preview:-1\" \/>\n<link rel=\"canonical\" href=\"https:\/\/career-jungle.de\/en\/company\/federal-employment-agency\/\" \/>\n<meta property=\"og:locale\" content=\"en_US\" \/>\n<meta property=\"og:type\" content=\"article\" \/>\n<meta property=\"og:title\" content=\"Bundesagentur f\u00fcr Arbeit - Career Day\" \/>\n<meta property=\"og:description\" content=\"ORIENTIEREN, BERATEN, VERMITTELN &nbsp; Wir unterst\u00fctzen bei Fragen zu beruflicher Orientierung und Berufseinstieg. \u2022 Orientierung w\u00e4hrend und nach dem Studium \u2022 Strategien zum Berufseinstieg \u2022 Bewerbungscoaching \u2022 Studienzweifel, Wechsel des Studiengangs, Ausbildung als Alternative \u2022 Karriereplanung, Berufswegeplanung \u2022 Workshops f\u00fcr Akademikerinnen und Akademiker Die Agentur f\u00fcr Arbeit ist der gr\u00f6\u00dfte Dienstleister auf dem deutschen Arbeitsmarkt. [&hellip;]\" \/>\n<meta property=\"og:url\" content=\"https:\/\/career-jungle.de\/en\/company\/federal-employment-agency\/\" \/>\n<meta property=\"og:site_name\" content=\"Career Day\" \/>\n<meta property=\"article:modified_time\" content=\"2023-05-02T15:56:52+00:00\" \/>\n<meta property=\"og:image\" content=\"https:\/\/career-jungle.de\/wp-content\/uploads\/2023\/05\/66417_Tuebingen_mit_Claim_C.png\" \/>\n<meta name=\"twitter:card\" content=\"summary_large_image\" \/>\n<script type=\"application\/ld+json\" class=\"yoast-schema-graph\">{\"@context\":\"https:\\\/\\\/schema.org\",\"@graph\":[{\"@type\":\"WebPage\",\"@id\":\"https:\\\/\\\/career-jungle.de\\\/unternehmen\\\/bundesagentur-fuer-arbeit\\\/\",\"url\":\"https:\\\/\\\/career-jungle.de\\\/unternehmen\\\/bundesagentur-fuer-arbeit\\\/\",\"name\":\"Bundesagentur f\u00fcr Arbeit - Career Day\",\"isPartOf\":{\"@id\":\"https:\\\/\\\/career-jungle.de\\\/#website\"},\"primaryImageOfPage\":{\"@id\":\"https:\\\/\\\/career-jungle.de\\\/unternehmen\\\/bundesagentur-fuer-arbeit\\\/#primaryimage\"},\"image\":{\"@id\":\"https:\\\/\\\/career-jungle.de\\\/unternehmen\\\/bundesagentur-fuer-arbeit\\\/#primaryimage\"},\"thumbnailUrl\":\"https:\\\/\\\/career-jungle.de\\\/wp-content\\\/uploads\\\/2023\\\/05\\\/66417_Tuebingen_mit_Claim_C.png\",\"datePublished\":\"2023-04-30T15:56:43+00:00\",\"dateModified\":\"2023-05-02T15:56:52+00:00\",\"breadcrumb\":{\"@id\":\"https:\\\/\\\/career-jungle.de\\\/unternehmen\\\/bundesagentur-fuer-arbeit\\\/#breadcrumb\"},\"inLanguage\":\"en-US\",\"potentialAction\":[{\"@type\":\"ReadAction\",\"target\":[\"https:\\\/\\\/career-jungle.de\\\/unternehmen\\\/bundesagentur-fuer-arbeit\\\/\"]}]},{\"@type\":\"ImageObject\",\"inLanguage\":\"en-US\",\"@id\":\"https:\\\/\\\/career-jungle.de\\\/unternehmen\\\/bundesagentur-fuer-arbeit\\\/#primaryimage\",\"url\":\"https:\\\/\\\/career-jungle.de\\\/wp-content\\\/uploads\\\/2023\\\/05\\\/66417_Tuebingen_mit_Claim_C.png\",\"contentUrl\":\"https:\\\/\\\/career-jungle.de\\\/wp-content\\\/uploads\\\/2023\\\/05\\\/66417_Tuebingen_mit_Claim_C.png\"},{\"@type\":\"BreadcrumbList\",\"@id\":\"https:\\\/\\\/career-jungle.de\\\/unternehmen\\\/bundesagentur-fuer-arbeit\\\/#breadcrumb\",\"itemListElement\":[{\"@type\":\"ListItem\",\"position\":1,\"name\":\"Startseite\",\"item\":\"https:\\\/\\\/career-jungle.de\\\/\"},{\"@type\":\"ListItem\",\"position\":2,\"name\":\"Unternehmen\",\"item\":\"https:\\\/\\\/career-jungle.de\\\/unternehmen\\\/\"},{\"@type\":\"ListItem\",\"position\":3,\"name\":\"Bundesagentur f\u00fcr Arbeit\"}]},{\"@type\":\"WebSite\",\"@id\":\"https:\\\/\\\/career-jungle.de\\\/#website\",\"url\":\"https:\\\/\\\/career-jungle.de\\\/\",\"name\":\"Career Day\",\"description\":\"Welcome to the jungle\",\"publisher\":{\"@id\":\"https:\\\/\\\/career-jungle.de\\\/#organization\"},\"potentialAction\":[{\"@type\":\"SearchAction\",\"target\":{\"@type\":\"EntryPoint\",\"urlTemplate\":\"https:\\\/\\\/career-jungle.de\\\/?s={search_term_string}\"},\"query-input\":{\"@type\":\"PropertyValueSpecification\",\"valueRequired\":true,\"valueName\":\"search_term_string\"}}],\"inLanguage\":\"en-US\"},{\"@type\":\"Organization\",\"@id\":\"https:\\\/\\\/career-jungle.de\\\/#organization\",\"name\":\"Career Day\",\"url\":\"https:\\\/\\\/career-jungle.de\\\/\",\"logo\":{\"@type\":\"ImageObject\",\"inLanguage\":\"en-US\",\"@id\":\"https:\\\/\\\/career-jungle.de\\\/#\\\/schema\\\/logo\\\/image\\\/\",\"url\":\"https:\\\/\\\/career-jungle.de\\\/wp-content\\\/uploads\\\/2023\\\/04\\\/2026_CareerDayLogo_Pfad_Kontur_blau.png\",\"contentUrl\":\"https:\\\/\\\/career-jungle.de\\\/wp-content\\\/uploads\\\/2023\\\/04\\\/2026_CareerDayLogo_Pfad_Kontur_blau.png\",\"width\":872,\"height\":272,\"caption\":\"Career Day\"},\"image\":{\"@id\":\"https:\\\/\\\/career-jungle.de\\\/#\\\/schema\\\/logo\\\/image\\\/\"}}]}<\/script>\n<!-- \/ Yoast SEO plugin. -->","yoast_head_json":{"title":"Federal Employment Agency - Career Day","robots":{"index":"index","follow":"follow","max-snippet":"max-snippet:-1","max-image-preview":"max-image-preview:large","max-video-preview":"max-video-preview:-1"},"canonical":"https:\/\/career-jungle.de\/en\/company\/federal-employment-agency\/","og_locale":"en_US","og_type":"article","og_title":"Bundesagentur f\u00fcr Arbeit - Career Day","og_description":"ORIENTIEREN, BERATEN, VERMITTELN &nbsp; Wir unterst\u00fctzen bei Fragen zu beruflicher Orientierung und Berufseinstieg. \u2022 Orientierung w\u00e4hrend und nach dem Studium \u2022 Strategien zum Berufseinstieg \u2022 Bewerbungscoaching \u2022 Studienzweifel, Wechsel des Studiengangs, Ausbildung als Alternative \u2022 Karriereplanung, Berufswegeplanung \u2022 Workshops f\u00fcr Akademikerinnen und Akademiker Die Agentur f\u00fcr Arbeit ist der gr\u00f6\u00dfte Dienstleister auf dem deutschen Arbeitsmarkt. [&hellip;]","og_url":"https:\/\/career-jungle.de\/en\/company\/federal-employment-agency\/","og_site_name":"Career Day","article_modified_time":"2023-05-02T15:56:52+00:00","og_image":[{"url":"https:\/\/career-jungle.de\/wp-content\/uploads\/2023\/05\/66417_Tuebingen_mit_Claim_C.png","type":"","width":"","height":""}],"twitter_card":"summary_large_image","schema":{"@context":"https:\/\/schema.org","@graph":[{"@type":"WebPage","@id":"https:\/\/career-jungle.de\/unternehmen\/bundesagentur-fuer-arbeit\/","url":"https:\/\/career-jungle.de\/unternehmen\/bundesagentur-fuer-arbeit\/","name":"Federal Employment Agency - Career Day","isPartOf":{"@id":"https:\/\/career-jungle.de\/#website"},"primaryImageOfPage":{"@id":"https:\/\/career-jungle.de\/unternehmen\/bundesagentur-fuer-arbeit\/#primaryimage"},"image":{"@id":"https:\/\/career-jungle.de\/unternehmen\/bundesagentur-fuer-arbeit\/#primaryimage"},"thumbnailUrl":"https:\/\/career-jungle.de\/wp-content\/uploads\/2023\/05\/66417_Tuebingen_mit_Claim_C.png","datePublished":"2023-04-30T15:56:43+00:00","dateModified":"2023-05-02T15:56:52+00:00","breadcrumb":{"@id":"https:\/\/career-jungle.de\/unternehmen\/bundesagentur-fuer-arbeit\/#breadcrumb"},"inLanguage":"en-US","potentialAction":[{"@type":"ReadAction","target":["https:\/\/career-jungle.de\/unternehmen\/bundesagentur-fuer-arbeit\/"]}]},{"@type":"ImageObject","inLanguage":"en-US","@id":"https:\/\/career-jungle.de\/unternehmen\/bundesagentur-fuer-arbeit\/#primaryimage","url":"https:\/\/career-jungle.de\/wp-content\/uploads\/2023\/05\/66417_Tuebingen_mit_Claim_C.png","contentUrl":"https:\/\/career-jungle.de\/wp-content\/uploads\/2023\/05\/66417_Tuebingen_mit_Claim_C.png"},{"@type":"BreadcrumbList","@id":"https:\/\/career-jungle.de\/unternehmen\/bundesagentur-fuer-arbeit\/#breadcrumb","itemListElement":[{"@type":"ListItem","position":1,"name":"Startseite","item":"https:\/\/career-jungle.de\/"},{"@type":"ListItem","position":2,"name":"Unternehmen","item":"https:\/\/career-jungle.de\/unternehmen\/"},{"@type":"ListItem","position":3,"name":"Bundesagentur f\u00fcr Arbeit"}]},{"@type":"WebSite","@id":"https:\/\/career-jungle.de\/#website","url":"https:\/\/career-jungle.de\/","name":"Career Day","description":"Welcome to the jungle","publisher":{"@id":"https:\/\/career-jungle.de\/#organization"},"potentialAction":[{"@type":"SearchAction","target":{"@type":"EntryPoint","urlTemplate":"https:\/\/career-jungle.de\/?s={search_term_string}"},"query-input":{"@type":"PropertyValueSpecification","valueRequired":true,"valueName":"search_term_string"}}],"inLanguage":"en-US"},{"@type":"Organization","@id":"https:\/\/career-jungle.de\/#organization","name":"Career Day","url":"https:\/\/career-jungle.de\/","logo":{"@type":"ImageObject","inLanguage":"en-US","@id":"https:\/\/career-jungle.de\/#\/schema\/logo\/image\/","url":"https:\/\/career-jungle.de\/wp-content\/uploads\/2023\/04\/2026_CareerDayLogo_Pfad_Kontur_blau.png","contentUrl":"https:\/\/career-jungle.de\/wp-content\/uploads\/2023\/04\/2026_CareerDayLogo_Pfad_Kontur_blau.png","width":872,"height":272,"caption":"Career Day"},"image":{"@id":"https:\/\/career-jungle.de\/#\/schema\/logo\/image\/"}}]}},"_links":{"self":[{"href":"https:\/\/career-jungle.de\/en\/wp-json\/wp\/v2\/pages\/1113","targetHints":{"allow":["GET"]}}],"collection":[{"href":"https:\/\/career-jungle.de\/en\/wp-json\/wp\/v2\/pages"}],"about":[{"href":"https:\/\/career-jungle.de\/en\/wp-json\/wp\/v2\/types\/page"}],"author":[{"embeddable":true,"href":"https:\/\/career-jungle.de\/en\/wp-json\/wp\/v2\/users\/1"}],"replies":[{"embeddable":true,"href":"https:\/\/career-jungle.de\/en\/wp-json\/wp\/v2\/comments?post=1113"}],"version-history":[{"count":5,"href":"https:\/\/career-jungle.de\/en\/wp-json\/wp\/v2\/pages\/1113\/revisions"}],"predecessor-version":[{"id":1511,"href":"https:\/\/career-jungle.de\/en\/wp-json\/wp\/v2\/pages\/1113\/revisions\/1511"}],"up":[{"embeddable":true,"href":"https:\/\/career-jungle.de\/en\/wp-json\/wp\/v2\/pages\/322"}],"wp:attachment":[{"href":"https:\/\/career-jungle.de\/en\/wp-json\/wp\/v2\/media?parent=1113"}],"curies":[{"name":"WordPress","href":"https:\/\/api.w.org\/{rel}","templated":true}]}}