{"id":1090,"date":"2023-04-30T15:31:58","date_gmt":"2023-04-30T15:31:58","guid":{"rendered":"https:\/\/career-jungle.de\/?page_id=1090"},"modified":"2023-05-02T15:36:07","modified_gmt":"2023-05-02T15:36:07","slug":"aok","status":"publish","type":"page","link":"https:\/\/career-jungle.de\/en\/unternehmen\/aok\/","title":{"rendered":"AOK"},"content":{"rendered":"<div data-elementor-type=\"wp-page\" data-elementor-id=\"1090\" class=\"elementor elementor-1090\" data-elementor-post-type=\"page\">\n\t\t\t\t\t\t<section class=\"elementor-section elementor-top-section elementor-element elementor-element-54f34bb elementor-section-boxed elementor-section-height-default elementor-section-height-default\" data-id=\"54f34bb\" data-element_type=\"section\" data-e-type=\"section\">\n\t\t\t\t\t\t<div class=\"elementor-container elementor-column-gap-default\">\n\t\t\t\t\t<div class=\"elementor-column elementor-col-100 elementor-top-column elementor-element elementor-element-2a096ea\" data-id=\"2a096ea\" data-element_type=\"column\" data-e-type=\"column\">\n\t\t\t<div class=\"elementor-widget-wrap elementor-element-populated\">\n\t\t\t\t\t\t<div class=\"elementor-element elementor-element-dda1efd elementor-widget elementor-widget-spacer\" data-id=\"dda1efd\" data-element_type=\"widget\" data-e-type=\"widget\" data-widget_type=\"spacer.default\">\n\t\t\t\t<div class=\"elementor-widget-container\">\n\t\t\t\t\t\t\t<div class=\"elementor-spacer\">\n\t\t\t<div class=\"elementor-spacer-inner\"><\/div>\n\t\t<\/div>\n\t\t\t\t\t\t<\/div>\n\t\t\t\t<\/div>\n\t\t\t\t\t<\/div>\n\t\t<\/div>\n\t\t\t\t\t<\/div>\n\t\t<\/section>\n\t\t\t\t<section class=\"elementor-section elementor-top-section elementor-element elementor-element-03af56b elementor-section-boxed elementor-section-height-default elementor-section-height-default\" data-id=\"03af56b\" data-element_type=\"section\" data-e-type=\"section\">\n\t\t\t\t\t\t<div class=\"elementor-container elementor-column-gap-default\">\n\t\t\t\t\t<div class=\"elementor-column elementor-col-100 elementor-top-column elementor-element elementor-element-526eba3\" data-id=\"526eba3\" data-element_type=\"column\" data-e-type=\"column\">\n\t\t\t<div class=\"elementor-widget-wrap elementor-element-populated\">\n\t\t\t\t\t\t<section class=\"elementor-section elementor-inner-section elementor-element elementor-element-bbd7562 elementor-section-boxed elementor-section-height-default elementor-section-height-default\" data-id=\"bbd7562\" data-element_type=\"section\" data-e-type=\"section\">\n\t\t\t\t\t\t<div class=\"elementor-container elementor-column-gap-default\">\n\t\t\t\t\t<div class=\"elementor-column elementor-col-50 elementor-inner-column elementor-element elementor-element-4a002e6\" data-id=\"4a002e6\" data-element_type=\"column\" data-e-type=\"column\">\n\t\t\t<div class=\"elementor-widget-wrap elementor-element-populated\">\n\t\t\t\t\t\t<div class=\"elementor-element elementor-element-3bc6862 elementor-widget elementor-widget-image\" data-id=\"3bc6862\" data-element_type=\"widget\" data-e-type=\"widget\" data-widget_type=\"image.default\">\n\t\t\t\t<div class=\"elementor-widget-container\">\n\t\t\t\t\t\t\t\t\t\t\t\t\t\t\t\t<a href=\"http:\/\/www.aok.de\/ag\/uni\/studenten-absolventen\/\" target=\"_blank\">\n\t\t\t\t\t\t\t<img fetchpriority=\"high\" decoding=\"async\" width=\"800\" height=\"425\" src=\"https:\/\/career-jungle.de\/wp-content\/uploads\/2023\/05\/AOK_Logo_Horiz_Gruen_4C_mit-Deskriptor_Gesundheitskasse_RWK-1024x544.jpg\" class=\"attachment-large size-large wp-image-1459\" alt=\"\" srcset=\"https:\/\/career-jungle.de\/wp-content\/uploads\/2023\/05\/AOK_Logo_Horiz_Gruen_4C_mit-Deskriptor_Gesundheitskasse_RWK-1024x544.jpg 1024w, https:\/\/career-jungle.de\/wp-content\/uploads\/2023\/05\/AOK_Logo_Horiz_Gruen_4C_mit-Deskriptor_Gesundheitskasse_RWK-768x408.jpg 768w\" sizes=\"(max-width: 800px) 100vw, 800px\" \/>\t\t\t\t\t\t\t\t<\/a>\n\t\t\t\t\t\t\t\t\t\t\t\t\t\t\t<\/div>\n\t\t\t\t<\/div>\n\t\t\t\t\t<\/div>\n\t\t<\/div>\n\t\t\t\t<div class=\"elementor-column elementor-col-50 elementor-inner-column elementor-element elementor-element-95783ce\" data-id=\"95783ce\" data-element_type=\"column\" data-e-type=\"column\">\n\t\t\t<div class=\"elementor-widget-wrap elementor-element-populated\">\n\t\t\t\t\t\t<div class=\"elementor-element elementor-element-7a50c92 elementor-widget elementor-widget-text-editor\" data-id=\"7a50c92\" data-element_type=\"widget\" data-e-type=\"widget\" data-widget_type=\"text-editor.default\">\n\t\t\t\t<div class=\"elementor-widget-container\">\n\t\t\t\t\t\t\t\t\t<p><b>BERUFSEINSTIEG BEI DER AOK<\/b><\/p><div class=\"Spacing__spacing--margin-top-2__YQFc-__0-0-1687 Spacing__spacing--margin-bottom-2__OQ-jA__0-0-1687\"><p class=\"ProductParagraph__product-paragraph__GMmH0__0-0-1687 ProductParagraph__product-paragraph--lg__47dLF__0-0-1687\">Die AOK Baden-W\u00fcrttemberg ist Arbeitgeber von \u00fcber 10.400 Besch\u00e4ftigten und belegt Spitzenpl\u00e4tze im Focus Money, im trendence Sch\u00fclerbarometer und bei den young brand awards.<\/p><\/div><div class=\"Spacing__spacing--margin-top-2__YQFc-__0-0-1687 Spacing__spacing--margin-bottom-2__OQ-jA__0-0-1687\"><p class=\"ProductParagraph__product-paragraph__GMmH0__0-0-1687 ProductParagraph__product-paragraph--lg__47dLF__0-0-1687\">Als familienbewusster Arbeitgeber tr\u00e4gt die AOK das Siegel \u201eaudit berufundfamilie\u201c. Hiermit geh\u00f6rt die AOK Baden-W\u00fcrttemberg nicht nur zur gr\u00f6\u00dften deutschen Krankenversicherung, sondern z\u00e4hlt auch als Arbeitgeber nachweislich zu den Besten.<\/p><\/div><div class=\"Spacing__spacing--margin-top-2__YQFc-__0-0-1687 Spacing__spacing--margin-bottom-2__OQ-jA__0-0-1687\"><p class=\"ProductParagraph__product-paragraph__GMmH0__0-0-1687 ProductParagraph__product-paragraph--lg__47dLF__0-0-1687\">Sind Sie \u00fcberzeugt, sich mit der Herausforderung \u201eGesundheit\u201c einer \u00e4u\u00dferst wichtigen, sinn- und verantwortungsvollen Zukunftsaufgabe zu stellen?<\/p><\/div><div class=\"Spacing__spacing--margin-top-2__YQFc-__0-0-1687 Spacing__spacing--margin-bottom-2__OQ-jA__0-0-1687\"><p class=\"ProductParagraph__product-paragraph__GMmH0__0-0-1687 ProductParagraph__product-paragraph--lg__47dLF__0-0-1687\">Dann freuen wir uns auf Ihre Bewerbung!<\/p><\/div><div class=\"Spacing__spacing--margin-top-2__YQFc-__0-0-1687 Spacing__spacing--margin-bottom-2__OQ-jA__0-0-1687\">\u00a0<\/div><div class=\"Spacing__spacing--margin-top-2__YQFc-__0-0-1687 Spacing__spacing--margin-bottom-2__OQ-jA__0-0-1687\"><b>MORE INFO: <\/b><br \/><a href=\"http:\/\/www.aok.de\/ag\/uni\/studenten-absolventen\/\" target=\"_blank\" rel=\"noopener\">www.aok.de\/ag\/uni\/studenten-absolventen\/<\/a><\/div><p>\u00a0<\/p>\t\t\t\t\t\t\t\t<\/div>\n\t\t\t\t<\/div>\n\t\t\t\t<div class=\"elementor-element elementor-element-efd0117 elementor-align-left elementor-widget elementor-widget-button\" data-id=\"efd0117\" data-element_type=\"widget\" data-e-type=\"widget\" data-widget_type=\"button.default\">\n\t\t\t\t<div class=\"elementor-widget-container\">\n\t\t\t\t\t\t\t\t\t<div class=\"elementor-button-wrapper\">\n\t\t\t\t\t<a class=\"elementor-button elementor-button-link elementor-size-sm\" href=\"https:\/\/career-jungle.de\/en\/company\/\">\n\t\t\t\t\t\t<span class=\"elementor-button-content-wrapper\">\n\t\t\t\t\t\t\t\t\t<span class=\"elementor-button-text\">back to overview<\/span>\n\t\t\t\t\t<\/span>\n\t\t\t\t\t<\/a>\n\t\t\t\t<\/div>\n\t\t\t\t\t\t\t\t<\/div>\n\t\t\t\t<\/div>\n\t\t\t\t\t<\/div>\n\t\t<\/div>\n\t\t\t\t\t<\/div>\n\t\t<\/section>\n\t\t\t\t\t<\/div>\n\t\t<\/div>\n\t\t\t\t\t<\/div>\n\t\t<\/section>\n\t\t\t\t<section class=\"elementor-section elementor-top-section elementor-element elementor-element-dbe5e01 elementor-section-boxed elementor-section-height-default elementor-section-height-default\" data-id=\"dbe5e01\" data-element_type=\"section\" data-e-type=\"section\">\n\t\t\t\t\t\t<div class=\"elementor-container elementor-column-gap-default\">\n\t\t\t\t\t<div class=\"elementor-column elementor-col-100 elementor-top-column elementor-element elementor-element-9a1e48f\" data-id=\"9a1e48f\" data-element_type=\"column\" data-e-type=\"column\">\n\t\t\t<div class=\"elementor-widget-wrap elementor-element-populated\">\n\t\t\t\t\t\t<div class=\"elementor-element elementor-element-bac972a elementor-widget elementor-widget-spacer\" data-id=\"bac972a\" data-element_type=\"widget\" data-e-type=\"widget\" data-widget_type=\"spacer.default\">\n\t\t\t\t<div class=\"elementor-widget-container\">\n\t\t\t\t\t\t\t<div class=\"elementor-spacer\">\n\t\t\t<div class=\"elementor-spacer-inner\"><\/div>\n\t\t<\/div>\n\t\t\t\t\t\t<\/div>\n\t\t\t\t<\/div>\n\t\t\t\t\t<\/div>\n\t\t<\/div>\n\t\t\t\t\t<\/div>\n\t\t<\/section>\n\t\t\t\t<\/div>","protected":false},"excerpt":{"rendered":"<p>BERUFSEINSTIEG BEI DER AOK Die AOK Baden-W\u00fcrttemberg ist Arbeitgeber von \u00fcber 10.400 Besch\u00e4ftigten und belegt Spitzenpl\u00e4tze im Focus Money, im trendence Sch\u00fclerbarometer und bei den young brand awards. Als familienbewusster Arbeitgeber tr\u00e4gt die AOK das Siegel \u201eaudit berufundfamilie\u201c. Hiermit geh\u00f6rt die AOK Baden-W\u00fcrttemberg nicht nur zur gr\u00f6\u00dften deutschen Krankenversicherung, sondern z\u00e4hlt auch als Arbeitgeber nachweislich [&hellip;]<\/p>\n","protected":false},"author":1,"featured_media":0,"parent":322,"menu_order":0,"comment_status":"closed","ping_status":"closed","template":"elementor_header_footer","meta":{"inline_featured_image":false,"footnotes":""},"class_list":["post-1090","page","type-page","status-publish","hentry"],"yoast_head":"<!-- This site is optimized with the Yoast SEO plugin v27.3 - https:\/\/yoast.com\/product\/yoast-seo-wordpress\/ -->\n<title>AOK - Career Day<\/title>\n<meta name=\"robots\" content=\"index, follow, max-snippet:-1, max-image-preview:large, max-video-preview:-1\" \/>\n<link rel=\"canonical\" href=\"https:\/\/career-jungle.de\/en\/company\/aok\/\" \/>\n<meta property=\"og:locale\" content=\"en_US\" \/>\n<meta property=\"og:type\" content=\"article\" \/>\n<meta property=\"og:title\" content=\"AOK - Career Day\" \/>\n<meta property=\"og:description\" content=\"BERUFSEINSTIEG BEI DER AOK Die AOK Baden-W\u00fcrttemberg ist Arbeitgeber von \u00fcber 10.400 Besch\u00e4ftigten und belegt Spitzenpl\u00e4tze im Focus Money, im trendence Sch\u00fclerbarometer und bei den young brand awards. Als familienbewusster Arbeitgeber tr\u00e4gt die AOK das Siegel \u201eaudit berufundfamilie\u201c. Hiermit geh\u00f6rt die AOK Baden-W\u00fcrttemberg nicht nur zur gr\u00f6\u00dften deutschen Krankenversicherung, sondern z\u00e4hlt auch als Arbeitgeber nachweislich [&hellip;]\" \/>\n<meta property=\"og:url\" content=\"https:\/\/career-jungle.de\/en\/company\/aok\/\" \/>\n<meta property=\"og:site_name\" content=\"Career Day\" \/>\n<meta property=\"article:modified_time\" content=\"2023-05-02T15:36:07+00:00\" \/>\n<meta property=\"og:image\" content=\"https:\/\/career-jungle.de\/wp-content\/uploads\/2023\/05\/AOK_Logo_Horiz_Gruen_4C_mit-Deskriptor_Gesundheitskasse_RWK-1024x544.jpg\" \/>\n<meta name=\"twitter:card\" content=\"summary_large_image\" \/>\n<meta name=\"twitter:label1\" content=\"Est. reading time\" \/>\n\t<meta name=\"twitter:data1\" content=\"1 minute\" \/>\n<script type=\"application\/ld+json\" class=\"yoast-schema-graph\">{\"@context\":\"https:\\\/\\\/schema.org\",\"@graph\":[{\"@type\":\"WebPage\",\"@id\":\"https:\\\/\\\/career-jungle.de\\\/unternehmen\\\/aok\\\/\",\"url\":\"https:\\\/\\\/career-jungle.de\\\/unternehmen\\\/aok\\\/\",\"name\":\"AOK - Career Day\",\"isPartOf\":{\"@id\":\"https:\\\/\\\/career-jungle.de\\\/#website\"},\"primaryImageOfPage\":{\"@id\":\"https:\\\/\\\/career-jungle.de\\\/unternehmen\\\/aok\\\/#primaryimage\"},\"image\":{\"@id\":\"https:\\\/\\\/career-jungle.de\\\/unternehmen\\\/aok\\\/#primaryimage\"},\"thumbnailUrl\":\"https:\\\/\\\/career-jungle.de\\\/wp-content\\\/uploads\\\/2023\\\/05\\\/AOK_Logo_Horiz_Gruen_4C_mit-Deskriptor_Gesundheitskasse_RWK-1024x544.jpg\",\"datePublished\":\"2023-04-30T15:31:58+00:00\",\"dateModified\":\"2023-05-02T15:36:07+00:00\",\"breadcrumb\":{\"@id\":\"https:\\\/\\\/career-jungle.de\\\/unternehmen\\\/aok\\\/#breadcrumb\"},\"inLanguage\":\"en-US\",\"potentialAction\":[{\"@type\":\"ReadAction\",\"target\":[\"https:\\\/\\\/career-jungle.de\\\/unternehmen\\\/aok\\\/\"]}]},{\"@type\":\"ImageObject\",\"inLanguage\":\"en-US\",\"@id\":\"https:\\\/\\\/career-jungle.de\\\/unternehmen\\\/aok\\\/#primaryimage\",\"url\":\"https:\\\/\\\/career-jungle.de\\\/wp-content\\\/uploads\\\/2023\\\/05\\\/AOK_Logo_Horiz_Gruen_4C_mit-Deskriptor_Gesundheitskasse_RWK-1024x544.jpg\",\"contentUrl\":\"https:\\\/\\\/career-jungle.de\\\/wp-content\\\/uploads\\\/2023\\\/05\\\/AOK_Logo_Horiz_Gruen_4C_mit-Deskriptor_Gesundheitskasse_RWK-1024x544.jpg\"},{\"@type\":\"BreadcrumbList\",\"@id\":\"https:\\\/\\\/career-jungle.de\\\/unternehmen\\\/aok\\\/#breadcrumb\",\"itemListElement\":[{\"@type\":\"ListItem\",\"position\":1,\"name\":\"Startseite\",\"item\":\"https:\\\/\\\/career-jungle.de\\\/\"},{\"@type\":\"ListItem\",\"position\":2,\"name\":\"Unternehmen\",\"item\":\"https:\\\/\\\/career-jungle.de\\\/unternehmen\\\/\"},{\"@type\":\"ListItem\",\"position\":3,\"name\":\"AOK\"}]},{\"@type\":\"WebSite\",\"@id\":\"https:\\\/\\\/career-jungle.de\\\/#website\",\"url\":\"https:\\\/\\\/career-jungle.de\\\/\",\"name\":\"Career Day\",\"description\":\"Welcome to the jungle\",\"publisher\":{\"@id\":\"https:\\\/\\\/career-jungle.de\\\/#organization\"},\"potentialAction\":[{\"@type\":\"SearchAction\",\"target\":{\"@type\":\"EntryPoint\",\"urlTemplate\":\"https:\\\/\\\/career-jungle.de\\\/?s={search_term_string}\"},\"query-input\":{\"@type\":\"PropertyValueSpecification\",\"valueRequired\":true,\"valueName\":\"search_term_string\"}}],\"inLanguage\":\"en-US\"},{\"@type\":\"Organization\",\"@id\":\"https:\\\/\\\/career-jungle.de\\\/#organization\",\"name\":\"Career Day\",\"url\":\"https:\\\/\\\/career-jungle.de\\\/\",\"logo\":{\"@type\":\"ImageObject\",\"inLanguage\":\"en-US\",\"@id\":\"https:\\\/\\\/career-jungle.de\\\/#\\\/schema\\\/logo\\\/image\\\/\",\"url\":\"https:\\\/\\\/career-jungle.de\\\/wp-content\\\/uploads\\\/2023\\\/04\\\/2026_CareerDayLogo_Pfad_Kontur_blau.png\",\"contentUrl\":\"https:\\\/\\\/career-jungle.de\\\/wp-content\\\/uploads\\\/2023\\\/04\\\/2026_CareerDayLogo_Pfad_Kontur_blau.png\",\"width\":872,\"height\":272,\"caption\":\"Career Day\"},\"image\":{\"@id\":\"https:\\\/\\\/career-jungle.de\\\/#\\\/schema\\\/logo\\\/image\\\/\"}}]}<\/script>\n<!-- \/ Yoast SEO plugin. -->","yoast_head_json":{"title":"AOK - Career Day","robots":{"index":"index","follow":"follow","max-snippet":"max-snippet:-1","max-image-preview":"max-image-preview:large","max-video-preview":"max-video-preview:-1"},"canonical":"https:\/\/career-jungle.de\/en\/company\/aok\/","og_locale":"en_US","og_type":"article","og_title":"AOK - Career Day","og_description":"BERUFSEINSTIEG BEI DER AOK Die AOK Baden-W\u00fcrttemberg ist Arbeitgeber von \u00fcber 10.400 Besch\u00e4ftigten und belegt Spitzenpl\u00e4tze im Focus Money, im trendence Sch\u00fclerbarometer und bei den young brand awards. Als familienbewusster Arbeitgeber tr\u00e4gt die AOK das Siegel \u201eaudit berufundfamilie\u201c. Hiermit geh\u00f6rt die AOK Baden-W\u00fcrttemberg nicht nur zur gr\u00f6\u00dften deutschen Krankenversicherung, sondern z\u00e4hlt auch als Arbeitgeber nachweislich [&hellip;]","og_url":"https:\/\/career-jungle.de\/en\/company\/aok\/","og_site_name":"Career Day","article_modified_time":"2023-05-02T15:36:07+00:00","og_image":[{"url":"https:\/\/career-jungle.de\/wp-content\/uploads\/2023\/05\/AOK_Logo_Horiz_Gruen_4C_mit-Deskriptor_Gesundheitskasse_RWK-1024x544.jpg","type":"","width":"","height":""}],"twitter_card":"summary_large_image","twitter_misc":{"Est. reading time":"1 minute"},"schema":{"@context":"https:\/\/schema.org","@graph":[{"@type":"WebPage","@id":"https:\/\/career-jungle.de\/unternehmen\/aok\/","url":"https:\/\/career-jungle.de\/unternehmen\/aok\/","name":"AOK - Career Day","isPartOf":{"@id":"https:\/\/career-jungle.de\/#website"},"primaryImageOfPage":{"@id":"https:\/\/career-jungle.de\/unternehmen\/aok\/#primaryimage"},"image":{"@id":"https:\/\/career-jungle.de\/unternehmen\/aok\/#primaryimage"},"thumbnailUrl":"https:\/\/career-jungle.de\/wp-content\/uploads\/2023\/05\/AOK_Logo_Horiz_Gruen_4C_mit-Deskriptor_Gesundheitskasse_RWK-1024x544.jpg","datePublished":"2023-04-30T15:31:58+00:00","dateModified":"2023-05-02T15:36:07+00:00","breadcrumb":{"@id":"https:\/\/career-jungle.de\/unternehmen\/aok\/#breadcrumb"},"inLanguage":"en-US","potentialAction":[{"@type":"ReadAction","target":["https:\/\/career-jungle.de\/unternehmen\/aok\/"]}]},{"@type":"ImageObject","inLanguage":"en-US","@id":"https:\/\/career-jungle.de\/unternehmen\/aok\/#primaryimage","url":"https:\/\/career-jungle.de\/wp-content\/uploads\/2023\/05\/AOK_Logo_Horiz_Gruen_4C_mit-Deskriptor_Gesundheitskasse_RWK-1024x544.jpg","contentUrl":"https:\/\/career-jungle.de\/wp-content\/uploads\/2023\/05\/AOK_Logo_Horiz_Gruen_4C_mit-Deskriptor_Gesundheitskasse_RWK-1024x544.jpg"},{"@type":"BreadcrumbList","@id":"https:\/\/career-jungle.de\/unternehmen\/aok\/#breadcrumb","itemListElement":[{"@type":"ListItem","position":1,"name":"Startseite","item":"https:\/\/career-jungle.de\/"},{"@type":"ListItem","position":2,"name":"Unternehmen","item":"https:\/\/career-jungle.de\/unternehmen\/"},{"@type":"ListItem","position":3,"name":"AOK"}]},{"@type":"WebSite","@id":"https:\/\/career-jungle.de\/#website","url":"https:\/\/career-jungle.de\/","name":"Career Day","description":"Welcome to the jungle","publisher":{"@id":"https:\/\/career-jungle.de\/#organization"},"potentialAction":[{"@type":"SearchAction","target":{"@type":"EntryPoint","urlTemplate":"https:\/\/career-jungle.de\/?s={search_term_string}"},"query-input":{"@type":"PropertyValueSpecification","valueRequired":true,"valueName":"search_term_string"}}],"inLanguage":"en-US"},{"@type":"Organization","@id":"https:\/\/career-jungle.de\/#organization","name":"Career Day","url":"https:\/\/career-jungle.de\/","logo":{"@type":"ImageObject","inLanguage":"en-US","@id":"https:\/\/career-jungle.de\/#\/schema\/logo\/image\/","url":"https:\/\/career-jungle.de\/wp-content\/uploads\/2023\/04\/2026_CareerDayLogo_Pfad_Kontur_blau.png","contentUrl":"https:\/\/career-jungle.de\/wp-content\/uploads\/2023\/04\/2026_CareerDayLogo_Pfad_Kontur_blau.png","width":872,"height":272,"caption":"Career Day"},"image":{"@id":"https:\/\/career-jungle.de\/#\/schema\/logo\/image\/"}}]}},"_links":{"self":[{"href":"https:\/\/career-jungle.de\/en\/wp-json\/wp\/v2\/pages\/1090","targetHints":{"allow":["GET"]}}],"collection":[{"href":"https:\/\/career-jungle.de\/en\/wp-json\/wp\/v2\/pages"}],"about":[{"href":"https:\/\/career-jungle.de\/en\/wp-json\/wp\/v2\/types\/page"}],"author":[{"embeddable":true,"href":"https:\/\/career-jungle.de\/en\/wp-json\/wp\/v2\/users\/1"}],"replies":[{"embeddable":true,"href":"https:\/\/career-jungle.de\/en\/wp-json\/wp\/v2\/comments?post=1090"}],"version-history":[{"count":5,"href":"https:\/\/career-jungle.de\/en\/wp-json\/wp\/v2\/pages\/1090\/revisions"}],"predecessor-version":[{"id":1795,"href":"https:\/\/career-jungle.de\/en\/wp-json\/wp\/v2\/pages\/1090\/revisions\/1795"}],"up":[{"embeddable":true,"href":"https:\/\/career-jungle.de\/en\/wp-json\/wp\/v2\/pages\/322"}],"wp:attachment":[{"href":"https:\/\/career-jungle.de\/en\/wp-json\/wp\/v2\/media?parent=1090"}],"curies":[{"name":"WordPress","href":"https:\/\/api.w.org\/{rel}","templated":true}]}}