{"id":1075,"date":"2023-04-30T15:20:14","date_gmt":"2023-04-30T15:20:14","guid":{"rendered":"https:\/\/career-jungle.de\/?page_id=1075"},"modified":"2023-05-02T15:31:52","modified_gmt":"2023-05-02T15:31:52","slug":"baden-wuerttemberg-international","status":"publish","type":"page","link":"https:\/\/career-jungle.de\/en\/unternehmen\/baden-wuerttemberg-international\/","title":{"rendered":"Baden-W\u00fcrttemberg International"},"content":{"rendered":"<div data-elementor-type=\"wp-page\" data-elementor-id=\"1075\" class=\"elementor elementor-1075\" data-elementor-post-type=\"page\">\n\t\t\t\t\t\t<section class=\"elementor-section elementor-top-section elementor-element elementor-element-004eb0f elementor-section-boxed elementor-section-height-default elementor-section-height-default\" data-id=\"004eb0f\" data-element_type=\"section\" data-e-type=\"section\">\n\t\t\t\t\t\t<div class=\"elementor-container elementor-column-gap-default\">\n\t\t\t\t\t<div class=\"elementor-column elementor-col-100 elementor-top-column elementor-element elementor-element-cab530a\" data-id=\"cab530a\" data-element_type=\"column\" data-e-type=\"column\">\n\t\t\t<div class=\"elementor-widget-wrap elementor-element-populated\">\n\t\t\t\t\t\t<div class=\"elementor-element elementor-element-d6b3d05 elementor-widget elementor-widget-spacer\" data-id=\"d6b3d05\" data-element_type=\"widget\" data-e-type=\"widget\" data-widget_type=\"spacer.default\">\n\t\t\t\t<div class=\"elementor-widget-container\">\n\t\t\t\t\t\t\t<div class=\"elementor-spacer\">\n\t\t\t<div class=\"elementor-spacer-inner\"><\/div>\n\t\t<\/div>\n\t\t\t\t\t\t<\/div>\n\t\t\t\t<\/div>\n\t\t\t\t\t<\/div>\n\t\t<\/div>\n\t\t\t\t\t<\/div>\n\t\t<\/section>\n\t\t\t\t<section class=\"elementor-section elementor-top-section elementor-element elementor-element-d522c34 elementor-section-boxed elementor-section-height-default elementor-section-height-default\" data-id=\"d522c34\" data-element_type=\"section\" data-e-type=\"section\">\n\t\t\t\t\t\t<div class=\"elementor-container elementor-column-gap-default\">\n\t\t\t\t\t<div class=\"elementor-column elementor-col-100 elementor-top-column elementor-element elementor-element-656b7a7\" data-id=\"656b7a7\" data-element_type=\"column\" data-e-type=\"column\">\n\t\t\t<div class=\"elementor-widget-wrap elementor-element-populated\">\n\t\t\t\t\t\t<section class=\"elementor-section elementor-inner-section elementor-element elementor-element-9046e95 elementor-section-boxed elementor-section-height-default elementor-section-height-default\" data-id=\"9046e95\" data-element_type=\"section\" data-e-type=\"section\">\n\t\t\t\t\t\t<div class=\"elementor-container elementor-column-gap-default\">\n\t\t\t\t\t<div class=\"elementor-column elementor-col-50 elementor-inner-column elementor-element elementor-element-c02b979\" data-id=\"c02b979\" data-element_type=\"column\" data-e-type=\"column\">\n\t\t\t<div class=\"elementor-widget-wrap elementor-element-populated\">\n\t\t\t\t\t\t<div class=\"elementor-element elementor-element-88f45d8 elementor-widget elementor-widget-image\" data-id=\"88f45d8\" data-element_type=\"widget\" data-e-type=\"widget\" data-widget_type=\"image.default\">\n\t\t\t\t<div class=\"elementor-widget-container\">\n\t\t\t\t\t\t\t\t\t\t\t\t\t\t\t\t<a href=\"http:\/\/www.bw-i.de\" target=\"_blank\">\n\t\t\t\t\t\t\t<img fetchpriority=\"high\" decoding=\"async\" width=\"592\" height=\"769\" src=\"https:\/\/career-jungle.de\/wp-content\/uploads\/2023\/05\/BW_i-Logo-Full-POS-Web.png\" class=\"attachment-large size-large wp-image-1442\" alt=\"\" srcset=\"https:\/\/career-jungle.de\/wp-content\/uploads\/2023\/05\/BW_i-Logo-Full-POS-Web.png 592w, https:\/\/career-jungle.de\/wp-content\/uploads\/2023\/05\/BW_i-Logo-Full-POS-Web-231x300.png 231w\" sizes=\"(max-width: 592px) 100vw, 592px\" \/>\t\t\t\t\t\t\t\t<\/a>\n\t\t\t\t\t\t\t\t\t\t\t\t\t\t\t<\/div>\n\t\t\t\t<\/div>\n\t\t\t\t\t<\/div>\n\t\t<\/div>\n\t\t\t\t<div class=\"elementor-column elementor-col-50 elementor-inner-column elementor-element elementor-element-6b1564c\" data-id=\"6b1564c\" data-element_type=\"column\" data-e-type=\"column\">\n\t\t\t<div class=\"elementor-widget-wrap elementor-element-populated\">\n\t\t\t\t\t\t<div class=\"elementor-element elementor-element-96f8084 elementor-widget elementor-widget-text-editor\" data-id=\"96f8084\" data-element_type=\"widget\" data-e-type=\"widget\" data-widget_type=\"text-editor.default\">\n\t\t\t\t<div class=\"elementor-widget-container\">\n\t\t\t\t\t\t\t\t\t<p><b>WERDE TEIL UNSERES #TEAMBWI.<\/b><\/p>\n<div class=\"Spacing__spacing--margin-top-2__YQFc-__0-0-1687 Spacing__spacing--margin-bottom-2__OQ-jA__0-0-1687\">\n<p class=\"ProductParagraph__product-paragraph__GMmH0__0-0-1687 ProductParagraph__product-paragraph--lg__47dLF__0-0-1687\">Du m\u00f6chtest die Zukunft Baden-W\u00fcrttembergs mitgestalten und bist gerne weltweit unterwegs? Projektmanagement und vielseitige Aufgaben begeistern dich? Du suchst neue Herausforderungen in einem innovativen und internationalen Umfeld?<\/p>\n<p class=\"ProductParagraph__product-paragraph__GMmH0__0-0-1687 ProductParagraph__product-paragraph--lg__47dLF__0-0-1687\">Dann werde Teil des Team BW_i im Herzen Stuttgarts!<\/p>\n<\/div>\n<div class=\"Spacing__spacing--margin-top-2__YQFc-__0-0-1687 Spacing__spacing--margin-bottom-2__OQ-jA__0-0-1687\">\n<p class=\"ProductParagraph__product-paragraph__GMmH0__0-0-1687 ProductParagraph__product-paragraph--lg__47dLF__0-0-1687\">Als die zentrale Standortf\u00f6rderungsagentur des Landes ist es unser Ziel, Baden W\u00fcrttemberg (THE L\u00c4ND) als attraktiven Wirtschafts- und Wissenschafts- standort international zu positionieren. Wir denken Standortf\u00f6rderung neu und arbeiten daran, baden-w\u00fcrttembergische Unternehmen und Forschungseinrichtungen ins Ausland zu bringen, Investoren anzusiedeln, internationale Talente ins Land zu holen und Innovationen zu f\u00f6rdern.<\/p><p class=\"ProductParagraph__product-paragraph__GMmH0__0-0-1687 ProductParagraph__product-paragraph--lg__47dLF__0-0-1687\"><br><\/p>\n<p class=\"ProductParagraph__product-paragraph__GMmH0__0-0-1687 ProductParagraph__product-paragraph--lg__47dLF__0-0-1687\">\n<\/p><p class=\"ProductParagraph__product-paragraph__GMmH0__0-0-1687 ProductParagraph__product-paragraph--lg__47dLF__0-0-1687\">\n<\/p><p class=\"ProductParagraph__product-paragraph__GMmH0__0-0-1687 ProductParagraph__product-paragraph--lg__47dLF__0-0-1687\">\n<\/p><p class=\"ProductParagraph__product-paragraph__GMmH0__0-0-1687 ProductParagraph__product-paragraph--lg__47dLF__0-0-1687\">\n<\/p><p class=\"ProductParagraph__product-paragraph__GMmH0__0-0-1687 ProductParagraph__product-paragraph--lg__47dLF__0-0-1687\">\n<\/p><p class=\"ProductParagraph__product-paragraph__GMmH0__0-0-1687 ProductParagraph__product-paragraph--lg__47dLF__0-0-1687\">\n<\/p><\/div>\n<div class=\"Spacing__spacing--margin-top-2__YQFc-__0-0-1687 Spacing__spacing--margin-bottom-2__OQ-jA__0-0-1687\">\n<p class=\"ProductParagraph__product-paragraph__GMmH0__0-0-1687 ProductParagraph__product-paragraph--lg__47dLF__0-0-1687\"><b>MORE INFO: <\/b><br><a href=\"http:\/\/www.bw-i.de\" target=\"_blank\" rel=\"noopener\">www.bw-i.de<\/a><\/p><p class=\"ProductParagraph__product-paragraph__GMmH0__0-0-1687 ProductParagraph__product-paragraph--lg__47dLF__0-0-1687\"><br><\/p>\n<p class=\"ProductParagraph__product-paragraph__GMmH0__0-0-1687 ProductParagraph__product-paragraph--lg__47dLF__0-0-1687\">\n<\/p><p class=\"ProductParagraph__product-paragraph__GMmH0__0-0-1687 ProductParagraph__product-paragraph--lg__47dLF__0-0-1687\">\n<\/p><p class=\"ProductParagraph__product-paragraph__GMmH0__0-0-1687 ProductParagraph__product-paragraph--lg__47dLF__0-0-1687\">\n<\/p><\/div>\t\t\t\t\t\t\t\t<\/div>\n\t\t\t\t<\/div>\n\t\t\t\t<div class=\"elementor-element elementor-element-7b3808d elementor-align-left elementor-widget elementor-widget-button\" data-id=\"7b3808d\" data-element_type=\"widget\" data-e-type=\"widget\" data-widget_type=\"button.default\">\n\t\t\t\t<div class=\"elementor-widget-container\">\n\t\t\t\t\t\t\t\t\t<div class=\"elementor-button-wrapper\">\n\t\t\t\t\t<a class=\"elementor-button elementor-button-link elementor-size-sm\" href=\"https:\/\/career-jungle.de\/en\/company\/\">\n\t\t\t\t\t\t<span class=\"elementor-button-content-wrapper\">\n\t\t\t\t\t\t\t\t\t<span class=\"elementor-button-text\">back to overview<\/span>\n\t\t\t\t\t<\/span>\n\t\t\t\t\t<\/a>\n\t\t\t\t<\/div>\n\t\t\t\t\t\t\t\t<\/div>\n\t\t\t\t<\/div>\n\t\t\t\t\t<\/div>\n\t\t<\/div>\n\t\t\t\t\t<\/div>\n\t\t<\/section>\n\t\t\t\t\t<\/div>\n\t\t<\/div>\n\t\t\t\t\t<\/div>\n\t\t<\/section>\n\t\t\t\t<section class=\"elementor-section elementor-top-section elementor-element elementor-element-2e02e80 elementor-section-boxed elementor-section-height-default elementor-section-height-default\" data-id=\"2e02e80\" data-element_type=\"section\" data-e-type=\"section\">\n\t\t\t\t\t\t<div class=\"elementor-container elementor-column-gap-default\">\n\t\t\t\t\t<div class=\"elementor-column elementor-col-100 elementor-top-column elementor-element elementor-element-81c5f91\" data-id=\"81c5f91\" data-element_type=\"column\" data-e-type=\"column\">\n\t\t\t<div class=\"elementor-widget-wrap elementor-element-populated\">\n\t\t\t\t\t\t<div class=\"elementor-element elementor-element-15755e9 elementor-widget elementor-widget-spacer\" data-id=\"15755e9\" data-element_type=\"widget\" data-e-type=\"widget\" data-widget_type=\"spacer.default\">\n\t\t\t\t<div class=\"elementor-widget-container\">\n\t\t\t\t\t\t\t<div class=\"elementor-spacer\">\n\t\t\t<div class=\"elementor-spacer-inner\"><\/div>\n\t\t<\/div>\n\t\t\t\t\t\t<\/div>\n\t\t\t\t<\/div>\n\t\t\t\t\t<\/div>\n\t\t<\/div>\n\t\t\t\t\t<\/div>\n\t\t<\/section>\n\t\t\t\t<\/div>","protected":false},"excerpt":{"rendered":"<p>WERDE TEIL UNSERES #TEAMBWI. Du m\u00f6chtest die Zukunft Baden-W\u00fcrttembergs mitgestalten und bist gerne weltweit unterwegs? Projektmanagement und vielseitige Aufgaben begeistern dich? Du suchst neue Herausforderungen in einem innovativen und internationalen Umfeld? Dann werde Teil des Team BW_i im Herzen Stuttgarts! Als die zentrale Standortf\u00f6rderungsagentur des Landes ist es unser Ziel, Baden W\u00fcrttemberg (THE L\u00c4ND) als [&hellip;]<\/p>\n","protected":false},"author":1,"featured_media":0,"parent":322,"menu_order":0,"comment_status":"closed","ping_status":"closed","template":"elementor_header_footer","meta":{"inline_featured_image":false,"footnotes":""},"class_list":["post-1075","page","type-page","status-publish","hentry"],"yoast_head":"<!-- This site is optimized with the Yoast SEO plugin v27.3 - https:\/\/yoast.com\/product\/yoast-seo-wordpress\/ -->\n<title>Baden-W\u00fcrttemberg International - Career Day<\/title>\n<meta name=\"robots\" content=\"index, follow, max-snippet:-1, max-image-preview:large, max-video-preview:-1\" \/>\n<link rel=\"canonical\" href=\"https:\/\/career-jungle.de\/en\/company\/baden-wuerttemberg-international\/\" \/>\n<meta property=\"og:locale\" content=\"en_US\" \/>\n<meta property=\"og:type\" content=\"article\" \/>\n<meta property=\"og:title\" content=\"Baden-W\u00fcrttemberg International - Career Day\" \/>\n<meta property=\"og:description\" content=\"WERDE TEIL UNSERES #TEAMBWI. Du m\u00f6chtest die Zukunft Baden-W\u00fcrttembergs mitgestalten und bist gerne weltweit unterwegs? Projektmanagement und vielseitige Aufgaben begeistern dich? Du suchst neue Herausforderungen in einem innovativen und internationalen Umfeld? Dann werde Teil des Team BW_i im Herzen Stuttgarts! Als die zentrale Standortf\u00f6rderungsagentur des Landes ist es unser Ziel, Baden W\u00fcrttemberg (THE L\u00c4ND) als [&hellip;]\" \/>\n<meta property=\"og:url\" content=\"https:\/\/career-jungle.de\/en\/company\/baden-wuerttemberg-international\/\" \/>\n<meta property=\"og:site_name\" content=\"Career Day\" \/>\n<meta property=\"article:modified_time\" content=\"2023-05-02T15:31:52+00:00\" \/>\n<meta property=\"og:image\" content=\"https:\/\/career-jungle.de\/wp-content\/uploads\/2023\/05\/BW_i-Logo-Full-POS-Web.png\" \/>\n<meta name=\"twitter:card\" content=\"summary_large_image\" \/>\n<meta name=\"twitter:label1\" content=\"Est. reading time\" \/>\n\t<meta name=\"twitter:data1\" content=\"1 minute\" \/>\n<script type=\"application\/ld+json\" class=\"yoast-schema-graph\">{\"@context\":\"https:\\\/\\\/schema.org\",\"@graph\":[{\"@type\":\"WebPage\",\"@id\":\"https:\\\/\\\/career-jungle.de\\\/unternehmen\\\/baden-wuerttemberg-international\\\/\",\"url\":\"https:\\\/\\\/career-jungle.de\\\/unternehmen\\\/baden-wuerttemberg-international\\\/\",\"name\":\"Baden-W\u00fcrttemberg International - Career Day\",\"isPartOf\":{\"@id\":\"https:\\\/\\\/career-jungle.de\\\/#website\"},\"primaryImageOfPage\":{\"@id\":\"https:\\\/\\\/career-jungle.de\\\/unternehmen\\\/baden-wuerttemberg-international\\\/#primaryimage\"},\"image\":{\"@id\":\"https:\\\/\\\/career-jungle.de\\\/unternehmen\\\/baden-wuerttemberg-international\\\/#primaryimage\"},\"thumbnailUrl\":\"https:\\\/\\\/career-jungle.de\\\/wp-content\\\/uploads\\\/2023\\\/05\\\/BW_i-Logo-Full-POS-Web.png\",\"datePublished\":\"2023-04-30T15:20:14+00:00\",\"dateModified\":\"2023-05-02T15:31:52+00:00\",\"breadcrumb\":{\"@id\":\"https:\\\/\\\/career-jungle.de\\\/unternehmen\\\/baden-wuerttemberg-international\\\/#breadcrumb\"},\"inLanguage\":\"en-US\",\"potentialAction\":[{\"@type\":\"ReadAction\",\"target\":[\"https:\\\/\\\/career-jungle.de\\\/unternehmen\\\/baden-wuerttemberg-international\\\/\"]}]},{\"@type\":\"ImageObject\",\"inLanguage\":\"en-US\",\"@id\":\"https:\\\/\\\/career-jungle.de\\\/unternehmen\\\/baden-wuerttemberg-international\\\/#primaryimage\",\"url\":\"https:\\\/\\\/career-jungle.de\\\/wp-content\\\/uploads\\\/2023\\\/05\\\/BW_i-Logo-Full-POS-Web.png\",\"contentUrl\":\"https:\\\/\\\/career-jungle.de\\\/wp-content\\\/uploads\\\/2023\\\/05\\\/BW_i-Logo-Full-POS-Web.png\"},{\"@type\":\"BreadcrumbList\",\"@id\":\"https:\\\/\\\/career-jungle.de\\\/unternehmen\\\/baden-wuerttemberg-international\\\/#breadcrumb\",\"itemListElement\":[{\"@type\":\"ListItem\",\"position\":1,\"name\":\"Startseite\",\"item\":\"https:\\\/\\\/career-jungle.de\\\/\"},{\"@type\":\"ListItem\",\"position\":2,\"name\":\"Unternehmen\",\"item\":\"https:\\\/\\\/career-jungle.de\\\/unternehmen\\\/\"},{\"@type\":\"ListItem\",\"position\":3,\"name\":\"Baden-W\u00fcrttemberg International\"}]},{\"@type\":\"WebSite\",\"@id\":\"https:\\\/\\\/career-jungle.de\\\/#website\",\"url\":\"https:\\\/\\\/career-jungle.de\\\/\",\"name\":\"Career Day\",\"description\":\"Welcome to the jungle\",\"publisher\":{\"@id\":\"https:\\\/\\\/career-jungle.de\\\/#organization\"},\"potentialAction\":[{\"@type\":\"SearchAction\",\"target\":{\"@type\":\"EntryPoint\",\"urlTemplate\":\"https:\\\/\\\/career-jungle.de\\\/?s={search_term_string}\"},\"query-input\":{\"@type\":\"PropertyValueSpecification\",\"valueRequired\":true,\"valueName\":\"search_term_string\"}}],\"inLanguage\":\"en-US\"},{\"@type\":\"Organization\",\"@id\":\"https:\\\/\\\/career-jungle.de\\\/#organization\",\"name\":\"Career Day\",\"url\":\"https:\\\/\\\/career-jungle.de\\\/\",\"logo\":{\"@type\":\"ImageObject\",\"inLanguage\":\"en-US\",\"@id\":\"https:\\\/\\\/career-jungle.de\\\/#\\\/schema\\\/logo\\\/image\\\/\",\"url\":\"https:\\\/\\\/career-jungle.de\\\/wp-content\\\/uploads\\\/2023\\\/04\\\/2026_CareerDayLogo_Pfad_Kontur_blau.png\",\"contentUrl\":\"https:\\\/\\\/career-jungle.de\\\/wp-content\\\/uploads\\\/2023\\\/04\\\/2026_CareerDayLogo_Pfad_Kontur_blau.png\",\"width\":872,\"height\":272,\"caption\":\"Career Day\"},\"image\":{\"@id\":\"https:\\\/\\\/career-jungle.de\\\/#\\\/schema\\\/logo\\\/image\\\/\"}}]}<\/script>\n<!-- \/ Yoast SEO plugin. -->","yoast_head_json":{"title":"Baden-W\u00fcrttemberg International - Career Day","robots":{"index":"index","follow":"follow","max-snippet":"max-snippet:-1","max-image-preview":"max-image-preview:large","max-video-preview":"max-video-preview:-1"},"canonical":"https:\/\/career-jungle.de\/en\/company\/baden-wuerttemberg-international\/","og_locale":"en_US","og_type":"article","og_title":"Baden-W\u00fcrttemberg International - Career Day","og_description":"WERDE TEIL UNSERES #TEAMBWI. Du m\u00f6chtest die Zukunft Baden-W\u00fcrttembergs mitgestalten und bist gerne weltweit unterwegs? Projektmanagement und vielseitige Aufgaben begeistern dich? Du suchst neue Herausforderungen in einem innovativen und internationalen Umfeld? Dann werde Teil des Team BW_i im Herzen Stuttgarts! Als die zentrale Standortf\u00f6rderungsagentur des Landes ist es unser Ziel, Baden W\u00fcrttemberg (THE L\u00c4ND) als [&hellip;]","og_url":"https:\/\/career-jungle.de\/en\/company\/baden-wuerttemberg-international\/","og_site_name":"Career Day","article_modified_time":"2023-05-02T15:31:52+00:00","og_image":[{"url":"https:\/\/career-jungle.de\/wp-content\/uploads\/2023\/05\/BW_i-Logo-Full-POS-Web.png","type":"","width":"","height":""}],"twitter_card":"summary_large_image","twitter_misc":{"Est. reading time":"1 minute"},"schema":{"@context":"https:\/\/schema.org","@graph":[{"@type":"WebPage","@id":"https:\/\/career-jungle.de\/unternehmen\/baden-wuerttemberg-international\/","url":"https:\/\/career-jungle.de\/unternehmen\/baden-wuerttemberg-international\/","name":"Baden-W\u00fcrttemberg International - Career Day","isPartOf":{"@id":"https:\/\/career-jungle.de\/#website"},"primaryImageOfPage":{"@id":"https:\/\/career-jungle.de\/unternehmen\/baden-wuerttemberg-international\/#primaryimage"},"image":{"@id":"https:\/\/career-jungle.de\/unternehmen\/baden-wuerttemberg-international\/#primaryimage"},"thumbnailUrl":"https:\/\/career-jungle.de\/wp-content\/uploads\/2023\/05\/BW_i-Logo-Full-POS-Web.png","datePublished":"2023-04-30T15:20:14+00:00","dateModified":"2023-05-02T15:31:52+00:00","breadcrumb":{"@id":"https:\/\/career-jungle.de\/unternehmen\/baden-wuerttemberg-international\/#breadcrumb"},"inLanguage":"en-US","potentialAction":[{"@type":"ReadAction","target":["https:\/\/career-jungle.de\/unternehmen\/baden-wuerttemberg-international\/"]}]},{"@type":"ImageObject","inLanguage":"en-US","@id":"https:\/\/career-jungle.de\/unternehmen\/baden-wuerttemberg-international\/#primaryimage","url":"https:\/\/career-jungle.de\/wp-content\/uploads\/2023\/05\/BW_i-Logo-Full-POS-Web.png","contentUrl":"https:\/\/career-jungle.de\/wp-content\/uploads\/2023\/05\/BW_i-Logo-Full-POS-Web.png"},{"@type":"BreadcrumbList","@id":"https:\/\/career-jungle.de\/unternehmen\/baden-wuerttemberg-international\/#breadcrumb","itemListElement":[{"@type":"ListItem","position":1,"name":"Startseite","item":"https:\/\/career-jungle.de\/"},{"@type":"ListItem","position":2,"name":"Unternehmen","item":"https:\/\/career-jungle.de\/unternehmen\/"},{"@type":"ListItem","position":3,"name":"Baden-W\u00fcrttemberg International"}]},{"@type":"WebSite","@id":"https:\/\/career-jungle.de\/#website","url":"https:\/\/career-jungle.de\/","name":"Career Day","description":"Welcome to the jungle","publisher":{"@id":"https:\/\/career-jungle.de\/#organization"},"potentialAction":[{"@type":"SearchAction","target":{"@type":"EntryPoint","urlTemplate":"https:\/\/career-jungle.de\/?s={search_term_string}"},"query-input":{"@type":"PropertyValueSpecification","valueRequired":true,"valueName":"search_term_string"}}],"inLanguage":"en-US"},{"@type":"Organization","@id":"https:\/\/career-jungle.de\/#organization","name":"Career Day","url":"https:\/\/career-jungle.de\/","logo":{"@type":"ImageObject","inLanguage":"en-US","@id":"https:\/\/career-jungle.de\/#\/schema\/logo\/image\/","url":"https:\/\/career-jungle.de\/wp-content\/uploads\/2023\/04\/2026_CareerDayLogo_Pfad_Kontur_blau.png","contentUrl":"https:\/\/career-jungle.de\/wp-content\/uploads\/2023\/04\/2026_CareerDayLogo_Pfad_Kontur_blau.png","width":872,"height":272,"caption":"Career Day"},"image":{"@id":"https:\/\/career-jungle.de\/#\/schema\/logo\/image\/"}}]}},"_links":{"self":[{"href":"https:\/\/career-jungle.de\/en\/wp-json\/wp\/v2\/pages\/1075","targetHints":{"allow":["GET"]}}],"collection":[{"href":"https:\/\/career-jungle.de\/en\/wp-json\/wp\/v2\/pages"}],"about":[{"href":"https:\/\/career-jungle.de\/en\/wp-json\/wp\/v2\/types\/page"}],"author":[{"embeddable":true,"href":"https:\/\/career-jungle.de\/en\/wp-json\/wp\/v2\/users\/1"}],"replies":[{"embeddable":true,"href":"https:\/\/career-jungle.de\/en\/wp-json\/wp\/v2\/comments?post=1075"}],"version-history":[{"count":5,"href":"https:\/\/career-jungle.de\/en\/wp-json\/wp\/v2\/pages\/1075\/revisions"}],"predecessor-version":[{"id":1457,"href":"https:\/\/career-jungle.de\/en\/wp-json\/wp\/v2\/pages\/1075\/revisions\/1457"}],"up":[{"embeddable":true,"href":"https:\/\/career-jungle.de\/en\/wp-json\/wp\/v2\/pages\/322"}],"wp:attachment":[{"href":"https:\/\/career-jungle.de\/en\/wp-json\/wp\/v2\/media?parent=1075"}],"curies":[{"name":"WordPress","href":"https:\/\/api.w.org\/{rel}","templated":true}]}}