{"id":1064,"date":"2023-04-30T15:03:16","date_gmt":"2023-04-30T15:03:16","guid":{"rendered":"https:\/\/career-jungle.de\/?page_id=1064"},"modified":"2023-05-02T15:31:08","modified_gmt":"2023-05-02T15:31:08","slug":"star-cooperation","status":"publish","type":"page","link":"https:\/\/career-jungle.de\/en\/unternehmen\/star-cooperation\/","title":{"rendered":"Star cooperation"},"content":{"rendered":"<div data-elementor-type=\"wp-page\" data-elementor-id=\"1064\" class=\"elementor elementor-1064\" data-elementor-post-type=\"page\">\n\t\t\t\t\t\t<section class=\"elementor-section elementor-top-section elementor-element elementor-element-44ac642 elementor-section-boxed elementor-section-height-default elementor-section-height-default\" data-id=\"44ac642\" data-element_type=\"section\" data-e-type=\"section\">\n\t\t\t\t\t\t<div class=\"elementor-container elementor-column-gap-default\">\n\t\t\t\t\t<div class=\"elementor-column elementor-col-100 elementor-top-column elementor-element elementor-element-dcc2f64\" data-id=\"dcc2f64\" data-element_type=\"column\" data-e-type=\"column\">\n\t\t\t<div class=\"elementor-widget-wrap elementor-element-populated\">\n\t\t\t\t\t\t<div class=\"elementor-element elementor-element-3bc00e8 elementor-widget elementor-widget-spacer\" data-id=\"3bc00e8\" data-element_type=\"widget\" data-e-type=\"widget\" data-widget_type=\"spacer.default\">\n\t\t\t\t<div class=\"elementor-widget-container\">\n\t\t\t\t\t\t\t<div class=\"elementor-spacer\">\n\t\t\t<div class=\"elementor-spacer-inner\"><\/div>\n\t\t<\/div>\n\t\t\t\t\t\t<\/div>\n\t\t\t\t<\/div>\n\t\t\t\t\t<\/div>\n\t\t<\/div>\n\t\t\t\t\t<\/div>\n\t\t<\/section>\n\t\t\t\t<section class=\"elementor-section elementor-top-section elementor-element elementor-element-8779b19 elementor-section-boxed elementor-section-height-default elementor-section-height-default\" data-id=\"8779b19\" data-element_type=\"section\" data-e-type=\"section\">\n\t\t\t\t\t\t<div class=\"elementor-container elementor-column-gap-default\">\n\t\t\t\t\t<div class=\"elementor-column elementor-col-100 elementor-top-column elementor-element elementor-element-ab5b4f8\" data-id=\"ab5b4f8\" data-element_type=\"column\" data-e-type=\"column\">\n\t\t\t<div class=\"elementor-widget-wrap elementor-element-populated\">\n\t\t\t\t\t\t<section class=\"elementor-section elementor-inner-section elementor-element elementor-element-67adea7 elementor-section-boxed elementor-section-height-default elementor-section-height-default\" data-id=\"67adea7\" data-element_type=\"section\" data-e-type=\"section\">\n\t\t\t\t\t\t<div class=\"elementor-container elementor-column-gap-default\">\n\t\t\t\t\t<div class=\"elementor-column elementor-col-50 elementor-inner-column elementor-element elementor-element-5d872f9\" data-id=\"5d872f9\" data-element_type=\"column\" data-e-type=\"column\">\n\t\t\t<div class=\"elementor-widget-wrap elementor-element-populated\">\n\t\t\t\t\t\t<div class=\"elementor-element elementor-element-c9544c5 elementor-widget elementor-widget-image\" data-id=\"c9544c5\" data-element_type=\"widget\" data-e-type=\"widget\" data-widget_type=\"image.default\">\n\t\t\t\t<div class=\"elementor-widget-container\">\n\t\t\t\t\t\t\t\t\t\t\t\t\t\t\t\t<a href=\"https:\/\/www.star-cooperation.com\/de\/karriere\/arbeiten-bei-star\/?utm_source=Messe&#038;utm_medium=TCD+Programmheft&#038;utm_campaign=Karriere\" target=\"_blank\">\n\t\t\t\t\t\t\t<img decoding=\"async\" width=\"630\" height=\"65\" src=\"https:\/\/career-jungle.de\/wp-content\/uploads\/2023\/05\/180926_Cooperation_grau_ohneUnterzeile_Breite_630px-1.jpg\" class=\"attachment-large size-large wp-image-1438\" alt=\"\" srcset=\"https:\/\/career-jungle.de\/wp-content\/uploads\/2023\/05\/180926_Cooperation_grau_ohneUnterzeile_Breite_630px-1.jpg 630w, https:\/\/career-jungle.de\/wp-content\/uploads\/2023\/05\/180926_Cooperation_grau_ohneUnterzeile_Breite_630px-1-300x31.jpg 300w\" sizes=\"(max-width: 630px) 100vw, 630px\" \/>\t\t\t\t\t\t\t\t<\/a>\n\t\t\t\t\t\t\t\t\t\t\t\t\t\t\t<\/div>\n\t\t\t\t<\/div>\n\t\t\t\t\t<\/div>\n\t\t<\/div>\n\t\t\t\t<div class=\"elementor-column elementor-col-50 elementor-inner-column elementor-element elementor-element-a2ad6f3\" data-id=\"a2ad6f3\" data-element_type=\"column\" data-e-type=\"column\">\n\t\t\t<div class=\"elementor-widget-wrap elementor-element-populated\">\n\t\t\t\t\t\t<div class=\"elementor-element elementor-element-b2293db elementor-widget__width-initial elementor-widget elementor-widget-text-editor\" data-id=\"b2293db\" data-element_type=\"widget\" data-e-type=\"widget\" data-widget_type=\"text-editor.default\">\n\t\t\t\t<div class=\"elementor-widget-container\">\n\t\t\t\t\t\t\t\t\t<p><b>DIENSTLEISTER AUF LEIDENSCHAFT<\/b><\/p><div class=\"Spacing__spacing--margin-top-2__YQFc-__0-0-1687 Spacing__spacing--margin-bottom-2__OQ-jA__0-0-1687\"><p class=\"ProductParagraph__product-paragraph__GMmH0__0-0-1687 ProductParagraph__product-paragraph--lg__47dLF__0-0-1687\">Seit unserer Gr\u00fcndung im Jahr 1997 begleiten wir Kunden branchenweit in zahlreichen Projekten. Dabei liegt unser Fokus auf kompetenter Beratung und erfolgreicher Umsetzung von Kundenvorhaben in den Bereichen CONSULTING, ELEKTRONIK, ENGINEERING, IT, LOGISTIK und MEDIEN.<\/p><\/div><div class=\"Spacing__spacing--margin-top-2__YQFc-__0-0-1687 Spacing__spacing--margin-bottom-2__OQ-jA__0-0-1687\"><p class=\"ProductParagraph__product-paragraph__GMmH0__0-0-1687 ProductParagraph__product-paragraph--lg__47dLF__0-0-1687\">Vorstellen kannst Du Dir das wie eine Art Baukasten-System: je nach Kundenanforderung treffen verschiedenste Kompetenzen und interdisziplin\u00e4re Teams aufeinander, um individuelle L\u00f6sungen zu erschaffen. Dabei stellen wir den Kunden und seine Bed\u00fcrfnisse stets in den Mittelpunkt. Wir sind uns sicher: gemeinsam k\u00f6nnen wir mehr erreichen und schaffen das, was der Einzelne allein nicht umsetzen kann. Deshalb ist Dein Innovationsgeist bei STAR\u00ae genau richtig!<\/p><p>\u00a0<\/p><p class=\"ProductParagraph__product-paragraph__GMmH0__0-0-1687 ProductParagraph__product-paragraph--lg__47dLF__0-0-1687\"><b>MORE INFO: <\/b><a href=\"https:\/\/www.star-cooperation.com\/de\/karriere\/arbeiten-bei-star\/?utm_source=Messe&amp;utm_medium=TCD+Programmheft&amp;utm_campaign=Karriere\" target=\"_blank\" rel=\"noopener\">here<\/a><\/p><p>\u00a0<\/p><\/div>\t\t\t\t\t\t\t\t<\/div>\n\t\t\t\t<\/div>\n\t\t\t\t<div class=\"elementor-element elementor-element-73ad7dc elementor-align-left elementor-widget elementor-widget-button\" data-id=\"73ad7dc\" data-element_type=\"widget\" data-e-type=\"widget\" data-widget_type=\"button.default\">\n\t\t\t\t<div class=\"elementor-widget-container\">\n\t\t\t\t\t\t\t\t\t<div class=\"elementor-button-wrapper\">\n\t\t\t\t\t<a class=\"elementor-button elementor-button-link elementor-size-sm\" href=\"https:\/\/career-jungle.de\/en\/company\/\">\n\t\t\t\t\t\t<span class=\"elementor-button-content-wrapper\">\n\t\t\t\t\t\t\t\t\t<span class=\"elementor-button-text\">back to overview<\/span>\n\t\t\t\t\t<\/span>\n\t\t\t\t\t<\/a>\n\t\t\t\t<\/div>\n\t\t\t\t\t\t\t\t<\/div>\n\t\t\t\t<\/div>\n\t\t\t\t\t<\/div>\n\t\t<\/div>\n\t\t\t\t\t<\/div>\n\t\t<\/section>\n\t\t\t\t\t<\/div>\n\t\t<\/div>\n\t\t\t\t\t<\/div>\n\t\t<\/section>\n\t\t\t\t<section class=\"elementor-section elementor-top-section elementor-element elementor-element-3f761e7 elementor-section-boxed elementor-section-height-default elementor-section-height-default\" data-id=\"3f761e7\" data-element_type=\"section\" data-e-type=\"section\">\n\t\t\t\t\t\t<div class=\"elementor-container elementor-column-gap-default\">\n\t\t\t\t\t<div class=\"elementor-column elementor-col-100 elementor-top-column elementor-element elementor-element-78cc6ea\" data-id=\"78cc6ea\" data-element_type=\"column\" data-e-type=\"column\">\n\t\t\t<div class=\"elementor-widget-wrap elementor-element-populated\">\n\t\t\t\t\t\t<div class=\"elementor-element elementor-element-11a2123 elementor-widget elementor-widget-spacer\" data-id=\"11a2123\" data-element_type=\"widget\" data-e-type=\"widget\" data-widget_type=\"spacer.default\">\n\t\t\t\t<div class=\"elementor-widget-container\">\n\t\t\t\t\t\t\t<div class=\"elementor-spacer\">\n\t\t\t<div class=\"elementor-spacer-inner\"><\/div>\n\t\t<\/div>\n\t\t\t\t\t\t<\/div>\n\t\t\t\t<\/div>\n\t\t\t\t\t<\/div>\n\t\t<\/div>\n\t\t\t\t\t<\/div>\n\t\t<\/section>\n\t\t\t\t<\/div>","protected":false},"excerpt":{"rendered":"<p>DIENSTLEISTER AUF LEIDENSCHAFT Seit unserer Gr\u00fcndung im Jahr 1997 begleiten wir Kunden branchenweit in zahlreichen Projekten. Dabei liegt unser Fokus auf kompetenter Beratung und erfolgreicher Umsetzung von Kundenvorhaben in den Bereichen CONSULTING, ELEKTRONIK, ENGINEERING, IT, LOGISTIK und MEDIEN. Vorstellen kannst Du Dir das wie eine Art Baukasten-System: je nach Kundenanforderung treffen verschiedenste Kompetenzen und interdisziplin\u00e4re [&hellip;]<\/p>\n","protected":false},"author":1,"featured_media":0,"parent":322,"menu_order":0,"comment_status":"closed","ping_status":"closed","template":"elementor_header_footer","meta":{"inline_featured_image":false,"footnotes":""},"class_list":["post-1064","page","type-page","status-publish","hentry"],"yoast_head":"<!-- This site is optimized with the Yoast SEO plugin v27.3 - https:\/\/yoast.com\/product\/yoast-seo-wordpress\/ -->\n<title>Star cooperation - Career Day<\/title>\n<meta name=\"robots\" content=\"index, follow, max-snippet:-1, max-image-preview:large, max-video-preview:-1\" \/>\n<link rel=\"canonical\" href=\"https:\/\/career-jungle.de\/en\/company\/star-cooperation\/\" \/>\n<meta property=\"og:locale\" content=\"en_US\" \/>\n<meta property=\"og:type\" content=\"article\" \/>\n<meta property=\"og:title\" content=\"Star cooperation - Career Day\" \/>\n<meta property=\"og:description\" content=\"DIENSTLEISTER AUF LEIDENSCHAFT Seit unserer Gr\u00fcndung im Jahr 1997 begleiten wir Kunden branchenweit in zahlreichen Projekten. Dabei liegt unser Fokus auf kompetenter Beratung und erfolgreicher Umsetzung von Kundenvorhaben in den Bereichen CONSULTING, ELEKTRONIK, ENGINEERING, IT, LOGISTIK und MEDIEN. Vorstellen kannst Du Dir das wie eine Art Baukasten-System: je nach Kundenanforderung treffen verschiedenste Kompetenzen und interdisziplin\u00e4re [&hellip;]\" \/>\n<meta property=\"og:url\" content=\"https:\/\/career-jungle.de\/en\/company\/star-cooperation\/\" \/>\n<meta property=\"og:site_name\" content=\"Career Day\" \/>\n<meta property=\"article:modified_time\" content=\"2023-05-02T15:31:08+00:00\" \/>\n<meta property=\"og:image\" content=\"https:\/\/career-jungle.de\/wp-content\/uploads\/2023\/05\/180926_Cooperation_grau_ohneUnterzeile_Breite_630px-1.jpg\" \/>\n<meta name=\"twitter:card\" content=\"summary_large_image\" \/>\n<meta name=\"twitter:label1\" content=\"Est. reading time\" \/>\n\t<meta name=\"twitter:data1\" content=\"1 minute\" \/>\n<script type=\"application\/ld+json\" class=\"yoast-schema-graph\">{\"@context\":\"https:\\\/\\\/schema.org\",\"@graph\":[{\"@type\":\"WebPage\",\"@id\":\"https:\\\/\\\/career-jungle.de\\\/unternehmen\\\/star-cooperation\\\/\",\"url\":\"https:\\\/\\\/career-jungle.de\\\/unternehmen\\\/star-cooperation\\\/\",\"name\":\"Star cooperation - Career Day\",\"isPartOf\":{\"@id\":\"https:\\\/\\\/career-jungle.de\\\/#website\"},\"primaryImageOfPage\":{\"@id\":\"https:\\\/\\\/career-jungle.de\\\/unternehmen\\\/star-cooperation\\\/#primaryimage\"},\"image\":{\"@id\":\"https:\\\/\\\/career-jungle.de\\\/unternehmen\\\/star-cooperation\\\/#primaryimage\"},\"thumbnailUrl\":\"https:\\\/\\\/career-jungle.de\\\/wp-content\\\/uploads\\\/2023\\\/05\\\/180926_Cooperation_grau_ohneUnterzeile_Breite_630px-1.jpg\",\"datePublished\":\"2023-04-30T15:03:16+00:00\",\"dateModified\":\"2023-05-02T15:31:08+00:00\",\"breadcrumb\":{\"@id\":\"https:\\\/\\\/career-jungle.de\\\/unternehmen\\\/star-cooperation\\\/#breadcrumb\"},\"inLanguage\":\"en-US\",\"potentialAction\":[{\"@type\":\"ReadAction\",\"target\":[\"https:\\\/\\\/career-jungle.de\\\/unternehmen\\\/star-cooperation\\\/\"]}]},{\"@type\":\"ImageObject\",\"inLanguage\":\"en-US\",\"@id\":\"https:\\\/\\\/career-jungle.de\\\/unternehmen\\\/star-cooperation\\\/#primaryimage\",\"url\":\"https:\\\/\\\/career-jungle.de\\\/wp-content\\\/uploads\\\/2023\\\/05\\\/180926_Cooperation_grau_ohneUnterzeile_Breite_630px-1.jpg\",\"contentUrl\":\"https:\\\/\\\/career-jungle.de\\\/wp-content\\\/uploads\\\/2023\\\/05\\\/180926_Cooperation_grau_ohneUnterzeile_Breite_630px-1.jpg\"},{\"@type\":\"BreadcrumbList\",\"@id\":\"https:\\\/\\\/career-jungle.de\\\/unternehmen\\\/star-cooperation\\\/#breadcrumb\",\"itemListElement\":[{\"@type\":\"ListItem\",\"position\":1,\"name\":\"Startseite\",\"item\":\"https:\\\/\\\/career-jungle.de\\\/\"},{\"@type\":\"ListItem\",\"position\":2,\"name\":\"Unternehmen\",\"item\":\"https:\\\/\\\/career-jungle.de\\\/unternehmen\\\/\"},{\"@type\":\"ListItem\",\"position\":3,\"name\":\"Star cooperation\"}]},{\"@type\":\"WebSite\",\"@id\":\"https:\\\/\\\/career-jungle.de\\\/#website\",\"url\":\"https:\\\/\\\/career-jungle.de\\\/\",\"name\":\"Career Day\",\"description\":\"Welcome to the jungle\",\"publisher\":{\"@id\":\"https:\\\/\\\/career-jungle.de\\\/#organization\"},\"potentialAction\":[{\"@type\":\"SearchAction\",\"target\":{\"@type\":\"EntryPoint\",\"urlTemplate\":\"https:\\\/\\\/career-jungle.de\\\/?s={search_term_string}\"},\"query-input\":{\"@type\":\"PropertyValueSpecification\",\"valueRequired\":true,\"valueName\":\"search_term_string\"}}],\"inLanguage\":\"en-US\"},{\"@type\":\"Organization\",\"@id\":\"https:\\\/\\\/career-jungle.de\\\/#organization\",\"name\":\"Career Day\",\"url\":\"https:\\\/\\\/career-jungle.de\\\/\",\"logo\":{\"@type\":\"ImageObject\",\"inLanguage\":\"en-US\",\"@id\":\"https:\\\/\\\/career-jungle.de\\\/#\\\/schema\\\/logo\\\/image\\\/\",\"url\":\"https:\\\/\\\/career-jungle.de\\\/wp-content\\\/uploads\\\/2023\\\/04\\\/2026_CareerDayLogo_Pfad_Kontur_blau.png\",\"contentUrl\":\"https:\\\/\\\/career-jungle.de\\\/wp-content\\\/uploads\\\/2023\\\/04\\\/2026_CareerDayLogo_Pfad_Kontur_blau.png\",\"width\":872,\"height\":272,\"caption\":\"Career Day\"},\"image\":{\"@id\":\"https:\\\/\\\/career-jungle.de\\\/#\\\/schema\\\/logo\\\/image\\\/\"}}]}<\/script>\n<!-- \/ Yoast SEO plugin. -->","yoast_head_json":{"title":"Star cooperation - Career Day","robots":{"index":"index","follow":"follow","max-snippet":"max-snippet:-1","max-image-preview":"max-image-preview:large","max-video-preview":"max-video-preview:-1"},"canonical":"https:\/\/career-jungle.de\/en\/company\/star-cooperation\/","og_locale":"en_US","og_type":"article","og_title":"Star cooperation - Career Day","og_description":"DIENSTLEISTER AUF LEIDENSCHAFT Seit unserer Gr\u00fcndung im Jahr 1997 begleiten wir Kunden branchenweit in zahlreichen Projekten. Dabei liegt unser Fokus auf kompetenter Beratung und erfolgreicher Umsetzung von Kundenvorhaben in den Bereichen CONSULTING, ELEKTRONIK, ENGINEERING, IT, LOGISTIK und MEDIEN. Vorstellen kannst Du Dir das wie eine Art Baukasten-System: je nach Kundenanforderung treffen verschiedenste Kompetenzen und interdisziplin\u00e4re [&hellip;]","og_url":"https:\/\/career-jungle.de\/en\/company\/star-cooperation\/","og_site_name":"Career Day","article_modified_time":"2023-05-02T15:31:08+00:00","og_image":[{"url":"https:\/\/career-jungle.de\/wp-content\/uploads\/2023\/05\/180926_Cooperation_grau_ohneUnterzeile_Breite_630px-1.jpg","type":"","width":"","height":""}],"twitter_card":"summary_large_image","twitter_misc":{"Est. reading time":"1 minute"},"schema":{"@context":"https:\/\/schema.org","@graph":[{"@type":"WebPage","@id":"https:\/\/career-jungle.de\/unternehmen\/star-cooperation\/","url":"https:\/\/career-jungle.de\/unternehmen\/star-cooperation\/","name":"Star cooperation - Career Day","isPartOf":{"@id":"https:\/\/career-jungle.de\/#website"},"primaryImageOfPage":{"@id":"https:\/\/career-jungle.de\/unternehmen\/star-cooperation\/#primaryimage"},"image":{"@id":"https:\/\/career-jungle.de\/unternehmen\/star-cooperation\/#primaryimage"},"thumbnailUrl":"https:\/\/career-jungle.de\/wp-content\/uploads\/2023\/05\/180926_Cooperation_grau_ohneUnterzeile_Breite_630px-1.jpg","datePublished":"2023-04-30T15:03:16+00:00","dateModified":"2023-05-02T15:31:08+00:00","breadcrumb":{"@id":"https:\/\/career-jungle.de\/unternehmen\/star-cooperation\/#breadcrumb"},"inLanguage":"en-US","potentialAction":[{"@type":"ReadAction","target":["https:\/\/career-jungle.de\/unternehmen\/star-cooperation\/"]}]},{"@type":"ImageObject","inLanguage":"en-US","@id":"https:\/\/career-jungle.de\/unternehmen\/star-cooperation\/#primaryimage","url":"https:\/\/career-jungle.de\/wp-content\/uploads\/2023\/05\/180926_Cooperation_grau_ohneUnterzeile_Breite_630px-1.jpg","contentUrl":"https:\/\/career-jungle.de\/wp-content\/uploads\/2023\/05\/180926_Cooperation_grau_ohneUnterzeile_Breite_630px-1.jpg"},{"@type":"BreadcrumbList","@id":"https:\/\/career-jungle.de\/unternehmen\/star-cooperation\/#breadcrumb","itemListElement":[{"@type":"ListItem","position":1,"name":"Startseite","item":"https:\/\/career-jungle.de\/"},{"@type":"ListItem","position":2,"name":"Unternehmen","item":"https:\/\/career-jungle.de\/unternehmen\/"},{"@type":"ListItem","position":3,"name":"Star cooperation"}]},{"@type":"WebSite","@id":"https:\/\/career-jungle.de\/#website","url":"https:\/\/career-jungle.de\/","name":"Career Day","description":"Welcome to the jungle","publisher":{"@id":"https:\/\/career-jungle.de\/#organization"},"potentialAction":[{"@type":"SearchAction","target":{"@type":"EntryPoint","urlTemplate":"https:\/\/career-jungle.de\/?s={search_term_string}"},"query-input":{"@type":"PropertyValueSpecification","valueRequired":true,"valueName":"search_term_string"}}],"inLanguage":"en-US"},{"@type":"Organization","@id":"https:\/\/career-jungle.de\/#organization","name":"Career Day","url":"https:\/\/career-jungle.de\/","logo":{"@type":"ImageObject","inLanguage":"en-US","@id":"https:\/\/career-jungle.de\/#\/schema\/logo\/image\/","url":"https:\/\/career-jungle.de\/wp-content\/uploads\/2023\/04\/2026_CareerDayLogo_Pfad_Kontur_blau.png","contentUrl":"https:\/\/career-jungle.de\/wp-content\/uploads\/2023\/04\/2026_CareerDayLogo_Pfad_Kontur_blau.png","width":872,"height":272,"caption":"Career Day"},"image":{"@id":"https:\/\/career-jungle.de\/#\/schema\/logo\/image\/"}}]}},"_links":{"self":[{"href":"https:\/\/career-jungle.de\/en\/wp-json\/wp\/v2\/pages\/1064","targetHints":{"allow":["GET"]}}],"collection":[{"href":"https:\/\/career-jungle.de\/en\/wp-json\/wp\/v2\/pages"}],"about":[{"href":"https:\/\/career-jungle.de\/en\/wp-json\/wp\/v2\/types\/page"}],"author":[{"embeddable":true,"href":"https:\/\/career-jungle.de\/en\/wp-json\/wp\/v2\/users\/1"}],"replies":[{"embeddable":true,"href":"https:\/\/career-jungle.de\/en\/wp-json\/wp\/v2\/comments?post=1064"}],"version-history":[{"count":5,"href":"https:\/\/career-jungle.de\/en\/wp-json\/wp\/v2\/pages\/1064\/revisions"}],"predecessor-version":[{"id":1445,"href":"https:\/\/career-jungle.de\/en\/wp-json\/wp\/v2\/pages\/1064\/revisions\/1445"}],"up":[{"embeddable":true,"href":"https:\/\/career-jungle.de\/en\/wp-json\/wp\/v2\/pages\/322"}],"wp:attachment":[{"href":"https:\/\/career-jungle.de\/en\/wp-json\/wp\/v2\/media?parent=1064"}],"curies":[{"name":"WordPress","href":"https:\/\/api.w.org\/{rel}","templated":true}]}}