{"id":1037,"date":"2023-04-30T14:06:42","date_gmt":"2023-04-30T14:06:42","guid":{"rendered":"https:\/\/career-jungle.de\/?page_id=1037"},"modified":"2023-05-02T15:23:10","modified_gmt":"2023-05-02T15:23:10","slug":"trumpf","status":"publish","type":"page","link":"https:\/\/career-jungle.de\/en\/unternehmen\/trumpf\/","title":{"rendered":"Trumpf"},"content":{"rendered":"<div data-elementor-type=\"wp-page\" data-elementor-id=\"1037\" class=\"elementor elementor-1037\" data-elementor-post-type=\"page\">\n\t\t\t\t\t\t<section class=\"elementor-section elementor-top-section elementor-element elementor-element-7a603f2 elementor-section-boxed elementor-section-height-default elementor-section-height-default\" data-id=\"7a603f2\" data-element_type=\"section\" data-e-type=\"section\">\n\t\t\t\t\t\t<div class=\"elementor-container elementor-column-gap-default\">\n\t\t\t\t\t<div class=\"elementor-column elementor-col-100 elementor-top-column elementor-element elementor-element-179b882\" data-id=\"179b882\" data-element_type=\"column\" data-e-type=\"column\">\n\t\t\t<div class=\"elementor-widget-wrap elementor-element-populated\">\n\t\t\t\t\t\t<div class=\"elementor-element elementor-element-12df040 elementor-widget elementor-widget-spacer\" data-id=\"12df040\" data-element_type=\"widget\" data-e-type=\"widget\" data-widget_type=\"spacer.default\">\n\t\t\t\t<div class=\"elementor-widget-container\">\n\t\t\t\t\t\t\t<div class=\"elementor-spacer\">\n\t\t\t<div class=\"elementor-spacer-inner\"><\/div>\n\t\t<\/div>\n\t\t\t\t\t\t<\/div>\n\t\t\t\t<\/div>\n\t\t\t\t<section class=\"elementor-section elementor-inner-section elementor-element elementor-element-b9ce1a0 elementor-section-boxed elementor-section-height-default elementor-section-height-default\" data-id=\"b9ce1a0\" data-element_type=\"section\" data-e-type=\"section\">\n\t\t\t\t\t\t<div class=\"elementor-container elementor-column-gap-default\">\n\t\t\t\t\t<div class=\"elementor-column elementor-col-50 elementor-inner-column elementor-element elementor-element-2ef0f67\" data-id=\"2ef0f67\" data-element_type=\"column\" data-e-type=\"column\">\n\t\t\t<div class=\"elementor-widget-wrap elementor-element-populated\">\n\t\t\t\t\t\t<div class=\"elementor-element elementor-element-854cf4e elementor-widget elementor-widget-image\" data-id=\"854cf4e\" data-element_type=\"widget\" data-e-type=\"widget\" data-widget_type=\"image.default\">\n\t\t\t\t<div class=\"elementor-widget-container\">\n\t\t\t\t\t\t\t\t\t\t\t\t\t\t\t\t<a href=\"https:\/\/www.trumpf.com\/de_DE\/karriere\/studierende\/\" target=\"_blank\">\n\t\t\t\t\t\t\t<img decoding=\"async\" width=\"170\" height=\"170\" src=\"https:\/\/career-jungle.de\/wp-content\/uploads\/2023\/05\/TRUMPF_Logo.png\" class=\"attachment-large size-large wp-image-1407\" alt=\"\" srcset=\"https:\/\/career-jungle.de\/wp-content\/uploads\/2023\/05\/TRUMPF_Logo.png 170w, https:\/\/career-jungle.de\/wp-content\/uploads\/2023\/05\/TRUMPF_Logo-150x150.png 150w\" sizes=\"(max-width: 170px) 100vw, 170px\" \/>\t\t\t\t\t\t\t\t<\/a>\n\t\t\t\t\t\t\t\t\t\t\t\t\t\t\t<\/div>\n\t\t\t\t<\/div>\n\t\t\t\t\t<\/div>\n\t\t<\/div>\n\t\t\t\t<div class=\"elementor-column elementor-col-50 elementor-inner-column elementor-element elementor-element-bf1413d\" data-id=\"bf1413d\" data-element_type=\"column\" data-e-type=\"column\">\n\t\t\t<div class=\"elementor-widget-wrap elementor-element-populated\">\n\t\t\t\t\t\t<div class=\"elementor-element elementor-element-78c753b elementor-widget elementor-widget-text-editor\" data-id=\"78c753b\" data-element_type=\"widget\" data-e-type=\"widget\" data-widget_type=\"text-editor.default\">\n\t\t\t\t<div class=\"elementor-widget-container\">\n\t\t\t\t\t\t\t\t\t<p><b>TRUMPF LASER GMBH<\/b><\/p><div><p>Das Hochtechnologieunternehmen TRUMPF bietet Fertigungsl\u00f6sungen in den Bereichen Werkzeugmaschinen und Lasertechnik und wirkt mit seinen Innovationen in nahezu jeder Branche.<\/p><p>Wir suchen engagierte, motivierte und begeisterungsf\u00e4hige Pers\u00f6nlichkeiten mit Freude an der Technik und Offenheit f\u00fcr Herausforderungen. Mit einem Praktikum, einer Werkstudentent\u00e4tigkeit oder einer Abschlussarbeit sammeln Sie w\u00e4hrend des Studiums Praxiserfahrung \u2013 in allen unseren Unternehmensbereichen auf der ganzen Welt. Und das ist erst der Anfang. Eine T\u00e4tigkeit w\u00e4hrend des Studiums kann der Grundstein f\u00fcr Ihre sp\u00e4tere Karriere bei TRUMPF sein. Denn wir sch\u00e4tzen langfristige Beziehungen.<\/p><p><b><br \/>MORE INFO:<br \/><\/b><a href=\"http:\/\/www.trumpf.com\/de_DE\/karriere\/studierende\/\" target=\"_blank\" rel=\"noopener\">www.trumpf.com\/de_DE\/karriere\/studierende\/<\/a><\/p><p>\u00a0<\/p><\/div>\t\t\t\t\t\t\t\t<\/div>\n\t\t\t\t<\/div>\n\t\t\t\t<div class=\"elementor-element elementor-element-81de183 elementor-align-left elementor-widget elementor-widget-button\" data-id=\"81de183\" data-element_type=\"widget\" data-e-type=\"widget\" data-widget_type=\"button.default\">\n\t\t\t\t<div class=\"elementor-widget-container\">\n\t\t\t\t\t\t\t\t\t<div class=\"elementor-button-wrapper\">\n\t\t\t\t\t<a class=\"elementor-button elementor-button-link elementor-size-sm\" href=\"https:\/\/career-jungle.de\/en\/company\/\">\n\t\t\t\t\t\t<span class=\"elementor-button-content-wrapper\">\n\t\t\t\t\t\t\t\t\t<span class=\"elementor-button-text\">ZUR\u00dcCK ZUR \u00dcBERSICHT<\/span>\n\t\t\t\t\t<\/span>\n\t\t\t\t\t<\/a>\n\t\t\t\t<\/div>\n\t\t\t\t\t\t\t\t<\/div>\n\t\t\t\t<\/div>\n\t\t\t\t\t<\/div>\n\t\t<\/div>\n\t\t\t\t\t<\/div>\n\t\t<\/section>\n\t\t\t\t\t<\/div>\n\t\t<\/div>\n\t\t\t\t\t<\/div>\n\t\t<\/section>\n\t\t\t\t<section class=\"elementor-section elementor-top-section elementor-element elementor-element-4b9f933 elementor-section-boxed elementor-section-height-default elementor-section-height-default\" data-id=\"4b9f933\" data-element_type=\"section\" data-e-type=\"section\">\n\t\t\t\t\t\t<div class=\"elementor-container elementor-column-gap-default\">\n\t\t\t\t\t<div class=\"elementor-column elementor-col-100 elementor-top-column elementor-element elementor-element-d963d41\" data-id=\"d963d41\" data-element_type=\"column\" data-e-type=\"column\">\n\t\t\t<div class=\"elementor-widget-wrap elementor-element-populated\">\n\t\t\t\t\t\t<div class=\"elementor-element elementor-element-fecbfba elementor-widget elementor-widget-spacer\" data-id=\"fecbfba\" data-element_type=\"widget\" data-e-type=\"widget\" data-widget_type=\"spacer.default\">\n\t\t\t\t<div class=\"elementor-widget-container\">\n\t\t\t\t\t\t\t<div class=\"elementor-spacer\">\n\t\t\t<div class=\"elementor-spacer-inner\"><\/div>\n\t\t<\/div>\n\t\t\t\t\t\t<\/div>\n\t\t\t\t<\/div>\n\t\t\t\t\t<\/div>\n\t\t<\/div>\n\t\t\t\t\t<\/div>\n\t\t<\/section>\n\t\t\t\t<\/div>","protected":false},"excerpt":{"rendered":"<p>TRUMPF LASER GMBH Das Hochtechnologieunternehmen TRUMPF bietet Fertigungsl\u00f6sungen in den Bereichen Werkzeugmaschinen und Lasertechnik und wirkt mit seinen Innovationen in nahezu jeder Branche. Wir suchen engagierte, motivierte und begeisterungsf\u00e4hige Pers\u00f6nlichkeiten mit Freude an der Technik und Offenheit f\u00fcr Herausforderungen. Mit einem Praktikum, einer Werkstudentent\u00e4tigkeit oder einer Abschlussarbeit sammeln Sie w\u00e4hrend des Studiums Praxiserfahrung \u2013 in [&hellip;]<\/p>\n","protected":false},"author":1,"featured_media":0,"parent":322,"menu_order":0,"comment_status":"closed","ping_status":"closed","template":"elementor_header_footer","meta":{"inline_featured_image":false,"footnotes":""},"class_list":["post-1037","page","type-page","status-publish","hentry"],"yoast_head":"<!-- This site is optimized with the Yoast SEO plugin v27.3 - https:\/\/yoast.com\/product\/yoast-seo-wordpress\/ -->\n<title>Trumpf - Career Day<\/title>\n<meta name=\"robots\" content=\"index, follow, max-snippet:-1, max-image-preview:large, max-video-preview:-1\" \/>\n<link rel=\"canonical\" href=\"https:\/\/career-jungle.de\/en\/company\/trumpf\/\" \/>\n<meta property=\"og:locale\" content=\"en_US\" \/>\n<meta property=\"og:type\" content=\"article\" \/>\n<meta property=\"og:title\" content=\"Trumpf - Career Day\" \/>\n<meta property=\"og:description\" content=\"TRUMPF LASER GMBH Das Hochtechnologieunternehmen TRUMPF bietet Fertigungsl\u00f6sungen in den Bereichen Werkzeugmaschinen und Lasertechnik und wirkt mit seinen Innovationen in nahezu jeder Branche. Wir suchen engagierte, motivierte und begeisterungsf\u00e4hige Pers\u00f6nlichkeiten mit Freude an der Technik und Offenheit f\u00fcr Herausforderungen. Mit einem Praktikum, einer Werkstudentent\u00e4tigkeit oder einer Abschlussarbeit sammeln Sie w\u00e4hrend des Studiums Praxiserfahrung \u2013 in [&hellip;]\" \/>\n<meta property=\"og:url\" content=\"https:\/\/career-jungle.de\/en\/company\/trumpf\/\" \/>\n<meta property=\"og:site_name\" content=\"Career Day\" \/>\n<meta property=\"article:modified_time\" content=\"2023-05-02T15:23:10+00:00\" \/>\n<meta property=\"og:image\" content=\"https:\/\/career-jungle.de\/wp-content\/uploads\/2023\/05\/TRUMPF_Logo.png\" \/>\n<meta name=\"twitter:card\" content=\"summary_large_image\" \/>\n<meta name=\"twitter:label1\" content=\"Est. reading time\" \/>\n\t<meta name=\"twitter:data1\" content=\"1 minute\" \/>\n<script type=\"application\/ld+json\" class=\"yoast-schema-graph\">{\"@context\":\"https:\\\/\\\/schema.org\",\"@graph\":[{\"@type\":\"WebPage\",\"@id\":\"https:\\\/\\\/career-jungle.de\\\/unternehmen\\\/trumpf\\\/\",\"url\":\"https:\\\/\\\/career-jungle.de\\\/unternehmen\\\/trumpf\\\/\",\"name\":\"Trumpf - Career Day\",\"isPartOf\":{\"@id\":\"https:\\\/\\\/career-jungle.de\\\/#website\"},\"primaryImageOfPage\":{\"@id\":\"https:\\\/\\\/career-jungle.de\\\/unternehmen\\\/trumpf\\\/#primaryimage\"},\"image\":{\"@id\":\"https:\\\/\\\/career-jungle.de\\\/unternehmen\\\/trumpf\\\/#primaryimage\"},\"thumbnailUrl\":\"https:\\\/\\\/career-jungle.de\\\/wp-content\\\/uploads\\\/2023\\\/05\\\/TRUMPF_Logo.png\",\"datePublished\":\"2023-04-30T14:06:42+00:00\",\"dateModified\":\"2023-05-02T15:23:10+00:00\",\"breadcrumb\":{\"@id\":\"https:\\\/\\\/career-jungle.de\\\/unternehmen\\\/trumpf\\\/#breadcrumb\"},\"inLanguage\":\"en-US\",\"potentialAction\":[{\"@type\":\"ReadAction\",\"target\":[\"https:\\\/\\\/career-jungle.de\\\/unternehmen\\\/trumpf\\\/\"]}]},{\"@type\":\"ImageObject\",\"inLanguage\":\"en-US\",\"@id\":\"https:\\\/\\\/career-jungle.de\\\/unternehmen\\\/trumpf\\\/#primaryimage\",\"url\":\"https:\\\/\\\/career-jungle.de\\\/wp-content\\\/uploads\\\/2023\\\/05\\\/TRUMPF_Logo.png\",\"contentUrl\":\"https:\\\/\\\/career-jungle.de\\\/wp-content\\\/uploads\\\/2023\\\/05\\\/TRUMPF_Logo.png\"},{\"@type\":\"BreadcrumbList\",\"@id\":\"https:\\\/\\\/career-jungle.de\\\/unternehmen\\\/trumpf\\\/#breadcrumb\",\"itemListElement\":[{\"@type\":\"ListItem\",\"position\":1,\"name\":\"Startseite\",\"item\":\"https:\\\/\\\/career-jungle.de\\\/\"},{\"@type\":\"ListItem\",\"position\":2,\"name\":\"Unternehmen\",\"item\":\"https:\\\/\\\/career-jungle.de\\\/unternehmen\\\/\"},{\"@type\":\"ListItem\",\"position\":3,\"name\":\"Trumpf\"}]},{\"@type\":\"WebSite\",\"@id\":\"https:\\\/\\\/career-jungle.de\\\/#website\",\"url\":\"https:\\\/\\\/career-jungle.de\\\/\",\"name\":\"Career Day\",\"description\":\"Welcome to the jungle\",\"publisher\":{\"@id\":\"https:\\\/\\\/career-jungle.de\\\/#organization\"},\"potentialAction\":[{\"@type\":\"SearchAction\",\"target\":{\"@type\":\"EntryPoint\",\"urlTemplate\":\"https:\\\/\\\/career-jungle.de\\\/?s={search_term_string}\"},\"query-input\":{\"@type\":\"PropertyValueSpecification\",\"valueRequired\":true,\"valueName\":\"search_term_string\"}}],\"inLanguage\":\"en-US\"},{\"@type\":\"Organization\",\"@id\":\"https:\\\/\\\/career-jungle.de\\\/#organization\",\"name\":\"Career Day\",\"url\":\"https:\\\/\\\/career-jungle.de\\\/\",\"logo\":{\"@type\":\"ImageObject\",\"inLanguage\":\"en-US\",\"@id\":\"https:\\\/\\\/career-jungle.de\\\/#\\\/schema\\\/logo\\\/image\\\/\",\"url\":\"https:\\\/\\\/career-jungle.de\\\/wp-content\\\/uploads\\\/2023\\\/04\\\/2026_CareerDayLogo_Pfad_Kontur_blau.png\",\"contentUrl\":\"https:\\\/\\\/career-jungle.de\\\/wp-content\\\/uploads\\\/2023\\\/04\\\/2026_CareerDayLogo_Pfad_Kontur_blau.png\",\"width\":872,\"height\":272,\"caption\":\"Career Day\"},\"image\":{\"@id\":\"https:\\\/\\\/career-jungle.de\\\/#\\\/schema\\\/logo\\\/image\\\/\"}}]}<\/script>\n<!-- \/ Yoast SEO plugin. -->","yoast_head_json":{"title":"Trumpf - Career Day","robots":{"index":"index","follow":"follow","max-snippet":"max-snippet:-1","max-image-preview":"max-image-preview:large","max-video-preview":"max-video-preview:-1"},"canonical":"https:\/\/career-jungle.de\/en\/company\/trumpf\/","og_locale":"en_US","og_type":"article","og_title":"Trumpf - Career Day","og_description":"TRUMPF LASER GMBH Das Hochtechnologieunternehmen TRUMPF bietet Fertigungsl\u00f6sungen in den Bereichen Werkzeugmaschinen und Lasertechnik und wirkt mit seinen Innovationen in nahezu jeder Branche. Wir suchen engagierte, motivierte und begeisterungsf\u00e4hige Pers\u00f6nlichkeiten mit Freude an der Technik und Offenheit f\u00fcr Herausforderungen. Mit einem Praktikum, einer Werkstudentent\u00e4tigkeit oder einer Abschlussarbeit sammeln Sie w\u00e4hrend des Studiums Praxiserfahrung \u2013 in [&hellip;]","og_url":"https:\/\/career-jungle.de\/en\/company\/trumpf\/","og_site_name":"Career Day","article_modified_time":"2023-05-02T15:23:10+00:00","og_image":[{"url":"https:\/\/career-jungle.de\/wp-content\/uploads\/2023\/05\/TRUMPF_Logo.png","type":"","width":"","height":""}],"twitter_card":"summary_large_image","twitter_misc":{"Est. reading time":"1 minute"},"schema":{"@context":"https:\/\/schema.org","@graph":[{"@type":"WebPage","@id":"https:\/\/career-jungle.de\/unternehmen\/trumpf\/","url":"https:\/\/career-jungle.de\/unternehmen\/trumpf\/","name":"Trumpf - Career Day","isPartOf":{"@id":"https:\/\/career-jungle.de\/#website"},"primaryImageOfPage":{"@id":"https:\/\/career-jungle.de\/unternehmen\/trumpf\/#primaryimage"},"image":{"@id":"https:\/\/career-jungle.de\/unternehmen\/trumpf\/#primaryimage"},"thumbnailUrl":"https:\/\/career-jungle.de\/wp-content\/uploads\/2023\/05\/TRUMPF_Logo.png","datePublished":"2023-04-30T14:06:42+00:00","dateModified":"2023-05-02T15:23:10+00:00","breadcrumb":{"@id":"https:\/\/career-jungle.de\/unternehmen\/trumpf\/#breadcrumb"},"inLanguage":"en-US","potentialAction":[{"@type":"ReadAction","target":["https:\/\/career-jungle.de\/unternehmen\/trumpf\/"]}]},{"@type":"ImageObject","inLanguage":"en-US","@id":"https:\/\/career-jungle.de\/unternehmen\/trumpf\/#primaryimage","url":"https:\/\/career-jungle.de\/wp-content\/uploads\/2023\/05\/TRUMPF_Logo.png","contentUrl":"https:\/\/career-jungle.de\/wp-content\/uploads\/2023\/05\/TRUMPF_Logo.png"},{"@type":"BreadcrumbList","@id":"https:\/\/career-jungle.de\/unternehmen\/trumpf\/#breadcrumb","itemListElement":[{"@type":"ListItem","position":1,"name":"Startseite","item":"https:\/\/career-jungle.de\/"},{"@type":"ListItem","position":2,"name":"Unternehmen","item":"https:\/\/career-jungle.de\/unternehmen\/"},{"@type":"ListItem","position":3,"name":"Trumpf"}]},{"@type":"WebSite","@id":"https:\/\/career-jungle.de\/#website","url":"https:\/\/career-jungle.de\/","name":"Career Day","description":"Welcome to the jungle","publisher":{"@id":"https:\/\/career-jungle.de\/#organization"},"potentialAction":[{"@type":"SearchAction","target":{"@type":"EntryPoint","urlTemplate":"https:\/\/career-jungle.de\/?s={search_term_string}"},"query-input":{"@type":"PropertyValueSpecification","valueRequired":true,"valueName":"search_term_string"}}],"inLanguage":"en-US"},{"@type":"Organization","@id":"https:\/\/career-jungle.de\/#organization","name":"Career Day","url":"https:\/\/career-jungle.de\/","logo":{"@type":"ImageObject","inLanguage":"en-US","@id":"https:\/\/career-jungle.de\/#\/schema\/logo\/image\/","url":"https:\/\/career-jungle.de\/wp-content\/uploads\/2023\/04\/2026_CareerDayLogo_Pfad_Kontur_blau.png","contentUrl":"https:\/\/career-jungle.de\/wp-content\/uploads\/2023\/04\/2026_CareerDayLogo_Pfad_Kontur_blau.png","width":872,"height":272,"caption":"Career Day"},"image":{"@id":"https:\/\/career-jungle.de\/#\/schema\/logo\/image\/"}}]}},"_links":{"self":[{"href":"https:\/\/career-jungle.de\/en\/wp-json\/wp\/v2\/pages\/1037","targetHints":{"allow":["GET"]}}],"collection":[{"href":"https:\/\/career-jungle.de\/en\/wp-json\/wp\/v2\/pages"}],"about":[{"href":"https:\/\/career-jungle.de\/en\/wp-json\/wp\/v2\/types\/page"}],"author":[{"embeddable":true,"href":"https:\/\/career-jungle.de\/en\/wp-json\/wp\/v2\/users\/1"}],"replies":[{"embeddable":true,"href":"https:\/\/career-jungle.de\/en\/wp-json\/wp\/v2\/comments?post=1037"}],"version-history":[{"count":5,"href":"https:\/\/career-jungle.de\/en\/wp-json\/wp\/v2\/pages\/1037\/revisions"}],"predecessor-version":[{"id":1431,"href":"https:\/\/career-jungle.de\/en\/wp-json\/wp\/v2\/pages\/1037\/revisions\/1431"}],"up":[{"embeddable":true,"href":"https:\/\/career-jungle.de\/en\/wp-json\/wp\/v2\/pages\/322"}],"wp:attachment":[{"href":"https:\/\/career-jungle.de\/en\/wp-json\/wp\/v2\/media?parent=1037"}],"curies":[{"name":"WordPress","href":"https:\/\/api.w.org\/{rel}","templated":true}]}}